{"id":1702,"date":"2016-10-06T00:00:00","date_gmt":"2016-10-05T22:00:00","guid":{"rendered":"http:\/\/semmelweis.hu\/tdk\/88-22079\/"},"modified":"2026-03-10T14:54:27","modified_gmt":"2026-03-10T13:54:27","slug":"neurologia","status":"publish","type":"page","link":"https:\/\/semmelweis.hu\/tdk\/tdk-temak-es-temavezetok\/aok\/neurologia\/","title":{"rendered":"Neurol\u00f3giai Klinika"},"content":{"rendered":"<h2 style=\"text-align: left\">A Neurol\u00f3giai Klinika TDK munkac\u00edmei \u00e9s t\u00e9mavezet\u0151i<\/h2>\n<table style=\"width: 100.76%;margin-right: auto;margin-left: auto;height: 1128px\" border=\"0\" cellspacing=\"0\" cellpadding=\"0\">\n<colgroup>\n<col style=\"width: 245pt\" width=\"326\" \/>\n<col style=\"width: 298pt\" width=\"397\" \/> <\/colgroup>\n<tbody>\n<tr style=\"height: 12.75pt\">\n<td class=\"xl63\" style=\"height: 12px;width: 63.5605%;text-align: center\" align=\"left\" width=\"326\" height=\"17\"><strong>TDK-munka c\u00edme<\/strong><\/td>\n<td class=\"xl63\" style=\"width: 39.3403%;text-align: center;height: 12px\" align=\"left\" width=\"397\"><strong>T\u00e9mavezet\u0151 neve (fokozattal)<\/strong><\/td>\n<\/tr>\n<tr>\n<td style=\"width: 63.5605%\" width=\"726\">Post-stroke depresszi\u00f3\u00a0<\/td>\n<td style=\"width: 39.3403%\" width=\"351\">Dr. Bereczki D\u00e1niel, egyetemi tan\u00e1r (PhD, DSc)<\/td>\n<\/tr>\n<tr>\n<td style=\"width: 63.5605%\">A tremor patomechanizmusa\u00a0<\/td>\n<td style=\"width: 39.3403%\">Dr. Kamondi Anita, egyetemi tan\u00e1r (PhD, DSc)<\/td>\n<\/tr>\n<tr>\n<td style=\"width: 63.5605%\">Neurofiziol\u00f3giai vizsg\u00e1latok tudatzavarban<\/td>\n<td style=\"width: 39.3403%\">Prof. Dr. Kamondi Anita MTA doktora<\/td>\n<\/tr>\n<tr>\n<td style=\"width: 63.5605%\">Neurofiziol\u00f3giai vizsg\u00e1latok mozg\u00e1szavarokban<\/td>\n<td style=\"width: 39.3403%\">Prof. Dr. Kamondi Anita MTA doktora<\/td>\n<\/tr>\n<tr>\n<td style=\"width: 63.5605%\">Neurodegenerat\u00edv betegs\u00e9gek \u00e9s a tremor kapcsolata\u00a0<\/td>\n<td style=\"width: 39.3403%\">Dr. Kamondi Anita, egyetemi tan\u00e1r (PhD, DSc)<\/td>\n<\/tr>\n<tr>\n<td style=\"width: 63.5605%\">Motoros \u00e9s nem motoros fluktu\u00e1ci\u00f3k kialakul\u00e1sa \u00e9s kezel\u00e9se Parkinson-k\u00f3rban.<\/td>\n<td style=\"width: 39.3403%\">Dr. Tak\u00e1ts Annam\u00e1ra, klinikai f\u0151orvos<\/td>\n<\/tr>\n<tr>\n<td style=\"width: 63.5605%\">Vascularis dementi\u00e1k a klinika beteganyag\u00e1ban<\/td>\n<td style=\"width: 39.3403%\">Dr. Szombathelyi \u00c9va, egyetemi adjunktus<\/td>\n<\/tr>\n<tr>\n<td style=\"width: 63.5605%\">Demenci\u00e1k differenci\u00e1ldiagn\u00f3zisa<\/td>\n<td style=\"width: 39.3403%\">Dr. Szombathelyi \u00c9va, egyetemi adjunktus<\/td>\n<\/tr>\n<tr>\n<td style=\"width: 63.5605%\">Vascularis rizik\u00f3faktorok el\u0151fordul\u00e1sa fiatal \u00e9letkor\u00fa cerebrovascularis betegekben<\/td>\n<td style=\"width: 39.3403%\">Dr. Vastagh Ildik\u00f3, egyetemi adjunktus (PhD)<\/td>\n<\/tr>\n<tr>\n<td style=\"width: 63.5605%\">Neurosonol\u00f3giai m\u00f3dszerek a cerebrovascularis betegek kivizsg\u00e1l\u00e1s\u00e1ban<\/td>\n<td style=\"width: 39.3403%\">Dr. Vastagh Ildik\u00f3, egyetemi adjunktus (PhD)<\/td>\n<\/tr>\n<tr>\n<td style=\"width: 63.5605%\">Az Alzheimer k\u00f3r neuropathol\u00f3gi\u00e1ja<\/td>\n<td style=\"width: 39.3403%\">Dr. Kov\u00e1cs Tibor, egyetemi docens (PhD, Med.habil)<\/td>\n<\/tr>\n<tr>\n<td style=\"width: 63.5605%\">Kognit\u00edv zavarokat okoz\u00f3 strat\u00e9giai infarctusok<\/td>\n<td style=\"width: 39.3403%\">Dr. Kov\u00e1cs Tibor, egyetemi docens (PhD, Med.habil)<\/td>\n<\/tr>\n<tr>\n<td style=\"width: 63.5605%\">Parkinson syndrom\u00e1k neuropathol\u00f3gi\u00e1ja<\/td>\n<td style=\"width: 39.3403%\">Dr. Kov\u00e1cs Tibor, egyetemi docens (PhD, Med.habil)<\/td>\n<\/tr>\n<tr>\n<td style=\"width: 63.5605%\">Az Alzheimer-k\u00f3r diagnosztik\u00e1ja, therapi\u00e1ja<\/td>\n<td style=\"width: 39.3403%\">Dr. Kov\u00e1cs Tibor, egyetemi docens (PhD, Med.habil)<\/td>\n<\/tr>\n<tr>\n<td style=\"width: 63.5605%\">Agyi kering\u00e9szavarokhoz csatlakoz\u00f3 kognit\u00edv zavarok<\/td>\n<td style=\"width: 39.3403%\">Dr. Kov\u00e1cs Tibor egyetmi docens (PhD, med. habil)<\/td>\n<\/tr>\n<tr>\n<td style=\"width: 63.5605%\">Az agyi kering\u00e9s fiziol\u00f3gi\u00e1s aktiv\u00e1l\u00e1sa<\/td>\n<td style=\"width: 39.3403%\">Dr. Debreczeni R\u00f3bert, egyetemi adjunktus (PhD)<\/td>\n<\/tr>\n<tr>\n<td style=\"width: 63.5605%\">Agyi kering\u00e9szavarok vizsg\u00e1lata Doppler m\u00f3dszerrel\u00a0<\/td>\n<td style=\"width: 39.3403%\">Dr. Debreczeni R\u00f3bert, egyetemi adjunktus\u00a0 (PhD)<\/td>\n<\/tr>\n<tr>\n<td style=\"width: 63.5605%\">Funkcion\u00e1lis transcranialis Doppler vizsg\u00e1latok \u00f6sszehasonl\u00edt\u00f3 elemz\u00e9se<\/td>\n<td style=\"width: 39.3403%\">Dr. Debreczeni R\u00f3bert, egyetemi adjunktus\u00a0 (PhD), Dr. Stang Rita szakorvosjel\u00f6lt<\/td>\n<\/tr>\n<tr>\n<td style=\"width: 63.5605%\">Hydrocephalusok elk\u00fcl\u00f6n\u00edt\u0151 diagn\u00f3zisa<\/td>\n<td style=\"width: 39.3403%\">Dr. Ilniczky S\u00e1ndor, egyetemi tan\u00e1rseg\u00e9d<\/td>\n<\/tr>\n<tr>\n<td style=\"width: 63.5605%\">Agyi v\u00e9n\u00e1s kering\u00e9szavarok<\/td>\n<td style=\"width: 39.3403%\">Dr. Ilniczky S\u00e1ndor, egyetemi tan\u00e1rseg\u00e9d<\/td>\n<\/tr>\n<tr>\n<td style=\"width: 63.5605%\">A nyitott foramen ovale szerepe az obstrukt\u00edv alv\u00e1si apnoe szindr\u00f3ma magas cerebrovaszkul\u00e1ris rizik\u00f3j\u00e1ban.<\/td>\n<td style=\"width: 39.3403%\">dr. B\u00f6jti P\u00e9ter P\u00e1l, szakorvos<\/td>\n<\/tr>\n<tr>\n<td style=\"width: 63.5605%\">A COVID-19 betegs\u00e9g okozta j\u00e1rul\u00e9kos eg\u00e9szs\u00e9g\u00fcgyi vesztes\u00e9gek felm\u00e9r\u00e9se a neurol\u00f3giai ell\u00e1t\u00e1sban<\/td>\n<td style=\"width: 39.3403%\">dr. B\u00f6jti P\u00e9ter P\u00e1l, szakorvos<\/td>\n<\/tr>\n<tr>\n<td style=\"width: 63.5605%\">Az intrav\u00e9n\u00e1s trombol\u00edzis biztoss\u00e1goss\u00e1ga \u00e9s klinikai kimenetele akut ischaemi\u00e1s stroke-ot ut\u00e1nz\u00f3 \u00e1llapotokban.<\/td>\n<td style=\"width: 39.3403%\">dr. B\u00f6jti P\u00e9ter P\u00e1l, szakorvos<\/td>\n<\/tr>\n<tr>\n<td style=\"width: 63.5605%\">\u00d6n\u00e1ll\u00f3 fejf\u00e1j\u00e1s k\u00f3rk\u00e9pek: klinikum, kezel\u00e9s (a t\u00e9m\u00e1n bel\u00fcl b\u00e1rmely \u00f6n\u00e1ll\u00f3 fejf\u00e1j\u00e1sforma feldolgozhat\u00f3).<\/td>\n<td style=\"width: 39.3403%\">Dr. Bozsik Gy\u00f6rgy, klinikai f\u0151orvos, Dr. Ertsey Csaba, egyetemi docens (PhD)<\/td>\n<\/tr>\n<tr>\n<td style=\"width: 63.5605%\">M\u00e9ly agyi stimul\u00e1ci\u00f3 mozg\u00e1szavarokban<\/td>\n<td style=\"width: 39.3403%\">Dr. Tam\u00e1s Gertr\u00fad egyetemi adjunktus, Dr. Er\u0151ss L\u00f3r\u00e1nd PhD., OKITI<\/td>\n<\/tr>\n<tr>\n<td style=\"width: 63.5605%\">Trigeminalis aktiv\u00e1l\u00f3d\u00e1ssal j\u00e1r\u00f3 ritka fejf\u00e1j\u00e1sok<\/td>\n<td style=\"width: 39.3403%\">Dr. Ertsey Csaba, egyetemi docens (PhD)<\/td>\n<\/tr>\n<tr>\n<td style=\"width: 63.5605%\">Gy\u00f3gyszer-t\u00falfogyaszt\u00e1hoz k\u00f6t\u0151d\u0151 fejf\u00e1j\u00e1sok<\/td>\n<td style=\"width: 39.3403%\">Dr. Ertsey Csaba, egyetemi docens (PhD)<\/td>\n<\/tr>\n<tr>\n<td style=\"width: 63.5605%\">Az \u00e9letmin\u0151s\u00e9g vizsg\u00e1lata fejf\u00e1j\u00e1s-k\u00f3rk\u00e9pekben<\/td>\n<td style=\"width: 39.3403%\">Dr. Ertsey Csaba, egyetemi docens (PhD)<\/td>\n<\/tr>\n<tr>\n<td style=\"width: 63.5605%\">Aphasi\u00e1k<\/td>\n<td style=\"width: 39.3403%\">Dr. Ertsey Csaba, egyetemi docens (PhD)<\/td>\n<\/tr>\n<tr>\n<td style=\"width: 63.5605%\">Multimod\u00e1lis k\u00e9palkot\u00e1s akut ischemi\u00e1s stroke-ban<\/td>\n<td style=\"width: 39.3403%\">Dr. Gunda Bence, egyetemi adjunktus (PhD)<\/td>\n<\/tr>\n<tr>\n<td style=\"width: 63.5605%\">Akut ischemi\u00e1s stroke rekanaliz\u00e1ci\u00f3s kezel\u00e9se<\/td>\n<td style=\"width: 39.3403%\">Dr. Gunda Bence, egyetemi adjunktus (PhD)<\/td>\n<\/tr>\n<tr>\n<td style=\"width: 63.5605%\">Stroke \u00e9s stroke-ot ut\u00e1nz\u00f3 \u00e1llapotok differenci\u00e1l diagn\u00f3zisa \u00e9s kezel\u00e9se<\/td>\n<td style=\"width: 39.3403%\">Dr. Gunda Bence, egyetemi adjunktus (PhD)<\/td>\n<\/tr>\n<tr>\n<td style=\"width: 63.5605%\">Fiatalkori stroke<\/td>\n<td style=\"width: 39.3403%\">Dr. Gunda Bence, egyetemi adjunktus (PhD)<\/td>\n<\/tr>\n<tr>\n<td style=\"width: 63.5605%\">Ritka stroke szindr\u00f3m\u00e1k<\/td>\n<td style=\"width: 39.3403%\">Dr. Gunda Bence, egyetemi adjunktus (PhD)<\/td>\n<\/tr>\n<tr>\n<td style=\"width: 63.5605%\">Akut stroke k\u00e9palkot\u00e1s<\/td>\n<td style=\"width: 39.3403%\">Gunda Bence PhD<\/td>\n<\/tr>\n<tr>\n<td style=\"width: 63.5605%\">Mesters\u00e9ges intelligencia szerepe a stroke ell\u00e1t\u00e1sban<\/td>\n<td style=\"width: 39.3403%\">Gunda Bence PhD<\/td>\n<\/tr>\n<tr>\n<td style=\"width: 63.5605%\">A Parkinson k\u00f3r korszer\u0171 szeml\u00e9lete<\/td>\n<td style=\"width: 39.3403%\">Dr. Tak\u00e1ts Annam\u00e1ria, klinikai f\u0151orvos<\/td>\n<\/tr>\n<tr>\n<td style=\"width: 63.5605%\">Agyi kering\u00e9szavarokhoz csatlakoz\u00f3 kognit\u00edv zavarok<\/td>\n<td style=\"width: 39.3403%\">Dr. Debreczeni R\u00f3bert, egyetemi adjunktus (PhD)<\/td>\n<\/tr>\n<\/tbody>\n<\/table>\n","protected":false},"excerpt":{"rendered":"<p>A Neurol\u00f3giai Klinika TDK munkac\u00edmei \u00e9s t\u00e9mavezet\u0151i TDK-munka c\u00edme T\u00e9mavezet\u0151 neve (fokozattal) Post-stroke depresszi\u00f3\u00a0 Dr. Bereczki D\u00e1niel, egyetemi tan\u00e1r (PhD, DSc) A tremor patomechanizmusa\u00a0 Dr. Kamondi Anita, egyetemi tan\u00e1r (PhD, DSc) Neurofiziol\u00f3giai vizsg\u00e1latok tudatzavarban Prof. Dr. Kamondi Anita MTA doktora Neurofiziol\u00f3giai vizsg\u00e1latok mozg\u00e1szavarokban Prof. Dr. Kamondi Anita MTA doktora Neurodegenerat\u00edv betegs\u00e9gek \u00e9s a tremor kapcsolata\u00a0 &hellip;<\/p>\n","protected":false},"author":158,"featured_media":0,"parent":10054,"menu_order":0,"comment_status":"closed","ping_status":"closed","template":"","meta":{"_acf_changed":false,"footnotes":""},"categories":[],"tags":[],"class_list":["post-1702","page","type-page","status-publish","hentry"],"acf":[],"publishpress_future_action":{"enabled":false,"date":"1970-01-01 01:00:00","action":"","terms":[],"taxonomy":"","browser_timezone_offset":0},"_links":{"self":[{"href":"https:\/\/semmelweis.hu\/tdk\/wp-json\/wp\/v2\/pages\/1702","targetHints":{"allow":["GET"]}}],"collection":[{"href":"https:\/\/semmelweis.hu\/tdk\/wp-json\/wp\/v2\/pages"}],"about":[{"href":"https:\/\/semmelweis.hu\/tdk\/wp-json\/wp\/v2\/types\/page"}],"author":[{"embeddable":true,"href":"https:\/\/semmelweis.hu\/tdk\/wp-json\/wp\/v2\/users\/158"}],"replies":[{"embeddable":true,"href":"https:\/\/semmelweis.hu\/tdk\/wp-json\/wp\/v2\/comments?post=1702"}],"version-history":[{"count":10,"href":"https:\/\/semmelweis.hu\/tdk\/wp-json\/wp\/v2\/pages\/1702\/revisions"}],"predecessor-version":[{"id":12020,"href":"https:\/\/semmelweis.hu\/tdk\/wp-json\/wp\/v2\/pages\/1702\/revisions\/12020"}],"up":[{"embeddable":true,"href":"https:\/\/semmelweis.hu\/tdk\/wp-json\/wp\/v2\/pages\/10054"}],"wp:attachment":[{"href":"https:\/\/semmelweis.hu\/tdk\/wp-json\/wp\/v2\/media?parent=1702"}],"wp:term":[{"taxonomy":"category","embeddable":true,"href":"https:\/\/semmelweis.hu\/tdk\/wp-json\/wp\/v2\/categories?post=1702"},{"taxonomy":"post_tag","embeddable":true,"href":"https:\/\/semmelweis.hu\/tdk\/wp-json\/wp\/v2\/tags?post=1702"}],"curies":[{"name":"wp","href":"https:\/\/api.w.org\/{rel}","templated":true}]}}