{"id":1695,"date":"2016-10-06T00:00:00","date_gmt":"2016-10-05T22:00:00","guid":{"rendered":"http:\/\/semmelweis.hu\/tdk\/88-22059\/"},"modified":"2025-10-09T15:40:35","modified_gmt":"2025-10-09T13:40:35","slug":"szemeszet","status":"publish","type":"page","link":"https:\/\/semmelweis.hu\/tdk\/tdk-temak-es-temavezetok\/aok\/szemeszet\/","title":{"rendered":"Szem\u00e9szeti Klinika"},"content":{"rendered":"<p style=\"text-align: left\"><strong><span class=\"pink\">\u00a0 \u00a0 \u00a0A Szem\u00e9szeti Klinika TDK munkac\u00edmei \u00e9s t\u00e9mavezet\u0151i<\/span><\/strong><\/p>\n<table style=\"margin-left: auto;margin-right: auto;width: 94.5472%\" border=\"0\" cellspacing=\"0\" cellpadding=\"0\">\n<colgroup>\n<col style=\"width: 248pt\" width=\"330\" \/>\n<col style=\"width: 174pt\" width=\"232\" \/> <\/colgroup>\n<tbody>\n<tr style=\"height: 14.25pt\">\n<td class=\"xl65\" style=\"height: 14.25pt;width: 63.6201%;text-align: center\" width=\"330\" height=\"19\">\n<p><strong>TDK-munka c\u00edme<\/strong><\/p>\n<\/td>\n<td class=\"xl65\" style=\"width: 59.8906%;text-align: center\" width=\"232\"><strong>T\u00e9mavezet\u0151 neve (fokozattal)<\/strong><\/td>\n<\/tr>\n<tr>\n<td style=\"width: 63.6201%\" width=\"294\">Belgy\u00f3gy\u00e1szati betegs\u00e9gekhez t\u00e1rsul\u00f3 szemfelsz\u00edni betegs\u00e9gek<\/td>\n<td style=\"width: 59.8906%\" width=\"256\">Dr. Barcsay-Veres Amarilla<\/td>\n<\/tr>\n<tr>\n<td style=\"width: 63.6201%\" width=\"294\">K\u00f6nnyutak betegs\u00e9ge gyerekkorban<\/td>\n<td style=\"width: 59.8906%\">Dr. Barcsay-Veres Amarilla<\/td>\n<\/tr>\n<tr>\n<td style=\"width: 63.6201%\" width=\"294\">K\u00f6t\u0151h\u00e1rtya elv\u00e1ltoz\u00e1sok fiatalkorban<\/td>\n<td style=\"width: 59.8906%\">Dr. Barcsay-Veres Amarilla<\/td>\n<\/tr>\n<tr>\n<td style=\"width: 63.6201%\" width=\"294\">\u00daj diagnosztikus \u00e9s ter\u00e1pi\u00e1s lehet\u0151s\u00e9gek diab\u00e9teszes retinopathi\u00e1ban \u00e9s egy\u00e9b retina betegs\u00e9gekben<\/td>\n<td style=\"width: 59.8906%\">Dr. Ecsedy M\u00f3nika<\/td>\n<\/tr>\n<tr>\n<td style=\"width: 63.6201%\" width=\"294\">A szemfelsz\u00edn betegs\u00e9geinek vizsg\u00e1lata<\/td>\n<td style=\"width: 59.8906%\">Dr. F\u00fcst \u00c1gnes<\/td>\n<\/tr>\n<tr>\n<td style=\"width: 63.6201%\" width=\"294\">Leber-f\u00e9le \u00f6r\u00f6kletes l\u00e1t\u00f3idegb\u00e1ntalom: hazai megfigyel\u00e9seink<\/td>\n<td style=\"width: 59.8906%\">Dr. Kn\u00e9zy Krisztina<\/td>\n<\/tr>\n<tr>\n<td style=\"width: 63.6201%\" width=\"294\">Sz\u00ednl\u00e1t\u00e1szavarok vizsg\u00e1lata aniridi\u00e1s \u00e9s fovea hypoplasi\u00e1s betegeken<\/td>\n<td style=\"width: 59.8906%\">Dr. Kn\u00e9zy Krisztina<\/td>\n<\/tr>\n<tr>\n<td style=\"width: 63.6201%\" width=\"294\">K\u00e9palkot\u00f3 elj\u00e1r\u00e1sok a szem\u00e9szetben<\/td>\n<td style=\"width: 59.8906%\">Dr. Kov\u00e1cs Ill\u00e9s<\/td>\n<\/tr>\n<tr>\n<td style=\"width: 63.6201%\" width=\"294\">A mikroperimetria \u00e9s a sweep VEP (sVEP) alkalmaz\u00e1sa feln\u0151ttkori amblyopia eset\u00e9n<\/td>\n<td style=\"width: 59.8906%\">Dr. Maneschg Otto<\/td>\n<\/tr>\n<tr>\n<td style=\"width: 63.6201%\" width=\"294\">Klinikai jellemz\u0151k \u00e9s \u00faj m\u0171t\u00e9ti technik\u00e1k a kancsals\u00e1g bonyolult form\u00e1iban<\/td>\n<td style=\"width: 59.8906%\">Dr. Maneschg Otto<\/td>\n<\/tr>\n<tr>\n<td style=\"width: 63.6201%\" width=\"294\">A cornea \u00e9s cataracta seb\u00e9szet \u00fajabb eredm\u00e9nyei<\/td>\n<td style=\"width: 59.8906%\">Prof. Dr. Nagy Zolt\u00e1n Zsolt<\/td>\n<\/tr>\n<tr>\n<td style=\"width: 63.6201%\" width=\"294\">Keratoconus CXL ter\u00e1pi\u00e1j\u00e1nak hossz\u00fat\u00e1v\u00fa hat\u00e1sai<\/td>\n<td style=\"width: 59.8906%\">Prof. Dr. Nagy Zolt\u00e1n Zsolt<\/td>\n<\/tr>\n<tr>\n<td style=\"width: 63.6201%\" width=\"294\">\u00d6r\u00f6kl\u0151d\u0151 szem\u00e9szeti betegs\u00e9gek<\/td>\n<td style=\"width: 59.8906%\">Prof. Dr. Nagy Zolt\u00e1n Zsolt, Dr. Szab\u00f3 Vikt\u00f3ria<\/td>\n<\/tr>\n<tr>\n<td style=\"width: 63.6201%\" width=\"294\">A retinabetegs\u00e9gek kezel\u00e9si lehet\u0151s\u00e9gei<\/td>\n<td style=\"width: 59.8906%\">Dr. Papp Andr\u00e1s<\/td>\n<\/tr>\n<tr>\n<td style=\"width: 63.6201%\">Diabeteses retinopathia<\/td>\n<td style=\"width: 59.8906%\">Dr. R\u00e9cs\u00e1n Zsuzsanna<\/td>\n<\/tr>\n<tr>\n<td style=\"width: 63.6201%\">Maculalyuk seb\u00e9szet<\/td>\n<td style=\"width: 59.8906%\">Dr. R\u00e9cs\u00e1n Zsuzsanna<\/td>\n<\/tr>\n<tr>\n<td style=\"width: 63.6201%\">Retina lev\u00e1l\u00e1s<\/td>\n<td style=\"width: 59.8906%\">Dr. R\u00e9cs\u00e1n Zsuzsanna<\/td>\n<\/tr>\n<tr>\n<td style=\"width: 63.6201%\">A retinabetegs\u00e9gek k\u00e9palkot\u00f3 diagnosztik\u00e1ja<\/td>\n<td style=\"width: 59.8906%\">Dr. Resch Mikl\u00f3s<\/td>\n<\/tr>\n<tr>\n<td style=\"width: 63.6201%\">A klinikai genetika szem\u00e9szeti aspektusai<\/td>\n<td style=\"width: 59.8906%\">Dr. Szab\u00f3 Vikt\u00f3ria<\/td>\n<\/tr>\n<tr>\n<td style=\"width: 63.6201%\">A szaruh\u00e1rtya \u00e9s a szem el\u00fcls\u0151 szegmentum\u00e1nak klinikai, diagnosztikai \u00e9s molekul\u00e1rbiol\u00f3giai vizsg\u00e1lata eg\u00e9szs\u00e9ges \u00e9s k\u00f3ros k\u00f6r\u00fclm\u00e9nyek k\u00f6z\u00f6tt<\/td>\n<td style=\"width: 59.8906%\">Prof. Dr. Szentm\u00e1ry N\u00f3ra<\/td>\n<\/tr>\n<tr>\n<td style=\"width: 63.6201%\">Az uveitisek diagnosztik\u00e1ja \u00e9s kezel\u00e9se<\/td>\n<td style=\"width: 59.8906%\">Dr. Szepessy Zsuzsanna<\/td>\n<\/tr>\n<tr>\n<td style=\"width: 63.6201%\">Az uveitisek korszer\u0171 k\u00e9palkot\u00f3 vizsg\u00e1latai<\/td>\n<td style=\"width: 59.8906%\">Dr. Szepessy Zsuzsanna<\/td>\n<\/tr>\n<tr>\n<td style=\"width: 63.6201%\">Funkcion\u00e1lis \u00e9s k\u00e9palkot\u00f3 diagnosztika \u00f6r\u00f6kl\u0151d\u0151 retinabetegs\u00e9gekben<\/td>\n<td style=\"width: 59.8906%\">Dr. Zobor Annam\u00e1ria Ditta<\/td>\n<\/tr>\n<tr>\n<td style=\"width: 63.6201%\">Genot\u00edpus- Fenot\u00edpus Korrel\u00e1ci\u00f3k \u00f6r\u00f6kl\u0151d\u0151 retinabetegs\u00e9gekben<\/td>\n<td style=\"width: 59.8906%\">Dr. Zobor Annam\u00e1ria Ditta<\/td>\n<\/tr>\n<tr>\n<td style=\"width: 63.6201%\">LCA betegek kognit\u00edv m\u0171k\u00f6d\u00e9s\u00e9nek \u00e9s OCT-vizsg\u00e1lati eredm\u00e9nyeinek norm\u00e1leloszl\u00e1s szerinti elemz\u00e9se<\/td>\n<td style=\"width: 59.8906%\">Dr. Kn\u00e9zy Krisztina<\/td>\n<\/tr>\n<tr>\n<td style=\"width: 63.6201%\">\u00a0<\/td>\n<td style=\"width: 59.8906%\">\u00a0<\/td>\n<\/tr>\n<tr>\n<td style=\"width: 63.6201%;text-align: center\"><strong>TDK -munka angol nyelv\u0171 c\u00edmek<\/strong><\/td>\n<td style=\"width: 59.8906%\">\u00a0<\/td>\n<\/tr>\n<tr>\n<td style=\"width: 63.6201%\">Eye diseases in internal medicine<\/td>\n<td style=\"width: 59.8906%\">Dr. Barcsay-Veres Amarilla<\/td>\n<\/tr>\n<tr>\n<td style=\"width: 63.6201%\">Pathological and degenerative changes of the conjunctiva<\/td>\n<td style=\"width: 59.8906%\">Dr. Barcsay-Veres Amarilla<\/td>\n<\/tr>\n<tr>\n<td style=\"width: 63.6201%\">Tear drainage problems in infants<\/td>\n<td style=\"width: 59.8906%\">Dr. Barcsay-Veres Amarilla<\/td>\n<\/tr>\n<tr>\n<td style=\"width: 63.6201%\">Functional and imaging diagnostics in inherited retinal diseases<\/td>\n<td style=\"width: 59.8906%\">Dr. Zobor Annam\u00e1ria Ditta<\/td>\n<\/tr>\n<tr>\n<td style=\"width: 63.6201%\">Genotype- Phenotype correlations in inherited retinal diseases<\/td>\n<td style=\"width: 59.8906%\">Dr. Zobor Annam\u00e1ria Ditta<\/td>\n<\/tr>\n<tr>\n<td style=\"width: 63.6201%\">\u00a0<\/td>\n<td style=\"width: 59.8906%\">\u00a0<\/td>\n<\/tr>\n<tr>\n<td style=\"width: 63.6201%;text-align: center\"><strong>TDK-munka n\u00e9met nyelv\u0171 c\u00edmek<\/strong><\/td>\n<td style=\"width: 59.8906%\">\u00a0<\/td>\n<\/tr>\n<tr>\n<td style=\"width: 63.6201%\">Anwendung der Software CycloCheck V.2.0 zur Messung der Netzhautrotation bei Augenerkrankungen mit abnormer Kopfhaltung<\/td>\n<td style=\"width: 59.8906%\">Dr. Maneschg Otto<\/td>\n<\/tr>\n<tr>\n<td style=\"width: 63.6201%\">Funktionelle und bildgebende Diagnostik bei erblichen Netzhauterkrankungen<\/td>\n<td style=\"width: 59.8906%\">Dr. Zobor Annam\u00e1ria Ditta<\/td>\n<\/tr>\n<tr>\n<td style=\"width: 63.6201%\">Genotyp-Ph\u00e4notyp-Korrelationen bei erblichen Netzhauterkrankungen<\/td>\n<td style=\"width: 59.8906%\">Dr. Zobor Annam\u00e1ria Ditta<\/td>\n<\/tr>\n<\/tbody>\n<\/table>\n","protected":false},"excerpt":{"rendered":"<p>\u00a0 \u00a0 \u00a0A Szem\u00e9szeti Klinika TDK munkac\u00edmei \u00e9s t\u00e9mavezet\u0151i TDK-munka c\u00edme T\u00e9mavezet\u0151 neve (fokozattal) Belgy\u00f3gy\u00e1szati betegs\u00e9gekhez t\u00e1rsul\u00f3 szemfelsz\u00edni betegs\u00e9gek Dr. Barcsay-Veres Amarilla K\u00f6nnyutak betegs\u00e9ge gyerekkorban Dr. Barcsay-Veres Amarilla K\u00f6t\u0151h\u00e1rtya elv\u00e1ltoz\u00e1sok fiatalkorban Dr. Barcsay-Veres Amarilla \u00daj diagnosztikus \u00e9s ter\u00e1pi\u00e1s lehet\u0151s\u00e9gek diab\u00e9teszes retinopathi\u00e1ban \u00e9s egy\u00e9b retina betegs\u00e9gekben Dr. Ecsedy M\u00f3nika A szemfelsz\u00edn betegs\u00e9geinek vizsg\u00e1lata Dr. F\u00fcst \u00c1gnes &hellip;<\/p>\n","protected":false},"author":158,"featured_media":0,"parent":10054,"menu_order":0,"comment_status":"closed","ping_status":"closed","template":"","meta":{"_acf_changed":false,"footnotes":""},"categories":[],"tags":[],"class_list":["post-1695","page","type-page","status-publish","hentry"],"acf":[],"publishpress_future_action":{"enabled":false,"date":"1970-01-01 01:00:00","action":"","terms":[],"taxonomy":"","browser_timezone_offset":0},"_links":{"self":[{"href":"https:\/\/semmelweis.hu\/tdk\/wp-json\/wp\/v2\/pages\/1695","targetHints":{"allow":["GET"]}}],"collection":[{"href":"https:\/\/semmelweis.hu\/tdk\/wp-json\/wp\/v2\/pages"}],"about":[{"href":"https:\/\/semmelweis.hu\/tdk\/wp-json\/wp\/v2\/types\/page"}],"author":[{"embeddable":true,"href":"https:\/\/semmelweis.hu\/tdk\/wp-json\/wp\/v2\/users\/158"}],"replies":[{"embeddable":true,"href":"https:\/\/semmelweis.hu\/tdk\/wp-json\/wp\/v2\/comments?post=1695"}],"version-history":[{"count":10,"href":"https:\/\/semmelweis.hu\/tdk\/wp-json\/wp\/v2\/pages\/1695\/revisions"}],"predecessor-version":[{"id":11807,"href":"https:\/\/semmelweis.hu\/tdk\/wp-json\/wp\/v2\/pages\/1695\/revisions\/11807"}],"up":[{"embeddable":true,"href":"https:\/\/semmelweis.hu\/tdk\/wp-json\/wp\/v2\/pages\/10054"}],"wp:attachment":[{"href":"https:\/\/semmelweis.hu\/tdk\/wp-json\/wp\/v2\/media?parent=1695"}],"wp:term":[{"taxonomy":"category","embeddable":true,"href":"https:\/\/semmelweis.hu\/tdk\/wp-json\/wp\/v2\/categories?post=1695"},{"taxonomy":"post_tag","embeddable":true,"href":"https:\/\/semmelweis.hu\/tdk\/wp-json\/wp\/v2\/tags?post=1695"}],"curies":[{"name":"wp","href":"https:\/\/api.w.org\/{rel}","templated":true}]}}