{"id":1692,"date":"2016-10-06T00:00:00","date_gmt":"2016-10-05T22:00:00","guid":{"rendered":"http:\/\/semmelweis.hu\/tdk\/88-22054\/"},"modified":"2024-05-08T13:05:21","modified_gmt":"2024-05-08T11:05:21","slug":"urologia","status":"publish","type":"page","link":"https:\/\/semmelweis.hu\/tdk\/tdk-temak-es-temavezetok\/aok\/urologia\/","title":{"rendered":"Urol\u00f3giai Klinika"},"content":{"rendered":"<h2 style=\"text-align: left\">Az Urol\u00f3giai Klinika TDK munkac\u00edmei \u00e9s t\u00e9mavezet\u0151i<\/h2>\n<table style=\"margin-left: auto;margin-right: auto;width: 87.9804%;height: 816px\" border=\"0\" cellspacing=\"0\" cellpadding=\"0\">\n<colgroup>\n<col style=\"width: 245pt\" width=\"326\" \/>\n<col style=\"width: 158pt\" width=\"211\" \/> <\/colgroup>\n<tbody>\n<tr style=\"height: 12.75pt\">\n<td class=\"xl65\" style=\"height: 12.75pt;width: 64.4156%;text-align: center\" width=\"326\" height=\"17\"><strong>TDK-munka c\u00edme<\/strong><\/td>\n<td class=\"xl65\" style=\"width: 35.3247%;text-align: center\" width=\"211\"><strong>T\u00e9mavezet\u0151 neve (fokozattal)<\/strong><\/td>\n<\/tr>\n<tr>\n<td style=\"width: 64.4156%\" width=\"640\">A h\u00edmvessz\u0151 necroticus \u00e9s degenerat\u00edv folyamatai<\/td>\n<td style=\"width: 35.3247%\" width=\"345\">Dr. Nyir\u00e1dy P\u00e9ter egyetemi tan\u00e1r<\/td>\n<\/tr>\n<tr>\n<td style=\"width: 64.4156%\">A h\u00fagycs\u0151sz\u0171k\u00fcletek korszer\u0171 ell\u00e1t\u00e1sa<\/td>\n<td style=\"width: 35.3247%\">Dr. Nyir\u00e1dy P\u00e9ter egyetemi tan\u00e1r<\/td>\n<\/tr>\n<tr>\n<td style=\"width: 64.4156%\">Fels\u0151 \u00fcregrendszeri laparoscopos m\u0171t\u00e9tek<\/td>\n<td style=\"width: 35.3247%\">Dr. Nyir\u00e1dy P\u00e9ter egyetemi tan\u00e1r<\/td>\n<\/tr>\n<tr>\n<td style=\"width: 64.4156%\">A prosztatar\u00e1k<\/td>\n<td style=\"width: 35.3247%\">Dr. Nyir\u00e1dy P\u00e9ter egyetemi tan\u00e1r<\/td>\n<\/tr>\n<tr>\n<td style=\"width: 64.4156%\">Az inkontinens beteg diagnosztik\u00e1ja<\/td>\n<td style=\"width: 35.3247%\">Dr. Keszthelyi Attila egyetemi docens<\/td>\n<\/tr>\n<tr>\n<td style=\"width: 64.4156%\">A radicalis cystectomia ut\u00e1ni \u00e9letmin\u0151s\u00e9g vizsg\u00e1lata<\/td>\n<td style=\"width: 35.3247%\">Dr. Keszthelyi Attila egyetemi docens<\/td>\n<\/tr>\n<tr>\n<td style=\"width: 64.4156%\">Erectilis dysfunkci\u00f3 diagnosztik\u00e1ja<\/td>\n<td style=\"width: 35.3247%\">Dr. Kopa Zsolt egyetemi docens<\/td>\n<\/tr>\n<tr>\n<td style=\"width: 64.4156%\">A varicocele kezel\u00e9si lehet\u0151s\u00e9gei<\/td>\n<td style=\"width: 35.3247%\">Dr. Kopa Zsolt egyetemi docens<\/td>\n<\/tr>\n<tr>\n<td style=\"width: 64.4156%\">F\u00e9rfimedd\u0151s\u00e9g<\/td>\n<td style=\"width: 35.3247%\">Dr. Kopa Zsolt egyetemi docens<\/td>\n<\/tr>\n<tr>\n<td style=\"width: 64.4156%\">A BPH konzervat\u00edv \u00e9s seb\u00e9szeti kezel\u00e9se<\/td>\n<td style=\"width: 35.3247%\">Dr. Majoros Attila egyetemi docens<\/td>\n<\/tr>\n<tr>\n<td style=\"width: 64.4156%\">Vesedaganatok kezel\u00e9s\u00e9nek k\u00e9rd\u00e9sei<\/td>\n<td style=\"width: 35.3247%\">Dr. Szendr\u0151i Attila egyetemi adjunktus<\/td>\n<\/tr>\n<tr>\n<td style=\"width: 64.4156%\">H\u00fagy\u00fati k\u00f6vess\u00e9g diagnosztik\u00e1ja<\/td>\n<td style=\"width: 35.3247%\">Dr. Szendr\u0151i Attila egyetemi adjunktus<\/td>\n<\/tr>\n<tr>\n<td style=\"width: 64.4156%\">H\u00fagy\u00fati k\u00f6vess\u00e9g kezel\u00e9se<\/td>\n<td style=\"width: 35.3247%\">Dr. Szendr\u0151i Attila egyetemi adjunktus<\/td>\n<\/tr>\n<tr>\n<td style=\"width: 64.4156%\">Inkontinencia-ellenes m\u0171t\u00e9tek sz\u00f6v\u0151dm\u00e9nyei \u00e9s azok kezel\u00e9se<\/td>\n<td style=\"width: 35.3247%\">Dr. Majoros Attila egyetemi docens<\/td>\n<\/tr>\n<tr>\n<td style=\"width: 64.4156%\">F\u00e9rfi vizeletinkontinencia m\u0171t\u00e9ti kezel\u00e9se<\/td>\n<td style=\"width: 35.3247%\">Dr. Majoros Attila egyetemi docens<\/td>\n<\/tr>\n<tr>\n<td style=\"width: 64.4156%\">N\u0151i vizeletinkontinencia m\u0171t\u00e9ti kezel\u00e9se<\/td>\n<td style=\"width: 35.3247%\">Dr. Majoros Attila egyetemi docens<\/td>\n<\/tr>\n<tr>\n<td style=\"width: 64.4156%\">Pozit\u00edv seb\u00e9szi sz\u00e9l jelent\u0151s\u00e9g\u00e9nek vizsg\u00e1lata radicalis prostatectomi\u00e1n \u00e1tesett betegekben<\/td>\n<td style=\"width: 35.3247%\">Dr. Majoros Attila egyetemi docens<\/td>\n<\/tr>\n<tr>\n<td style=\"width: 64.4156%\">Urogenitalis prolapsusok m\u0171t\u00e9ti kezel\u00e9s\u00e9nek lehet\u0151s\u00e9gei az eredm\u00e9nyess\u00e9g \u00e9s sz\u00f6v\u0151dm\u00e9nyek t\u00fckr\u00e9ben<\/td>\n<td style=\"width: 35.3247%\">Dr. Majoros Attila egyetemi docens<\/td>\n<\/tr>\n<tr>\n<td style=\"width: 64.4156%\">A hiperakt\u00edv h\u00f3lyag minim\u00e1l invaz\u00edv \u00e9s invaz\u00edv kezel\u00e9si lehet\u0151s\u00e9gei<\/td>\n<td style=\"width: 35.3247%\">Dr. Majoros Attila egyetemi docens<\/td>\n<\/tr>\n<tr>\n<td style=\"width: 64.4156%\">H\u00f3lyagr\u00e1k diagnosztik\u00e1ja, kezel\u00e9se \u00e9s k\u00f6vet\u00e9se<\/td>\n<td style=\"width: 35.3247%\">Dr. Riesz P\u00e9ter egyetemi adjunktus<\/td>\n<\/tr>\n<tr>\n<td style=\"width: 64.4156%\">H\u00f3lyagr\u00e1k prognosztikai faktorainak vizsg\u00e1lata<\/td>\n<td style=\"width: 35.3247%\">Dr. Riesz P\u00e9ter egyetemi adjunktus<\/td>\n<\/tr>\n<tr>\n<td style=\"width: 64.4156%\">Heredaganatok kivizsg\u00e1l\u00e1sa \u00e9s kezel\u00e9se<\/td>\n<td style=\"width: 35.3247%\">Dr. Sz\u0171cs Mikl\u00f3s f\u0151orvos<\/td>\n<\/tr>\n<tr>\n<td style=\"width: 64.4156%\">Kemoter\u00e1pi\u00e1s kezel\u00e9sek az urol\u00f3gi\u00e1ban<\/td>\n<td style=\"width: 35.3247%\">Dr. Sz\u0171cs Mikl\u00f3s f\u0151orvos<\/td>\n<\/tr>\n<tr>\n<td style=\"width: 64.4156%\">Komplik\u00e1lt h\u00fagy\u00fati gyullad\u00e1sok diagnosztik\u00e1ja \u00e9s kezel\u00e9se<\/td>\n<td style=\"width: 35.3247%\">Dr. B\u00e1nfi Gergely egyetemi adjunktus<\/td>\n<\/tr>\n<tr>\n<td style=\"width: 64.4156%\">Nem komplik\u00e1lt h\u00fagy\u00fati gyullad\u00e1sok diagnosztik\u00e1ja \u00e9s kezel\u00e9se<\/td>\n<td style=\"width: 35.3247%\">Dr. B\u00e1nfi Gergely egyetemi adjunktus<\/td>\n<\/tr>\n<tr>\n<td style=\"width: 64.4156%\">A prosztatar\u00e1k-ter\u00e1pia rezisztenci\u00e1j\u00e1nak vizsg\u00e1lata<\/td>\n<td style=\"width: 35.3247%\">Dr. Szarvas Tibor tudom\u00e1nyos f\u0151munkat\u00e1rs<\/td>\n<\/tr>\n<tr>\n<td style=\"width: 64.4156%\">A h\u00fagyh\u00f3lyagr\u00e1k molekul\u00e1ris h\u00e1tter\u00e9nek vizsg\u00e1lata<\/td>\n<td style=\"width: 35.3247%\">Dr. Szarvas Tibor tudom\u00e1nyos f\u0151munkat\u00e1rs<\/td>\n<\/tr>\n<tr>\n<td style=\"width: 64.4156%\">A fels\u0151h\u00fagy\u00fati daganatok molekul\u00e1ris h\u00e1tter\u00e9nek vizsg\u00e1lata<\/td>\n<td style=\"width: 35.3247%\">Dr. Szarvas Tibor tudom\u00e1nyos f\u0151munkat\u00e1rs<\/td>\n<\/tr>\n<tr>\n<td style=\"width: 64.4156%\">Neurog\u00e9n h\u00f3lyagm\u0171k\u00f6d\u00e9si zavarok<\/td>\n<td style=\"width: 35.3247%\">Dr. Romics Mikl\u00f3s egyetemi tan\u00e1rseg\u00e9d<\/td>\n<\/tr>\n<tr>\n<td style=\"width: 64.4156%\">Kismedencei F\u00e1jdalom szindr\u00f3ma<\/td>\n<td style=\"width: 35.3247%\">Dr. Romics Mikl\u00f3s egyetemi tan\u00e1rseg\u00e9d<\/td>\n<\/tr>\n<\/tbody>\n<\/table>\n","protected":false},"excerpt":{"rendered":"<p>Az Urol\u00f3giai Klinika TDK munkac\u00edmei \u00e9s t\u00e9mavezet\u0151i TDK-munka c\u00edme T\u00e9mavezet\u0151 neve (fokozattal) A h\u00edmvessz\u0151 necroticus \u00e9s degenerat\u00edv folyamatai Dr. Nyir\u00e1dy P\u00e9ter egyetemi tan\u00e1r A h\u00fagycs\u0151sz\u0171k\u00fcletek korszer\u0171 ell\u00e1t\u00e1sa Dr. Nyir\u00e1dy P\u00e9ter egyetemi tan\u00e1r Fels\u0151 \u00fcregrendszeri laparoscopos m\u0171t\u00e9tek Dr. Nyir\u00e1dy P\u00e9ter egyetemi tan\u00e1r A prosztatar\u00e1k Dr. Nyir\u00e1dy P\u00e9ter egyetemi tan\u00e1r Az inkontinens beteg diagnosztik\u00e1ja Dr. Keszthelyi Attila &hellip;<\/p>\n","protected":false},"author":158,"featured_media":0,"parent":10054,"menu_order":0,"comment_status":"closed","ping_status":"closed","template":"","meta":{"_acf_changed":false,"footnotes":""},"categories":[],"tags":[],"class_list":["post-1692","page","type-page","status-publish","hentry"],"acf":[],"publishpress_future_action":{"enabled":false,"date":"1970-01-01 01:00:00","action":"","terms":[],"taxonomy":"","browser_timezone_offset":0},"_links":{"self":[{"href":"https:\/\/semmelweis.hu\/tdk\/wp-json\/wp\/v2\/pages\/1692","targetHints":{"allow":["GET"]}}],"collection":[{"href":"https:\/\/semmelweis.hu\/tdk\/wp-json\/wp\/v2\/pages"}],"about":[{"href":"https:\/\/semmelweis.hu\/tdk\/wp-json\/wp\/v2\/types\/page"}],"author":[{"embeddable":true,"href":"https:\/\/semmelweis.hu\/tdk\/wp-json\/wp\/v2\/users\/158"}],"replies":[{"embeddable":true,"href":"https:\/\/semmelweis.hu\/tdk\/wp-json\/wp\/v2\/comments?post=1692"}],"version-history":[{"count":4,"href":"https:\/\/semmelweis.hu\/tdk\/wp-json\/wp\/v2\/pages\/1692\/revisions"}],"predecessor-version":[{"id":9995,"href":"https:\/\/semmelweis.hu\/tdk\/wp-json\/wp\/v2\/pages\/1692\/revisions\/9995"}],"up":[{"embeddable":true,"href":"https:\/\/semmelweis.hu\/tdk\/wp-json\/wp\/v2\/pages\/10054"}],"wp:attachment":[{"href":"https:\/\/semmelweis.hu\/tdk\/wp-json\/wp\/v2\/media?parent=1692"}],"wp:term":[{"taxonomy":"category","embeddable":true,"href":"https:\/\/semmelweis.hu\/tdk\/wp-json\/wp\/v2\/categories?post=1692"},{"taxonomy":"post_tag","embeddable":true,"href":"https:\/\/semmelweis.hu\/tdk\/wp-json\/wp\/v2\/tags?post=1692"}],"curies":[{"name":"wp","href":"https:\/\/api.w.org\/{rel}","templated":true}]}}