{"id":1638,"date":"2016-10-06T00:00:00","date_gmt":"2016-10-05T22:00:00","guid":{"rendered":"http:\/\/semmelweis.hu\/tdk\/88-21878\/"},"modified":"2025-08-28T11:24:13","modified_gmt":"2025-08-28T09:24:13","slug":"nepegeszsegtan","status":"publish","type":"page","link":"https:\/\/semmelweis.hu\/tdk\/tdk-temak-es-temavezetok\/aok\/nepegeszsegtan\/","title":{"rendered":"Megel\u0151z\u0151 Orvostani \u00e9s N\u00e9peg\u00e9szs\u00e9gtani Int\u00e9zet"},"content":{"rendered":"<h2 style=\"text-align: left\"><span class=\"pink\">A Megel\u0151z\u0151 Orvostani \u00e9s N\u00e9peg\u00e9szs\u00e9gtani Int\u00e9zet TDK munkac\u00edmei \u00e9s t\u00e9mavezet\u0151i\u00a0<\/span><\/h2>\n<table style=\"width: 101.575%;margin-left: auto;margin-right: auto\" border=\"0\" cellspacing=\"0\" cellpadding=\"0\">\n<colgroup>\n<col style=\"width: 219pt\" width=\"292\" \/>\n<col style=\"width: 173pt\" width=\"231\" \/> <\/colgroup>\n<tbody>\n<tr style=\"height: 15.0pt\">\n<td class=\"xl65\" style=\"height: 15pt;width: 53.4483%;text-align: center\" width=\"292\" height=\"20\"><strong>TDK-munka c\u00edme<\/strong><\/td>\n<td class=\"xl65\" style=\"width: 84.4162%;text-align: center\" width=\"231\"><strong>T\u00e9mavezet\u0151 neve (fokozattal)<\/strong><\/td>\n<\/tr>\n<tr>\n<td style=\"width: 53.4483%\" width=\"555\">Serd\u00fcl\u0151k eg\u00e9szs\u00e9gmagatart\u00e1sa egy eg\u00e9szs\u00e9gnevel\u0151 program k\u00f6vet\u00e9ses vizsg\u00e1lata ment\u00e9n<\/td>\n<td style=\"width: 84.4162%\" width=\"351\">Dr. Major D\u00e1vid (PhD hallgat\u00f3)<\/td>\n<\/tr>\n<tr>\n<td style=\"width: 53.4483%\">Kr\u00f3nikus nem-fert\u0151z\u0151 betegs\u00e9gek prediktorainak vizsg\u00e1lata egy magyar munkahelyi kohorsz eredm\u00e9nyei alapj\u00e1n<\/td>\n<td style=\"width: 84.4162%\">Dr. Fazekas-Pongor Vince (PhD, adjunktus)<\/td>\n<\/tr>\n<tr>\n<td style=\"width: 53.4483%\">Egy eg\u00e9szs\u00e9gnevel\u0151 program eredm\u00e9nyess\u00e9g \u00e9rt\u00e9kel\u00e9se<\/td>\n<td style=\"width: 84.4162%\">Dr. \u00c1rva Dorottya (PhD hallgat\u00f3)<\/td>\n<\/tr>\n<tr>\n<td style=\"width: 53.4483%\">Enter\u00e1lis fert\u0151z\u00e9sek megel\u0151zes<\/td>\n<td style=\"width: 84.4162%\">Dr. Feh\u00e9r \u00c1gnes (tan\u00e1rseg\u00e9d)<\/td>\n<\/tr>\n<tr>\n<td style=\"width: 53.4483%\">Pneum\u00f3ni\u00e1k epidemiol\u00f3gi\u00e1ja<\/td>\n<td style=\"width: 84.4162%\">Dr. Feh\u00e9r \u00c1gnes (tan\u00e1rseg\u00e9d)<\/td>\n<\/tr>\n<tr>\n<td style=\"width: 53.4483%\">Investigation of gait pattern changes linked to aging and diseases \/ A j\u00e1r\u00e1s mint\u00e1zat\u00e1nak \u00f6reged\u00e9ssel \u00e9s k\u00fcl\u00f6nb\u00f6z\u0151 k\u00f3rfolyamatokkal \u00f6sszef\u00fcgg\u0151 v\u00e1ltoz\u00e1sainak meghat\u00e1roz\u00e1sa<\/td>\n<td style=\"width: 84.4162%\">Prof. Dr. Ungv\u00e1ri Zolt\u00e1n (med. habil., Ph.D., kutat\u00f3professzor), Dr. Cs\u00edp\u0151 Tam\u00e1s (tan\u00e1rseg\u00e9d)<\/td>\n<\/tr>\n<tr>\n<td style=\"width: 53.4483%\" width=\"555\">Investigation of aging and disease-related changes in the peripheral and brain circulation \/<br \/>\nA k\u00f6zponti idegrendszeri \u00e9s perif\u00e9ri\u00e1s kering\u00e9s \u00f6reged\u00e9ssel \u00e9s k\u00fcl\u00f6nb\u00f6z\u0151 k\u00f3rfolyamatokkal \u00f6sszef\u00fcgg\u0151 v\u00e1ltoz\u00e1sainak meghat\u00e1roz\u00e1sa\u00a0<\/td>\n<td style=\"width: 84.4162%\">Prof. Dr. Ungv\u00e1ri Zolt\u00e1n (med. habil., Ph.D., kutat\u00f3professzor), Dr. Cs\u00edp\u0151 Tam\u00e1s (tan\u00e1rseg\u00e9d)<\/td>\n<\/tr>\n<tr>\n<td style=\"width: 53.4483%\" width=\"555\">Effects of anti-aging (e. g. lifestyle) interventions on the cardiovascular system \/<br \/>\n\u00d6reged\u00e9si folyamatokat c\u00e9lz\u00f3 (pl. \u00e9letm\u00f3dbeli) intervenci\u00f3k\u00a0 kardiovaszkul\u00e1ris rendszerre kifejtett hat\u00e1sainak vizsg\u00e1lata\u00a0\u00a0<\/td>\n<td style=\"width: 84.4162%\">Prof. Dr. Ungv\u00e1ri Zolt\u00e1n (med. habil., Ph.D., kutat\u00f3professzor), Dr. Cs\u00edp\u0151 Tam\u00e1s (tan\u00e1rseg\u00e9d)<\/td>\n<\/tr>\n<tr>\n<td style=\"width: 53.4483%\">T\u00e1pl\u00e1lkoz\u00e1s szerepe az eg\u00e9szs\u00e9ges \u00f6reged\u00e9sben: Prevenci\u00f3 \u00e9s \u00e9letmin\u0151s\u00e9g<\/td>\n<td style=\"width: 84.4162%\">Dr. Fekete M\u00f3nika (PhD)<\/td>\n<\/tr>\n<\/tbody>\n<\/table>\n","protected":false},"excerpt":{"rendered":"<p>A Megel\u0151z\u0151 Orvostani \u00e9s N\u00e9peg\u00e9szs\u00e9gtani Int\u00e9zet TDK munkac\u00edmei \u00e9s t\u00e9mavezet\u0151i\u00a0 TDK-munka c\u00edme T\u00e9mavezet\u0151 neve (fokozattal) Serd\u00fcl\u0151k eg\u00e9szs\u00e9gmagatart\u00e1sa egy eg\u00e9szs\u00e9gnevel\u0151 program k\u00f6vet\u00e9ses vizsg\u00e1lata ment\u00e9n Dr. Major D\u00e1vid (PhD hallgat\u00f3) Kr\u00f3nikus nem-fert\u0151z\u0151 betegs\u00e9gek prediktorainak vizsg\u00e1lata egy magyar munkahelyi kohorsz eredm\u00e9nyei alapj\u00e1n Dr. Fazekas-Pongor Vince (PhD, adjunktus) Egy eg\u00e9szs\u00e9gnevel\u0151 program eredm\u00e9nyess\u00e9g \u00e9rt\u00e9kel\u00e9se Dr. \u00c1rva Dorottya (PhD hallgat\u00f3) Enter\u00e1lis &hellip;<\/p>\n","protected":false},"author":158,"featured_media":0,"parent":10054,"menu_order":0,"comment_status":"closed","ping_status":"closed","template":"","meta":{"_acf_changed":false,"footnotes":""},"categories":[],"tags":[],"class_list":["post-1638","page","type-page","status-publish","hentry"],"acf":[],"publishpress_future_action":{"enabled":false,"date":"1970-01-01 01:00:00","action":"","terms":[],"taxonomy":"","browser_timezone_offset":0},"_links":{"self":[{"href":"https:\/\/semmelweis.hu\/tdk\/wp-json\/wp\/v2\/pages\/1638","targetHints":{"allow":["GET"]}}],"collection":[{"href":"https:\/\/semmelweis.hu\/tdk\/wp-json\/wp\/v2\/pages"}],"about":[{"href":"https:\/\/semmelweis.hu\/tdk\/wp-json\/wp\/v2\/types\/page"}],"author":[{"embeddable":true,"href":"https:\/\/semmelweis.hu\/tdk\/wp-json\/wp\/v2\/users\/158"}],"replies":[{"embeddable":true,"href":"https:\/\/semmelweis.hu\/tdk\/wp-json\/wp\/v2\/comments?post=1638"}],"version-history":[{"count":10,"href":"https:\/\/semmelweis.hu\/tdk\/wp-json\/wp\/v2\/pages\/1638\/revisions"}],"predecessor-version":[{"id":11626,"href":"https:\/\/semmelweis.hu\/tdk\/wp-json\/wp\/v2\/pages\/1638\/revisions\/11626"}],"up":[{"embeddable":true,"href":"https:\/\/semmelweis.hu\/tdk\/wp-json\/wp\/v2\/pages\/10054"}],"wp:attachment":[{"href":"https:\/\/semmelweis.hu\/tdk\/wp-json\/wp\/v2\/media?parent=1638"}],"wp:term":[{"taxonomy":"category","embeddable":true,"href":"https:\/\/semmelweis.hu\/tdk\/wp-json\/wp\/v2\/categories?post=1638"},{"taxonomy":"post_tag","embeddable":true,"href":"https:\/\/semmelweis.hu\/tdk\/wp-json\/wp\/v2\/tags?post=1638"}],"curies":[{"name":"wp","href":"https:\/\/api.w.org\/{rel}","templated":true}]}}