{"id":1634,"date":"2016-10-06T00:00:00","date_gmt":"2016-10-05T22:00:00","guid":{"rendered":"http:\/\/semmelweis.hu\/tdk\/88-21869\/"},"modified":"2026-03-13T09:17:49","modified_gmt":"2026-03-13T08:17:49","slug":"genetika","status":"publish","type":"page","link":"https:\/\/semmelweis.hu\/tdk\/tdk-temak-es-temavezetok\/aok\/genetika\/","title":{"rendered":"Genetikai, Sejt- \u00e9s Immunbiol\u00f3giai Int\u00e9zet"},"content":{"rendered":"<h2>A Genetikai-, Sejt- \u00e9s Immunbiol\u00f3giai Int\u00e9zet TDK munkac\u00edmei \u00e9s t\u00e9mavezet\u0151i\u00a0<\/h2>\n<table style=\"width: 96.0718%;height: 339px\" border=\"0\" cellspacing=\"0\" cellpadding=\"0\">\n<colgroup>\n<col style=\"width: 245pt\" width=\"326\" \/>\n<col style=\"width: 298pt\" width=\"397\" \/> <\/colgroup>\n<tbody>\n<tr style=\"height: 15.0pt\">\n<td class=\"xl66\" style=\"height: 15px;width: 52.126%\" width=\"326\" height=\"20\"><strong>TDK-munka c\u00edme<\/strong><\/td>\n<td class=\"xl66\" style=\"border-left: none;width: 58.7402%;height: 15px\" width=\"397\"><strong>T\u00e9mavezet\u0151 neve (fokozattal)<\/strong><\/td>\n<\/tr>\n<tr style=\"height: 66px\">\n<td style=\"width: 52.126%;height: 66px\" width=\"365\">Tumorellenes szerek mell\u00e9khat\u00e1s\u00e1nak megel\u0151z\u00e9s\u00e9re szolg\u00e1l\u00f3 ter\u00e1pi\u00e1s strat\u00e9gi\u00e1k in vitro vizsg\u00e1lata<\/td>\n<td style=\"width: 58.7402%;height: 66px\" width=\"351\">Dr. Lajk\u00f3 Eszter (PhD, egyetemi docens), Dr. Sz\u00e1sz Adrienn Zs\u00f3fia (PhD, tudom\u00e1nyos munkat\u00e1rs)<\/td>\n<\/tr>\n<tr style=\"height: 72px\">\n<td style=\"width: 52.126%;height: 72px\">Tumorellenes szerek hat\u00e1s\u00e1ra kialakul\u00f3 kardiotoxicit\u00e1s in vitro modellj\u00e9nek fel\u00e1ll\u00edt\u00e1sa<\/td>\n<td style=\"width: 58.7402%;height: 72px\">Dr. Sz\u00e1sz Adrienn Zs\u00f3fia (PhD, tudom\u00e1nyos munkat\u00e1rs), Dr. Lajk\u00f3 Eszter (PhD, egyetemi docens)<\/td>\n<\/tr>\n<tr style=\"height: 89px\">\n<td style=\"width: 52.126%;height: 89px\">\u00d6nszervez\u0151d\u0151 peptid alap\u00fa hidrog\u00e9lek vizsg\u00e1lata 3D teny\u00e9szetek kialak\u00edt\u00e1s\u00e1ra \u00e9s in vitro vizsg\u00e1lat\u00e1ra.<\/td>\n<td style=\"width: 58.7402%;height: 89px\">Dr. Lajk\u00f3 Eszter (PhD, egyetemi docens)<\/td>\n<\/tr>\n<tr style=\"height: 97px\">\n<td style=\"width: 52.126%;height: 97px\">Az extracellul\u00e1ris vezikul\u00e1k diagnosztikai \u00e9s prognoszitkai szerepe a tumor-induk\u00e1lt sz\u00edvizom-atr\u00f3fi\u00e1ban<\/td>\n<td style=\"width: 58.7402%;height: 97px\">Bugyik Edina PhD<\/td>\n<\/tr>\n<tr>\n<td style=\"width: 52.126%\">Bakteri\u00e1lis extracellul\u00e1ris vezikul\u00e1k hat\u00e1sa THP-1 sejtekre<\/td>\n<td style=\"width: 58.7402%\">Sereg\u00e9lyes G\u00e1bor (PhD hallgat\u00f3)<\/td>\n<\/tr>\n<tr>\n<td style=\"width: 52.126%\">Investigating ptential protein diamerisation systems for the assosiation of extracellular vessicles and virus<\/td>\n<td style=\"width: 58.7402%\">Kestecher Brachyahu Meir PhD<\/td>\n<\/tr>\n<\/tbody>\n<\/table>\n","protected":false},"excerpt":{"rendered":"<p>A Genetikai-, Sejt- \u00e9s Immunbiol\u00f3giai Int\u00e9zet TDK munkac\u00edmei \u00e9s t\u00e9mavezet\u0151i\u00a0 TDK-munka c\u00edme T\u00e9mavezet\u0151 neve (fokozattal) Tumorellenes szerek mell\u00e9khat\u00e1s\u00e1nak megel\u0151z\u00e9s\u00e9re szolg\u00e1l\u00f3 ter\u00e1pi\u00e1s strat\u00e9gi\u00e1k in vitro vizsg\u00e1lata Dr. Lajk\u00f3 Eszter (PhD, egyetemi docens), Dr. Sz\u00e1sz Adrienn Zs\u00f3fia (PhD, tudom\u00e1nyos munkat\u00e1rs) Tumorellenes szerek hat\u00e1s\u00e1ra kialakul\u00f3 kardiotoxicit\u00e1s in vitro modellj\u00e9nek fel\u00e1ll\u00edt\u00e1sa Dr. Sz\u00e1sz Adrienn Zs\u00f3fia (PhD, tudom\u00e1nyos munkat\u00e1rs), Dr. &hellip;<\/p>\n","protected":false},"author":158,"featured_media":0,"parent":10054,"menu_order":0,"comment_status":"closed","ping_status":"closed","template":"","meta":{"_acf_changed":false,"footnotes":""},"categories":[],"tags":[],"class_list":["post-1634","page","type-page","status-publish","hentry"],"acf":[],"publishpress_future_action":{"enabled":false,"date":"1970-01-01 01:00:00","action":"","terms":[],"taxonomy":"","browser_timezone_offset":0},"_links":{"self":[{"href":"https:\/\/semmelweis.hu\/tdk\/wp-json\/wp\/v2\/pages\/1634","targetHints":{"allow":["GET"]}}],"collection":[{"href":"https:\/\/semmelweis.hu\/tdk\/wp-json\/wp\/v2\/pages"}],"about":[{"href":"https:\/\/semmelweis.hu\/tdk\/wp-json\/wp\/v2\/types\/page"}],"author":[{"embeddable":true,"href":"https:\/\/semmelweis.hu\/tdk\/wp-json\/wp\/v2\/users\/158"}],"replies":[{"embeddable":true,"href":"https:\/\/semmelweis.hu\/tdk\/wp-json\/wp\/v2\/comments?post=1634"}],"version-history":[{"count":10,"href":"https:\/\/semmelweis.hu\/tdk\/wp-json\/wp\/v2\/pages\/1634\/revisions"}],"predecessor-version":[{"id":12029,"href":"https:\/\/semmelweis.hu\/tdk\/wp-json\/wp\/v2\/pages\/1634\/revisions\/12029"}],"up":[{"embeddable":true,"href":"https:\/\/semmelweis.hu\/tdk\/wp-json\/wp\/v2\/pages\/10054"}],"wp:attachment":[{"href":"https:\/\/semmelweis.hu\/tdk\/wp-json\/wp\/v2\/media?parent=1634"}],"wp:term":[{"taxonomy":"category","embeddable":true,"href":"https:\/\/semmelweis.hu\/tdk\/wp-json\/wp\/v2\/categories?post=1634"},{"taxonomy":"post_tag","embeddable":true,"href":"https:\/\/semmelweis.hu\/tdk\/wp-json\/wp\/v2\/tags?post=1634"}],"curies":[{"name":"wp","href":"https:\/\/api.w.org\/{rel}","templated":true}]}}