{"id":1631,"date":"2016-10-06T00:00:00","date_gmt":"2016-10-05T22:00:00","guid":{"rendered":"http:\/\/semmelweis.hu\/tdk\/88-21865\/"},"modified":"2024-06-13T09:46:50","modified_gmt":"2024-06-13T07:46:50","slug":"biofizika","status":"publish","type":"page","link":"https:\/\/semmelweis.hu\/tdk\/tdk-temak-es-temavezetok\/aok\/biofizika\/","title":{"rendered":"Biofizikai \u00e9s Sug\u00e1rbiol\u00f3giai Int\u00e9zet"},"content":{"rendered":"<h2 style=\"text-align: left\">A Biofizikai \u00e9s Sug\u00e1rbiol\u00f3giai Int\u00e9zet TDK munkac\u00edmei \u00e9s t\u00e9mavezet\u0151i<\/h2>\n<table style=\"border-collapse: collapse;width: 100%\">\n<tbody>\n<tr>\n<td style=\"width: 49.9636%\" width=\"595\"><strong>TDK munka c\u00edme<\/strong><\/td>\n<td style=\"width: 49.9636%\" width=\"345\"><strong>T\u00e9mavezet\u0151 neve (fokozattal)<\/strong><\/td>\n<\/tr>\n<tr>\n<td style=\"width: 49.9636%\" width=\"595\">Foszforil\u00e1ci\u00f3 hat\u00e1sa a titin rugalmass\u00e1g\u00e1ra.<\/td>\n<td style=\"width: 49.9636%\" width=\"345\">Dr. M\u00e1rtonfalvi Zsolt, PhD<\/td>\n<\/tr>\n<tr>\n<td style=\"width: 49.9636%\">A nebulin \u00f3ri\u00e1sfeh\u00e9rje funkci\u00f3ja a v\u00e1zizomban.<\/td>\n<td style=\"width: 49.9636%\">Dr. Kiss Bal\u00e1zs, MD, PhD<\/td>\n<\/tr>\n<tr>\n<td style=\"width: 49.9636%\">A nebulin mut\u00e1ci\u00f3inak k\u00f3roki szerepe a v\u00e1zizom-elfajul\u00e1sban.<\/td>\n<td style=\"width: 49.9636%\">Dr. Kiss Bal\u00e1zs, MD, PhD<\/td>\n<\/tr>\n<tr>\n<td style=\"width: 49.9636%\">Nemkanonikus vir\u00e1lis nukleinsav szerkezetekre hat\u00f3 ligandumok vizsg\u00e1lata<\/td>\n<td style=\"width: 49.9636%\">prof. Dr. Smeller L\u00e1szl\u00f3<\/td>\n<\/tr>\n<tr>\n<td style=\"width: 49.9636%\">Rekonstrukci\u00f3s param\u00e9terek v\u00e1ltoztat\u00e1s\u00e1nak hat\u00e1sa a SPECT\/CT\/MR k\u00e9pekb\u0151l sz\u00e1m\u00edtott radiomikai \u00e9rt\u00e9kekre<\/td>\n<td style=\"width: 49.9636%\">Dr. Veres D\u00e1niel S\u00e1ndor, PhD<\/td>\n<\/tr>\n<tr>\n<td style=\"width: 49.9636%\">Kalmodulin activit\u00e1s\u00e1nak kalcium-f\u00fcgg\u00e9se fiziol\u00f3gi\u00e1s Ca2+ koncentr\u00e1ci\u00f3kban<\/td>\n<td style=\"width: 49.9636%\">Dr. Liliom K\u00e1roly, PhD<\/td>\n<\/tr>\n<tr>\n<td style=\"width: 49.9636%\">Ran kisGTP\u00e1z m\u0171k\u00f6d\u00e9si mechanizmus\u00e1nak in silico vizsg\u00e1lata<\/td>\n<td style=\"width: 49.9636%\">Dr. Balog Erika, PhD<\/td>\n<\/tr>\n<tr>\n<td style=\"width: 49.9636%\">In silico study of the working mechanism of Ran small GTPase<\/td>\n<td style=\"width: 49.9636%\">Dr. Balog Erika, PhD<\/td>\n<\/tr>\n<tr>\n<td style=\"width: 49.9636%\">Kollag\u00e9n izoform\u00e1k strukt\u00far\u00e1lis \u00e9s nanomechanikai vizsg\u00e1lata\u00a0<\/td>\n<td style=\"width: 49.9636%\">Haluszka D\u00f3ra, PhD<\/td>\n<\/tr>\n<tr>\n<td style=\"width: 49.9636%\">2-es t\u00edpus\u00fa diab\u00e9tesz hat\u00e1sa az intertubul\u00e1ris dentin kollag\u00e9n rostjainak szerkezet\u00e9re \u00e9s mechanik\u00e1j\u00e1ra<\/td>\n<td style=\"width: 49.9636%\">Haluszka D\u00f3ra, PhD<\/td>\n<\/tr>\n<tr>\n<td style=\"width: 49.9636%\">Megfigyel\u00e9ses vizsg\u00e1latok elemz\u00e9se statisztikai m\u00f3dszerekkel.<\/td>\n<td style=\"width: 49.9636%\">Ag\u00f3cs Gergely, PhD<\/td>\n<\/tr>\n<tr>\n<td style=\"width: 49.9636%\">Multimod\u00e1lis MRI kontrasztanyagok \u00e9s ter\u00e1pi\u00e1s rendszerek fejleszt\u00e9se<\/td>\n<td style=\"width: 49.9636%\">Forg\u00e1ch L\u00e1szl\u00f3, PhD<\/td>\n<\/tr>\n<tr>\n<td style=\"width: 49.9636%\">Kvantitat\u00edv in vivo k\u00e9palkot\u00e1s onkol\u00f3giai modelrendszerekben\u00a0<\/td>\n<td style=\"width: 49.9636%\">Szigeti Kriszti\u00e1n, PhD<\/td>\n<\/tr>\n<tr>\n<td style=\"width: 49.9636%\">Placenta radiol\u00f3giai vizsg\u00e1lata, \u00e9s radiomikai jellemz\u00e9se<\/td>\n<td style=\"width: 49.9636%\">Szigeti Kriszti\u00e1n, PhD<\/td>\n<\/tr>\n<tr>\n<td style=\"width: 49.9636%\">Agyi kering\u00e9s vizsg\u00e1lata r\u00e1gcs\u00e1l\u00f3kon Funkcion\u00e1lis Ultrahanggal<\/td>\n<td style=\"width: 49.9636%\">Szigeti Kriszti\u00e1n, PhD<\/td>\n<\/tr>\n<tr>\n<td style=\"width: 49.9636%\">Motorfeh\u00e9rj\u00e9k vizsg\u00e1lata in vitro motility assay seg\u00edts\u00e9g\u00e9vel<\/td>\n<td style=\"width: 49.9636%\">Kellermayer Mikl\u00f3s, PhD<\/td>\n<\/tr>\n<tr>\n<td style=\"width: 49.9636%\">Bakteriof\u00e1gok szerkezete \u00e9s er\u0151spektroszk\u00f3piai vizsg\u00e1lata<\/td>\n<td style=\"width: 49.9636%\">Kellermayer Mikl\u00f3s, PhD<\/td>\n<\/tr>\n<tr>\n<td style=\"width: 49.9636%\">Vir\u00e1lis DNS kil\u00f6k\u0151d\u00e9s mechanizmmusai<\/td>\n<td style=\"width: 49.9636%\">Kellermayer Mikl\u00f3s, PhD<\/td>\n<\/tr>\n<tr>\n<td style=\"width: 49.9636%\">\u00a0<\/td>\n<td style=\"width: 49.9636%\">\u00a0<\/td>\n<\/tr>\n<tr>\n<td style=\"width: 49.9636%\"><strong>ANGOL<\/strong><\/td>\n<td style=\"width: 49.9636%\">\u00a0<\/td>\n<\/tr>\n<tr>\n<td style=\"width: 49.9636%\">Ca2+ dependence of calmodulin activity in the physiologic Ca2+ concentration range<\/td>\n<td style=\"width: 49.9636%\">Liliom K\u00e1roly, PhD<\/td>\n<\/tr>\n<tr>\n<td style=\"width: 49.9636%\">Investigation of ligans acting on noncanonical viral nucleic acid structures<\/td>\n<td style=\"width: 49.9636%\">prof. Dr. Smeller L\u00e1szl\u00f3<\/td>\n<\/tr>\n<tr>\n<td style=\"width: 49.9636%\">Role of phosphorilation in the nanomechanics of titin.<\/td>\n<td style=\"width: 49.9636%\">M\u00e1rtonfalvi Zsolt, PhD<\/td>\n<\/tr>\n<tr>\n<td style=\"width: 49.9636%\">The function of the giant protein nebulin in skeletal muscle.<\/td>\n<td style=\"width: 49.9636%\">Bal\u00e1zs Kiss, MD, PhD<\/td>\n<\/tr>\n<tr>\n<td style=\"width: 49.9636%\">The pathobiophysics of nebulin mutations in skeletal muscle myopathies.<\/td>\n<td style=\"width: 49.9636%\">Bal\u00e1zs Kiss, MD, PhD<\/td>\n<\/tr>\n<tr>\n<td style=\"width: 49.9636%\">Statistical analysis of observational studies.<\/td>\n<td style=\"width: 49.9636%\">Gergely AG\u00d3CS, PhD<\/td>\n<\/tr>\n<tr>\n<td style=\"width: 49.9636%\">In vitro motility assay of motor proteins<\/td>\n<td style=\"width: 49.9636%\">Mikl\u00f3s Kellermayer, MD, PhD<\/td>\n<\/tr>\n<tr>\n<td style=\"width: 49.9636%\">Structure and force spectroscopy of bacteriophages<\/td>\n<td style=\"width: 49.9636%\">Mikl\u00f3s Kellermayer, MD, PhD<\/td>\n<\/tr>\n<tr>\n<td style=\"width: 49.9636%\">Mechanisms of viral DNA ejection<\/td>\n<td style=\"width: 49.9636%\">Mikl\u00f3s Kellermayer, MD, PhD<\/td>\n<\/tr>\n<tr>\n<td style=\"width: 49.9636%\">\u00a0<\/td>\n<td style=\"width: 49.9636%\">\u00a0<\/td>\n<\/tr>\n<tr>\n<td style=\"width: 49.9636%\"><strong>N\u00c9MET<\/strong><\/td>\n<td style=\"width: 49.9636%\">\u00a0<\/td>\n<\/tr>\n<tr>\n<td style=\"width: 49.9636%\">Untersuchung der Liganden die auf nonkanonische Nukleins\u00e4urenstrukturen der Viren wirken<\/td>\n<td style=\"width: 49.9636%\">prof. Dr. Smeller L\u00e1szl\u00f3<\/td>\n<\/tr>\n<tr>\n<td style=\"width: 49.9636%\">Die Funktion des gigantischen Proteins Nebulin in Skelettmuskel.<\/td>\n<td style=\"width: 49.9636%\">Dr. Bal\u00e1zs Kiss, MD, PhD<\/td>\n<\/tr>\n<tr>\n<td style=\"width: 49.9636%\">Die pathobiophysische Rolle von Nebulin-Mutationen in Skelettmuskel-Myopathien.<\/td>\n<td style=\"width: 49.9636%\">Dr. Bal\u00e1zs Kiss, MD, PhD<\/td>\n<\/tr>\n<tr>\n<td style=\"width: 49.9636%\">Statistische Analyse von Beobachtungsuntersuchungen.<\/td>\n<td style=\"width: 49.9636%\">Gergely AG\u00d3CS, PhD<\/td>\n<\/tr>\n<\/tbody>\n<\/table>\n","protected":false},"excerpt":{"rendered":"<p>A Biofizikai \u00e9s Sug\u00e1rbiol\u00f3giai Int\u00e9zet TDK munkac\u00edmei \u00e9s t\u00e9mavezet\u0151i TDK munka c\u00edme T\u00e9mavezet\u0151 neve (fokozattal) Foszforil\u00e1ci\u00f3 hat\u00e1sa a titin rugalmass\u00e1g\u00e1ra. Dr. M\u00e1rtonfalvi Zsolt, PhD A nebulin \u00f3ri\u00e1sfeh\u00e9rje funkci\u00f3ja a v\u00e1zizomban. Dr. Kiss Bal\u00e1zs, MD, PhD A nebulin mut\u00e1ci\u00f3inak k\u00f3roki szerepe a v\u00e1zizom-elfajul\u00e1sban. Dr. Kiss Bal\u00e1zs, MD, PhD Nemkanonikus vir\u00e1lis nukleinsav szerkezetekre hat\u00f3 ligandumok vizsg\u00e1lata prof. &hellip;<\/p>\n","protected":false},"author":158,"featured_media":0,"parent":10054,"menu_order":0,"comment_status":"closed","ping_status":"closed","template":"","meta":{"_acf_changed":false,"footnotes":""},"categories":[],"tags":[],"class_list":["post-1631","page","type-page","status-publish","hentry"],"acf":[],"publishpress_future_action":{"enabled":false,"date":"1970-01-01 01:00:00","action":"","terms":[],"taxonomy":"","browser_timezone_offset":0},"_links":{"self":[{"href":"https:\/\/semmelweis.hu\/tdk\/wp-json\/wp\/v2\/pages\/1631","targetHints":{"allow":["GET"]}}],"collection":[{"href":"https:\/\/semmelweis.hu\/tdk\/wp-json\/wp\/v2\/pages"}],"about":[{"href":"https:\/\/semmelweis.hu\/tdk\/wp-json\/wp\/v2\/types\/page"}],"author":[{"embeddable":true,"href":"https:\/\/semmelweis.hu\/tdk\/wp-json\/wp\/v2\/users\/158"}],"replies":[{"embeddable":true,"href":"https:\/\/semmelweis.hu\/tdk\/wp-json\/wp\/v2\/comments?post=1631"}],"version-history":[{"count":9,"href":"https:\/\/semmelweis.hu\/tdk\/wp-json\/wp\/v2\/pages\/1631\/revisions"}],"predecessor-version":[{"id":10564,"href":"https:\/\/semmelweis.hu\/tdk\/wp-json\/wp\/v2\/pages\/1631\/revisions\/10564"}],"up":[{"embeddable":true,"href":"https:\/\/semmelweis.hu\/tdk\/wp-json\/wp\/v2\/pages\/10054"}],"wp:attachment":[{"href":"https:\/\/semmelweis.hu\/tdk\/wp-json\/wp\/v2\/media?parent=1631"}],"wp:term":[{"taxonomy":"category","embeddable":true,"href":"https:\/\/semmelweis.hu\/tdk\/wp-json\/wp\/v2\/categories?post=1631"},{"taxonomy":"post_tag","embeddable":true,"href":"https:\/\/semmelweis.hu\/tdk\/wp-json\/wp\/v2\/tags?post=1631"}],"curies":[{"name":"wp","href":"https:\/\/api.w.org\/{rel}","templated":true}]}}