{"id":1619,"date":"2016-10-06T00:00:00","date_gmt":"2016-10-05T22:00:00","guid":{"rendered":"http:\/\/semmelweis.hu\/tdk\/88-21739\/"},"modified":"2024-05-08T15:53:30","modified_gmt":"2024-05-08T13:53:30","slug":"88-21739","status":"publish","type":"page","link":"https:\/\/semmelweis.hu\/tdk\/palyazatok\/palyazat-kivalo-tudomanyos-diakkori-nevelo-kitunteto-cimre\/88-21739\/","title":{"rendered":"Kiv\u00e1l\u00f3 Tudom\u00e1nyos Di\u00e1kk\u00f6ri Nevel\u0151k &#8211; 2017"},"content":{"rendered":"<p>Ezt a kit\u00fcntet\u00e9st olyan oktat\u00f3 nyerheti el, aki szakm\u00e1j\u00e1nak kiv\u00e1l\u00f3 m\u0171vel\u0151je, t\u00f6bb \u00e9ven \u00e1t kiemelked\u0151 munk\u00e1t v\u00e9gzett a tudom\u00e1nyos di\u00e1kk\u00f6ri tagok nevel\u00e9s\u00e9ben, di\u00e1kk\u00f6r\u00f6s hallgat\u00f3inak munk\u00e1j\u00e1t eredm\u00e9nyesen ir\u00e1ny\u00edtotta \u00e9s a hallgat\u00f3kat a nyilv\u00e1nos szerepl\u00e9sre felk\u00e9sz\u00edtette, akik ennek is k\u00f6sz\u00f6nhet\u0151en egyetemi \u00e9s Orsz\u00e1gos Tudom\u00e1nyos Di\u00e1kk\u00f6ri Konferenci\u00e1kon \u00e9s egy\u00e9b tudom\u00e1nyos rendezv\u00e9nyeken megfelel\u0151 eredm\u00e9nyeket \u00e9rtek el, \u00e9s etikai, emberi magatart\u00e1sa p\u00e9ldak\u00e9nt \u00e1ll\u00edthat\u00f3 az ifj\u00fas\u00e1g el\u00e9.<\/p>\n<table border=\"1\" cellspacing=\"0\" cellpadding=\"0\">\n<tbody>\n<tr>\n<td colspan=\"2\"><strong>2017<\/strong><\/td>\n<\/tr>\n<tr>\n<td>Dr. B\u00f6d\u00f6r Csaba<\/td>\n<td>\u00c1OK I. Sz. Patol\u00f3giai \u00e9s K\u00eds\u00e9rleti R\u00e1kkutat\u00f3 Int\u00e9zet<\/td>\n<\/tr>\n<tr>\n<td>Dr. Csermely P\u00e9ter<\/td>\n<td>\u00c1OK Orvosi Vegytani, Molekul\u00e1ris Biol\u00f3giai \u00e9s Patobiok\u00e9miai Int\u00e9zet<\/td>\n<\/tr>\n<tr>\n<td>Dr. M\u00fcller Veronika<\/td>\n<td>\u00c1OK Pulmonol\u00f3giai Klinika<\/td>\n<\/tr>\n<tr>\n<td>Dr. Nagyn\u00e9 Dr. Baji Ildik\u00f3<\/td>\n<td>ETK Eg\u00e9szs\u00e9gfejleszt\u00e9si \u00e9s Klinikai M\u00f3dszertani Int\u00e9zet, Csal\u00e1dgondoz\u00e1si M\u00f3dszertani Tansz\u00e9k<\/td>\n<\/tr>\n<tr>\n<td>Dr. Ruisanchez \u00c9va<\/td>\n<td>Klinikai K\u00eds\u00e9rleti Kutat\u00f3 Int\u00e9zet<\/td>\n<\/tr>\n<tr>\n<td>Dr. V\u00e1g\u00f3 Hajnalka<\/td>\n<td>\u00c1OK V\u00e1rosmajori Sz\u00edv- \u00e9s \u00c9rgy\u00f3gy\u00e1szati Klinika, Kardiol\u00f3giai K\u00f6zpont \u2013 Kardiol\u00f3giai Tansz\u00e9k<\/td>\n<\/tr>\n<tr>\n<td colspan=\"2\"><strong>2016<\/strong><\/td>\n<\/tr>\n<tr>\n<td>Dr. Kempler P\u00e9ter<\/td>\n<td>\u00c1OK I. Sz. Belgy\u00f3gy\u00e1szati Klinika<\/td>\n<\/tr>\n<tr>\n<td>Dr. Kiss Levente<\/td>\n<td>\u00c1OK \u00c9lettani Int\u00e9zet<\/td>\n<\/tr>\n<tr>\n<td>Dr. Kov\u00e1cs \u00c9va<\/td>\n<td>ETK Morfol\u00f3giai \u00e9s Fiziol\u00f3giai Tansz\u00e9k<\/td>\n<\/tr>\n<tr>\n<td>Dr. L\u00e1ng Orsolya M\u00e1rta<\/td>\n<td>\u00c1OK Genetikai, Sejt- \u00e9s Immunbiol\u00f3giai Int\u00e9zet<\/td>\n<\/tr>\n<tr>\n<td>Dr. Moln\u00e1r B\u00e1lint<\/td>\n<td>FOK Parodontol\u00f3giai Klinika<\/td>\n<\/tr>\n<tr>\n<td>Dr. R\u00f3nai Zsolt<\/td>\n<td>\u00c1OK Orvosi Vegytani, Molekul\u00e1ris Biol\u00f3giai \u00e9s Patobiok\u00e9miai Int\u00e9zet<\/td>\n<\/tr>\n<tr>\n<td colspan=\"2\"><strong>2015<\/strong><\/td>\n<\/tr>\n<tr>\n<td>F\u00f6ldv\u00e1ri-Nagy L\u00e1szl\u00f3n\u00e9 Dr. Lenti Katalin<\/td>\n<td>ETK Morfol\u00f3giai \u00e9s Fiziol\u00f3giai Tansz\u00e9k<\/td>\n<\/tr>\n<tr>\n<td>Dr. Kiss Andr\u00e1s egyetemi docens<\/td>\n<td>\u00c1OK II. sz. Pathol\u00f3giai Int\u00e9zet<\/td>\n<\/tr>\n<tr>\n<td>Dr. Lakatos P\u00e9ter L\u00e1szl\u00f3, hab. egyetemi docens, az MTA doktora<\/td>\n<td>\u00c1OK I. sz. Belgy\u00f3gy\u00e1szati Klinika<\/td>\n<\/tr>\n<tr>\n<td>Dr. Nagy P\u00e9ter, egyetemi tan\u00e1r, az MTA doktora<\/td>\n<td>\u00c1OK I. sz. Pathol\u00f3giai \u00e9s K\u00eds\u00e9rleti R\u00e1kkutat\u00f3 Int\u00e9zet<\/td>\n<\/tr>\n<tr>\n<td>Dr. Radovits Tam\u00e1s, adjunktus<\/td>\n<td>\u00c1OK V\u00e1rosmajori Sz\u00edv- \u00e9s \u00c9rgy\u00f3gy\u00e1szati Klinika, Kardiol\u00f3giai K\u00f6zpont \u2013 Kardiol\u00f3giai Tansz\u00e9k<em><br \/>\n<\/em><\/td>\n<\/tr>\n<tr>\n<td>Dr. T\u00f3th Mikl\u00f3s, egyetemi tan\u00e1r, az MTA doktora<\/td>\n<td>\u00c1OK II. sz. Belgy\u00f3gy\u00e1szati Klinika<\/td>\n<\/tr>\n<tr>\n<td colspan=\"2\"><strong>2014<\/strong><\/td>\n<\/tr>\n<tr>\n<td>Bedn\u00e1rikn\u00e9 Dr. D\u00f6rnyei Gabriella<\/td>\n<td>ETK Morfol\u00f3giai \u00e9s Fiziol\u00f3giai Tansz\u00e9k<\/td>\n<\/tr>\n<tr>\n<td>Dr. Eke Andr\u00e1s<\/td>\n<td>\u00c1OK Klinikai K\u00eds\u00e9rleti Kutat\u00f3 \u00e9s Hum\u00e1n \u00c9lettani Int\u00e9zet<\/td>\n<\/tr>\n<tr>\n<td>Dr. Kov\u00e1cs G\u00e1bor<\/td>\n<td>\u00c1OK II. Sz. Gyermekgy\u00f3gy\u00e1szati Klinika<\/td>\n<\/tr>\n<tr>\n<td>Dr. Paku S\u00e1ndor<\/td>\n<td>\u00c1OK I. Sz. Paatol\u00f3giai \u00e9s K\u00eds\u00e9rleti R\u00e1kkutat\u00f3 Int\u00e9zet<\/td>\n<\/tr>\n<tr>\n<td>Dr. Szab\u00f3 Attila J\u00f3zsef<\/td>\n<td>\u00c1OK I. Sz. Gyermekgy\u00f3gy\u00e1szati Klinika<\/td>\n<\/tr>\n<tr>\n<td>Dr. Torzsa P\u00e9ter<\/td>\n<td>\u00c1OK Csal\u00e1dorvosi Tansz\u00e9k<\/td>\n<\/tr>\n<tr>\n<td><strong>2013<\/strong><\/td>\n<\/tr>\n<tr>\n<td>Dr. M\u00e1tyus P\u00e9ter egyetemi tan\u00e1r, igazgat\u00f3<\/td>\n<td>GYTK Szerves Vegytani Int\u00e9zet<\/td>\n<\/tr>\n<tr>\n<td>Dr. Radn\u00e1k Zsolt d\u00e9k\u00e1n<\/td>\n<td>Testnevel\u00e9si \u00e9s Sporttudom\u00e1nyi Kar<\/td>\n<\/tr>\n<tr>\n<td>So\u00f3sn\u00e9 Dr. Kiss Zsuzsanna f\u0151iskolai docens<\/td>\n<td>ETK, Eg\u00e9szs\u00e9gfejleszt\u00e9si \u00e9s Klinikai M\u00f3dszertani Int\u00e9zet, Eg\u00e9szs\u00e9gtudom\u00e1nyi Klinikai Tansz\u00e9k<\/td>\n<\/tr>\n<tr>\n<td>Dr. Szij\u00e1rt\u00f3 Attila egyetemi adjunktus<\/td>\n<td>\u00c1OK I. sz. Seb\u00e9szeti Klinika<\/td>\n<\/tr>\n<tr>\n<td>Dr. T\u00f6r\u0151 Kl\u00e1ra Andrea egyetemi docens<\/td>\n<td>\u00c1OK Igazs\u00e1g\u00fcgyi \u00e9s Biztos\u00edt\u00e1s-orvostani Int\u00e9zet<\/td>\n<\/tr>\n<tr>\n<td>Dr. Windisch P\u00e9ter egyetemi tan\u00e1r<\/td>\n<td>FOK Paradontol\u00f3giai Klinika<\/td>\n<\/tr>\n<tr>\n<td><strong>2012<\/strong><\/td>\n<\/tr>\n<tr>\n<td>Gilingern\u00e9 Dr. Pankotai M\u00e1ria egyetemi docens<\/td>\n<td>ETK Dietetikai \u00e9s T\u00e1pl\u00e1lkoz\u00e1studom\u00e1nyi Tansz\u00e9k<\/td>\n<\/tr>\n<tr>\n<td>Dr. K\u00e1ldi Krisztina egyetemi docens<\/td>\n<td>\u00c1OK \u00c9lettani Int\u00e9zet<\/td>\n<\/tr>\n<tr>\n<td>Dr. Lohinai Zsolt egyetemi docens<\/td>\n<td>Konzerv\u00e1l\u00f3 Fog\u00e1szati Klinika<\/td>\n<\/tr>\n<tr>\n<td>Dr. Nemesk\u00e9ri \u00c1gnes egyetemi docens<\/td>\n<td>\u00c1OK Hum\u00e1nmorfol\u00f3giai \u00e9s Fejl\u0151d\u00e9sbiol\u00f3giai Int\u00e9zet<\/td>\n<\/tr>\n<tr>\n<td>Prof. Dr. R\u00e1cz K\u00e1roly egyetemi tan\u00e1r<\/td>\n<td>\u00c1OK II. Sz. Belgy\u00f3gy\u00e1szati Klinika<\/td>\n<\/tr>\n<tr>\n<td><strong>2011<\/strong><\/td>\n<\/tr>\n<tr>\n<td>Dr. Csala Mikl\u00f3s egyetemi docens<\/td>\n<td>\u00c1OK Orvosi Vegytani, Molekul\u00e1ris Biol\u00f3giai \u00e9s Patobiok\u00e9miai Int\u00e9zet<\/td>\n<\/tr>\n<tr>\n<td>Dr. Geiszt Mikl\u00f3s egyetemi docens<\/td>\n<td>\u00c1OK \u00c9lettani Int\u00e9zet<\/td>\n<\/tr>\n<tr>\n<td>Prof. Dr. Langer R\u00f3bert rektorhelyettes, igazgat\u00f3 egyetemi tan\u00e1r<\/td>\n<td>\u00c1OK Transzplant\u00e1ci\u00f3s \u00e9s Seb\u00e9szeti Klinika<\/td>\n<\/tr>\n<tr>\n<td>Dr. \u00d6kr\u00f6s Csaba egyetemi docens<\/td>\n<td>TSK Sportj\u00e1t\u00e9k Tansz\u00e9k<\/td>\n<\/tr>\n<tr>\n<td>Dr. Proh\u00e1szka Zolt\u00e1n tudom\u00e1nyos f\u0151munkat\u00e1rs<\/td>\n<td>\u00c1OK III. Sz. Belgy\u00f3gy\u00e1szati Klinika<\/td>\n<\/tr>\n<tr>\n<td>Dr. Stampf Gy\u00f6rgy ny. egyetemi docens, szaktan\u00e1csad\u00f3, t\u00f6mbigazgat\u00f3<\/td>\n<td>GYTK Gy\u00f3gyszer\u00e9szeti Int\u00e9zet<\/td>\n<\/tr>\n<tr>\n<td><strong>2010<\/strong><\/td>\n<\/tr>\n<tr>\n<td>Dr. Kov\u00e1cs Katalin egyetemi docens<\/td>\n<td>TF Sportj\u00e1t\u00e9k Tansz\u00e9k<\/td>\n<\/tr>\n<tr>\n<td>Dr. K\u00f6rnyei Zsuzsanna tudom\u00e1nyos munkat\u00e1rs<\/td>\n<td>MTA K\u00eds\u00e9rleti Orvostudom\u00e1nyi Kutat\u00f3int\u00e9zet<\/td>\n<\/tr>\n<tr>\n<td>Dr. Lacza Zsombor tudom\u00e1nyos f\u0151munkat\u00e1rs<\/td>\n<td>\u00c1OK Klinikai K\u00eds\u00e9rleti Kutat\u00f3- \u00e9s Hum\u00e1n \u00c9lettani Int\u00e9zet<\/td>\n<\/tr>\n<tr>\n<td>Dr. Noszek L\u00e1szl\u00f3 egyetemi adjunktus<\/td>\n<td>\u00c1OK F\u00fcl-Orr-G\u00e9g\u00e9szeti \u00e9s Fej-Nyakseb\u00e9szeti Klinika<\/td>\n<\/tr>\n<tr>\n<td>Dr. V\u00e1rnai P\u00e9ter egyetemi docens<\/td>\n<td>\u00c1OK \u00c9lettani Int\u00e9zet<\/td>\n<\/tr>\n<tr>\n<td><strong>2009<\/strong><\/td>\n<\/tr>\n<tr>\n<td>Dr. Buz\u00e1s Edit egyetemi docens<\/td>\n<td>\u00c1OK Genetikai, Sejt- \u00e9s Immunbiol\u00f3giai Int\u00e9zet<\/td>\n<\/tr>\n<tr>\n<td>Dr. Darvas Zsuzsanna egyetemi docens<\/td>\n<td>\u00c1OK Genetikai, Sejt- \u00e9s Immunbiol\u00f3giai Int\u00e9zet<\/td>\n<\/tr>\n<tr>\n<td>Dr. Laczk\u00f3 J\u00f3zsef, egyetemi docens<\/td>\n<td>TF Biomechanika Tansz\u00e9k<\/td>\n<\/tr>\n<tr>\n<td>Dr. M\u00f3csai Attila egyetemi docens<\/td>\n<td>\u00c1OK \u00c9lettani Int\u00e9zet<\/td>\n<\/tr>\n<tr>\n<td>Dr. Nosz\u00e1l B\u00e9la int\u00e9zetigazgat\u00f3 egyetemi tan\u00e1r, d\u00e9k\u00e1n<\/td>\n<td>GYTK Gy\u00f3gyszer\u00e9szi K\u00e9miai Int\u00e9zet<\/td>\n<\/tr>\n<tr>\n<td>Dr. V\u00e1s\u00e1rhelyi Barna tudom\u00e1nyos f\u0151munkat\u00e1rs<\/td>\n<td>MTA-SE Gyermekgy\u00f3gy\u00e1szati \u00e9s Nefrol\u00f3giai Kutat\u00f3csoport<\/td>\n<\/tr>\n<tr>\n<td><strong>2008<\/strong><\/td>\n<\/tr>\n<tr>\n<td>Dr. Ivanics Tam\u00e1s egyetemi docens<\/td>\n<td>\u00c1OK Klinikai K\u00eds\u00e9rleti Kutat\u00f3 \u00e9s Hum\u00e1n \u00c9lettani Int\u00e9zet<\/td>\n<\/tr>\n<tr>\n<td>Dr. K\u0151hidai L\u00e1szl\u00f3 egyetemi docens<\/td>\n<td>\u00c1OK Genetikai, Sejt- \u00e9s Immunbiol\u00f3giai Int\u00e9zet<\/td>\n<\/tr>\n<tr>\n<td>Dr. Nagy N\u00e1ndor egyetemi adjunktus<\/td>\n<td>\u00c1OK Hum\u00e1nmorfol\u00f3giai \u00e9s Fejl\u0151d\u00e9sbiol\u00f3giai Int\u00e9zet<\/td>\n<\/tr>\n<tr>\n<td>Dr. Pavlik G\u00e1bor egyetemi tan\u00e1r<\/td>\n<td>TF Eg\u00e9szs\u00e9gtudom\u00e1nyi \u00e9s Sportorvosi Tansz\u00e9k<\/td>\n<\/tr>\n<tr>\n<td>Dr. Sebesty\u00e9n Anna tudom\u00e1nyos f\u0151munkat\u00e1rs<\/td>\n<td>\u00c1OK I. sz. Patol\u00f3giai \u00e9s K\u00eds\u00e9rleti R\u00e1kkutat\u00f3 Int\u00e9zet<\/td>\n<\/tr>\n<tr>\n<td>Dr. Sz\u00f6k\u0151 \u00c9va egyetemi tan\u00e1r<\/td>\n<td>GYTK Gy\u00f3gyszerhat\u00e1stani Int\u00e9zet<\/td>\n<\/tr>\n<tr>\n<td><strong>2007<\/strong><\/td>\n<\/tr>\n<tr>\n<td>Dr. Tihanyi J\u00f3zsef egyetemi tan\u00e1r<\/td>\n<td>TF Biomechanikai Tansz\u00e9k<\/td>\n<\/tr>\n<tr>\n<td>Dr. Buday L\u00e1szl\u00f3 egyetemi docens<\/td>\n<td>\u00c1OK Orvosi Vegytani, Molekul\u00e1ris Biol\u00f3giai \u00e9s Pathobiok\u00e9miai Int\u00e9zet<\/td>\n<\/tr>\n<tr>\n<td>Dr. K\u00f6rner Anna egyetemi tan\u00e1r<\/td>\n<td>\u00c1OK I. sz. Gyermekgy\u00f3gy\u00e1szati Klinika<\/td>\n<\/tr>\n<tr>\n<td>Dr. Tekes Korn\u00e9lia egyetemi tan\u00e1r<\/td>\n<td>GYTK Gy\u00f3gyszerhat\u00e1stani Int\u00e9zet<\/td>\n<\/tr>\n<tr>\n<td>Dr. Varga G\u00e1bor<\/td>\n<td>FOK Or\u00e1lbiol\u00f3gia Tansz\u00e9k<\/td>\n<\/tr>\n<tr>\n<td><strong>2006<\/strong><\/td>\n<\/tr>\n<tr>\n<td>Dr. Bal\u00e1zs Andrea tud. munkat\u00e1rs<\/td>\n<td>GYTK Farmakogn\u00f3ziai Int\u00e9zet<\/td>\n<\/tr>\n<tr>\n<td>Gilingern\u00e9 dr. Pankotai M\u00e1ria<\/td>\n<td>EFK Dietetikai Tansz\u00e9k<\/td>\n<\/tr>\n<tr>\n<td>Dr. K\u00e9kesi Violetta egyetemi docens<\/td>\n<td>\u00c1OK \u00c9r- \u00e9s Sz\u00edvseb\u00e9szeti Klinika<\/td>\n<\/tr>\n<tr>\n<td>Dr. Sp\u00e4t Andr\u00e1s<\/td>\n<td>\u00c1OK \u00c9lettani Int\u00e9zet<\/td>\n<\/tr>\n<tr>\n<td>Dr. Tam\u00e1s Gyula egyetemi tan\u00e1r<\/td>\n<td>\u00c1OK I. Belgy\u00f3gy\u00e1szati Klinika<\/td>\n<\/tr>\n<tr>\n<td><strong>2005<\/strong><\/td>\n<\/tr>\n<tr>\n<td>Dr. Antal Istv\u00e1n egyetemi docens<\/td>\n<td>GYTK Gy\u00f3gyszer\u00e9szeti Int\u00e9zet<\/td>\n<\/tr>\n<tr>\n<td>Dr. Beny\u00f3 Zolt\u00e1n egyetemi docens<\/td>\n<td>\u00c1OK Klinikai K\u00eds\u00e9rleti Kutat\u00f3 \u00e9s Hum\u00e1n \u00c9lettani Int\u00e9zet<\/td>\n<\/tr>\n<tr>\n<td>Dr. Keresztesi Katalin egyetemi docens<\/td>\n<td>TF Atl\u00e9tikai Tansz\u00e9k<\/td>\n<\/tr>\n<tr>\n<td>Dr. Nov\u00e1k M\u00e1rta egyetemi adjunktus<\/td>\n<td>\u00c1OK Magatart\u00e1studom\u00e1nyi Int\u00e9zet<\/td>\n<\/tr>\n<tr>\n<td>Dr. Tretter L\u00e1szl\u00f3 egyetemi docens<\/td>\n<td>\u00c1OK Orvosi Biok\u00e9miai Int\u00e9zet<\/td>\n<\/tr>\n<tr>\n<td><strong>2004<\/strong><\/td>\n<\/tr>\n<tr>\n<td>Dr. Feh\u00e9r Erzs\u00e9bet egyetemi tan\u00e1r<\/td>\n<td>\u00c1OK Anat\u00f3miai, Sz\u00f6vet- \u00e9s Fejl\u0151d\u00e9stani Int\u00e9zet<\/td>\n<\/tr>\n<tr>\n<td>Dr. Hajd\u00fa M\u00e1ria egyetemi adjunktus<\/td>\n<td>GYTK Gy\u00f3gyszer\u00e9szeti Int\u00e9zet<\/td>\n<\/tr>\n<tr>\n<td>Dr. Hamar P\u00e1l egyetemi docens<\/td>\n<td>TF Torna Tansz\u00e9k<\/td>\n<\/tr>\n<tr>\n<td>Dr. Nagy Gy\u00f6rgy egyetemi tan\u00e1r<\/td>\n<td>\u00c1OK Hum\u00e1nmorfol\u00f3giai \u00e9s Fejl\u0151d\u00e9sbiol\u00f3giai Int\u00e9zet<\/td>\n<\/tr>\n<tr>\n<td>Dr. Simon Gy\u00f6rgy egyetemi tan\u00e1r<\/td>\n<td>FOK Or\u00e1lbiol\u00f3giai Tansz\u00e9k<\/td>\n<\/tr>\n<tr>\n<td>Varga Zsuzsanna f\u0151iskolai adjunktus<\/td>\n<td>EFK Dietetikai Tansz\u00e9k<\/td>\n<\/tr>\n<tr>\n<td><strong>2003<\/strong><\/td>\n<\/tr>\n<tr>\n<td>Cs\u00edk Zsuzsanna f\u0151iskolai adjunktus<\/td>\n<td>EFK Morfol\u00f3giai \u00e9s Fiziol\u00f3giai Int\u00e9zet<\/td>\n<\/tr>\n<tr>\n<td>Dr. Hunyady L\u00e1szl\u00f3 egyetemi docens<\/td>\n<td>\u00c1OK \u00c9lettani Int\u00e9zet<\/td>\n<\/tr>\n<tr>\n<td>Dr. Kovalszky Ilona tudom\u00e1nyos tan\u00e1csad\u00f3<\/td>\n<td>\u00c1OK I. Patol\u00f3giai \u00e9s K\u00eds\u00e9rleti R\u00e1kkutat\u00f3 Int\u00e9zet<\/td>\n<\/tr>\n<tr>\n<td>Dr. Mucsi Istv\u00e1n egyetemi adjunktus<\/td>\n<td>\u00c1OK I. Belgy\u00f3gy\u00e1szati Klinika &#8211; Magatart\u00e1studom\u00e1nyi Int\u00e9zet<\/td>\n<\/tr>\n<tr>\n<td>Dr. Ol\u00e1h Imre egyetemi tan\u00e1r<\/td>\n<td>\u00c1OK Hum\u00e1nmorfol\u00f3giai \u00e9s Fejl\u0151d\u00e9sbiol\u00f3giai Int\u00e9zet<\/td>\n<\/tr>\n<tr>\n<td>Dr. Rigler Endre egyetemi tan\u00e1r<\/td>\n<td>TF Sportj\u00e1t\u00e9k Tansz\u00e9k<\/td>\n<\/tr>\n<tr>\n<td><strong>2002<\/strong><\/td>\n<\/tr>\n<tr>\n<td>Dr. Arat\u00f3 Andr\u00e1s egyetemi docens<\/td>\n<td>\u00c1OK I. Gyermekgy\u00f3gy\u00e1szati Klinika<\/td>\n<\/tr>\n<tr>\n<td>Dr. Csillag Andr\u00e1s egyetemi tan\u00e1r<\/td>\n<td>\u00c1OK Anat\u00f3miai, Sz\u00f6vet- \u00e9s Fejl\u0151d\u00e9stani Int\u00e9zet<\/td>\n<\/tr>\n<tr>\n<td>Dr. Holl\u00f3 G\u00e1bor egyetemi adjunktus<\/td>\n<td>\u00c1OK I. Szem\u00e9szeti Klinika<\/td>\n<\/tr>\n<tr>\n<td>Dr. Kollai M\u00e1rk egyetemi tan\u00e1r<\/td>\n<td>\u00c1OK Klinikai K\u00eds\u00e9rleti Kutat\u00f3 \u00e9s Hum\u00e1n \u00c9lettani Int\u00e9zet<\/td>\n<\/tr>\n<tr>\n<td>Dr. Nagyk\u00e1ldi Csaba egyetemi docens<\/td>\n<td>TF K\u00fczd\u0151sportok Tansz\u00e9k<\/td>\n<\/tr>\n<tr>\n<td>Dr. Polg\u00e1r Veronika f\u0151iskolai docens<\/td>\n<td>EFK Morfol\u00f3giai \u00e9s Fiziol\u00f3giai Int\u00e9zet<\/td>\n<\/tr>\n<tr>\n<td><strong>2001<\/strong><\/td>\n<\/tr>\n<tr>\n<td>Dr. G\u00e1rdai Mikl\u00f3s f\u0151iskolai docens<\/td>\n<td>EFK T\u00e1rsadalomtudom\u00e1nyi Int\u00e9zet<\/td>\n<\/tr>\n<tr>\n<td>Dr. Kempler P\u00e9ter egyetemi docens<\/td>\n<td>\u00c1OK I. Belgy\u00f3gy\u00e1szati Klinika<\/td>\n<\/tr>\n<tr>\n<td>Dr. Merkely B\u00e9la egyetemi adjunktus<\/td>\n<td>\u00c1OK \u00c9r- \u00e9s Sz\u00edvseb\u00e9szeti Klinika<\/td>\n<\/tr>\n<tr>\n<td>Dr. M\u00e9sz\u00e1ros J\u00e1nos egyetemi tan\u00e1r<\/td>\n<td>TF Eg\u00e9szs\u00e9gtudom\u00e1nyi \u00e9s Sportorvosi Tansz\u00e9k<\/td>\n<\/tr>\n<tr>\n<td>Dr. Moln\u00e1r Mikl\u00f3s egyetemi docens<\/td>\n<td>\u00c1OK K\u00f3r\u00e9lettani Int\u00e9zet<\/td>\n<\/tr>\n<tr>\n<td>Dr. Sasv\u00e1ri M\u00e1ria egyetemi docens<\/td>\n<td>\u00c1OK Orvosi Vegytani, Molekul\u00e1ris Biol\u00f3giai \u00e9s Pathobiok\u00e9miai Int\u00e9zet<\/td>\n<\/tr>\n<tr>\n<td><strong>2000<\/strong><\/td>\n<\/tr>\n<tr>\n<td>Dr. Bauer P\u00e1l egyetemi docens<\/td>\n<td>\u00c1OK Orvosi Biok\u00e9miai Int\u00e9zet<\/td>\n<\/tr>\n<tr>\n<td>Dr. Sz\u00e9k\u00e1cs B\u00e9la egyetemi docens<\/td>\n<td>\u00c1OK II. Belgy\u00f3gy\u00e1szati Klinika<\/td>\n<\/tr>\n<tr>\n<td>Dr. Marton Sylvia egyetemi tan\u00e1r<\/td>\n<td>GYTK Gy\u00f3gyszer\u00e9szeti Int\u00e9zet<\/td>\n<\/tr>\n<tr>\n<td>Dr. P\u00e1l\u00f3czi Katalin egyetemi tan\u00e1r<\/td>\n<td>ETK Immunol\u00f3giai Tansz\u00e9k<\/td>\n<\/tr>\n<tr>\n<td>Dr. Jur\u00e1nyi R\u00f3bert f\u0151iskolai tan\u00e1r<\/td>\n<td>EFK K\u00f6zeg\u00e9szs\u00e9tani-J\u00e1rv\u00e1nytani Int\u00e9zet<\/td>\n<\/tr>\n<tr>\n<td>Szil\u00e1gyi Tibor tudom\u00e1nyos munkat\u00e1rs<\/td>\n<td>TF Biomechanikai Tansz\u00e9k<\/td>\n<\/tr>\n<tr>\n<td><strong>1999<\/strong><\/td>\n<\/tr>\n<tr>\n<td>Dr. Sz\u0151gyi M\u00e1ria egyetemi docens<\/td>\n<td>Biofizikai \u00e9s Sug\u00e1rbiol\u00f3giai Int\u00e9zet<\/td>\n<\/tr>\n<tr>\n<td>Dr. Hably Csilla egyetemi adjunktus<\/td>\n<td>\u00c9lettani Int\u00e9zet<\/td>\n<\/tr>\n<tr>\n<td>Dr. Kiss \u00c1rp\u00e1d egyetemi docens<\/td>\n<td>Anat\u00f3miai, Sz\u00f6vet- \u00e9s Fejl\u0151d\u00e9stani Int\u00e9zet<\/td>\n<\/tr>\n<tr>\n<td><strong>1998<\/strong><\/td>\n<\/tr>\n<tr>\n<td>Dr. Mandl J\u00f3zsef egyetemi tan\u00e1r<\/td>\n<td>Orvosi Vegytani, Molekul\u00e1ris Biol\u00f3giai \u00e9s Pathobiok\u00e9miai Int\u00e9zet<\/td>\n<\/tr>\n<tr>\n<td>Dr. S\u00e1ndor P\u00e9ter egyetemi tan\u00e1r<\/td>\n<td>Klinikai K\u00eds\u00e9rleti Kutat\u00f3<\/td>\n<\/tr>\n<tr>\n<td>Dr. S\u00f3lyom J\u00e1nos egyetemi tan\u00e1r<\/td>\n<td>II. Gyermekgy\u00f3gy\u00e1szati Klinika<\/td>\n<\/tr>\n<tr>\n<td><strong>1997<\/strong><\/td>\n<\/tr>\n<tr>\n<td>Dr. Csermely P\u00e9ter egyetemi docens<\/td>\n<td>Orvosi Vegytani, Molekul\u00e1ris Biol\u00f3giai \u00e9s Pathobiok\u00e9miai Int\u00e9zet<\/td>\n<\/tr>\n<tr>\n<td>Dr. Szalay Ferenc egyetemi tan\u00e1r<\/td>\n<td>I. sz. Belgy\u00f3gy\u00e1szati Klinika<\/td>\n<\/tr>\n<tr>\n<td><strong>1996<\/strong><\/td>\n<\/tr>\n<tr>\n<td>Dr. Fony\u00f3 Attila egyetemi tan\u00e1r<\/td>\n<td>\u00c9lettani Int\u00e9zet<\/td>\n<\/tr>\n<tr>\n<td>Dr. K\u00f6ves Katalin egyetemi docens<\/td>\n<td>Hum\u00e1nmorfol\u00f3giai \u00e9s Fejl. Int.<\/td>\n<\/tr>\n<tr>\n<td>Dr. B\u00fcki B\u00e9la egyetemi adjunktus<\/td>\n<td>F\u00fcl-Orr-G\u00e9geklinika<\/td>\n<\/tr>\n<tr>\n<td><strong>1995<\/strong><\/td>\n<\/tr>\n<tr>\n<td>Dr. Palkovits Mikl\u00f3s egyetemi tan\u00e1r<\/td>\n<td>Anat\u00f3miai, Sz\u00f6vet- \u00e9s Fejl. Int\u00e9zet<\/td>\n<\/tr>\n<tr>\n<td>Dr. Patthy Andr\u00e1sn\u00e9 egyetemi adjunktus<\/td>\n<td>Szerves Vegytani Int\u00e9zet<\/td>\n<\/tr>\n<tr>\n<td>Dr. Enyedi P\u00e9ter egyetemi docens<\/td>\n<td>\u00c9lettani Int\u00e9zet<\/td>\n<\/tr>\n<tr>\n<td><strong>1994<\/strong><\/td>\n<\/tr>\n<tr>\n<td>Dr. Csanda Endre egyetemi tan\u00e1r<\/td>\n<td>Neurol\u00f3giai Klinika<\/td>\n<\/tr>\n<tr>\n<td>Dr. Mezei Gy\u00f6rgyi egyetemi adjunktus<\/td>\n<td>I. sz. Gyermekgy\u00f3gy\u00e1szati Klinika<\/td>\n<\/tr>\n<tr>\n<td>Dr. Kocsis \u00c1kos egyetemi docens<\/td>\n<td>Szerves Vegytani Int\u00e9zet<\/td>\n<\/tr>\n<tr>\n<td><strong>1993<\/strong><\/td>\n<\/tr>\n<tr>\n<td>Dr. K\u00f6r\u00f6s Endre egyetemi tan\u00e1r<\/td>\n<td>ELTE TTK Szervetlen K\u00e9miai Tsz.<\/td>\n<\/tr>\n<tr>\n<td>Dr. Ernest Adeghate egyetemi tan\u00e1rseg\u00e9d<\/td>\n<td>I. sz. Anat\u00f3miai Int\u00e9zet<\/td>\n<\/tr>\n<tr>\n<td>Dr. Weltner J\u00e1nos egyetemi docens<\/td>\n<td>I. sz. Seb\u00e9szeti Klinika<\/td>\n<\/tr>\n<tr>\n<td><strong>1992<\/strong><\/td>\n<\/tr>\n<tr>\n<td>Dr. Monos Emil egyetemi tan\u00e1r<\/td>\n<td>Klinikai K\u00eds\u00e9rleti Kutat\u00f3<\/td>\n<\/tr>\n<tr>\n<td>Dr. Kapus Andr\u00e1s egyetemi tan\u00e1rseg\u00e9d<\/td>\n<td>\u00c9lettani Int\u00e9zet<\/td>\n<\/tr>\n<tr>\n<td>Dr. Kempler P\u00e9ter egyetemi tan\u00e1rseg\u00e9d<\/td>\n<td>I. sz. Belgy\u00f3gy\u00e1szati Klinika<\/td>\n<\/tr>\n<tr>\n<td><strong>1991<\/strong><\/td>\n<\/tr>\n<tr>\n<td>Dr. Juh\u00e1sz-Nagy S\u00e1ndor egyetemi tan\u00e1r<\/td>\n<td>\u00c9r- \u00e9s Sz\u00edvseb\u00e9szeti Klinika<\/td>\n<\/tr>\n<tr>\n<td>Dr. Lemberkovics \u00c9va egyetemi docens<\/td>\n<td>Gy\u00f3gyn\u00f6v\u00e9ny- \u00e9s Drogismereti Int\u00e9zet<\/td>\n<\/tr>\n<tr>\n<td>Dr. Rosivall L\u00e1szl\u00f3 egyetemi docens<\/td>\n<td>K\u00f3r\u00e9lettani Int\u00e9zet<\/td>\n<\/tr>\n<tr>\n<td><strong>1990<\/strong><\/td>\n<\/tr>\n<tr>\n<td>Dr. Schaff Zsuzsa egyetemi tan\u00e1r<\/td>\n<td>I. sz. Pathol\u00f3giai Int\u00e9zet<\/td>\n<\/tr>\n<tr>\n<td>Dr. Ligeti Erzs\u00e9bet egyetemi docens<\/td>\n<td>\u00c9lettani Int\u00e9zet<\/td>\n<\/tr>\n<tr>\n<td>Dr. Tihanyi Tibor egyetemi tan\u00e1rseg\u00e9d<\/td>\n<td>I. sz. Seb\u00e9szeti Klinika<\/td>\n<\/tr>\n<tr>\n<td><strong>1989<\/strong><\/td>\n<\/tr>\n<tr>\n<td>Dr. Darvas Katalin egyetemi docens<\/td>\n<td>I. sz. Seb\u00e9szeti Klinika<\/td>\n<\/tr>\n<tr>\n<td>Dr. Antoni Ferenc egyetemi tan\u00e1r<\/td>\n<td>I. sz. K\u00e9miai-Biok\u00e9miai Int\u00e9zet<\/td>\n<\/tr>\n<tr>\n<td>Dr. Eszt\u00e1ri Imre egyetemi adjunktus<\/td>\n<td>Konzerv\u00e1l\u00f3 Fog\u00e1szati Klinika<\/td>\n<\/tr>\n<tr>\n<td>Dr. Farag\u00f3 M\u00e1ria tudom\u00e1nyos munkat\u00e1rs<\/td>\n<td>Klinikai K\u00eds\u00e9rleti Kutat\u00f3<\/td>\n<\/tr>\n<tr>\n<td><strong>1988<\/strong><\/td>\n<\/tr>\n<tr>\n<td>Dr. Sp\u00e4t Andr\u00e1s egyetemi tan\u00e1r<\/td>\n<td>\u00c9lettani Int\u00e9zet<\/td>\n<\/tr>\n<tr>\n<td>Dr. Tam\u00e1s Gyula egyetemi docens<\/td>\n<td>I. sz. Belgy\u00f3gy\u00e1szati Klinika<\/td>\n<\/tr>\n<tr>\n<td>Dr. K\u00e9ry \u00c1gnes egyetemi adjunktus<\/td>\n<td>Gy\u00f3gyn\u00f6v\u00e9ny- \u00e9s Drogismereti Int.<\/td>\n<\/tr>\n<tr>\n<td><strong>1987<\/strong><\/td>\n<\/tr>\n<tr>\n<td>Dr. Popik Ervin egyetemi docens<\/td>\n<td>I. sz. Seb\u00e9szeti Klinika<\/td>\n<\/tr>\n<tr>\n<td>Dr. D\u00f3ra E\u00f6rs egyetemi docens<\/td>\n<td>Klinikai K\u00eds\u00e9rleti Kutat\u00f3<\/td>\n<\/tr>\n<tr>\n<td>Dr. Simon L\u00e1szl\u00f3 egyetemi adjunktus<\/td>\n<td>I. sz. Anat\u00f3miai Int\u00e9zet<\/td>\n<\/tr>\n<\/tbody>\n<\/table>\n","protected":false},"excerpt":{"rendered":"<p>Ezt a kit\u00fcntet\u00e9st olyan oktat\u00f3 nyerheti el, aki szakm\u00e1j\u00e1nak kiv\u00e1l\u00f3 m\u0171vel\u0151je, t\u00f6bb \u00e9ven \u00e1t kiemelked\u0151 munk\u00e1t v\u00e9gzett a tudom\u00e1nyos di\u00e1kk\u00f6ri tagok nevel\u00e9s\u00e9ben, di\u00e1kk\u00f6r\u00f6s hallgat\u00f3inak munk\u00e1j\u00e1t eredm\u00e9nyesen ir\u00e1ny\u00edtotta \u00e9s a hallgat\u00f3kat a nyilv\u00e1nos szerepl\u00e9sre felk\u00e9sz\u00edtette, akik ennek is k\u00f6sz\u00f6nhet\u0151en egyetemi \u00e9s Orsz\u00e1gos Tudom\u00e1nyos Di\u00e1kk\u00f6ri Konferenci\u00e1kon \u00e9s egy\u00e9b tudom\u00e1nyos rendezv\u00e9nyeken megfelel\u0151 eredm\u00e9nyeket \u00e9rtek el, \u00e9s etikai, emberi &hellip;<\/p>\n","protected":false},"author":158,"featured_media":0,"parent":1887,"menu_order":0,"comment_status":"closed","ping_status":"closed","template":"","meta":{"_acf_changed":false,"footnotes":""},"categories":[],"tags":[],"class_list":["post-1619","page","type-page","status-publish","hentry"],"acf":[],"publishpress_future_action":{"enabled":false,"date":"1970-01-01 01:00:00","action":"","terms":[],"taxonomy":"","browser_timezone_offset":0},"_links":{"self":[{"href":"https:\/\/semmelweis.hu\/tdk\/wp-json\/wp\/v2\/pages\/1619","targetHints":{"allow":["GET"]}}],"collection":[{"href":"https:\/\/semmelweis.hu\/tdk\/wp-json\/wp\/v2\/pages"}],"about":[{"href":"https:\/\/semmelweis.hu\/tdk\/wp-json\/wp\/v2\/types\/page"}],"author":[{"embeddable":true,"href":"https:\/\/semmelweis.hu\/tdk\/wp-json\/wp\/v2\/users\/158"}],"replies":[{"embeddable":true,"href":"https:\/\/semmelweis.hu\/tdk\/wp-json\/wp\/v2\/comments?post=1619"}],"version-history":[{"count":4,"href":"https:\/\/semmelweis.hu\/tdk\/wp-json\/wp\/v2\/pages\/1619\/revisions"}],"predecessor-version":[{"id":10171,"href":"https:\/\/semmelweis.hu\/tdk\/wp-json\/wp\/v2\/pages\/1619\/revisions\/10171"}],"up":[{"embeddable":true,"href":"https:\/\/semmelweis.hu\/tdk\/wp-json\/wp\/v2\/pages\/1887"}],"wp:attachment":[{"href":"https:\/\/semmelweis.hu\/tdk\/wp-json\/wp\/v2\/media?parent=1619"}],"wp:term":[{"taxonomy":"category","embeddable":true,"href":"https:\/\/semmelweis.hu\/tdk\/wp-json\/wp\/v2\/categories?post=1619"},{"taxonomy":"post_tag","embeddable":true,"href":"https:\/\/semmelweis.hu\/tdk\/wp-json\/wp\/v2\/tags?post=1619"}],"curies":[{"name":"wp","href":"https:\/\/api.w.org\/{rel}","templated":true}]}}