{"id":1568,"date":"2016-07-29T00:00:00","date_gmt":"2016-07-28T22:00:00","guid":{"rendered":"http:\/\/semmelweis.hu\/tdk\/tdk-konferencia-2013\/"},"modified":"2024-06-26T08:44:12","modified_gmt":"2024-06-26T06:44:12","slug":"tdk-konferencia-2013","status":"publish","type":"page","link":"https:\/\/semmelweis.hu\/tdk\/tudomanyos-diakkori-konferenciak\/eves-tdk-konferencia\/egyetemi-tdk-konferenciak-eves-bontasban\/tdk-konferencia-2013\/","title":{"rendered":"TDK Konferencia 2013"},"content":{"rendered":"<div>\n<div>\n<p>Kedves d\u00edjazott hallgat\u00f3k!<\/p>\n<p><a href=\"https:\/\/semmelweis.hu\/documents\/TDK_2013_eredmenyek_magyar.pdf\" target=\"\" rel=\"noopener noreferrer\">A konferencia d\u00edjazottjainak list\u00e1j\u00e1t az al\u00e1bbi linken lehet let\u00f6lteni <\/a>(Pdf form\u00e1tumban)<\/p>\n<\/div>\n<\/div>\n<div class=\"second-column\">\n<div class=\"box\">\u00a0<\/div>\n<\/div>\n","protected":false},"excerpt":{"rendered":"<p>Kedves d\u00edjazott hallgat\u00f3k!<br \/>\n<a href=\"https:\/\/semmelweis.hu\/documents\/TDK_2013_eredmenyek_magyar.pdf\" target=\"\" rel=\"noopener noreferrer\">A konferencia d\u00edjazottjainak list\u00e1j\u00e1t az al\u00e1bbi linken lehet let\u00f6lteni <\/a>(Pdf form\u00e1tumban)<\/p>\n<p>\u00a0<\/p>\n","protected":false},"author":158,"featured_media":0,"parent":4177,"menu_order":0,"comment_status":"closed","ping_status":"closed","template":"","meta":{"_acf_changed":false,"footnotes":""},"categories":[],"tags":[],"class_list":["post-1568","page","type-page","status-publish","hentry"],"acf":[],"publishpress_future_action":{"enabled":false,"date":"1970-01-01 01:00:00","action":"","terms":[],"taxonomy":"","browser_timezone_offset":0},"_links":{"self":[{"href":"https:\/\/semmelweis.hu\/tdk\/wp-json\/wp\/v2\/pages\/1568","targetHints":{"allow":["GET"]}}],"collection":[{"href":"https:\/\/semmelweis.hu\/tdk\/wp-json\/wp\/v2\/pages"}],"about":[{"href":"https:\/\/semmelweis.hu\/tdk\/wp-json\/wp\/v2\/types\/page"}],"author":[{"embeddable":true,"href":"https:\/\/semmelweis.hu\/tdk\/wp-json\/wp\/v2\/users\/158"}],"replies":[{"embeddable":true,"href":"https:\/\/semmelweis.hu\/tdk\/wp-json\/wp\/v2\/comments?post=1568"}],"version-history":[{"count":4,"href":"https:\/\/semmelweis.hu\/tdk\/wp-json\/wp\/v2\/pages\/1568\/revisions"}],"predecessor-version":[{"id":10874,"href":"https:\/\/semmelweis.hu\/tdk\/wp-json\/wp\/v2\/pages\/1568\/revisions\/10874"}],"up":[{"embeddable":true,"href":"https:\/\/semmelweis.hu\/tdk\/wp-json\/wp\/v2\/pages\/4177"}],"wp:attachment":[{"href":"https:\/\/semmelweis.hu\/tdk\/wp-json\/wp\/v2\/media?parent=1568"}],"wp:term":[{"taxonomy":"category","embeddable":true,"href":"https:\/\/semmelweis.hu\/tdk\/wp-json\/wp\/v2\/categories?post=1568"},{"taxonomy":"post_tag","embeddable":true,"href":"https:\/\/semmelweis.hu\/tdk\/wp-json\/wp\/v2\/tags?post=1568"}],"curies":[{"name":"wp","href":"https:\/\/api.w.org\/{rel}","templated":true}]}}