{"id":1525,"date":"2016-07-29T00:00:00","date_gmt":"2016-07-28T22:00:00","guid":{"rendered":"http:\/\/semmelweis.hu\/tdk\/palyazati-felhivas-stephen-w-kuffler-kutatasi-osztondijra\/"},"modified":"2024-05-09T08:18:17","modified_gmt":"2024-05-09T06:18:17","slug":"palyazati-felhivas-stephen-w-kuffler-kutatasi-osztondijra","status":"publish","type":"page","link":"https:\/\/semmelweis.hu\/tdk\/palyazatok\/palyazati-felhivas-stephen-w-kuffler-kutatasi-osztondijra\/","title":{"rendered":"P\u00e1ly\u00e1zati felh\u00edv\u00e1s Stephen W. Kuffler Kutat\u00e1si \u00d6szt\u00f6nd\u00edjra"},"content":{"rendered":"<p>A Stephen W. Kuffler Kutat\u00e1si Alap\u00edtv\u00e1ny (www.kuffler.org) p\u00e1ly\u00e1zatot hirdet egyetemi hallgat\u00f3k tudom\u00e1nyos kutat\u00e1si munk\u00e1j\u00e1nak t\u00e1mogat\u00e1s\u00e1ra.<\/p>\n<p>A p\u00e1ly\u00e1zaton \u2013 nemzetis\u00e9gre val\u00f3 tekintet n\u00e9lk\u00fcl \u2013 azon k\u00f6z\u00e9p- \u00e9s kelet- eur\u00f3pai egyetemen alap- \u00e9s mesterfok\u00fa vagy osztatlan orvosk\u00e9pz\u00e9sben tanulm\u00e1nyokat folytat\u00f3 hallgat\u00f3k vehetnek r\u00e9szt, akik a 2013\/14-es tan\u00e9vben orvos- \u00e9s \u00e9lettudom\u00e1nyi ter\u00fcleten v\u00e9geztek tudom\u00e1nyos kutat\u00e1si munk\u00e1t, \u00e9s ezt egyetemi hallgat\u00f3k\u00e9nt folytatj\u00e1k a 2014\/15-es tan\u00e9vben is.<\/p>\n<p>Az \u00f6szt\u00f6nd\u00edj \u00f6sszege brutt\u00f3 170 000 Ft.<\/p>\n<p>A p\u00e1ly\u00e1zathoz az alap\u00edtv\u00e1ny weboldal\u00e1r\u00f3l (www.kuffler.org) let\u00f6lthet\u0151 p\u00e1ly\u00e1zati \u0171rlapon megadott inform\u00e1ci\u00f3kat kell bek\u00fcldeni <strong>2014. j\u00falius 7- ig pdf form\u00e1tumban<\/strong> (egy f\u00e1jl), e-mail csatolm\u00e1nyk\u00e9nt, a kuffler@koki.mta.hu c\u00edmre.<\/p>\n<p>A k\u00e9rt k\u00e9t aj\u00e1nl\u00f3levelet a t\u00e9mavezet\u0151nek \u00e9s egy tov\u00e1bbi oktat\u00f3\/kutat\u00f3 munkat\u00e1rsnak kell szint\u00e9n pdf form\u00e1tumban, k\u00f6zvetlen\u00fcl a\u00a0<a href=\"mailto:kuffler@koki.mta.hu\" target=\"_blank\" rel=\"noopener\">kuffler@koki.mta.hu<\/a> e-mail c\u00edmre k\u00fcldenie 2014. j\u00falius 7- ig.<\/p>\n<p>A p\u00e1ly\u00e1zatokat az alap\u00edtv\u00e1ny kurat\u00f3riuma tudom\u00e1nyos \u00e9rt\u00e9k\u00fck alapj\u00e1n rangsorolja, \u00e9s a nyerteseket 2014. okt\u00f3ber 5-ig \u00e9rtes\u00edti. A nyertesek nev\u00e9t az Alap\u00edtv\u00e1ny internetes oldal\u00e1n (<a href=\"http:\/\/www.kuffler.org\" target=\"_blank\" rel=\"noopener\">www.kuffler.org<\/a>) k\u00f6zz\u00e9teszi. A Stephen W. Kuffler Kutat\u00e1si Alap\u00edtv\u00e1ny a t\u00e1mogat\u00e1si peri\u00f3dusban kapcsolatot tart a nyertesekkel, a v\u00e9g\u00e9n r\u00e9szletes szakmai besz\u00e1mol\u00f3t k\u00e9r. Az Alap\u00edtv\u00e1ny c\u00e9lja, hogy a t\u00e1mogatottak p\u00e1lyafut\u00e1s\u00e1t a t\u00e1mogat\u00e1si id\u0151szakon t\u00fal is k\u00f6vesse \u00e9s szakmailag t\u00e1mogassa.<\/p>\n<p><a href=\"https:\/\/semmelweis.hu\/tdk\/files\/2016\/10\/Palyazati-felhivas-Kuffler-Osztondij-2014.pdf\" target=\"_blank\" rel=\"noopener\">A p\u00e1ly\u00e1zati ki\u00edr\u00e1s let\u00f6lt\u00e9se (pdf)<\/a><\/p>\n<p>A Stephen. W. Kuffler Kutat\u00e1si Alap\u00edtv\u00e1ny Kurat\u00f3riuma<br \/>\nBudapest, 2014. m\u00e1jus 14.<\/p>\n","protected":false},"excerpt":{"rendered":"<p>A Stephen W. Kuffler Kutat\u00e1si Alap\u00edtv\u00e1ny (www.kuffler.org) p\u00e1ly\u00e1zatot hirdet egyetemi hallgat\u00f3k tudom\u00e1nyos kutat\u00e1si munk\u00e1j\u00e1nak t\u00e1mogat\u00e1s\u00e1ra. A p\u00e1ly\u00e1zaton \u2013 nemzetis\u00e9gre val\u00f3 tekintet n\u00e9lk\u00fcl \u2013 azon k\u00f6z\u00e9p- \u00e9s kelet- eur\u00f3pai egyetemen alap- \u00e9s mesterfok\u00fa vagy osztatlan orvosk\u00e9pz\u00e9sben tanulm\u00e1nyokat folytat\u00f3 hallgat\u00f3k vehetnek r\u00e9szt, akik a 2013\/14-es tan\u00e9vben orvos- \u00e9s \u00e9lettudom\u00e1nyi ter\u00fcleten v\u00e9geztek tudom\u00e1nyos kutat\u00e1si munk\u00e1t, \u00e9s ezt egyetemi &hellip;<\/p>\n","protected":false},"author":158,"featured_media":0,"parent":1146,"menu_order":0,"comment_status":"closed","ping_status":"closed","template":"","meta":{"_acf_changed":false,"footnotes":""},"categories":[],"tags":[],"class_list":["post-1525","page","type-page","status-publish","hentry"],"acf":[],"publishpress_future_action":{"enabled":false,"date":"1970-01-01 01:00:00","action":"","terms":[],"taxonomy":"","browser_timezone_offset":0},"_links":{"self":[{"href":"https:\/\/semmelweis.hu\/tdk\/wp-json\/wp\/v2\/pages\/1525","targetHints":{"allow":["GET"]}}],"collection":[{"href":"https:\/\/semmelweis.hu\/tdk\/wp-json\/wp\/v2\/pages"}],"about":[{"href":"https:\/\/semmelweis.hu\/tdk\/wp-json\/wp\/v2\/types\/page"}],"author":[{"embeddable":true,"href":"https:\/\/semmelweis.hu\/tdk\/wp-json\/wp\/v2\/users\/158"}],"replies":[{"embeddable":true,"href":"https:\/\/semmelweis.hu\/tdk\/wp-json\/wp\/v2\/comments?post=1525"}],"version-history":[{"count":2,"href":"https:\/\/semmelweis.hu\/tdk\/wp-json\/wp\/v2\/pages\/1525\/revisions"}],"predecessor-version":[{"id":10184,"href":"https:\/\/semmelweis.hu\/tdk\/wp-json\/wp\/v2\/pages\/1525\/revisions\/10184"}],"up":[{"embeddable":true,"href":"https:\/\/semmelweis.hu\/tdk\/wp-json\/wp\/v2\/pages\/1146"}],"wp:attachment":[{"href":"https:\/\/semmelweis.hu\/tdk\/wp-json\/wp\/v2\/media?parent=1525"}],"wp:term":[{"taxonomy":"category","embeddable":true,"href":"https:\/\/semmelweis.hu\/tdk\/wp-json\/wp\/v2\/categories?post=1525"},{"taxonomy":"post_tag","embeddable":true,"href":"https:\/\/semmelweis.hu\/tdk\/wp-json\/wp\/v2\/tags?post=1525"}],"curies":[{"name":"wp","href":"https:\/\/api.w.org\/{rel}","templated":true}]}}