{"id":1524,"date":"2016-07-29T00:00:00","date_gmt":"2016-07-28T22:00:00","guid":{"rendered":"http:\/\/semmelweis.hu\/tdk\/palyazat-a-regisztracios-dij-megteritesere-a-hmaa-2014-es-balatonfuredi\/"},"modified":"2024-05-09T08:18:16","modified_gmt":"2024-05-09T06:18:16","slug":"palyazat-a-regisztracios-dij-megteritesere-a-hmaa-2014-es-balatonfuredi","status":"publish","type":"page","link":"https:\/\/semmelweis.hu\/tdk\/palyazatok\/palyazat-a-regisztracios-dij-megteritesere-a-hmaa-2014-es-balatonfuredi\/","title":{"rendered":"P\u00e1ly\u00e1zat a regisztr\u00e1ci\u00f3s d\u00edj megt\u00e9r\u00edt\u00e9s\u00e9re a HMAA 2018-as Balatonf\u00fcredi Konferenci\u00e1j\u00e1ra"},"content":{"rendered":"<p>A Semmelweis Egyetem Tudom\u00e1nyos Di\u00e1kk\u00f6ri Tan\u00e1csa p\u00e1ly\u00e1zatot hirdet az Amerikai Magyar Orvossz\u00f6vets\u00e9g Magyar Tagozata (HMAA Hungary Chapter) \u00e1ltal szervezett 2018. \u00e9vi balatonf\u00fcredi multidiszciplin\u00e1ris konferenci\u00e1n val\u00f3 r\u00e9szv\u00e9teli d\u00edj megt\u00e9r\u00edt\u00e9s\u00e9re.<\/p>\n<div class=\"color_content clearfix article auto-height\">\n<p><a href=\"https:\/\/semmelweis.hu\/tdk\/files\/2018\/03\/SE-HMAA-konferencia-r\u00e9szv\u00e9teli-t\u00e1mogat\u00e1si-p\u00e1ly\u00e1zat-ki\u00edr\u00e1s.pdf\">FELH\u00cdV\u00c1S<\/a><\/p>\n<\/div>\n<h1 class=\"color_header\">A jelentkez\u00e9s l\u00e9p\u00e9sr\u0151l-l\u00e9p\u00e9sre<\/h1>\n<div class=\"color_content clearfix article auto-height\">\n<p>Mindenek el\u0151tt regisztr\u00e1ljanak a honlapra:<\/p>\n<p><a href=\"http:\/\/hmaa.org\/\" target=\"_blank\" rel=\"noopener\">hmaa.org<\/a>-&gt; jobb fel\u00fcl: LOG IN -&gt;fel\u00fcl k\u00e9k t\u00e9glalap: create account -&gt; a k\u00e9rt adatokat adj\u00e1k meg-&gt; jobb alul z\u00f6ld t\u00e9glalap: CREATE-&gt; meger\u0151s\u00edt\u0151 e-mailt v\u00e1rj\u00e1k meg, ez alapj\u00e1n aktiv\u00e1lj\u00e1k a felhaszn\u00e1l\u00f3i fi\u00f3kjukat majd jelentkezzenek be! Ha nem j\u00f6n e-mail, \u00edrjanak a fenti e-mail c\u00edmre!<\/p>\n<p>Regisztr\u00e1ci\u00f3 a konferenci\u00e1ra:<\/p>\n<p>bejelentkez\u00e9s ut\u00e1n legfels\u0151 s\u00e1vban k\u00f6z\u00e9pen: CONFERENCES-&gt; leg\u00f6rd\u00fcl\u0151 s\u00e1vb\u00f3l v\u00e1lassz\u00e1k ki: BALATONF\u00dcRED-&gt; (ha tehetik olvass\u00e1k v\u00e9gig a le\u00edr\u00e1st), g\u00f6rgessenek le od\u00e1ig, hogy REGISTER FOR THE CONFERENCE (z\u00f6ld t\u00e9glalap)-&gt; t\u00f6ltsenek ki minden k\u00e9rt adatot-&gt; ezut\u00e1n a csatolm\u00e1nyok k\u00f6zt tal\u00e1lhat\u00f3 &#8222;HMAA submit abstract a reg. ut\u00e1n&#8221; k\u00e9pnek megfelel\u0151t kell l\u00e1tniuk-&gt; kattintsanak a SUBMIT ABSTRACT felirat\u00fa z\u00f6ld t\u00e9glalapra-&gt; majd a k\u00f6vetkez\u0151 oldal JOBB OLDAL\u00c1N FEL\u00dcL (csatolm\u00e1ny: submit abstract.jpg) kattintsanak a SUBMIT ABSTRACT felirat\u00fa z\u00f6ld t\u00e9glalapra-&gt; a kovetkez\u0151 oldalon a absztrakt krit\u00e9riumainak megfelel\u0151en t\u00f6ltsenek ki mindent \u00e9rtelemszer\u0171en (csatolm\u00e1ny: absztrakt bead\u00e1s.jpg), kattintsanak a lap alj\u00e1n l\u00e9v\u0151 SUBMIT gombra (ez nem is fogja \u0151ket tov\u00e1bbengedni amig nem stimmel minden)-&gt; ezt\u00e1n az &#8222;ezt kell hogy kapj\u00e1k absztrakt bead\u00e1s ut\u00e1n&#8221; c\u00edm\u0171 csatolt k\u00e9pnek megfel\u0151t kell l\u00e1tniuk. Term\u00e9szetesen egy szerz\u0151 t\u00f6bb absztraktot is beadhat, m\u00f3dos\u00edt\u00e1sra \u00a0bead\u00e1si hat\u00e1rid\u0151 v\u00e9g\u00e9ig van lehet\u0151s\u00e9g.\u00a0SOTE hallgat\u00f3i fizet\u00e9skor\u00a0&#8222;free waived&#8221; opci\u00f3t v\u00e1lassz\u00e1k.<\/p>\n<p>&nbsp;<\/p>\n<p>Tags\u00e1g:<\/p>\n<p>hmaa.org-&gt;membership-&gt; jobb oldalon SUBSCRIBE FOR ANNUALLY RENEWED MEMBERSHIP-&gt; k\u00f6vetkez\u0151 oldalon leg\u00f6rd\u00fcl\u0151 s\u00e1vok: type: 2017 HMAA Membership Junior Membership; billing address: adj\u00e1k meg nyugodtan a saj\u00e1tjukat, hallgat\u00f3knak\u00a0ingyenes a tags\u00e1g -&gt;alul z\u00f6ld: SUBSCRIBE-&gt; ezut\u00e1n a<span class=\"apple-converted-space\">\u00a0<\/span><a href=\"mailto:hungary@hmaa.org\" target=\"_blank\" rel=\"noopener\">hungary@hmaa.org<\/a><span class=\"apple-converted-space\">\u00a0<\/span>e-mail c\u00edmre k\u00fcldjenek egy angol nyelv\u0171 CV-t Kar\u00e1di Zs\u00f3fi\u00e1nak c\u00edmezve<\/p>\n<p>amint \u0151 visszaigazolt, ugyanott ahol a\u00a0SUBSCRIBE FOR ANNUALLY RENEWED MEMBERSHIP gomb tal\u00e1lhat\u00f3, azalatt kattintsanak a &#8222;pay membership fee for 2017&#8221; felirat\u00fa gombra-&gt; v\u00e1lassz\u00e1k ki itt is a &#8222;2017 HMAA Membership Junior Membership&#8221; opci\u00f3t, a t\u00f6bbi helyre is v\u00e1lassz\u00e1k ki \u00e9rtelem szer\u0171en amit kell-&gt; z\u00f6ld PROCEED gomb \u00e9s k\u00e9s!<span class=\"apple-converted-space\">\u00a0<\/span><\/p>\n<p>&nbsp;<\/p>\n<p>Ha \u00edgy nem m\u0171k\u00f6dik, a\u00a0<a href=\"mailto:helpdesk@hmaa.org\" target=\"_blank\" rel=\"noopener\">helpdesk@hmaa.org<\/a><span class=\"apple-converted-space\">\u00a0<\/span>e-mail c\u00edmen tudnak tov\u00e1bbi seg\u00edts\u00e9get k\u00e9rni.<\/p>\n<\/div>\n","protected":false},"excerpt":{"rendered":"<p>A Semmelweis Egyetem Tudom\u00e1nyos Di\u00e1kk\u00f6ri Tan\u00e1csa p\u00e1ly\u00e1zatot hirdet az Amerikai Magyar Orvossz\u00f6vets\u00e9g Magyar Tagozata (HMAA Hungary Chapter) \u00e1ltal szervezett 2018. \u00e9vi balatonf\u00fcredi multidiszciplin\u00e1ris konferenci\u00e1n val\u00f3 r\u00e9szv\u00e9teli d\u00edj megt\u00e9r\u00edt\u00e9s\u00e9re. <a href=\"https:\/\/semmelweis.hu\/tdk\/files\/2018\/03\/SE-HMAA-konferencia-r\u00e9szv\u00e9teli-t\u00e1mogat\u00e1si-p\u00e1ly\u00e1zat-ki\u00edr\u00e1s.pdf\">FELH\u00cdV\u00c1S<\/a> A jelentkez\u00e9s l\u00e9p\u00e9sr\u0151l-l\u00e9p\u00e9sre Mindenek el\u0151tt regisztr\u00e1ljanak a honlapra: <a href=\"http:\/\/hmaa.org\/\" target=\"_blank\" rel=\"noopener\">hmaa.org<\/a> -&gt; jobb fel\u00fcl: LOG IN -&gt;fel\u00fcl k\u00e9k t\u00e9glalap: create account -&gt; a k\u00e9rt adatokat adj\u00e1k meg-&gt; jobb alul z\u00f6ld &hellip;<\/p>\n","protected":false},"author":158,"featured_media":0,"parent":1146,"menu_order":0,"comment_status":"closed","ping_status":"closed","template":"","meta":{"_acf_changed":false,"footnotes":""},"categories":[],"tags":[],"class_list":["post-1524","page","type-page","status-publish","hentry"],"acf":[],"publishpress_future_action":{"enabled":false,"date":"1970-01-01 01:00:00","action":"","terms":[],"taxonomy":"","browser_timezone_offset":0},"_links":{"self":[{"href":"https:\/\/semmelweis.hu\/tdk\/wp-json\/wp\/v2\/pages\/1524","targetHints":{"allow":["GET"]}}],"collection":[{"href":"https:\/\/semmelweis.hu\/tdk\/wp-json\/wp\/v2\/pages"}],"about":[{"href":"https:\/\/semmelweis.hu\/tdk\/wp-json\/wp\/v2\/types\/page"}],"author":[{"embeddable":true,"href":"https:\/\/semmelweis.hu\/tdk\/wp-json\/wp\/v2\/users\/158"}],"replies":[{"embeddable":true,"href":"https:\/\/semmelweis.hu\/tdk\/wp-json\/wp\/v2\/comments?post=1524"}],"version-history":[{"count":2,"href":"https:\/\/semmelweis.hu\/tdk\/wp-json\/wp\/v2\/pages\/1524\/revisions"}],"predecessor-version":[{"id":3146,"href":"https:\/\/semmelweis.hu\/tdk\/wp-json\/wp\/v2\/pages\/1524\/revisions\/3146"}],"up":[{"embeddable":true,"href":"https:\/\/semmelweis.hu\/tdk\/wp-json\/wp\/v2\/pages\/1146"}],"wp:attachment":[{"href":"https:\/\/semmelweis.hu\/tdk\/wp-json\/wp\/v2\/media?parent=1524"}],"wp:term":[{"taxonomy":"category","embeddable":true,"href":"https:\/\/semmelweis.hu\/tdk\/wp-json\/wp\/v2\/categories?post=1524"},{"taxonomy":"post_tag","embeddable":true,"href":"https:\/\/semmelweis.hu\/tdk\/wp-json\/wp\/v2\/tags?post=1524"}],"curies":[{"name":"wp","href":"https:\/\/api.w.org\/{rel}","templated":true}]}}