{"id":1472,"date":"2016-07-29T00:00:00","date_gmt":"2016-07-28T22:00:00","guid":{"rendered":"http:\/\/semmelweis.hu\/tdk\/mta-koki\/"},"modified":"2026-03-26T09:14:56","modified_gmt":"2026-03-26T08:14:56","slug":"mta-koki","status":"publish","type":"page","link":"https:\/\/semmelweis.hu\/tdk\/tdk-temak-es-temavezetok\/kulso-intezetek\/mta-koki\/","title":{"rendered":"MTA KOKI"},"content":{"rendered":"<p style=\"text-align: center\"><strong><span class=\"pink\">Az MTA KOKI kutat\u00e1si t\u00e9m\u00e1i \u00e9s t\u00e9mavezet\u0151i 2025\/2026<\/span><\/strong><\/p>\n<table style=\"margin-left: auto;margin-right: auto;width: 99.5507%\" border=\"0\" cellspacing=\"0\" cellpadding=\"0\">\n<colgroup>\n<col style=\"width: 188pt\" width=\"251\" \/>\n<col style=\"width: 113pt\" width=\"150\" \/> <\/colgroup>\n<tbody>\n<tr style=\"height: 25.5pt\">\n<td class=\"xl24\" style=\"height: 25.5pt;width: 61.8812%;text-align: center\" width=\"251\" height=\"34\" data-sheets-value=\"{&quot;1&quot;:2,&quot;2&quot;:&quot;TDK-munka c\u00edme&quot;}\"><strong>TDK-munka c\u00edme<\/strong><\/td>\n<td class=\"xl24\" style=\"width: 102.942%;text-align: center\" width=\"150\" data-sheets-value=\"{&quot;1&quot;:2,&quot;2&quot;:&quot;T\u00e9mavezet\u0151 neve (fokozattal)&quot;}\"><strong>T\u00e9mavezet\u0151 neve (fokozattal)<\/strong><\/td>\n<\/tr>\n<tr>\n<td style=\"width: 61.8812%\" width=\"487\">Talamokortik\u00e1lis h\u00e1l\u00f3zatok kutat\u00e1sa, anat\u00f3miai, fiziol\u00f3giai \u00e9s optogenetikai\u00a0 m\u00f3dszerekkel<\/td>\n<td style=\"width: 102.942%\" width=\"345\">Acs\u00e1dy L\u00e1szl\u00f3 (DSc)<\/td>\n<\/tr>\n<tr>\n<td style=\"width: 61.8812%\" width=\"487\">A stressz induk\u00e1lta viselked\u00e9s v\u00e1ltoz\u00e1sok idegrendszeri h\u00e1ttere<\/td>\n<td style=\"width: 102.942%\" width=\"345\">Acs\u00e1dy L\u00e1szl\u00f3 (DSc)<\/td>\n<\/tr>\n<tr>\n<td style=\"width: 61.8812%\">A serkent\u0151 afferensek szervez\u0151d\u00e9se a hum\u00e1n talamuszban<\/td>\n<td style=\"width: 102.942%\" width=\"345\">Acs\u00e1dy L\u00e1szl\u00f3 (DSc)<\/td>\n<\/tr>\n<tr>\n<td style=\"width: 61.8812%\" width=\"487\">Trauma \u00e1ltal el\u0151id\u00e9zett endokannabinoid-v\u00e1ltoz\u00e1sok a trauma magatart\u00e1si hat\u00e1sainak h\u00e1tter\u00e9ben<\/td>\n<td style=\"width: 102.942%\" width=\"345\">Aliczki Man\u00f3 (PhD)\u00a0<\/td>\n<\/tr>\n<tr>\n<td style=\"width: 61.8812%\" width=\"487\">A medi\u00e1n r\u00e1phe szerepe a negat\u00edv eml\u00e9knyomok rakt\u00e1roz\u00e1s\u00e1ban \u00e9s el\u0151h\u00edv\u00e1s\u00e1ban<\/td>\n<td style=\"width: 102.942%\" width=\"345\">Barth Albert Mikl\u00f3s (PhD)<\/td>\n<\/tr>\n<tr>\n<td style=\"width: 61.8812%\" width=\"487\">Betekint\u00e9s az agyba: \u00faj k\u00e9palkot\u00f3 elj\u00e1r\u00e1s \u00e9ber, szabadon mozg\u00f3 k\u00eds\u00e9rleti \u00e1llatokban v\u00e9gzett k\u00eds\u00e9rletekhez<\/td>\n<td style=\"width: 102.942%\" width=\"345\">Barth Albert Mikl\u00f3s (PhD)<\/td>\n<\/tr>\n<tr>\n<td style=\"width: 61.8812%\" width=\"487\">Absence epilepszia alapmechanizmusainak vizsg\u00e1lata<\/td>\n<td style=\"width: 102.942%\" width=\"345\">Borb\u00e9ly S\u00e1ndor (PhD)<\/td>\n<\/tr>\n<tr>\n<td style=\"width: 61.8812%\" width=\"487\">Mikroglia-neuron interakci\u00f3k molekul\u00e1ris \u00e9s funkcion\u00e1lis anat\u00f3mi\u00e1j\u00e1nak vizsg\u00e1lata f\u00e9ny- \u00e9s elektronmikroszk\u00f3pos m\u00f3dszerekkel\u00a0<\/td>\n<td style=\"width: 102.942%\" width=\"345\">Cser\u00e9p Csaba (PhD)<\/td>\n<\/tr>\n<tr>\n<td style=\"width: 61.8812%\" width=\"487\">A centr\u00e1lis \u00e9s sziszt\u00e9m\u00e1s gyullad\u00e1s szerepe cerebr\u00e1lis iszk\u00e9mia sor\u00e1n\u00a0<\/td>\n<td style=\"width: 102.942%\" width=\"345\">D\u00e9nes \u00c1d\u00e1m (PhD)<\/td>\n<\/tr>\n<tr>\n<td style=\"width: 61.8812%\" width=\"487\">A mikroglia szerepe a neuron\u00e1lis aktivit\u00e1s \u00e9s az agyi kering\u00e9s szab\u00e1lyoz\u00e1s\u00e1ban\u00a0<\/td>\n<td style=\"width: 102.942%\" width=\"345\">D\u00e9nes \u00c1d\u00e1m (PhD)<\/td>\n<\/tr>\n<tr>\n<td style=\"width: 61.8812%\" width=\"487\">Az energiah\u00e1ztart\u00e1st szab\u00e1lyoz\u00f3 neuronh\u00e1l\u00f3zatok vizsg\u00e1lata<\/td>\n<td style=\"width: 102.942%\" width=\"345\">Fekete Csaba (DSc)<\/td>\n<\/tr>\n<tr>\n<td style=\"width: 61.8812%\" width=\"487\">Az agyi pajzsmirigyhormon h\u00e1ztart\u00e1s cellul\u00e1ris \u00e9s molekul\u00e1ris szab\u00e1lyoz\u00e1sa<\/td>\n<td style=\"width: 102.942%\" width=\"345\">Gereben Bal\u00e1zs (DSc)<\/td>\n<\/tr>\n<tr>\n<td style=\"width: 61.8812%\" width=\"487\">Az autizmus eg\u00e9rmodell k\u00e9rgi strukt\u00far\u00e1inak vizsg\u00e1lata<\/td>\n<td style=\"width: 102.942%\" width=\"345\">H\u00e1jos Norbert (DSc)<\/td>\n<\/tr>\n<tr>\n<td style=\"width: 61.8812%\" width=\"487\">Az Alzheimer-k\u00f3r, a Parkinson-k\u00f3r \u00e9s a term\u00e9szetes \u00f6reged\u00e9s vizsg\u00e1lata hum\u00e1n betegekben \u00e9s eg\u00e9rmodellek seg\u00edts\u00e9g\u00e9vel<\/td>\n<td style=\"width: 102.942%\" width=\"345\">Hangya Bal\u00e1zs (PhD)<\/td>\n<\/tr>\n<tr>\n<td style=\"width: 61.8812%\" width=\"487\">A dopaminerg \u00e9s kolinerg rendszerek szerepe az asszociat\u00edv tanul\u00e1sban<\/td>\n<td style=\"width: 102.942%\" width=\"345\">Hangya Bal\u00e1zs (PhD)<\/td>\n<\/tr>\n<tr>\n<td style=\"width: 61.8812%\" width=\"487\">\u00daj peptiderg mechanizmusok a reprodukci\u00f3 \u00e9s a pubert\u00e1s k\u00f6zponti idegrendszeri szab\u00e1lyoz\u00e1s\u00e1ban<\/td>\n<td style=\"width: 102.942%\" width=\"345\">Hrabovszky Erik (DSc)<\/td>\n<\/tr>\n<tr>\n<td style=\"width: 61.8812%\" width=\"487\">\u00d6sztrog\u00e9n-f\u00fcgg\u0151 g\u00e9nexpresszi\u00f3s v\u00e1ltoz\u00e1sok azonos\u00edt\u00e1sa neuroendokrin idegsejtekben laser capture microdissection alkalmaz\u00e1s\u00e1val<\/td>\n<td style=\"width: 102.942%\" width=\"345\">Hrabovszky Erik (DSc)<\/td>\n<\/tr>\n<tr>\n<td style=\"width: 61.8812%\" width=\"487\">Reprodukci\u00f3 \u00e9s energiah\u00e1ztart\u00e1s kapcsolat\u00e1nak vizsg\u00e1lata az emberi hipotalamuszban<\/td>\n<td style=\"width: 102.942%\" width=\"345\">Hrabovszky Erik (DSc)<\/td>\n<\/tr>\n<tr>\n<td style=\"width: 61.8812%\" width=\"487\">K\u00f3dol\u00e1s k\u00e9reg alatti modul\u00e1toros h\u00e1l\u00f3zatokban.<\/td>\n<td style=\"width: 102.942%\" width=\"345\">Jelitai M\u00e1rta (PhD)<\/td>\n<\/tr>\n<tr>\n<td style=\"width: 61.8812%\" width=\"487\">Agyk\u00e9rgi neuronh\u00e1l\u00f3zatok komplex dinamik\u00e1j\u00e1nak \u00e9s alapvet\u0151 sz\u00e1m\u00edt\u00e1sainak modellez\u00e9se<\/td>\n<td style=\"width: 102.942%\" width=\"345\">K\u00e1li Szabolcs (PhD<\/td>\n<\/tr>\n<tr>\n<td style=\"width: 61.8812%\" width=\"487\">Nemline\u00e1ris jelintegr\u00e1ci\u00f3 modellez\u00e9se agyk\u00e9rgi idegsejtek dendritjeiben<\/td>\n<td style=\"width: 102.942%\" width=\"345\">K\u00e1li Szabolcs (PhD<\/td>\n<\/tr>\n<tr>\n<td style=\"width: 61.8812%\" width=\"487\">Optimaliz\u00e1ci\u00f3s algoritmusok fejleszt\u00e9se \u00e9s p\u00e1rhuzamos\u00edtott implement\u00e1ci\u00f3ja idegsejt-modellek param\u00e9tereinek meghat\u00e1roz\u00e1s\u00e1ra<\/td>\n<td style=\"width: 102.942%\" width=\"345\">K\u00e1li Szabolcs (PhD<\/td>\n<\/tr>\n<tr>\n<td style=\"width: 61.8812%\" width=\"487\">A fenotipikus diverzit\u00e1s szerepe a GnRH szekr\u00e9ci\u00f3s mint\u00e1zat\u00e1t meghat\u00e1roz\u00f3 neuronh\u00e1l\u00f3zatban<\/td>\n<td style=\"width: 102.942%\" width=\"345\">Kall\u00f3 Imre (PhD)<\/td>\n<\/tr>\n<tr>\n<td style=\"width: 61.8812%\" width=\"487\">Felsz\u00e1ll\u00f3 glycinerg p\u00e1lya c\u00e9lsejtjei \u00e9s funkci\u00f3ja a baz\u00e1lis el\u0151agyban<\/td>\n<td style=\"width: 102.942%\" width=\"345\">Kall\u00f3 Imre (PhD)<\/td>\n<\/tr>\n<tr>\n<td style=\"width: 61.8812%\" width=\"487\">A b\u00e9lfl\u00f3ra szerep\u00e9nek vizsg\u00e1lata stresszben \u00e9s a neuroimmun folyamatokban<\/td>\n<td style=\"width: 102.942%\" width=\"345\">Kov\u00e1cs Krisztina (DSc)<\/td>\n<\/tr>\n<tr>\n<td style=\"width: 61.8812%\" width=\"487\">A mikroglia-neuron interakci\u00f3 vizsg\u00e1lata<\/td>\n<td style=\"width: 102.942%\" width=\"345\">K\u00f6rnyei Zsuzsa (PhD)<\/td>\n<\/tr>\n<tr>\n<td style=\"width: 61.8812%\" width=\"487\">Az endokannabinoid rendszer szerepe a kortex norm\u00e1lis \u00e9s patofiziol\u00f3gi\u00e1s fejl\u0151d\u00e9s\u00e9ben.\u00a0<\/td>\n<td style=\"width: 102.942%\" width=\"345\">Lele Zsolt (PhD)<\/td>\n<\/tr>\n<tr>\n<td style=\"width: 61.8812%\" width=\"487\">A fejl\u0151d\u00e9si anoikis, egy \u00faj biol\u00f3giai jelens\u00e9g molekul\u00e1ris, anat\u00f3miai, \u00e9lettani \u00e9s k\u00f3r\u00e9lettani vizsg\u00e1lata a fejl\u0151d\u0151 idegrendszerben<\/td>\n<td style=\"width: 102.942%\" width=\"345\">Lele Zsolt (PhD)<\/td>\n<\/tr>\n<tr>\n<td style=\"width: 61.8812%\" width=\"487\">A szkizofrenia okozta molekul\u00e1ris biol\u00f3giai \u00e9s struktur\u00e1lis elv\u00e1ltoz\u00e1sok emberi agyk\u00e9regben<\/td>\n<td style=\"width: 102.942%\" width=\"345\">Magl\u00f3czky Zs\u00f3fia (DSc)<\/td>\n<\/tr>\n<tr>\n<td style=\"width: 61.8812%\" width=\"487\">K\u00fcl\u00f6nb\u00f6z\u0151 t\u00edpus\u00fa epilepszi\u00e1s k\u00f3rk\u00e9pek \u00e1tfed\u00e9seinek molekul\u00e1ris biol\u00f3giai \u00e9s morfol\u00f3giai vizsg\u00e1lata k\u00eds\u00e9rleti modellben \u00e9s emberi agyk\u00e9regben<\/td>\n<td style=\"width: 102.942%\" width=\"345\">Magl\u00f3czky Zs\u00f3fia (DSc)<\/td>\n<\/tr>\n<tr>\n<td style=\"width: 61.8812%\" width=\"487\">A dendritek szerepe a szinaptikus integr\u00e1ci\u00f3ban<\/td>\n<td style=\"width: 102.942%\" width=\"345\">Makara Judit (PhD)<\/td>\n<\/tr>\n<tr>\n<td style=\"width: 61.8812%\" width=\"487\">A t\u00e9rbeli t\u00e1j\u00e9koz\u00f3d\u00e1s \u00e9s mem\u00f3ria cellul\u00e1ris mechanizmusainak vizsg\u00e1lata hippokamp\u00e1lis idegsejtekben<\/td>\n<td style=\"width: 102.942%\" width=\"345\">Makara Judit (PhD)<\/td>\n<\/tr>\n<tr>\n<td style=\"width: 61.8812%\" width=\"487\">\u00d6r\u00f6kl\u00f6tt \u00e9s tanult viselked\u00e9sform\u00e1k kialakul\u00e1s\u00e1nak vizsg\u00e1lata elektrofiziol\u00f3gia, optogenetikai, magatart\u00e1sbeli \u00e9s anat\u00f3miai megk\u00f6zel\u00edt\u00e9sekkel k\u00eds\u00e9rletes \u00e1llatmodellekben.<\/td>\n<td style=\"width: 102.942%\" width=\"345\">M\u00e1ty\u00e1s Ferenc (phD)<\/td>\n<\/tr>\n<tr>\n<td style=\"width: 61.8812%\" width=\"487\">A perinat\u00e1lis aszfixia (sz\u00fclet\u00e9s k\u00f6r\u00fcli oxig\u00e9nhi\u00e1ny) hossz\u00fa t\u00e1v\u00fa magatart\u00e1si k\u00f6vetkezm\u00e9nyei: idegrendszeri h\u00e1tt\u00e9r \u00e9s ter\u00e1pi\u00e1s lehet\u0151s\u00e9gek<\/td>\n<td style=\"width: 102.942%\" width=\"345\">Mikics \u00c9va (PhD)<\/td>\n<\/tr>\n<tr>\n<td style=\"width: 61.8812%\" width=\"487\">A korai szoci\u00e1lis stressz hossz\u00fa t\u00e1v\u00fa magatart\u00e1si hat\u00e1sait k\u00f6zvet\u00edt\u0151 idegrendszeri mechanizmusok<\/td>\n<td style=\"width: 102.942%\" width=\"345\">Mikics \u00c9va (PhD)<\/td>\n<\/tr>\n<tr>\n<td style=\"width: 61.8812%\" width=\"487\">Stresszel kapcsolatos pszich\u00e9s rendelleness\u00e9gek ir\u00e1nti s\u00e9r\u00fcl\u00e9kenys\u00e9g neurobiol\u00f3giai mechanizmusai<\/td>\n<td style=\"width: 102.942%\" width=\"345\">Mikics \u00c9va (PhD)<\/td>\n<\/tr>\n<tr>\n<td style=\"width: 61.8812%\" width=\"487\">Hippokampalis szinaptikus neurotranszmisszio diverzit\u00e1s\u00e1nak tanulm\u00e1nyoz\u00e1sa<\/td>\n<td style=\"width: 102.942%\" width=\"345\">Nusser Zolt\u00e1n (DSc)<\/td>\n<\/tr>\n<tr>\n<td style=\"width: 61.8812%\" width=\"487\">Mem\u00f3riafolyamatok agyk\u00e9reg alatti kontrolja: <br \/>\nneuron\u00e1lis h\u00e1l\u00f3zatok felfedez\u00e9se setkapcsolatokt\u00f3l a viselked\u00e9sig<\/td>\n<td style=\"width: 102.942%\" width=\"345\">Nyiri G\u00e1bor (DSc)<\/td>\n<\/tr>\n<tr>\n<td style=\"width: 61.8812%\" width=\"487\">Epileptikus esem\u00e9nyekhez kapcsol\u00f3d\u00f3 neuronh\u00e1l\u00f3zatok vizsg\u00e1lata \u00e9s manipul\u00e1l\u00e1sa kr\u00f3nikusan epilepszi\u00e1s eg\u00e9r modellben<\/td>\n<td style=\"width: 102.942%\" width=\"345\">R\u00f3zsa Bal\u00e1zs (PhD)<\/td>\n<\/tr>\n<tr>\n<td style=\"width: 61.8812%\" width=\"487\">G\u00e9pi tanul\u00e1s elveinek megjelen\u00e9se az agyk\u00e9rgi idegsejtek m\u0171k\u00f6d\u00e9s\u00e9ben<\/td>\n<td style=\"width: 102.942%\" width=\"345\">R\u00f3zsa Bal\u00e1zs (PhD)<\/td>\n<\/tr>\n<tr>\n<td style=\"width: 61.8812%\" width=\"487\">Sejtmembr\u00e1n fesz\u00fclts\u00e9g v\u00e1ltoz\u00e1sainak m\u00e9r\u00e9se optikai szenzorokkal a vizu\u00e1lis agyk\u00e9regben<\/td>\n<td style=\"width: 102.942%\" width=\"345\">R\u00f3zsa Bal\u00e1zs (PhD)<\/td>\n<\/tr>\n<tr>\n<td style=\"width: 61.8812%\">Agyk\u00e9reg-f\u00fcgg\u0151 motoros tanul\u00e1si feladat fejleszt\u00e9se egerekben viselked\u00e9si, l\u00e9zi\u00f3s \u00e9s optogenetikai m\u00f3dszerekkel<\/td>\n<td style=\"width: 102.942%\">R\u00f3zsa M\u00e1rton (PhD)<\/td>\n<\/tr>\n<tr>\n<td style=\"width: 61.8812%\">Agyk\u00e9rgi g\u00e1tl\u00f3 neuronok azonos\u00edt\u00e1sa t\u00e9rbeli transzkriptomikai, anat\u00f3miai \u00e9s elektrofiziol\u00f3giai m\u00f3dszerekkel<\/td>\n<td style=\"width: 102.942%\">R\u00f3zsa M\u00e1rton (PhD)<\/td>\n<\/tr>\n<tr>\n<td style=\"width: 61.8812%\">Agyk\u00e9rgi g\u00e1tl\u00f3 neuronok vizsg\u00e1lata mozg\u00e1stanul\u00e1s \u00e9s mozg\u00e1skivitelez\u00e9s sor\u00e1n k\u00e9tfoton k\u00e9palkot\u00e1si \u00e9s optogenetikai m\u00f3dszerekkel<\/td>\n<td style=\"width: 102.942%\">R\u00f3zsa M\u00e1rton (PhD)<\/td>\n<\/tr>\n<tr>\n<td style=\"width: 61.8812%\">Agyk\u00e9rgi g\u00e1tl\u00f3 neuronok szerep\u00e9nek vizsg\u00e1lata a lass\u00fa oszcill\u00e1ci\u00f3k kialak\u00edt\u00e1s\u00e1ban k\u00e9palkot\u00f3 \u00e9s elektrofiziol\u00f3giai m\u00f3dszerekkel<\/td>\n<td style=\"width: 102.942%\">R\u00f3zsa M\u00e1rton (PhD)<\/td>\n<\/tr>\n<tr>\n<td style=\"width: 61.8812%\">T\u00f6bbm\u00f3dszeres, felh\u0151alap\u00fa adatelemz\u0151 pipeline fejleszt\u00e9se DataJoint \u00e9s Python haszn\u00e1lat\u00e1val<\/td>\n<td style=\"width: 102.942%\">R\u00f3zsa M\u00e1rton (PhD)<\/td>\n<\/tr>\n<tr>\n<td style=\"width: 61.8812%\" width=\"487\">\u00daj, purinerg gy\u00f3gyszerc\u00e9lpontok azonos\u00edt\u00e1sa a k\u00f6zponti idegrendszer betegs\u00e9geiben (depresszi\u00f3, bipol\u00e1ris betegs\u00e9g, szkizofr\u00e9nia, autizmus, migr\u00e9n, Parkinson k\u00f3r)<\/td>\n<td style=\"width: 102.942%\" width=\"345\">Sperl\u00e1gh Be\u00e1ta (DSc)<\/td>\n<\/tr>\n<tr>\n<td style=\"width: 61.8812%\" width=\"487\">A hippokamp\u00e1lis szinaptikus kommunik\u00e1ci\u00f3 elektrofiziol\u00f3giai vizsg\u00e1lata<\/td>\n<td style=\"width: 102.942%\" width=\"345\">Szabadics J\u00e1nos (PhD)<\/td>\n<\/tr>\n<tr>\n<td style=\"width: 61.8812%\" width=\"487\">Jelfeldolgoz\u00e1s sz\u00e1m\u00edt\u00f3g\u00e9pes modellez\u00e9se elemi idegi strukt\u00far\u00e1kban<\/td>\n<td style=\"width: 102.942%\" width=\"345\">Szabadics J\u00e1nos (PhD)<\/td>\n<\/tr>\n<tr>\n<td style=\"width: 61.8812%\" width=\"487\">A hippokamp\u00e1lis szinaptikus kapcsolatok \u00e9s egyedi sejtek vizsg\u00e1lata fesz\u00fclts\u00e9g imaging m\u00f3dszerrel<\/td>\n<td style=\"width: 102.942%\" width=\"345\">Szabadics J\u00e1nos (PhD)<\/td>\n<\/tr>\n<tr>\n<td style=\"width: 61.8812%\">Vizu\u00e1lis stimul\u00e1ci\u00f3 agyk\u00e9rgi reprezent\u00e1ci\u00f3j\u00e1nak vizsg\u00e1lata viselked\u00e9si protokollok \u00e9s 3dimenzi\u00f3s k\u00e9t-foton mikroszk\u00f3pos k\u00e9palkot\u00e1s seg\u00edts\u00e9g\u00e9vel<\/td>\n<td style=\"width: 102.942%\">Szalay Gergely (PhD)<\/td>\n<\/tr>\n<tr>\n<td style=\"width: 61.8812%\">Eg\u00e9r vizu\u00e1lis tanul\u00e1s\u00e1nak vizsg\u00e1lata virtu\u00e1lis val\u00f3s\u00e1gban<\/td>\n<td style=\"width: 102.942%\">Szalay Gergely (PhD)<\/td>\n<\/tr>\n<tr>\n<td style=\"width: 61.8812%\" width=\"487\">F\u00e9lelmi reakci\u00f3k neurobiol\u00f3giai szab\u00e1lyoz\u00e1sa: adapt\u00edv \u00e9s patol\u00f3gi\u00e1s form\u00e1k kialakul\u00e1sa<\/td>\n<td style=\"width: 102.942%\" width=\"345\">T\u00f3th M\u00e1t\u00e9 (PhD)<\/td>\n<\/tr>\n<tr>\n<td style=\"width: 61.8812%\" width=\"487\">A szinaptikus klaszterezetts\u00e9g szerepe a dendritikus jelintegr\u00e1ci\u00f3ban<\/td>\n<td style=\"width: 102.942%\" width=\"345\">Ujfalussy Bal\u00e1zs (PhD)<\/td>\n<\/tr>\n<tr>\n<td style=\"width: 61.8812%\" width=\"487\">Helysejtek \u00e9s r\u00e1cs-sejtek t\u00fczel\u00e9si mint\u00e1zat\u00e1nak elemz\u00e9se<\/td>\n<td style=\"width: 102.942%\" width=\"345\">Ujfalussy Bal\u00e1zs (PhD)<\/td>\n<\/tr>\n<tr>\n<td style=\"width: 61.8812%\" width=\"487\">K\u00e9reg alatti modul\u00e1torok k\u00e9rgi szab\u00e1lyoz\u00e1sa.<\/td>\n<td style=\"width: 102.942%\" width=\"345\">Varga Viktor (PhD)<\/td>\n<\/tr>\n<\/tbody>\n<\/table>\n","protected":false},"excerpt":{"rendered":"<p>Az MTA KOKI kutat\u00e1si t\u00e9m\u00e1i \u00e9s t\u00e9mavezet\u0151i 2025\/2026 TDK-munka c\u00edme T\u00e9mavezet\u0151 neve (fokozattal) Talamokortik\u00e1lis h\u00e1l\u00f3zatok kutat\u00e1sa, anat\u00f3miai, fiziol\u00f3giai \u00e9s optogenetikai\u00a0 m\u00f3dszerekkel Acs\u00e1dy L\u00e1szl\u00f3 (DSc) A stressz induk\u00e1lta viselked\u00e9s v\u00e1ltoz\u00e1sok idegrendszeri h\u00e1ttere Acs\u00e1dy L\u00e1szl\u00f3 (DSc) A serkent\u0151 afferensek szervez\u0151d\u00e9se a hum\u00e1n talamuszban Acs\u00e1dy L\u00e1szl\u00f3 (DSc) Trauma \u00e1ltal el\u0151id\u00e9zett endokannabinoid-v\u00e1ltoz\u00e1sok a trauma magatart\u00e1si hat\u00e1sainak h\u00e1tter\u00e9ben Aliczki Man\u00f3 &hellip;<\/p>\n","protected":false},"author":158,"featured_media":0,"parent":10063,"menu_order":5,"comment_status":"closed","ping_status":"closed","template":"","meta":{"_acf_changed":false,"footnotes":""},"categories":[],"tags":[],"class_list":["post-1472","page","type-page","status-publish","hentry"],"acf":[],"publishpress_future_action":{"enabled":false,"date":"1970-01-01 01:00:00","action":"","terms":[],"taxonomy":"","browser_timezone_offset":0},"_links":{"self":[{"href":"https:\/\/semmelweis.hu\/tdk\/wp-json\/wp\/v2\/pages\/1472","targetHints":{"allow":["GET"]}}],"collection":[{"href":"https:\/\/semmelweis.hu\/tdk\/wp-json\/wp\/v2\/pages"}],"about":[{"href":"https:\/\/semmelweis.hu\/tdk\/wp-json\/wp\/v2\/types\/page"}],"author":[{"embeddable":true,"href":"https:\/\/semmelweis.hu\/tdk\/wp-json\/wp\/v2\/users\/158"}],"replies":[{"embeddable":true,"href":"https:\/\/semmelweis.hu\/tdk\/wp-json\/wp\/v2\/comments?post=1472"}],"version-history":[{"count":10,"href":"https:\/\/semmelweis.hu\/tdk\/wp-json\/wp\/v2\/pages\/1472\/revisions"}],"predecessor-version":[{"id":12043,"href":"https:\/\/semmelweis.hu\/tdk\/wp-json\/wp\/v2\/pages\/1472\/revisions\/12043"}],"up":[{"embeddable":true,"href":"https:\/\/semmelweis.hu\/tdk\/wp-json\/wp\/v2\/pages\/10063"}],"wp:attachment":[{"href":"https:\/\/semmelweis.hu\/tdk\/wp-json\/wp\/v2\/media?parent=1472"}],"wp:term":[{"taxonomy":"category","embeddable":true,"href":"https:\/\/semmelweis.hu\/tdk\/wp-json\/wp\/v2\/categories?post=1472"},{"taxonomy":"post_tag","embeddable":true,"href":"https:\/\/semmelweis.hu\/tdk\/wp-json\/wp\/v2\/tags?post=1472"}],"curies":[{"name":"wp","href":"https:\/\/api.w.org\/{rel}","templated":true}]}}