{"id":1313,"date":"2016-07-29T00:00:00","date_gmt":"2016-07-28T22:00:00","guid":{"rendered":"http:\/\/semmelweis.hu\/tdk\/felhivas-moszkvai-konferencia-2013-oktober-29-november-2\/"},"modified":"2024-08-15T08:50:45","modified_gmt":"2024-08-15T06:50:45","slug":"felhivas-moszkvai-konferencia-2013-oktober-29-november-2","status":"publish","type":"page","link":"https:\/\/semmelweis.hu\/tdk\/en\/conferences\/felhivas-moszkvai-konferencia-2013-oktober-29-november-2\/","title":{"rendered":"Peoples&#8217; Friendship University of Russia \u00e1ltal szervezett konferencia"},"content":{"rendered":"<p>A People Frienship University Moszkva \u00e1ltal 5. alkalommal megrendezett nemzetk\u00f6zi konferenci\u00e1n egyetem\u00fcnk 14 hallgat\u00f3val k\u00e9pviseltette mag\u00e1t.<\/p>\n<h3>A Semmelweis Egyetem deleg\u00e1ci\u00f3j\u00e1nak hat napja Oroszorsz\u00e1gban<\/h3>\n<p>A legnagyobb k\u00fclf\u00f6ldi deleg\u00e1ci\u00f3t Dr. Merkely B\u00e9la professzor \u00far vezette, aki a konferencia t\u00e1rseln\u00f6kek\u00e9nt \u00e9s megh\u00edvott el\u0151ad\u00f3k\u00e9nt vett r\u00e9szt a rendezv\u00e9nyen. Ezen k\u00edv\u00fcl r\u00e9szes\u00fclt a moszkvai N\u00e9pek Bar\u00e1ts\u00e1ga Egyetem k\u00fclf\u00f6ldieknek adhat\u00f3 legrangosabb kit\u00fcntet\u00e9s\u00e9ben, a Becs\u00fclet \u00e9rdem\u00e9remben, melyet a tudom\u00e1nyos tev\u00e9kenys\u00e9g\u00e9rt, a tudom\u00e1nyos munka t\u00e1mogat\u00e1s\u00e1\u00e9rt \u00e9s el\u0151mozd\u00edt\u00e1s\u00e1\u00e9rt \u00edt\u00e9ltek oda.<\/p>\n<p>A magyar k\u00fcld\u00f6tts\u00e9gben helyet kaptak 3 kar (\u00c1OK, FOK, GYOK) \u00e9s 5 k\u00fcl\u00f6nb\u00f6z\u0151 \u00e9vfolyam di\u00e1kjai, illetve egy PhD hallgat\u00f3 \u00e9s egy rezidens is, valamint a P\u00e1zm\u00e1ny P\u00e9ter Katolikus Egyetem KOKI-ban kutat\u00f3 hallgat\u00f3ja is. Azt hiszem mindannyiunk nev\u00e9ben mondhatom, hogy rengeteg \u00e9lm\u00e9nyben volt r\u00e9sz\u00fcnk \u00e9s sok tudom\u00e1nyos illetve \u00e9lettapasztalattal gazdagodhattunk az \u00fat sor\u00e1n. D\u00edjakban sem volt hi\u00e1ny, hiszen 13 helyez\u00e9st \u00edt\u00e9ltek oda magyar hallgat\u00f3knak.<\/p>\n<p>A legt\u00f6bben nem j\u00e1rtunk kor\u00e1bban Oroszorsz\u00e1gban. Egy mer\u0151ben \u00faj vil\u00e1gban cs\u00f6ppent\u00fcnk, ahol m\u00e9g a McDonald\u2019s (\u041c\u0430\u043a\u0434\u043e\u043d\u0430\u043b\u0434\u0441) is cirill bet\u0171kkel olvashat\u00f3, \u00e9s egy t\u00e9ren megf\u00e9r egym\u00e1s mellett a torony cs\u00facs\u00e1n \u00e9jjel messzir\u0151l vil\u00e1g\u00edt\u00f3 v\u00f6r\u00f6s csillag \u00e9s a c\u00e1ri Oroszorsz\u00e1g hangulat\u00e1t id\u00e9z\u0151 k\u00e9tfej\u0171 aranysas, ugyan\u00fagy, mint az ortodox egyh\u00e1z ikonikus temploma \u00e9s Lenin mauz\u00f3leuma. \u00cdzel\u00edt\u0151t kaptunk a szovjet konyh\u00e1b\u00f3l \u00e9s az orosz vend\u00e9gszeretetb\u0151l, konferenciaszervez\u00e9sb\u0151l \u00e9s seb\u00e9sztechnikai versenyb\u0151l valamint orosz karaoke-b\u00f3l \u00e9s k\u00f3ruskoncertb\u0151l.<br \/>\nA k\u00f6vetkez\u0151kben a teljess\u00e9g ig\u00e9nye n\u00e9lk\u00fcl, k\u00fcl\u00f6nb\u00f6z\u0151 n\u00e9z\u0151pontokb\u00f3l pr\u00f3b\u00e1ljuk meg felid\u00e9zni a konferencia legeml\u00e9kezetesebb momentumait.<\/p>\n<h3>Els\u0151 benyom\u00e1som Oroszorsz\u00e1gr\u00f3l<\/h3>\n<p>Moszkv\u00e1ba meg\u00e9rkezve a rep\u00fcl\u0151t\u00e9ren m\u00e1r v\u00e1rtak k\u00eds\u00e9r\u0151ink, akik kedvesen fogadtak, egyik\u00fck eg\u00e9sz \u00fcgyesen besz\u00e9lt magyarul, \u00e9s nagy meglepet\u00e9s\u00fcnkre megtudtuk, hogy csak n\u00e9gy hete tanulja a nyelv\u00fcnket. A sz\u00e1ll\u00e1sunkra vezet\u0151 \u00faton ezut\u00e1n megismerkedt\u00fcnk a v\u00e1rosk\u00f6zpont fel\u00e9 tart\u00f3 \u00e1lland\u00f3 forgalmi dug\u00f3kkal \u00e9s a kreat\u00edv man\u0151verez\u00e9si technik\u00e1kkal. K\u00eds\u00e9r\u0151ink ezalatt hasznos tan\u00e1csokkal l\u00e1ttak el minket Oroszorsz\u00e1gr\u00f3l, \u00e9s seg\u00edtettek a cirill bet\u0171k megtanul\u00e1s\u00e1ban, ami\u00a0 a t\u00e1j\u00e9koz\u00f3d\u00e1shoz mindenk\u00e9ppen fontos, mivel minden cirill bet\u0171kkel van ki\u00edrva (a nem orosz szavakat is \u00e1t\u00edrj\u00e1k fonetikusan). Itt minden \u00f3ri\u00e1si: soks\u00e1vos, sz\u00e9les aut\u00f3utak, t\u00e1gas j\u00e1rd\u00e1k, nagyon magas \u00e9p\u00fcletek. Ezekre sz\u00fcks\u00e9g is van, hiszen Moszkva lakoss\u00e1ga k\u00f6zel 15 milli\u00f3 f\u0151, \u00e9s rengetegen j\u00e1rnak be a v\u00e1ros k\u00f6rny\u00e9k\u00e9r\u0151l is dolgozni.<\/p>\n<p>Ezen a metr\u00f3vonalon ugyanolyan kocsik k\u00f6zlekednek, mint az itthoni r\u00e9gi orosz metr\u00f3 kocsik, \u00e1m sokkal gyorsabbak; a t\u00f6meg itt sem \u00e9rezhet\u0151, mert nagyon s\u0171r\u0171n k\u00f6zlekednek. N\u00e9h\u00e1ny metr\u00f3meg\u00e1ll\u00f3 fel\u00e9r egy m\u0171alkot\u00e1ssal: csill\u00e1rok \u00e9s k\u00fcl\u00f6nleges l\u00e1mp\u00e1k vil\u00e1g\u00edtanak, szobrokkal, mozaikokkal \u00e9s gy\u00f6ny\u00f6r\u0171 k\u00f6vezettel d\u00edsz\u00edtettek. Nemcsak turist\u00e1k \u00e1ltal l\u00e1togatott r\u00e9szeken, hanem minden\u00fctt, ahol j\u00e1rtunk, tisztas\u00e1ggal \u00e9s rendezetts\u00e9ggel tal\u00e1lkoztunk. Term\u00e9szetesen a belv\u00e1rosban l\u00e1thattuk a legf\u00e9ny\u0171z\u0151bb \u00e9p\u00fcleteket, amelyek nem csak nappal, hanem esti kivil\u00e1g\u00edt\u00e1sukban is csod\u00e1latosak. Oroszorsz\u00e1g kiemelked\u0151 kultur\u00e1lis \u00f6r\u00f6ks\u00e9geit nagy gondoss\u00e1ggal \u0151rzik, az \u00e9p\u00edt\u00e9szet, a m\u0171v\u00e9szetek \u00e9s az irodalom ter\u00e9n is. K\u00eds\u00e9r\u0151ink rengeteget mes\u00e9ltek a megl\u00e1togatott helyekr\u0151l, seg\u00edts\u00e9g\u00fckkel sokat tanultunk a v\u00e1rosr\u00f3l, az orosz kult\u00far\u00e1r\u00f3l. <br \/>\n<em>(dr. Bogd\u00e1n D\u00f3ra)<\/em><\/p>\n<h3>Szakmais\u00e1g \u00e9s konferenciaszervez\u00e9s<\/h3>\n<p>H\u00e9tf\u0151 esti meg\u00e9rkez\u00e9s\u00fcnket k\u00f6vet\u0151en a keddi napt\u00f3l kezdet\u00e9t vette a konferencia. A regisztr\u00e1ci\u00f3 g\u00f6rd\u00fcl\u00e9kenyen zajlott, mint ahogy az \u00fcnnep\u00e9lyes megnyit\u00f3 cerem\u00f3nia is. Az els\u0151 konferencianap alapvet\u0151en kultur\u00e1lis c\u00e9lokat szolg\u00e1lt, a szervez\u0151k gondoskodtak arr\u00f3l, hogy minden Moszkv\u00e1ban elt\u00f6lt\u00f6tt perc eml\u00e9kezetes legyen.<\/p>\n<p>A poszter prezent\u00e1ci\u00f3k kedden, a sz\u00f3beli el\u0151ad\u00e1sok pedig szerd\u00e1t\u00f3l p\u00e9ntekig ker\u00fcltek lebonyol\u00edt\u00e1sra. A szekci\u00f3\u00fcl\u00e9sek mellett sz\u00e1mos interakt\u00edv program \u00e1ltal k\u00edn\u00e1lt lehet\u0151s\u00e9g k\u00f6z\u00fcl v\u00e1laszthattunk, t\u00f6bbek k\u00f6z\u00f6tt fog\u00e1szati implant\u00e1ci\u00f3, plasztikai- valamint idegseb\u00e9szeti m\u0171t\u00e9tek \u00e9l\u0151 k\u00f6zvet\u00edt\u00e9sei k\u00f6z\u00fcl. Mindezek mellett minden nap volt \u00fan. \u201eKeynote lecture\u201d prezent\u00e1ci\u00f3, az adott szakma neves k\u00e9pvisel\u0151j\u00e9nek el\u0151ad\u00e1sa keret\u00e9ben. A szekci\u00f3k v\u00e9gezet\u00e9vel lehet\u0151s\u00e9g\u00fcnk ny\u00edlt az ott jelenl\u00e9v\u0151kkel k\u00f6z\u00f6sen, amolyan \u201ekerekasztal\u201d form\u00e1ban megvitatni n\u00e9zeteinket, v\u00e9lem\u00e9ny\u00fcnket az aznapi el\u0151ad\u00e1sokr\u00f3l, szakmai perspekt\u00edv\u00e1nkr\u00f3l, nem utols\u00f3 sorban j\u00f6v\u0151beli terveinkr\u0151l. Mindez kit\u0171n\u0151 lehet\u0151s\u00e9get teremtett \u00faj kapcsolatok \u00e9p\u00edt\u00e9s\u00e9re, l\u00e1t\u00f3k\u00f6r\u00fcnk sz\u00e9les\u00edt\u00e9s\u00e9re.<\/p>\n<p>Ugyancsak eml\u00edt\u00e9st \u00e9rdemelnek a szakmai vet\u00e9lked\u0151k is, amelyek igen sz\u00ednvonalas szervez\u00e9s\u00fck \u00e9s lebonyol\u00edt\u00e1suk r\u00e9v\u00e9n v\u00e9lem\u00e9nyem szerint a konferencia f\u00e9nypontj\u00e1t jelentett\u00e9k. Ezek a gyakorlati \u2013 els\u0151sorban manu\u00e1lis \u2013 k\u00e9szs\u00e9gek fejletts\u00e9g\u00e9nek demonstr\u00e1l\u00e1s\u00e1ra ill. \u00f6sszem\u00e9r\u00e9s\u00e9re ir\u00e1nyultak, t\u00f6bbek k\u00f6z\u00f6tt seb\u00e9szet, fog\u00e1szat, valamint farmakol\u00f3gia ter\u00fclet\u00e9n.<\/p>\n<p>Nem szabad megfeledkezn\u00fcnk azonban a sok pozit\u00edv dolog mellet a konferencia \u00e1rnyoldalair\u00f3l sem. Nemzetk\u00f6zi konferencia r\u00e9v\u00e9n v\u00e9lem\u00e9nyem szerint alapvet\u0151nek sz\u00e1m\u00edtott volna a nemzetk\u00f6zileg elfogadott hivatalos angol nyelven val\u00f3 prezent\u00e1l\u00e1s. A szekci\u00f3kban sz\u00e1mos nemzeti (orosz) nyelv\u0171 el\u0151ad\u00e1s hangzott el, melyeknek \u00edgy szakmailag val\u00f3 meg\u00edt\u00e9l\u00e9se neh\u00e9zs\u00e9gekbe \u00fctk\u00f6z\u00f6tt r\u00e9szemr\u0151l. Hasonl\u00f3 probl\u00e9m\u00e1k jelentkeztek a diszkusszi\u00f3 r\u00e9szn\u00e9l is, mivel a fent nevezett okok miatt sokaknak nem volt m\u00f3dja hozz\u00e1sz\u00f3lni a t\u00e9m\u00e1hoz, noha az igencsak \u00e9rdekesnek \u00e9s megnyer\u0151nek bizonyult.<br \/>\n\u00d6sszess\u00e9g\u00e9ben elmondhat\u00f3, hogy egy igen sz\u00ednvonalas \u00e9s \u00e9lm\u00e9nyekben gazdag konferenci\u00e1n vehett\u00fcnk r\u00e9szt, amely k\u00f6vetend\u0151 p\u00e9ldak\u00e9nt szolg\u00e1lhat mindenkinek, aki hasonl\u00f3 esem\u00e9ny szervez\u00e9s\u00e9t ill. megval\u00f3s\u00edt\u00e1s\u00e1t tervezi a j\u00f6v\u0151ben.<br \/>\n<em>(Hricz\u00f3-Koperd\u00e1k Gergely)<\/em><\/p>\n<h3>Amit Moszkv\u00e1b\u00f3l l\u00e1ttunk, avagy kult\u00fara \u00e9s v\u00e1rosn\u00e9z\u00e9s<\/h3>\n<p>A konferencia el\u0151tt mindannyian rem\u00e9lt\u00fck, hogy lesz id\u0151nk megismerni az orosz kult\u00far\u00e1t, \u00e9s lesz alkalmunk megn\u00e9zni Moszkva nevezetess\u00e9geit. Tal\u00e1n nem is sejtett\u00fck, hogy milyen sok helyre eljutunk, kezdve a V\u00f6r\u00f6s t\u00e9rt\u0151l, az Arbat utc\u00e1n \u00e1t eg\u00e9szen a Moszkvai \u00c1llami Egyetemig.<br \/>\nA t\u00f6m\u00f6tt moszkvai metr\u00f3 is tartogat \u00e9rdekess\u00e9geket. Van, ahol a szerelv\u00e9ny kibukkan a f\u00f6ld al\u00f3l, hogy egy pillanatra megcsod\u00e1lhassuk a v\u00e1roson \u00e1t kanyarg\u00f3 Moszkva foly\u00f3t. M\u00e1shol Marx eml\u00e9kt\u00e1bl\u00e1ja fel\u00fcgyeli a h\u00f6mp\u00f6lyg\u0151 t\u00f6meget, \u00e9s van, ahol az eg\u00e9sz meg\u00e1ll\u00f3t ember nagys\u00e1g\u00fa szobrok alkotj\u00e1k. <br \/>\nAz els\u0151 napi v\u00e1rosn\u00e9z\u00e9s c\u00e9lja a V\u00f6r\u00f6s t\u00e9r volt, l\u00e1ttuk a Kreml fal\u00e1t, el\u0151tte a Lenin-mauz\u00f3leummal, a Kaz\u00e1ny-katedr\u00e1list \u00e9s a GUM \u00e1ruh\u00e1zat, \u00e9s k\u00edv\u00fcl-bel\u00fcl megcsod\u00e1ltuk a Boldog Vazul sz\u00e9kesegyh\u00e1zat, Moszkva legf\u0151bb jelk\u00e9p\u00e9t.<\/p>\n<p>Eb\u00e9d alatt gondoltunk r\u00e1, hogy j\u00f3 lenne meghallgatni Moszkv\u00e1ban egy olyan klasszikus zenei koncertet, melyen egy orosz zeneszerz\u0151 m\u0171veib\u0151l j\u00e1tszik a zenekar. A szervez\u0151k seg\u00edt\u0151k\u00e9szs\u00e9g\u00e9nek k\u00f6sz\u00f6nhet\u0151en m\u00e1r aznap este el is jutottunk egy ingyenes, de nagyon sz\u00ednvonalas koncertre, \u00e9s nem is ak\u00e1rhov\u00e1: a Moszkvai Csajkovszkij Konzervat\u00f3riumba. A m\u0171sor els\u0151 fel\u00e9ben egy gyermekk\u00f3rust hallhattunk, mely ortodox, illetve kazah dalokat \u00e9nekelt, a m\u00e1sodik r\u00e9szben pedig egy f\u00e9rfik\u00f3rust, mely orosz-zsid\u00f3 m\u0171vekb\u0151l v\u00e1logatott. K\u00fcl\u00f6nleges volt a hangszeres k\u00eds\u00e9ret egy-egy darabn\u00e1l: felcsend\u00fclt a zongora, h\u00e1rfa, szaxofon, heged\u0171 hangja is.<\/p>\n<p>M\u00e1snap a sz\u00e9p id\u0151 \u00f6r\u00f6m\u00e9re ism\u00e9t megl\u00e1togattuk a Kremlt, Oroszorsz\u00e1g kultur\u00e1lis \u00e9s hatalmi k\u00f6zpontj\u00e1t, \u00e9s ez\u00fattal bel\u00fclr\u0151l is megn\u00e9zt\u00fck. J\u00e1rtunk ortodox templomokban, megn\u00e9zt\u00fck a ki\u00e1ll\u00edt\u00e1sokat, f\u00e9nyk\u00e9pezkedt\u00fcnk a C\u00e1r-haranggal \u00e9s -\u00e1gy\u00faval. S\u00e9t\u00e1ltunk az Arbat utc\u00e1n, l\u00e1ttuk a Lenin K\u00f6nyvt\u00e1rt, a Duma sz\u00e9kh\u00e1z\u00e1t \u00e9s a Moszkvai Nagysz\u00ednh\u00e1zat.<\/p>\n<p>Egyik este felkerest\u00fck a Lomonoszov Egyetemet, hogy megcsod\u00e1lhassuk a hatalmas kivil\u00e1g\u00edtott \u00e9p\u00fcletet. Innen r\u00f6vid s\u00e9t\u00e1val eljutottunk a Moszkva-partra, ahol a hideg ellen\u00e9re j\u00f3t s\u00e9t\u00e1ltunk, \u00e9s remek kil\u00e1t\u00e1sunk ny\u00edlt az eg\u00e9sz v\u00e1rosra. N\u00e9h\u00e1nyan k\u00f6z\u00fcl\u00fcnk ek\u00f6zben megn\u00e9ztek egy igazi orosz balett el\u0151ad\u00e1st: egy klasszikus darabot modern, lend\u00fcletes rendez\u00e9sben.<br \/>\nV\u00e9g\u00fcl k\u00fcl\u00f6n kiemeln\u00e9nk, hogy az \u00f6sszes helysz\u00ednre nem hivat\u00e1sos idegenvezet\u0151vel jutottunk el, hanem orvosi egyetemist\u00e1kkal, akiknek a saj\u00e1t n\u00e9z\u0151pontj\u00e1b\u00f3l ismerhett\u00fck meg a v\u00e1rost \u00e9s a kult\u00far\u00e1t. Rengeteget mes\u00e9ltek nek\u00fcnk, \u00e9s \u00edgy szerintem mindny\u00e1junkhoz sokkal k\u00f6zelebb hozt\u00e1k Moszkv\u00e1t.<br \/>\n<em>(Elekes Orsolya \u00e9s Herczeg Petra)<\/em><\/p>\n<h3>Orosz vend\u00e9gszeretet \u00e9s gasztron\u00f3mia<\/h3>\n<p>J\u00f3 volt Moszkv\u00e1ban vend\u00e9gnek lenni.<br \/>\nNagy szeretettel v\u00e1rtak minket a N\u00e9pek Bar\u00e1ts\u00e1ga Egyetem orvostanhallgat\u00f3i. A k\u00f6z\u00f6s t\u00f6rt\u00e9net ott kezd\u0151d\u00f6tt, hogy kij\u00f6ttek el\u00e9nk a rep\u00fcl\u0151t\u00e9rre \u00e9s ott \u00e9rt v\u00e9get, hogy a hazautaz\u00e1sn\u00e1l ugyanott b\u00facs\u00fazkodtunk. Hihetetlen lelkesed\u00e9ssel \u00e9s kitart\u00e1ssal k\u00eds\u00e9rtek v\u00e9gig benn\u00fcnket ezen a n\u00e9h\u00e1ny napon: elj\u00f6ttek vel\u00fcnk mindenhov\u00e1, seg\u00edtettek az t\u00f6megk\u00f6zleked\u00e9sben (ami n\u00e9lk\u00fcl\u00fck teljes k\u00e1osz lett volna) \u00e9s a z\u00e1r\u00f3 esten is kitettek maguk\u00e9rt&#8230; Nem csak, mint idegenvezet\u0151k voltak jelen, hanem komoly besz\u00e9lget\u00e9sek \u00e9s bar\u00e1ts\u00e1gok alakultak ki. J\u00f6v\u0151 tavasszal n\u00e9h\u00e1nyan k\u00f6z\u00fcl\u00fck ell\u00e1togatnak Budapestre, a Semmelweis Egyetem nemzetk\u00f6zi TDK konferenci\u00e1j\u00e1ra, \u00edgy lesz alkalmunk viszonozni a sok kedvess\u00e9get.<\/p>\n<p>Lehet\u0151s\u00e9g\u00fcnk volt sz\u00e1mtalan helyi finoms\u00e1g megk\u00f3stol\u00e1s\u00e1ra is. \u00c1ll\u00edt\u00f3lag k\u00e9tf\u00e9le orosz leves l\u00e9tezik: az, amelyikben van k\u00e1poszta, \u00e9s az, amelyikben nincs. Ezzel egy\u00fctt az el\u0151bbiek vannak t\u00f6bbs\u00e9gben, nek\u00fcnk is siker\u00fclt t\u00f6bbet fogyasztanunk az el\u0151z\u0151ekb\u0151l. A k\u00e1poszta mellett az orosz konyha m\u00e1sik kifogyhatatlan kell\u00e9ke a kapor, mely a levesekt\u0151l kezdve a f\u0151\u00e9teleken \u00e1t a sal\u00e1t\u00e1kig szinte minden jellegzetes orosz \u00e9telben megtal\u00e1lhat\u00f3. A zabk\u00e1sa az egyik legtipikusabb reggeli, melyet nagyon finoman tudnak elk\u00e9sz\u00edteni, csak\u00fagy, mint p\u00e9ks\u00fctem\u00e9nyeiket. Eb\u00e9d \u00e9s vacsora gyan\u00e1nt el\u0151nyt \u00e9lveznek a tenger gy\u00fcm\u00f6lcsei, halak, legf\u0151k\u00e9pp a lazac. Az orosz gasztron\u00f3mia legh\u00edresebb darabja a vodka (az orosz voda sz\u00f3 vizet jelent). Ezek sokkal finomabbak voltak, mint a n\u00e1lunk kaphat\u00f3k b\u00e1r lehet, hogy ezt csak a hely tette. Ha valaki m\u00e9gsem kedveln\u00e9 ezeket az \u00e9teleket, az se essen k\u00e9ts\u00e9gbe, ha Moszkv\u00e1ba k\u00e9sz\u00fcl, mert a v\u00e1ros tele van a vil\u00e1g minden t\u00e1j\u00e1r\u00f3l sz\u00e1rmaz\u00f3 \u00e9ttermekkel, \u00edgy ak\u00e1r orosz-k\u00ednai vagy olasz-jap\u00e1n \u00e9ttermekbe is bet\u00e9rhet.<br \/>\n<em>(Kov\u00e1cs Kata \u00e9s Szab\u00f3 M\u00e1rta)<\/em><\/p>\n<h3>Kapcsolat\u00e9p\u00edt\u00e9s, sz\u00f3rakoz\u00e1s<\/h3>\n<p>Moszkvai kir\u00e1ndul\u00e1sunk sor\u00e1n sz\u00e1mos alkalmunk ny\u00edlt \u00faj bar\u00e1tokat \u00e9s ismerets\u00e9geket szerezn\u00fcnk, els\u0151sorban azok k\u00f6r\u00e9b\u0151l, akik minket vend\u00e9g\u00fcl l\u00e1ttak, teh\u00e1t a Peoples\u2019 Friendship University di\u00e1kjainak sor\u00e1b\u00f3l.<\/p>\n<p>A konferencia lezajl\u00e1sa sor\u00e1n k\u00fcl\u00f6n\u00f6s hangs\u00falyt fektettek mind a vend\u00e9gl\u00e1t\u00f3ink, mind pedig a rajtunk k\u00edv\u00fcl \u00e9rkezett k\u00fclf\u00f6ldi r\u00e9sztvev\u0151k az \u00faj kapcsolatok ki\u00e9p\u00edt\u00e9s\u00e9re, ennek pedig \u00edgy di\u00e1kok k\u00f6z\u00f6tt a legk\u00e9zenfekv\u0151bb eszk\u00f6ze a bar\u00e1tkoz\u00e1s \u00e9s a bar\u00e1ts\u00e1gos attit\u0171d volt. Ezt mi tulajdonk\u00e9ppen az orosz hallgat\u00f3k vend\u00e9gszeretet\u00e9b\u0151l \u00e9s igyekezet\u00e9b\u0151l \u00e9rz\u00e9kelhett\u00fck els\u0151 sorban: a rengeteg program, amit mind nek\u00fcnk szerveztek, a seg\u00edt\u0151k\u00e9szs\u00e9g\u00fck, amivel pr\u00f3b\u00e1ltak minden felmer\u00fcl\u0151 probl\u00e9m\u00e1t orvosolni, err\u0151l adott tan\u00fabizonys\u00e1got. Mindezt a sok kedves gesztust \u00fagy tett\u00e9k, hogy k\u00f6zben bele volt csemp\u00e9szve az \u00e9rdekl\u0151d\u00e9s ir\u00e1ntunk, a magyar egyetemi rendszer ir\u00e1nt, a k\u00edv\u00e1ncsis\u00e1g a magyar konferenci\u00e1kra vonatkoz\u00f3an. Mondanom sem kell persze, hogy r\u00e9sz\u00fcnkr\u0151l is hasonl\u00f3an \u00e9lt ez a k\u00edv\u00e1ncsis\u00e1g, de mi olyan szempontb\u00f3l el\u0151nyben r\u00e9szes\u00fclt\u00fcnk, hogy ez az egy h\u00e9t lehet\u0151s\u00e9get adott betekinteni k\u00f6zvetlen\u00fcl is az orosz orvostanhallgat\u00f3k \u00e9let\u00e9be.<\/p>\n<p>S\u0151t, mind ezek mellett lehet\u0151s\u00e9g\u00fcnk ny\u00edlt a m\u00e1s orsz\u00e1gokb\u00f3l \u00e9rkezett vend\u00e9gekkel is bar\u00e1ts\u00e1got k\u00f6tni, akik szint\u00e9n nyitottak voltak a magyar hallgat\u00f3kkal kapcsolatban, illetve k\u00edv\u00e1ncsian \u00e9rdekl\u0151dtek a budapesti Tudom\u00e1nyos Di\u00e1kk\u00f6ri Konferencia nemzetk\u00f6zi arculat\u00e1r\u00f3l is.<br \/>\n\u00c9s ak\u00e1rmennyire is \u00e1tfed\u00e9sben van a kapcsolat\u00e9p\u00edt\u00e9s \u00e9s a sz\u00f3rakoz\u00e1s, \u00e9n ezt m\u00e9gis k\u00fcl\u00f6n t\u00e1rgyaln\u00e1m.<\/p>\n<p>Azt lesz\u00e1m\u00edtva, hogy tulajdonk\u00e9ppen az ott t\u00f6lt\u00f6tt \u00f6sszes program sz\u00e1momra sz\u00f3rakoz\u00e1snak min\u0151s\u00fclt, m\u00e9gis mindez az utols\u00f3, b\u00facs\u00fa est\u00e9n cs\u00facsosodott ki, amikor is az \u00f6sszes k\u00fclf\u00f6ldr\u0151l \u00e9rkezett r\u00e9sztvev\u0151nek rendeztek egy karaoke esttel egybek\u00f6t\u00f6tt vacsor\u00e1t. A vacsora kev\u00e9sb\u00e9 volt hangs\u00falyos, viszont a remek hangulatot emelte a kiv\u00e1l\u00f3 orosz vodka, \u00e9nektud\u00e1sunk pedig az este el\u0151rehaladt\u00e1val ar\u00e1nyosan javult. Azt hiszem mindannyiunk nev\u00e9ben nyilatkozhatom, hogy nagyon j\u00f3l sz\u00f3rakoztunk, \u00e9s ez ut\u00e1n a buli ut\u00e1n f\u00e1radtan, de m\u00e9g t\u00f6bb \u00e9lm\u00e9nnyel t\u00e9rt\u00fcnk m\u00e1snap este haza. <br \/>\n<em>(Kar\u00e1dy J\u00falia \u00e9s Merkely Gerg\u0151)<\/em><\/p>\n<p><strong>Eredm\u00e9nyeink:<\/strong><\/p>\n<table style=\"width: 498px;height: 357px\" border=\"0\">\n<tbody>\n<tr>\n<td><strong>\u00c1cs Bal\u00e1zs<\/strong>\u00a0<\/td>\n<td>III. d\u00edj<\/td>\n<td>Life Sciences II session<\/td>\n<\/tr>\n<tr>\n<td><strong>Birtalan Ede<\/strong><\/td>\n<td>I. d\u00edj<\/td>\n<td>Therapy session<\/td>\n<\/tr>\n<tr>\n<td><strong>dr. Bogd\u00e1n D\u00f3ra<\/strong><\/td>\n<td>I. d\u00edj<\/td>\n<td>Pharmacy session<\/td>\n<\/tr>\n<tr>\n<td><strong>Elekes Orsolya<\/strong><\/td>\n<td>II. d\u00edj<\/td>\n<td>Pharmacy session<\/td>\n<\/tr>\n<tr>\n<td><strong>dr. G\u00e1nti Bernadett <br \/>\n<\/strong><\/td>\n<td>III. d\u00edj\u00a0<\/td>\n<td>Life Sciences II session<\/td>\n<\/tr>\n<tr>\n<td><strong>Harangoz\u00f3 Tam\u00e1s<\/strong><\/td>\n<td>III. d\u00edj<\/td>\n<td>Practical Skill Contest, Dentistry<\/td>\n<\/tr>\n<tr>\n<td><strong>Herczeg Petra<\/strong><\/td>\n<td>I. d\u00edj<\/td>\n<td>Life Sciences II session<\/td>\n<\/tr>\n<tr>\n<td><strong>Hricz\u00f3-Koperd\u00e1k Gergely<\/strong><\/td>\n<td>I. d\u00edj<\/td>\n<td>Dentistry session<\/td>\n<\/tr>\n<tr>\n<td><strong>Kar\u00e1dy J\u00falia<\/strong><\/td>\n<td>II. d\u00edj<\/td>\n<td>Surgery session<\/td>\n<\/tr>\n<tr>\n<td><strong>Kov\u00e1cs Kata<\/strong><\/td>\n<td>I. d\u00edj<\/td>\n<td>Life Sciences II session<\/td>\n<\/tr>\n<tr>\n<td><strong>Merkely Gerg\u0151<\/strong><\/td>\n<td>I. d\u00edj<\/td>\n<td>Surgery session<\/td>\n<\/tr>\n<tr>\n<td><strong>Ol\u00e1h Viktor J\u00e1nos<\/strong><\/td>\n<td>II. d\u00edj<\/td>\n<td>Life Sciences II session<\/td>\n<\/tr>\n<tr>\n<td><strong>Riczu Alexandra<\/strong><\/td>\n<td>II. d\u00edj<\/td>\n<td>Pediatrics II session<\/td>\n<\/tr>\n<\/tbody>\n<\/table>\n<p>\nV\u00e9g\u00fcl k\u00f6sz\u00f6nettel tartozunk a Semmelweis Egyetem Tudom\u00e1nyos Di\u00e1kk\u00f6ri Tan\u00e1cs\u00e1nak, hogy lehet\u0151v\u00e9 tette sz\u00e1munkra a konferenci\u00e1n val\u00f3 r\u00e9szv\u00e9telt.<\/p>\n<p>K\u00f6sz\u00f6nj\u00fck a megtisztel\u0151 figyelmet, vagy ahogy oroszul mondan\u00e1nk: \u0421\u043f\u0430\u0441\u0438\u0431\u043e \u0437\u0430 \u0432\u043d\u0438\u043c\u0430\u043d\u0438\u0435!<\/p>\n<p><em>(Birtalan Ede)<\/em><\/p>\n","protected":false},"excerpt":{"rendered":"<p>A People Frienship University Moszkva \u00e1ltal 5. alkalommal megrendezett nemzetk\u00f6zi konferenci\u00e1n egyetem\u00fcnk 14 hallgat\u00f3val k\u00e9pviseltette mag\u00e1t. A Semmelweis Egyetem deleg\u00e1ci\u00f3j\u00e1nak hat napja Oroszorsz\u00e1gban A legnagyobb k\u00fclf\u00f6ldi deleg\u00e1ci\u00f3t Dr. Merkely B\u00e9la professzor \u00far vezette, aki a konferencia t\u00e1rseln\u00f6kek\u00e9nt \u00e9s megh\u00edvott el\u0151ad\u00f3k\u00e9nt vett r\u00e9szt a rendezv\u00e9nyen. Ezen k\u00edv\u00fcl r\u00e9szes\u00fclt a moszkvai N\u00e9pek Bar\u00e1ts\u00e1ga Egyetem k\u00fclf\u00f6ldieknek adhat\u00f3 legrangosabb &hellip;<\/p>\n","protected":false},"author":158,"featured_media":0,"parent":4936,"menu_order":0,"comment_status":"closed","ping_status":"closed","template":"","meta":{"_acf_changed":false,"footnotes":""},"categories":[],"tags":[],"class_list":["post-1313","page","type-page","status-publish","hentry"],"acf":[],"publishpress_future_action":{"enabled":false,"date":"1970-01-01 01:00:00","action":"","terms":[],"taxonomy":"","browser_timezone_offset":0},"_links":{"self":[{"href":"https:\/\/semmelweis.hu\/tdk\/wp-json\/wp\/v2\/pages\/1313","targetHints":{"allow":["GET"]}}],"collection":[{"href":"https:\/\/semmelweis.hu\/tdk\/wp-json\/wp\/v2\/pages"}],"about":[{"href":"https:\/\/semmelweis.hu\/tdk\/wp-json\/wp\/v2\/types\/page"}],"author":[{"embeddable":true,"href":"https:\/\/semmelweis.hu\/tdk\/wp-json\/wp\/v2\/users\/158"}],"replies":[{"embeddable":true,"href":"https:\/\/semmelweis.hu\/tdk\/wp-json\/wp\/v2\/comments?post=1313"}],"version-history":[{"count":2,"href":"https:\/\/semmelweis.hu\/tdk\/wp-json\/wp\/v2\/pages\/1313\/revisions"}],"predecessor-version":[{"id":11074,"href":"https:\/\/semmelweis.hu\/tdk\/wp-json\/wp\/v2\/pages\/1313\/revisions\/11074"}],"up":[{"embeddable":true,"href":"https:\/\/semmelweis.hu\/tdk\/wp-json\/wp\/v2\/pages\/4936"}],"wp:attachment":[{"href":"https:\/\/semmelweis.hu\/tdk\/wp-json\/wp\/v2\/media?parent=1313"}],"wp:term":[{"taxonomy":"category","embeddable":true,"href":"https:\/\/semmelweis.hu\/tdk\/wp-json\/wp\/v2\/categories?post=1313"},{"taxonomy":"post_tag","embeddable":true,"href":"https:\/\/semmelweis.hu\/tdk\/wp-json\/wp\/v2\/tags?post=1313"}],"curies":[{"name":"wp","href":"https:\/\/api.w.org\/{rel}","templated":true}]}}