{"id":1301,"date":"2016-07-29T00:00:00","date_gmt":"2016-07-28T22:00:00","guid":{"rendered":"http:\/\/semmelweis.hu\/tdk\/farmakognozia-intezet\/"},"modified":"2024-06-14T14:32:55","modified_gmt":"2024-06-14T12:32:55","slug":"farmakognozia-intezet","status":"publish","type":"page","link":"https:\/\/semmelweis.hu\/tdk\/tdk-temak-es-temavezetok\/gytk\/farmakognozia-intezet\/","title":{"rendered":"Farmakogn\u00f3ziai Int\u00e9zet"},"content":{"rendered":"<h2 style=\"text-align: left\">A Farmakogn\u00f3ziai Int\u00e9zet TDK munkac\u00edmei \u00e9s t\u00e9mavezet\u0151i<\/h2>\n<table width=\"837\">\n<tbody>\n<tr>\n<td width=\"492\"><strong>TDK munka c\u00edme<\/strong><\/td>\n<td width=\"345\"><strong>T\u00e9mavezet\u0151 neve (fokozattal)<\/strong><\/td>\n<\/tr>\n<tr>\n<td>Anyatej oligoszacharidok stabilit\u00e1s vizsg\u00e1lata<\/td>\n<td>Csern\u00e1k Orsolya Zsuzsa, Ph.D.<\/td>\n<\/tr>\n<tr>\n<td>Ashwagandha tartalm\u00fa \u00e9trend-kieg\u00e9sz\u00edt\u0151k vizsg\u00e1lata<\/td>\n<td>Csern\u00e1k Orsolya Zsuzsa, Ph.D.<\/td>\n<\/tr>\n<tr>\n<td>Ginzenozid tartalm\u00fa \u00e9trend-kieg\u00e9sz\u00edt\u0151k vizsg\u00e1lata<\/td>\n<td>Gampe N\u00f3ra, Ph.D.<\/td>\n<\/tr>\n<tr>\n<td>Maclura pomifera fitok\u00e9miai vizsg\u00e1lata<\/td>\n<td>Alberti \u00c1gnes, Ph.D.<\/td>\n<\/tr>\n<tr>\n<td>Kir\u00e1lis vegy\u00fcletek ciklodextrin komplexeinek vizsg\u00e1lata<\/td>\n<td>Fej\u0151s Ida, Ph.D.<\/td>\n<\/tr>\n<tr>\n<td>\u00cdg\u00e9retes n\u00f6v\u00e9nyi komponensek ciklodextrin komplexeinek vizsg\u00e1lata<\/td>\n<td>Fej\u0151s Ida, Ph.D.<\/td>\n<\/tr>\n<\/tbody>\n<\/table>\n","protected":false},"excerpt":{"rendered":"<p>A Farmakogn\u00f3ziai Int\u00e9zet TDK munkac\u00edmei \u00e9s t\u00e9mavezet\u0151i TDK munka c\u00edme T\u00e9mavezet\u0151 neve (fokozattal) Anyatej oligoszacharidok stabilit\u00e1s vizsg\u00e1lata Csern\u00e1k Orsolya Zsuzsa, Ph.D. Ashwagandha tartalm\u00fa \u00e9trend-kieg\u00e9sz\u00edt\u0151k vizsg\u00e1lata Csern\u00e1k Orsolya Zsuzsa, Ph.D. Ginzenozid tartalm\u00fa \u00e9trend-kieg\u00e9sz\u00edt\u0151k vizsg\u00e1lata Gampe N\u00f3ra, Ph.D. Maclura pomifera fitok\u00e9miai vizsg\u00e1lata Alberti \u00c1gnes, Ph.D. Kir\u00e1lis vegy\u00fcletek ciklodextrin komplexeinek vizsg\u00e1lata Fej\u0151s Ida, Ph.D. \u00cdg\u00e9retes n\u00f6v\u00e9nyi komponensek ciklodextrin &hellip;<\/p>\n","protected":false},"author":158,"featured_media":0,"parent":10061,"menu_order":0,"comment_status":"closed","ping_status":"closed","template":"","meta":{"_acf_changed":false,"footnotes":""},"categories":[],"tags":[],"class_list":["post-1301","page","type-page","status-publish","hentry"],"acf":[],"publishpress_future_action":{"enabled":false,"date":"1970-01-01 01:00:00","action":"","terms":[],"taxonomy":"","browser_timezone_offset":0},"_links":{"self":[{"href":"https:\/\/semmelweis.hu\/tdk\/wp-json\/wp\/v2\/pages\/1301","targetHints":{"allow":["GET"]}}],"collection":[{"href":"https:\/\/semmelweis.hu\/tdk\/wp-json\/wp\/v2\/pages"}],"about":[{"href":"https:\/\/semmelweis.hu\/tdk\/wp-json\/wp\/v2\/types\/page"}],"author":[{"embeddable":true,"href":"https:\/\/semmelweis.hu\/tdk\/wp-json\/wp\/v2\/users\/158"}],"replies":[{"embeddable":true,"href":"https:\/\/semmelweis.hu\/tdk\/wp-json\/wp\/v2\/comments?post=1301"}],"version-history":[{"count":10,"href":"https:\/\/semmelweis.hu\/tdk\/wp-json\/wp\/v2\/pages\/1301\/revisions"}],"predecessor-version":[{"id":10631,"href":"https:\/\/semmelweis.hu\/tdk\/wp-json\/wp\/v2\/pages\/1301\/revisions\/10631"}],"up":[{"embeddable":true,"href":"https:\/\/semmelweis.hu\/tdk\/wp-json\/wp\/v2\/pages\/10061"}],"wp:attachment":[{"href":"https:\/\/semmelweis.hu\/tdk\/wp-json\/wp\/v2\/media?parent=1301"}],"wp:term":[{"taxonomy":"category","embeddable":true,"href":"https:\/\/semmelweis.hu\/tdk\/wp-json\/wp\/v2\/categories?post=1301"},{"taxonomy":"post_tag","embeddable":true,"href":"https:\/\/semmelweis.hu\/tdk\/wp-json\/wp\/v2\/tags?post=1301"}],"curies":[{"name":"wp","href":"https:\/\/api.w.org\/{rel}","templated":true}]}}