{"id":1220,"date":"2016-07-29T00:00:00","date_gmt":"2016-07-28T22:00:00","guid":{"rendered":"http:\/\/semmelweis.hu\/tdk\/88-40143\/"},"modified":"2024-08-15T08:57:11","modified_gmt":"2024-08-15T06:57:11","slug":"88-40143","status":"publish","type":"page","link":"https:\/\/semmelweis.hu\/tdk\/en\/conferences\/88-40143\/","title":{"rendered":"Program of Semmelweis International Students\u2019 Conference 2012"},"content":{"rendered":"<p>&nbsp;<\/p>\n<p><span style=\"color: #000000;font-size: large\"><a href=\"document.php?id=5686\"><strong>PROGRAM TABLE<\/strong><\/a><\/span><\/p>\n<p>&nbsp;<\/p>\n<p>&nbsp;<\/p>\n<p><b><span style=\"color: #000000\">16 FEBRUARY 2012 (THURSDAY)<\/span><\/b><\/p>\n<p>&nbsp;<\/p>\n<p><b><span style=\"color: #000000\">8:30-9:30 OPENING CEREMONY \u2013 \u2019TAN\u00c1CSTEREM\u2019<\/span><\/b><\/p>\n<p><span style=\"color: #000000\">&#8211; Opening speech of <i>Prof. Mikl\u00f3s Kellermayer,<\/i> vice-rector for Science, Innovation and International Affairs<\/span><\/p>\n<p><span style=\"color: #000000\">&#8211; Speech of <i>Prof. B\u00e9la Merkely<\/i>, president of Students&#8217; Scientific Association<\/span><\/p>\n<p><span style=\"color: #000000\">&#8211; Lecture of <i>Prof. Elena Vasilievna Lukasheva,<\/i> Department of Biochemistry of the Faculty of Medicine, Peoples\u2019 Friendship University of Russia: <i>\u201e\u0410mino Acid Oxidases: Killers or Healers?\u201d<\/i><\/span><\/p>\n<p>&nbsp;<\/p>\n<p>&nbsp;<\/p>\n<p><b><span style=\"color: #000000\">BASIC SCIENCES I \u2013 \u2019D\u00cdSZP\u00c1HOLY\u2019 10:00-12:15<\/span><\/b><\/p>\n<p><span style=\"color: #000000\">10:00-10:15 Anna Korshunova, Peoples\u2019 Friendship University Of Russia Faculty of Medicine, 6th year<br \/>\nCARDIOMYOCYTE APOPTOSIS AND MORPHOLOGICAL CHANGES OF THE LEFT VENTRICLE IN ACUTE CARDIAC OVERLOAD<\/span><\/p>\n<p><span style=\"color: #000000\">10:15-10:30 Issa Pour-Ghaz, Semmelweis University Faculty of Medicine 4th year, Josef Mansour, Semmelweis University Medicine 4th year<br \/>\nEFFECT OF KNOCKING OUT CYCLOPHILIN D ON AGING MARKERS IN THE MOUSE BRAIN<\/span><\/p>\n<p><span style=\"color: #000000\">10:30-10:45 Lilla Kepes, Semmelweis University Faculty of Medicine 4th year<br \/>\nEFFECT OF KNOCKING OUT CYCLOPHILIN D ON REGION-SPECIFIC DISTRIBUTION OF mGluR1 AND GFAP EXPRESSION IN THE MOUSE BRAIN<\/span><\/p>\n<p><span style=\"color: #000000\">10:45-11:00 Lukac Stefan, Comenius University in Bratislava, Slovakia Faculty of Medicine 2nd year<br \/>\nEFFECTS OF WHOLE BODY CRYOTHERAPY ON CHOSEN PARAMETERS OF CARDIOVASCULAR SYSTEM<\/span><\/p>\n<p><span style=\"color: #000000\">11:00-11:15 BREAK<\/span><\/p>\n<p><span style=\"color: #000000\">11:15-11:30 Ali Vatankhah, Semmelweis University Faculty of Medicine, J\u00f3zsef T\u00edm\u00e1r, Semmelweis University 2nd Department of Pathology<br \/>\nEXPRESSION OF \u0391-SMA IN HEPATIC STELLATE CELLS AS THEIR ACTIVATION BIOMARKER WITH DOWN-REGULATED IMMUNE RESPONSE IN HUMAN HYDATID INFECTION<\/span><\/p>\n<p><span style=\"color: #000000\">11:30-11:45 Monika Nov\u00e1kov\u00e1, Milan Maretta, Pavol Jozef \u0160af\u00e1rik University in Ko\u0161ice Faculty of Medicine 4th year<br \/>\nIMPACT OF PENTOBARBITAL ANAESTHESIA ON CHANGES OF ECG PARAMETERS. CHRONOBIOLOGICAL STUDY<\/span><\/p>\n<p><span style=\"color: #000000\">11:45-12:00 D\u00e1niel Csete, Semmelweis University Faculty of Medicine 6th year<br \/>\nPI3K\u0392 AND PI3K\u0394 REGULATE OSTEOCLAST DEVELOPMENT AND FUNCTION<\/span><\/p>\n<p><span style=\"color: #000000\">12:00-12:15 Pinar Avci, Semmelweis University Faculty of Medicine 6th year<br \/>\nSYPHILIS AS A MAJOR COFACTOR FOR HIV\/AIDS<\/span><\/p>\n<p>&nbsp;<\/p>\n<p>&nbsp;<\/p>\n<p><b><span style=\"color: #000000\">BASIC SCIENCES II, PHARMACEUTICAL AND PHARMACOLOGICAL SCIENCES 12:45-14:45<\/span><\/b><\/p>\n<p><span style=\"color: #000000\">12:45-13:00 Anna Babaeva, Aleksey Mamonov, Peoples\u2019 Friendship University Of Russia Faculty of Medicine 6th year<br \/>\nDEVELOPMENT OF GENERIC TABLETT FORM OF BETAHISTINE<\/span><\/p>\n<p><span style=\"color: #000000\">13:00-13:15 Danilina Ekaterina, Peoples\u2019 Friendship University Of Russia Faculty of Medicine 4th year<br \/>\nDEVELOPMENT OF THE IDENTIFICATION METHOD FOR PROPOLIS<\/span><\/p>\n<p><span style=\"color: #000000\">13:15-13:30 Edina Bernadett Zelei, Semmelweis University Faculty of Medicine 4th year<br \/>\nDIFFERENTIAL REGULATION THE NPY GENE hnRNA AND mRNA LEVELS IN THE HYPOTHALAMUS AND BRAINSTEM IN RESPONSE TO DIFFERENT STRESSORS<\/span><\/p>\n<p><span style=\"color: #000000\">13:30-13:45 Milan Maretta, Monika Nov\u00e1kov\u00e1, University of Pavol Jozef Safarik Faculty of Medicine 4th year<br \/>\nPROTECTIVE EFFECT OF GLUTAMINE PRETREATMENT ON MULTIORGAN INDUCED HISTOPATOLOGICAL INJURY AFTER MESENTERIC ISCHEMIA<\/span><\/p>\n<p><span style=\"color: #000000\">13:45-14:00 BREAK<\/span><\/p>\n<p><span style=\"color: #000000\">14:00-14:15 Tam\u00e1s Jak\u00f3, Semmelweis University Faculty of Pharmacy 5th year<br \/>\nQUANTIFICATION OF ASPARTATE AND GLUTAMATE ENANTIOMERS IN BRAIN MICRODIALYSATES WITH CE-LIF<\/span><\/p>\n<p><span style=\"color: #000000\">14:15-14:30 Basharov Marsel, Peoples\u2019 Friendship University Of Russia Faculty of Medicine 4th year<br \/>\nREGULATION OF REDOX-DEPENDENT GENE EXPRESSION UNDER OF DRUG RESISTANCE OF CANCER CELLS<\/span><\/p>\n<p><span style=\"color: #000000\">14:30-14:45 Madgar Ori, Semmelweis University Faculty of Medicine 5th year<br \/>\nTHE IMPACT OF SUCLA2 MUTATIONS ON MITOCHONDRIAL PHOSPHORYLATION POTENTIAL<\/span><\/p>\n<p>&nbsp;<\/p>\n<p>&nbsp;<\/p>\n<p><b><span style=\"color: #000000\">CLINICAL SCIENCES I \u2013 \u2019SZ6\u2019 10:00-12:30<\/span><\/b><\/p>\n<p><span style=\"color: #000000\">10:00-10:15 Dalma Katalin Banga, University of Medicine and Pharmacy Targu Mures General Medicine 4th year<br \/>\nASSESMENT OF PLAQUE VULNERABILITY USING COMPUTED TOMOGRAPHY CORONAROGRAPHY VERSUS IVUS-VH DERIVED MARKERS<\/span><\/p>\n<p><span style=\"color: #000000\">10:15-10:30 Gillberg Charlie, Uppsala University Faculty of Medicine 5th year<br \/>\nASSOCIATION OF EPICARDIAL ADIPOSE TISSUE WITH CARDIOVASCULAR RISK FACTORS IN AN ASYMPTOMATIC POPULATION<\/span><\/p>\n<p><span style=\"color: #000000\">10:30-10:45 Ren\u00e1ta Czeg\u0151, University of Medicine and Pharmacy Targu Mures General Medicine 4th year<br \/>\nCARDIO CT MULTISLICE 64 FOR IMAGING CORONARY ARTERY MALFORMATIONS AND MYOCARDIAL BRIDGES \u2013 CASUISTRY OF CLINIC OF CARDIOLOGY TARGU-MURES AND<\/span><\/p>\n<p><span style=\"color: #000000\">10:45-11:00 Erik Formanek, Muhemin Mohammed, Semmelweis University General Medicine 5th year<br \/>\nCORONARY CT ANGIOGRAPHY WITH 256-SLICE SCANNER IN PATIENTS WITH ATRIAL FIBRILLATION<\/span><\/p>\n<p><span style=\"color: #000000\">11:00-11:15 \u00c1gnes Anna Csontos, B\u00e1lint Andr\u00e1s Fekete, Semmelweis University General Medicine 5th year<br \/>\nFREE DNA LEVEL IN PATIENTS WITH INFLAMMATORY BOWEL DISEASES<\/span><\/p>\n<p><span style=\"color: #000000\">11:15-11:30 BREAK<\/span><\/p>\n<p><span style=\"color: #000000\">11:30-11:45 Orsolya D\u00f3ra \u00c1cs, Vince Korn\u00e9l Grolmusz, Semmelweis University Faculty of Medicine 6th year<br \/>\nPOLYMORPHISMS OF THE GLUCOCORTICOID RECEPTOR GENE CONTRIBUTE TO MORBITIES OBSERVED IN PATIENTS WITH HORMONALLY INACTIVE ADRENAL ADENOMAS<\/span><\/p>\n<p><span style=\"color: #000000\">11:45-12:00 K\u00e1lm\u00e1n Benke, B\u00e1lint Szilveszter, Semmelweis University Medicine 4th year<br \/>\nRADIATION DOSE ASSOCIATED WITH NON-INVASIVE CORONARY ANGIOGRAPHY PERFORMED WITH 256-SLICE COMPUTED TOMOGRAPHY<\/span><\/p>\n<p><span style=\"color: #000000\">12:00-12:15 Levente Pal Kucserik, University of Medicine and Pharmacy Targu Mures General Medicine 4th year<br \/>\nRESULTS OF INTERVENTIONAL REVASCULARISATION IN POPLITEAL AND TIBIAL LESIONS IN CRITICAL LIMB ISCHEMIA<\/span><\/p>\n<p><span style=\"color: #000000\">12:15-12:30 Attila Kov\u00e1cs, Semmelweis University Faculty of Medicine 6th year<br \/>\nTHE COMPARISON OF STANDARD ECHOCARDIOGRAPHY WITH 2-DIMENSIONAL ULTRASONIC STRAIN MEASUREMENTS IN PATIENTS WITH ACUTE CORONARY SYNDROME<\/span><\/p>\n<p>&nbsp;<\/p>\n<p>&nbsp;<\/p>\n<p><b><span style=\"color: #000000\">CLINICAL SCIENCES II \u2013 \u2019D\u00cdSZP\u00c1HOLY\u2019 15:15-17:45<\/span><\/b><\/p>\n<p><span style=\"color: #000000\">15:15-15:30 Elena Radzinskaya, A.L. Karasev, M.S. Zastrozhin, Peoples\u2019 Friendship University Of Russia Faculty of Medicine 6th year and 4th year<br \/>\nAFFECTIVE DISORDER AS PART OF WITHDRAWAL SYNDROM IN YOUNG PEOPLE SUFFERING FROM COMPUTER ADDICTION, SEVERAL WEEKS AFTER CESSATION OF GAME PLAY<\/span><\/p>\n<p><span style=\"color: #000000\">15:30-15:45 B\u00e1lint Andr\u00e1s Fekete, \u00c1gnes Anna Csontos, Semmelweis University Medicine 5th year<br \/>\nINCREASED INTESTINAL PERMEABILITY IN BOTH DERMATITIS HERPETIFORMIS AND CELIAC DISEASE<\/span><\/p>\n<p><span style=\"color: #000000\">15:45-16:00 Enik\u0151 Bir\u00f3, Semmelweis University Faculty of Medicine 1st year<br \/>\nINVESTIGATION OF A NOVEL THERAPEUTIC APPROACH IN MULTIPLE SCLEROSIS<\/span><\/p>\n<p><span style=\"color: #000000\">16:00-16:15 Darya Kochanova, I.S.Budushkina, Peoples\u2019 Friendship University Of Russia Faculty of Medicine 6th year<br \/>\nNOSOCOMIAL OUTBREAK OF RESPIRATORY SYNCYTIAL VIRUS INFECTION IN PREMATURE INFANTS AND INFANTS WITH BRONCHOPULMONARY DYSPLASIA<\/span><\/p>\n<p><span style=\"color: #000000\">16:15-16:30 Valerie Langlois-Carbonneau, Mcgill University Faculty of Medicine 2nd year<br \/>\nORGANISATION OF TIMELY PRIMARY CARE IN PREGNANCY AND FOR CHILDREN 0-5 YEARS OF AGE IN QUEBEC, CANADA<\/span><\/p>\n<p><span style=\"color: #000000\">16:30-16:45 BREAK<\/span><\/p>\n<p><span style=\"color: #000000\">16:45-17:00 Marina Teterina, A.S. Pisaryuk, Peoples\u2019 Friendship University Of Russia Faculty of Medicine 6th year<br \/>\nRESPIRATORY MYCOPLASMOSIS, \u0421HLAMYDOPHILOSIS AND CHILDRENS\u2019 BRONCHIAL ASTHMA<\/span><\/p>\n<p><span style=\"color: #000000\">17:00-17:15 Vince Korn\u00e9l Grolmusz, Semmelweis University Faculty of Medicine 6th year<br \/>\nROLE OF THE C385A SINGLE NUCLEOTIDE POLYMORPHISM OF FATTY ACID AMIDE HYDROLASE GENE IN PATIENTS WITH POLYCYSTIC OVARY SYNDROME<\/span><\/p>\n<p><span style=\"color: #000000\">17:15-17:30 Nadav Pam, Semmelweis University Faculty of Medicine 6th year<br \/>\nTHERAPEUTIC EFFECT OF LOW DOSE GELATIN AS A DIETARY SUPPLEMENT FOR FEMALE HAIR LOSS AND FINGERNAILS DISORDERS<\/span><\/p>\n<p><span style=\"color: #000000\">17:30-17:45 Pinar Avci, Semmelweis University Faculty of Medicine 6th year<br \/>\nVITAMIN D AND SKIN CANCER<\/span><\/p>\n<p>&nbsp;<\/p>\n<p>&nbsp;<\/p>\n<p><b><span style=\"color: #000000\">CLINICAL SCIENCES III, SPORT SCIENCES \u2013 \u2019SZ6\u2019 13:00-15:30<\/span><\/b><\/p>\n<p><span style=\"color: #000000\">13:00-13:15 Giampetro Granatelli, Giovanni Linari, Rome Tor Vergata School of Sport and Exercise Sciences, Faculty of Medicine and Surgery<br \/>\nANALYSIS OF THE RELATIONSHIP BETWEEN TECHNICAL, TACTICAL AND KINEMATIC PARAMETERS ON THE HIGHEST LEVEL RUGBY PLAYER<\/span><\/p>\n<p><span style=\"color: #000000\">13:15-13:30 Markus Keim, Anastasia Petrova, Peoples\u2019 Friendship University Of Russia Faculty of Medicine 3rd year 4th year<br \/>\nETHNICITY AND MIND-BODY INTERACTIONS IN FUNCTIONAL CARDIORESPIRATORY DISORDERS<\/span><\/p>\n<p><span style=\"color: #000000\">13:30-13:45 Lilla Zalai, Semmelweis University Faculty of Physical Education and Sport Sciences 3rd year<br \/>\nEXERCISE INTENSITY INFLUENCES THE BRAIN FUNCTION OF AGED FEMALE RATS<\/span><\/p>\n<p><span style=\"color: #000000\">13:45-14:00 Giorgia Collu, University of Cagliari Sciences of Sports 2nd year<br \/>\nFOUR WEEKS HYDRO BIKE TRAINING FOR TRIATHLETES<\/span><\/p>\n<p><span style=\"color: #000000\">14:00-14:15 D\u00f3ra K\u0151halmi, Semmelweis University Faculty of Medicine 6th year<br \/>\nFUNCTIONAL CAPACITY IN PATIENTS WITH COMPLEX CONGENITAL HEART DISEASE: CORRELATION BETWEEN SELF REPORTED AND EXERCISE TESTS DATA<\/span><\/p>\n<p><span style=\"color: #000000\">14:15-14:30 BREAK<\/span><\/p>\n<p><span style=\"color: #000000\">14:30-14:45 Endre G\u00e1ti, Anna Wyszoczky, Semmelweis University Faculty of Medicine 5th year<br \/>\nINVESTIGATION OF THE ARTERIAL VARIATIONS IN THE UPPER ABDOMINAL REGION WITH SPECIAL REGARD TO THE BLOOD SUPPLY OF THE PANCREAS<\/span><\/p>\n<p><span style=\"color: #000000\">14:45-15:00 Damj\u00e1n Pekli, Istv\u00e1n Bodonyi, Semmelweis University Faculty of Medicine 6th year and 5th year<br \/>\nLIVER REGENERATION AFTER PORTAL VEIN LIGATION<\/span><\/p>\n<p><span style=\"color: #000000\">15:00-15:15 Vitaliy Kretsu, V.N.Kretsu, PFUR Faculty of Medicine 5th year<br \/>\nNON-INVASIVE VALIDATION OF AN OSCILLOMETRIC DEVICE BpLab\u00ae FOR CENTRAL BLOOD PRESSURE AND ARTERIAL STIFFNESS MEASUREMENT<\/span><\/p>\n<p><span style=\"color: #000000\">15:15-15:30 Johnny Padulo, Stefano Vando, University of Rome Faculty of Medicine and Surgery<br \/>\nTRAINING IN SLOPE FOR MARATHON RUNNERS<\/span><\/p>\n<p>&nbsp;<\/p>\n<p>&nbsp;<\/p>\n<p>&nbsp;<\/p>\n<p><b><span style=\"color: #000000\">19:30- CLOSING CEREMONY, BANQUET \u2013 \u2019TAN\u00c1CSTEREM\u2019<\/span><\/b><\/p>\n","protected":false},"excerpt":{"rendered":"<p>&nbsp; <a href=\"document.php?id=5686\">PROGRAM TABLE<\/a> &nbsp; &nbsp; 16 FEBRUARY 2012 (THURSDAY) &nbsp; 8:30-9:30 OPENING CEREMONY \u2013 \u2019TAN\u00c1CSTEREM\u2019 &#8211; Opening speech of Prof. Mikl\u00f3s Kellermayer, vice-rector for Science, Innovation and International Affairs &#8211; Speech of Prof. B\u00e9la Merkely, president of Students&#8217; Scientific Association &#8211; Lecture of Prof. Elena Vasilievna Lukasheva, Department of Biochemistry of the Faculty of Medicine, Peoples\u2019 Friendship &hellip;<\/p>\n","protected":false},"author":158,"featured_media":0,"parent":4936,"menu_order":0,"comment_status":"closed","ping_status":"closed","template":"","meta":{"_acf_changed":false,"footnotes":""},"categories":[],"tags":[],"class_list":["post-1220","page","type-page","status-publish","hentry"],"acf":[],"publishpress_future_action":{"enabled":false,"date":"1970-01-01 01:00:00","action":"","terms":[],"taxonomy":"","browser_timezone_offset":0},"_links":{"self":[{"href":"https:\/\/semmelweis.hu\/tdk\/wp-json\/wp\/v2\/pages\/1220","targetHints":{"allow":["GET"]}}],"collection":[{"href":"https:\/\/semmelweis.hu\/tdk\/wp-json\/wp\/v2\/pages"}],"about":[{"href":"https:\/\/semmelweis.hu\/tdk\/wp-json\/wp\/v2\/types\/page"}],"author":[{"embeddable":true,"href":"https:\/\/semmelweis.hu\/tdk\/wp-json\/wp\/v2\/users\/158"}],"replies":[{"embeddable":true,"href":"https:\/\/semmelweis.hu\/tdk\/wp-json\/wp\/v2\/comments?post=1220"}],"version-history":[{"count":2,"href":"https:\/\/semmelweis.hu\/tdk\/wp-json\/wp\/v2\/pages\/1220\/revisions"}],"predecessor-version":[{"id":11083,"href":"https:\/\/semmelweis.hu\/tdk\/wp-json\/wp\/v2\/pages\/1220\/revisions\/11083"}],"up":[{"embeddable":true,"href":"https:\/\/semmelweis.hu\/tdk\/wp-json\/wp\/v2\/pages\/4936"}],"wp:attachment":[{"href":"https:\/\/semmelweis.hu\/tdk\/wp-json\/wp\/v2\/media?parent=1220"}],"wp:term":[{"taxonomy":"category","embeddable":true,"href":"https:\/\/semmelweis.hu\/tdk\/wp-json\/wp\/v2\/categories?post=1220"},{"taxonomy":"post_tag","embeddable":true,"href":"https:\/\/semmelweis.hu\/tdk\/wp-json\/wp\/v2\/tags?post=1220"}],"curies":[{"name":"wp","href":"https:\/\/api.w.org\/{rel}","templated":true}]}}