{"id":1219,"date":"2016-07-29T00:00:00","date_gmt":"2016-07-28T22:00:00","guid":{"rendered":"http:\/\/semmelweis.hu\/tdk\/88-40142\/"},"modified":"2024-08-15T09:02:55","modified_gmt":"2024-08-15T07:02:55","slug":"88-40142","status":"publish","type":"page","link":"https:\/\/semmelweis.hu\/tdk\/en\/conferences\/88-40142\/","title":{"rendered":"Scientific committees of the Semmelweis International Students\u2019 Conference"},"content":{"rendered":"<p><b><span style=\"color: #000000\">Basic Sciences I<\/span><\/b><\/p>\n<p><span style=\"color: #000000\"><i>President:<\/i> \u00c1kos Koller MD, professor, Department of Pathophysiology<\/span><\/p>\n<p><i><span style=\"color: #000000\">Members:<\/span><\/i><\/p>\n<p><span style=\"color: #000000\">P\u00e9ter Hamar MD, senior lecturer, Department of Pathophysiology<\/span><\/p>\n<p><span style=\"color: #000000\">Orsolya L\u00e1ng MD, senior lecturer, Department of Genetics, Cell- and Immunobiology<\/span><\/p>\n<p>&nbsp;<\/p>\n<p><b><span style=\"color: #000000\">Basic Sciences II, Pharmaceutical and Pharmacological Sciences<\/span><\/b><\/p>\n<p><span style=\"color: #000000\"><i>President:<\/i> Zolt\u00e1n Beny\u00f3 MD, professor, head of department, Clinical Research Department and Department of Human Physiology<\/span><\/p>\n<p><i><span style=\"color: #000000\">Members:<\/span><\/i><\/p>\n<p><span style=\"color: #000000\">G\u00e1bor Sirokm\u00e1ny MD, research fellow, Department of Physiology<\/span><\/p>\n<p><span style=\"color: #000000\">Attila Marosi PharmD, PhD-student, Department of Pharmaceutical Chemistry<\/span><\/p>\n<p>&nbsp;<\/p>\n<p><b><span style=\"color: #000000\">Clinical Sciences I<\/span><\/b><\/p>\n<p><span style=\"color: #000000\"><i>President:<\/i> P\u00e9ter Kempler MD, professor, I. Department of Internal Medicine<\/span><\/p>\n<p><i><span style=\"color: #000000\">Members:<\/span><\/i><\/p>\n<p><span style=\"color: #000000\">G\u00e1bor B\u00edr\u00f3 MD, senior lecturer, Department of Vascular Surgery<\/span><\/p>\n<p><span style=\"color: #000000\">G\u00e1bor Sz\u00e9plaki MD, clinician, Department of Cardiology<\/span><\/p>\n<p>&nbsp;<\/p>\n<p><b><span style=\"color: #000000\">Clinical Sciences II<\/span><\/b><\/p>\n<p><span style=\"color: #000000\"><i>President: <\/i>Gy\u00f6rgy Reusz MD, professor, I. Department of Pediatrics<\/span><\/p>\n<p><i><span style=\"color: #000000\">Members:<\/span><\/i><\/p>\n<p><span style=\"color: #000000\">J\u00e1nos R\u00e9thelyi MD, senior lecturer, Department of Psychiatry and Psychotherapy<\/span><\/p>\n<p><span style=\"color: #000000\">P\u00e1l So\u00f3s MD, assistant professor, Department of Cardiology<\/span><\/p>\n<p>&nbsp;<\/p>\n<p><b><span style=\"color: #000000\">Clinical Sciences III, Sport Sciences<\/span><\/b><\/p>\n<p><span style=\"color: #000000\"><i>President:<\/i> Zsolt Rad\u00e1k professor, vice dean, head of department, Research Institute for Sport Sciences<\/span><\/p>\n<p><i><span style=\"color: #000000\">Members:<\/span><\/i><\/p>\n<p><span style=\"color: #000000\">Andrea Ferencz MD, associate professor, Department of Experimental and Clinical Surgery<\/span><\/p>\n<p><span style=\"color: #000000\">Tam\u00e1s Radovits MD, clinician, Department of Cardiology<\/span><\/p>\n","protected":false},"excerpt":{"rendered":"<p>Basic Sciences I President: \u00c1kos Koller MD, professor, Department of Pathophysiology Members: P\u00e9ter Hamar MD, senior lecturer, Department of Pathophysiology Orsolya L\u00e1ng MD, senior lecturer, Department of Genetics, Cell- and Immunobiology &nbsp; Basic Sciences II, Pharmaceutical and Pharmacological Sciences President: Zolt\u00e1n Beny\u00f3 MD, professor, head of department, Clinical Research Department and Department of Human Physiology &hellip;<\/p>\n","protected":false},"author":158,"featured_media":0,"parent":4936,"menu_order":0,"comment_status":"closed","ping_status":"closed","template":"","meta":{"_acf_changed":false,"footnotes":""},"categories":[],"tags":[],"class_list":["post-1219","page","type-page","status-publish","hentry"],"acf":[],"publishpress_future_action":{"enabled":false,"date":"1970-01-01 01:00:00","action":"","terms":[],"taxonomy":"","browser_timezone_offset":0},"_links":{"self":[{"href":"https:\/\/semmelweis.hu\/tdk\/wp-json\/wp\/v2\/pages\/1219","targetHints":{"allow":["GET"]}}],"collection":[{"href":"https:\/\/semmelweis.hu\/tdk\/wp-json\/wp\/v2\/pages"}],"about":[{"href":"https:\/\/semmelweis.hu\/tdk\/wp-json\/wp\/v2\/types\/page"}],"author":[{"embeddable":true,"href":"https:\/\/semmelweis.hu\/tdk\/wp-json\/wp\/v2\/users\/158"}],"replies":[{"embeddable":true,"href":"https:\/\/semmelweis.hu\/tdk\/wp-json\/wp\/v2\/comments?post=1219"}],"version-history":[{"count":2,"href":"https:\/\/semmelweis.hu\/tdk\/wp-json\/wp\/v2\/pages\/1219\/revisions"}],"predecessor-version":[{"id":11087,"href":"https:\/\/semmelweis.hu\/tdk\/wp-json\/wp\/v2\/pages\/1219\/revisions\/11087"}],"up":[{"embeddable":true,"href":"https:\/\/semmelweis.hu\/tdk\/wp-json\/wp\/v2\/pages\/4936"}],"wp:attachment":[{"href":"https:\/\/semmelweis.hu\/tdk\/wp-json\/wp\/v2\/media?parent=1219"}],"wp:term":[{"taxonomy":"category","embeddable":true,"href":"https:\/\/semmelweis.hu\/tdk\/wp-json\/wp\/v2\/categories?post=1219"},{"taxonomy":"post_tag","embeddable":true,"href":"https:\/\/semmelweis.hu\/tdk\/wp-json\/wp\/v2\/tags?post=1219"}],"curies":[{"name":"wp","href":"https:\/\/api.w.org\/{rel}","templated":true}]}}