{"id":1216,"date":"2016-07-29T00:00:00","date_gmt":"2016-07-28T22:00:00","guid":{"rendered":"http:\/\/semmelweis.hu\/tdk\/88-39702\/"},"modified":"2024-05-09T08:18:17","modified_gmt":"2024-05-09T06:18:17","slug":"88-39702","status":"publish","type":"page","link":"https:\/\/semmelweis.hu\/tdk\/palyazatok\/88-39702\/","title":{"rendered":"P\u00e1ly\u00e1zati felh\u00edv\u00e1s a Peoples\u2019 Friendship University of Russia 2012. \u00e9vi TDK-konferenci\u00e1j\u00e1ra"},"content":{"rendered":"\n<p>A Peoples&#8217; Friendship University of Russia megh\u00edvta egyetem\u00fcnket soron k\u00f6vetkez\u0151 TDK-konferenci\u00e1j\u00e1ra, melyet 2012. \u00e1prilis 18-21-\u00e9n rendeznek Moszkv\u00e1ban.<\/p>\n<p>A konferencia elnevez\u00e9se: <strong>IV International Scientific-practical conference of young scientists &#8222;Clinical and Theoretical Aspects of Modern Medicine&#8221;.<\/strong><\/p>\n<p>\u00a0<\/p>\n<p><span> <\/p>\n<p><span><font color=\"#000000\">A konferenci\u00e1ra beny\u00fajtott p\u00e1ly\u00e1zatokat a Semmelweis Egyetem Tudom\u00e1nyos Di\u00e1kk\u00f6ri Tan\u00e1csa \u00e9rt\u00e9kelte, ennek eredm\u00e9nyek\u00e9nt a moszkvai konferenci\u00e1n a k\u00f6vetkez\u0151 hallgat\u00f3k tarthatnak el\u0151ad\u00e1st (a be\u00e9rkezett p\u00e1ly\u00e1zatok kar szerinti megoszl\u00e1sa miatt az \u00c1OK-r\u00f3l 10, a GYTK-r\u00f3l 2 f\u0151 utazhat):<\/font><\/span><\/p>\n<p><span><font color=\"#000000\"> <\/font><\/span><\/p>\n<ul>\n<li>\n<div class=\"MsoNormal\"><span><font color=\"#000000\">Csete D\u00e1niel \u00c1OK VI.<\/font><\/span><\/div>\n<li>\n<div class=\"MsoNormal\"><span><font color=\"#000000\">Gara Edit \u00c1OK VI.<\/font><\/span><\/div>\n<li>\n<div class=\"MsoNormal\"><span><font color=\"#000000\">Herczeg Kata \u00c1OK VI.<\/font><\/span><\/div>\n<li>\n<div class=\"MsoNormal\"><span><font color=\"#000000\">Herczeg R\u00e9ka \u00c1OK V.<\/font><\/span><\/div>\n<li>\n<div class=\"MsoNormal\"><span><font color=\"#000000\">Horv\u00e1th N. Orsolya \u00c1OK V.<\/font><\/span><\/div>\n<li>\n<div class=\"MsoNormal\"><span><font color=\"#000000\">Kruk Emese \u00c1OK V.<\/font><\/span><\/div>\n<li>\n<div class=\"MsoNormal\"><span><font color=\"#000000\">Nemes Zolt\u00e1n GYTK V.<\/font><\/span><\/div>\n<li>\n<div class=\"MsoNormal\"><span><font color=\"#000000\">N\u00e9meth Bal\u00e1zs Tam\u00e1s \u00c1OK V.<\/font><\/span><\/div>\n<li>\n<div class=\"MsoNormal\"><span><font color=\"#000000\">Orosz \u00c1d\u00e1m GYTK IV.<\/font><\/span><\/div>\n<li>\n<div class=\"MsoNormal\"><span><font color=\"#000000\">Tur\u00f3czi Zsolt \u00c1OK VI.<\/font><\/span><\/div>\n<li>\n<div class=\"MsoNormal\"><span><font color=\"#000000\">Kiss Loretta<\/font><\/span><\/div>\n<li>\n<div class=\"MsoNormal\"><span><font color=\"#000000\">Nagy Eszter<\/font><\/span><\/div>\n<\/li>\n<\/ul>\n<p><span><font color=\"#000000\"> <\/font><\/span><\/p>\n<p><span><font color=\"#000000\">A TDT \u00e9s a szervez\u0151k gratul\u00e1lnak a sz\u00e9p teljes\u00edtm\u00e9nyhez.<\/font><\/span><\/p>\n<p><\/span><span> <\/p>\n<hr>\n<p><font color=\"#000000\"> <\/font>A p\u00e1ly\u00e1zat nyerteseinek a Tudom\u00e1nyos Di\u00e1kk\u00f6ri Tan\u00e1cs biztos\u00edtja a kiutaz\u00e1s k\u00f6lts\u00e9geit. A sz\u00e1ll\u00e1st \u00e9s \u00e9tkeztet\u00e9st vend\u00e9gl\u00e1t\u00f3ink fedezik.<\/p>\n<p><\/span><\/p>\n<p><span>C\u00e9lunk a k\u00e9t egyetem k\u00f6z\u00f6tti bilater\u00e1lis kapcsolat l\u00e9trehoz\u00e1sa, amely mag\u00e1ba foglalja a ny\u00e1ri gyakorlatok k\u00f6lcs\u00f6n\u00f6s szervez\u00e9s\u00e9t, a TDK-konferenci\u00e1kon val\u00f3 r\u00e9szv\u00e9telt, cserekapcsolatokat \u00e9s minden egy\u00e9b kezdem\u00e9nyez\u00e9st, amely el\u0151seg\u00edti az egyetemek k\u00f6z\u00f6tti akt\u00edv partnerkapcsolat kialak\u00edt\u00e1s\u00e1t.<\/span><\/p>\n<p><span> <\/span><\/p>\n<p><b><span>P\u00e1ly\u00e1zati felt\u00e9telek:<\/span><\/b><\/p>\n<ul>\n<li>\n<div class=\"MsoNormal\"><span>akt\u00edv hallgat\u00f3i jogviszony a Semmelweis Egyetem \u00c1ltal\u00e1nos Orvostudom\u00e1nyi-, Fogorvostudom\u00e1nyi vagy Gy\u00f3gyszer\u00e9sztudom\u00e1nyi Kar\u00e1n<\/span><\/div>\n<li>\n<div class=\"MsoNormal\"><span>a p\u00e1ly\u00e1z\u00f3 a 2012. \u00e9vi SE TDK konferenci\u00e1n I.-II.-III. helyez\u00e9st \u00e9rt el<\/span><\/div>\n<li>\n<div class=\"MsoNormal\"><span>legal\u00e1bb k\u00f6z\u00e9pfok\u00fa angol nyelvvizsga.<\/span><\/div>\n<\/li>\n<\/ul>\n<p><span> <\/span><\/p>\n<p><b><span>Beny\u00fajtand\u00f3 dokumentumok:<\/span><\/b><\/p>\n<ul>\n<li>\n<div class=\"MsoNormal\"><span>kit\u00f6lt\u00f6tt p\u00e1ly\u00e1zati <a href=\"document.php?id=5622\">adatlap<\/a><\/span><\/div>\n<li>\n<div class=\"MsoNormal\"><span>angol nyelv\u0171 absztrakt (<a href=\"http:\/\/www.science4health.org\/konferentsiya-2012\/iv-mezhdunarodnaya-nauchno-prakticheskaya-konferentsiya-molodyh-uchenyh-v-rudn.html\">formai k\u00f6vetelm\u00e9nyek \u00e9s egy\u00e9b hasznos inform\u00e1ci\u00f3k<\/a>)<\/span><\/div>\n<li>\n<div class=\"MsoNormal\"><span>motiv\u00e1ci\u00f3s lev\u00e9l, melyben a p\u00e1ly\u00e1z\u00f3 r\u00e9szletezi egy bilater\u00e1lis kapcsolat kialak\u00edt\u00e1s\u00e1nak terveit<\/span><\/div>\n<li>\n<div class=\"MsoNormal\"><span>megjelent, illetve k\u00f6zl\u00e9sre elfogadott tudom\u00e1nyos k\u00f6zlem\u00e9nyek, konferenci\u00e1kon tartott el\u0151ad\u00e1sok, ki\u00e1ll\u00edtott poszterek list\u00e1ja \u00e9s eredm\u00e9nyei (helyez\u00e9sek, dics\u00e9retek, d\u00edjak stb.)<\/span><\/div>\n<li>\n<div class=\"MsoNormal\"><span>hallgat\u00f3i jogviszony igazol\u00e1sa<\/span><\/div>\n<li>\n<div class=\"MsoNormal\"><span>a lez\u00e1rt f\u00e9l\u00e9vek indexm\u00e1solata<\/span><\/div>\n<li>\n<div class=\"MsoNormal\"><span>az angol \u00e1llami nyelvvizsga bizony\u00edtv\u00e1ny m\u00e1solata.<\/span><\/div>\n<\/li>\n<\/ul>\n<p><span> <\/span><\/p>\n<p><b><span>A p\u00e1ly\u00e1zat beny\u00fajt\u00e1si hat\u00e1rideje: 2012. m\u00e1rcius 8. (cs\u00fct\u00f6rt\u00f6k) 16 \u00f3ra.<\/span><\/b><\/p>\n<p><span> <\/span><\/p>\n<p><b><span>A p\u00e1ly\u00e1zatok beny\u00fajt\u00e1s\u00e1nak m\u00f3dja:<\/span><\/b><\/p>\n<p><span>Szem\u00e9lyesen Szil\u00e1gyi Edit koordin\u00e1tor r\u00e9sz\u00e9re (c\u00edm: Nagyv\u00e1rad t\u00e9ri Elm\u00e9leti T\u00f6mb, 1089 Budapest, Nagyv\u00e1rad t\u00e9r 4. fszt. 4.).<\/span><\/p>\n<p><span>K\u00e9rj\u00fck, az adatlapot \u00e9s az angol nyelv\u0171 absztraktot elektronikus \u00faton is k\u00fcldj\u00e9k be a semmelweis.tdk@gmail.com e-mail c\u00edmre.<\/span><\/p>\n<p><span> <\/span><\/p>\n<p><span>A Tudom\u00e1nyos Di\u00e1kk\u00f6ri Tan\u00e1cs d\u00f6nt\u00e9se alapj\u00e1n a p\u00e1ly\u00e1zatot a jelentkez\u00e9sek sz\u00e1m\u00e1t\u00f3l f\u00fcgg\u0151en 8-10 f\u0151 nyerheti el.<\/span><\/p>\n<p><span> <\/span><\/p>\n<p><b><span>Eredm\u00e9nyhirdet\u00e9s: 2012. m\u00e1rcius 14. (szerda)<\/span><\/b><\/p>\n<p><span> <\/span><\/p>\n<p><span>Budapest, 2011. janu\u00e1r 4.<\/span><\/p>\n<p><span> <\/span><\/p>\n<p><span>Dr. Merkely B\u00e9la<\/span><\/p>\n<p><span>tszv. egyetemi tan\u00e1r<\/span><\/p>\n<p><span>a TDT eln\u00f6ke<\/span><\/p>\n","protected":false},"excerpt":{"rendered":"<p>A Peoples&#8217; Friendship University of Russia megh\u00edvta egyetem\u00fcnket soron k\u00f6vetkez\u0151 TDK-konferenci\u00e1j\u00e1ra, melyet 2012. \u00e1prilis 18-21-\u00e9n rendeznek Moszkv\u00e1ban. A konferencia elnevez\u00e9se: IV International Scientific-practical conference of young scientists &#8222;Clinical and Theoretical Aspects of Modern Medicine&#8221;. \u00a0 A konferenci\u00e1ra beny\u00fajtott p\u00e1ly\u00e1zatokat a Semmelweis Egyetem Tudom\u00e1nyos Di\u00e1kk\u00f6ri Tan\u00e1csa \u00e9rt\u00e9kelte, ennek eredm\u00e9nyek\u00e9nt a moszkvai konferenci\u00e1n a k\u00f6vetkez\u0151 hallgat\u00f3k tarthatnak &hellip;<\/p>\n","protected":false},"author":158,"featured_media":0,"parent":1146,"menu_order":0,"comment_status":"closed","ping_status":"closed","template":"","meta":{"_acf_changed":false,"footnotes":""},"categories":[],"tags":[],"class_list":["post-1216","page","type-page","status-publish","hentry"],"acf":[],"publishpress_future_action":{"enabled":false,"date":"1970-01-01 01:00:00","action":"","terms":[],"taxonomy":"","browser_timezone_offset":0},"_links":{"self":[{"href":"https:\/\/semmelweis.hu\/tdk\/wp-json\/wp\/v2\/pages\/1216","targetHints":{"allow":["GET"]}}],"collection":[{"href":"https:\/\/semmelweis.hu\/tdk\/wp-json\/wp\/v2\/pages"}],"about":[{"href":"https:\/\/semmelweis.hu\/tdk\/wp-json\/wp\/v2\/types\/page"}],"author":[{"embeddable":true,"href":"https:\/\/semmelweis.hu\/tdk\/wp-json\/wp\/v2\/users\/158"}],"replies":[{"embeddable":true,"href":"https:\/\/semmelweis.hu\/tdk\/wp-json\/wp\/v2\/comments?post=1216"}],"version-history":[{"count":1,"href":"https:\/\/semmelweis.hu\/tdk\/wp-json\/wp\/v2\/pages\/1216\/revisions"}],"predecessor-version":[{"id":10183,"href":"https:\/\/semmelweis.hu\/tdk\/wp-json\/wp\/v2\/pages\/1216\/revisions\/10183"}],"up":[{"embeddable":true,"href":"https:\/\/semmelweis.hu\/tdk\/wp-json\/wp\/v2\/pages\/1146"}],"wp:attachment":[{"href":"https:\/\/semmelweis.hu\/tdk\/wp-json\/wp\/v2\/media?parent=1216"}],"wp:term":[{"taxonomy":"category","embeddable":true,"href":"https:\/\/semmelweis.hu\/tdk\/wp-json\/wp\/v2\/categories?post=1216"},{"taxonomy":"post_tag","embeddable":true,"href":"https:\/\/semmelweis.hu\/tdk\/wp-json\/wp\/v2\/tags?post=1216"}],"curies":[{"name":"wp","href":"https:\/\/api.w.org\/{rel}","templated":true}]}}