{"id":1212,"date":"2016-07-29T00:00:00","date_gmt":"2016-07-28T22:00:00","guid":{"rendered":"http:\/\/semmelweis.hu\/tdk\/88-38963\/"},"modified":"2024-05-08T15:14:47","modified_gmt":"2024-05-08T13:14:47","slug":"88-38963","status":"publish","type":"page","link":"https:\/\/semmelweis.hu\/tdk\/tudomanyos-diakkori-konferenciak\/orszagos-tdk-konferencia\/korabbi-otdk-konferenciak\/otdk\/88-38963\/","title":{"rendered":"A XXX. Jubileumi OTDK Eml\u00e9k\u00e9rem kit\u00fcntetettjei"},"content":{"rendered":"\n<p><p><span><font color=\"#000000\">A XXX. Jubileumi Orsz\u00e1gos Tudom\u00e1nyos Di\u00e1kk\u00f6ri Konferencia alkalm\u00e1b\u00f3l az Orsz\u00e1gos Tudom\u00e1nyos Di\u00e1kk\u00f6ri Tan\u00e1cs Eln\u00f6ks\u00e9ge megalap\u00edtotta a XXX. Jubileumi OTDK Eml\u00e9k\u00e9rem kit\u00fcntet\u00e9st a di\u00e1ktudom\u00e1nyos tev\u00e9kenys\u00e9get t\u00e1mogat\u00f3, abban kiemelked\u0151 eredm\u00e9nyeket el\u00e9r\u0151 tudom\u00e1nyos, fels\u0151oktat\u00e1si \u00e9s k\u00f6z\u00e9leti szerepl\u0151k elismer\u00e9s\u00e9re.<\/font><\/span><\/p>\n<p><span> <\/p>\n<p><span><font color=\"#000000\">A kit\u00fcntet\u00e9s oda\u00edt\u00e9l\u00e9se sor\u00e1n az OTDT szakmai bizotts\u00e1gai \u00f6sszesen 140 kit\u00fcntetett szem\u00e9ly\u00e9re tehettek javaslatot, amelyet az OTDT Eln\u00f6ks\u00e9ge hagyott j\u00f3v\u00e1. Ugyanezen alkalommal d\u00f6nt\u00f6tt az Eln\u00f6ks\u00e9g a saj\u00e1t hat\u00e1sk\u00f6r\u00e9be tartoz\u00f3 60 kit\u00fcntet\u00e9s oda\u00edt\u00e9l\u00e9s\u00e9r\u0151l.<\/font><\/span><\/p>\n<p><\/span><\/p>\n<table class=\"MsoTableGrid\" cellspacing=\"0\" cellpadding=\"0\" border=\"1\">\n<tr>\n<td width=\"547\" colspan=\"3\">\n<p><b><span>A XXX. Jubileumi OTDK Eml\u00e9k\u00e9rem kit\u00fcntetettjei<\/span><\/b><b><span><\/span><\/b><\/p>\n<\/td>\n<\/tr>\n<tr>\n<td width=\"151\">\n<p><b><span>Prof. Dr. Beny\u00f3 Zolt\u00e1n<\/span><\/b><span><\/span><\/p>\n<\/td>\n<td width=\"192\">\n<p><span>int\u00e9zetigazgat\u00f3 egyetemi tan\u00e1r, az MTA doktora<\/span><\/p>\n<\/td>\n<td width=\"204\">\n<p><span>SE \u00c1OK Klinikai K\u00eds\u00e9rleti Kutat\u00f3- \u00e9s Hum\u00e1n \u00c9lettani Int\u00e9zet<\/span><span><\/span><\/p>\n<\/td>\n<\/tr>\n<tr>\n<td width=\"151\">\n<p><b><span>Dr. Bogn\u00e1r J\u00f3zsef<\/span><\/b><span><\/span><\/p>\n<\/td>\n<td width=\"192\">\n<p><span>tszv. egyetemi docens<\/span><span><\/span><\/p>\n<\/td>\n<td width=\"204\">\n<p><span>SE TSK<\/span><span><font color=\"#000000\"> <span>Testnevel\u00e9s-elm\u00e9let \u00e9s Pedag\u00f3gia Tansz\u00e9k<\/span><\/font><\/span><\/p>\n<\/td>\n<\/tr>\n<tr>\n<td width=\"151\">\n<p><b><span>Prof. Dr. Csermely P\u00e9ter<\/span><\/b><\/p>\n<\/td>\n<td width=\"192\">\n<p><span><font color=\"#000000\">a Nemzeti Tehets\u00e9gseg\u00edt\u0151 Tan\u00e1cs<span> eln\u00f6ke<\/span><\/font><\/span><\/p>\n<p><span>egyetemi tan\u00e1r, az MTA doktora<b><\/b><\/span><\/p>\n<\/td>\n<td width=\"204\">\n<p><span><font color=\"#000000\">SE \u00c1OK <span>Orvosi Vegytani, Molekul\u00e1ris Biol\u00f3giai \u00e9s Patobiok\u00e9miai Int\u00e9zet<\/span><\/font><\/span><\/p>\n<\/td>\n<\/tr>\n<tr>\n<td width=\"151\">\n<p><b><span>Prof. Dr. Feh\u00e9r Erzs\u00e9bet<\/span><\/b><span><\/span><\/p>\n<\/td>\n<td width=\"192\">\n<p><span>egyetemi tan\u00e1r, az MTA doktora<\/span><\/p>\n<\/td>\n<td width=\"204\">\n<p><span>SE \u00c1OK Anat\u00f3miai, Sz\u00f6vet- \u00e9s Fejl\u0151d\u00e9stani Int\u00e9zet<\/span><span><\/span><\/p>\n<\/td>\n<\/tr>\n<tr>\n<td width=\"151\">\n<p><b><span><font color=\"#000000\">Dr. <span>Kov\u00e1cs Katalin<\/span><\/font><\/span><\/b><\/p>\n<\/td>\n<td width=\"192\">\n<p><span>egyetemi docens<b><\/b><\/span><\/p>\n<\/td>\n<td width=\"204\">\n<p><span>SE TSK Sportj\u00e1t\u00e9k Tansz\u00e9k<\/span><span><\/span><\/p>\n<\/td>\n<\/tr>\n<tr>\n<td width=\"151\">\n<p><b><span>Prof. Dr. Merkely B\u00e9la<\/span><\/b><b><span><\/span><\/b><\/p>\n<\/td>\n<td width=\"192\">\n<p><span>tszv. egyetemi tan\u00e1r, az MTA doktora<\/span><\/p>\n<p><span>a TDT eln\u00f6ke<b><\/b><\/span><\/p>\n<\/td>\n<td width=\"204\">\n<p><span>SE \u00c1OK Kardiol\u00f3giai K\u00f6zpont<\/span><\/p>\n<\/td>\n<\/tr>\n<tr>\n<td width=\"151\">\n<p><b><span><font color=\"#000000\">Prof. Dr. <span>Sp\u00e4t Andr\u00e1s<\/span><\/font><\/span><\/b><\/p>\n<\/td>\n<td width=\"192\">\n<p><span>professor emeritus, az MTA rendes tagja<b><\/b><\/span><\/p>\n<\/td>\n<td width=\"204\">\n<p><span>SE \u00c1OK \u00c9lettani Int\u00e9zet<\/span><\/p>\n<\/td>\n<\/tr>\n<tr>\n<td width=\"151\">\n<p><b><span><font color=\"#000000\">Prof. Dr. <span>Tihanyi J\u00f3zsef<\/span><\/font><\/span><\/b><\/p>\n<\/td>\n<td width=\"192\">\n<p><span>tszv. egyetemi tan\u00e1r, az MTA doktora<b><\/b><\/span><\/p>\n<\/td>\n<td width=\"204\">\n<p><span>SE TSK Sportorvosi \u00e9s Kineziol\u00f3giai Int\u00e9zet<\/span><\/p>\n<\/td>\n<\/tr>\n<\/table>\n<p><span><font color=\"#000000\">A Tudom\u00e1nyos Di\u00e1kk\u00f6ri Tan\u00e1cs sz\u00edvb\u0151l gratul\u00e1l a d\u00edjazottaknak.<\/font><\/span><\/p>\n","protected":false},"excerpt":{"rendered":"<p>A XXX. Jubileumi Orsz\u00e1gos Tudom\u00e1nyos Di\u00e1kk\u00f6ri Konferencia alkalm\u00e1b\u00f3l az Orsz\u00e1gos Tudom\u00e1nyos Di\u00e1kk\u00f6ri Tan\u00e1cs Eln\u00f6ks\u00e9ge megalap\u00edtotta a XXX. Jubileumi OTDK Eml\u00e9k\u00e9rem kit\u00fcntet\u00e9st a di\u00e1ktudom\u00e1nyos tev\u00e9kenys\u00e9get t\u00e1mogat\u00f3, abban kiemelked\u0151 eredm\u00e9nyeket el\u00e9r\u0151 tudom\u00e1nyos, fels\u0151oktat\u00e1si \u00e9s k\u00f6z\u00e9leti szerepl\u0151k elismer\u00e9s\u00e9re. A kit\u00fcntet\u00e9s oda\u00edt\u00e9l\u00e9se sor\u00e1n az OTDT szakmai bizotts\u00e1gai \u00f6sszesen 140 kit\u00fcntetett szem\u00e9ly\u00e9re tehettek javaslatot, amelyet az OTDT Eln\u00f6ks\u00e9ge hagyott j\u00f3v\u00e1. &hellip;<\/p>\n","protected":false},"author":158,"featured_media":0,"parent":2626,"menu_order":1,"comment_status":"closed","ping_status":"closed","template":"","meta":{"_acf_changed":false,"footnotes":""},"categories":[],"tags":[],"class_list":["post-1212","page","type-page","status-publish","hentry"],"acf":[],"publishpress_future_action":{"enabled":false,"date":"1970-01-01 01:00:00","action":"","terms":[],"taxonomy":"","browser_timezone_offset":0},"_links":{"self":[{"href":"https:\/\/semmelweis.hu\/tdk\/wp-json\/wp\/v2\/pages\/1212","targetHints":{"allow":["GET"]}}],"collection":[{"href":"https:\/\/semmelweis.hu\/tdk\/wp-json\/wp\/v2\/pages"}],"about":[{"href":"https:\/\/semmelweis.hu\/tdk\/wp-json\/wp\/v2\/types\/page"}],"author":[{"embeddable":true,"href":"https:\/\/semmelweis.hu\/tdk\/wp-json\/wp\/v2\/users\/158"}],"replies":[{"embeddable":true,"href":"https:\/\/semmelweis.hu\/tdk\/wp-json\/wp\/v2\/comments?post=1212"}],"version-history":[{"count":1,"href":"https:\/\/semmelweis.hu\/tdk\/wp-json\/wp\/v2\/pages\/1212\/revisions"}],"predecessor-version":[{"id":10140,"href":"https:\/\/semmelweis.hu\/tdk\/wp-json\/wp\/v2\/pages\/1212\/revisions\/10140"}],"up":[{"embeddable":true,"href":"https:\/\/semmelweis.hu\/tdk\/wp-json\/wp\/v2\/pages\/2626"}],"wp:attachment":[{"href":"https:\/\/semmelweis.hu\/tdk\/wp-json\/wp\/v2\/media?parent=1212"}],"wp:term":[{"taxonomy":"category","embeddable":true,"href":"https:\/\/semmelweis.hu\/tdk\/wp-json\/wp\/v2\/categories?post=1212"},{"taxonomy":"post_tag","embeddable":true,"href":"https:\/\/semmelweis.hu\/tdk\/wp-json\/wp\/v2\/tags?post=1212"}],"curies":[{"name":"wp","href":"https:\/\/api.w.org\/{rel}","templated":true}]}}