{"id":1184,"date":"2019-06-10T00:00:00","date_gmt":"2019-06-09T22:00:00","guid":{"rendered":"http:\/\/semmelweis.hu\/tdk\/88-24596\/"},"modified":"2026-03-05T21:53:05","modified_gmt":"2026-03-05T20:53:05","slug":"rektori-palyazat","status":"publish","type":"page","link":"https:\/\/semmelweis.hu\/tdk\/rektori-palyazat\/","title":{"rendered":"Rektori p\u00e1lyamunka"},"content":{"rendered":"<div class=\"keretes w-100\">\n<p>A Semmelweis Egyetem a kiv\u00e1l\u00f3 k\u00e9pess\u00e9g\u0171 hallgat\u00f3i sz\u00e1m\u00e1ra \u00f6n\u00e1ll\u00f3 kutat\u00f3munk\u00e1juk el\u0151mozd\u00edt\u00e1s\u00e1ra minden tan\u00e9vben <strong>rektori p\u00e1lyat\u00e9teleket<\/strong> \u00edr ki, amelyekre az egyetem gradu\u00e1lis \u00e9s posztgradu\u00e1lis oktat\u00e1s\u00e1ban r\u00e9szt vev\u0151, az Egyetemmel \u2013 a rektori p\u00e1lyamunka beny\u00fajt\u00e1sakor \u2013 hallgat\u00f3i jogviszonnyal rendelkez\u0151, tov\u00e1bb\u00e1 az egyetemen Tudom\u00e1nyos Di\u00e1kk\u00f6r tags\u00e1ggal \u00e9s annak \u00e9rv\u00e9nyes regisztr\u00e1ci\u00f3j\u00e1val rendelkez\u0151 hallgat\u00f3ja p\u00e1ly\u00e1zhat.<\/p>\n<p><strong>Az I., II. \u00e9s III. d\u00edjas rektori p\u00e1lyamunk\u00e1k p\u00e9nzjutalomban r\u00e9szes\u00fclnek.<\/strong> A p\u00e9nzjutalom m\u00e9rt\u00e9k\u00e9t a rektor hat\u00e1rozza meg, \u00e9s teszi k\u00f6zz\u00e9 a p\u00e1lyat\u00e9telek meghirdet\u00e9sekor. A p\u00e1lyamunk\u00e1k d\u00edjait minden \u00e9vben a TDK konferenci\u00e1n a rektor adja \u00e1t. A d\u00edjaz\u00e1s \u00e9s a dics\u00e9ret t\u00e9ny\u00e9t a karok d\u00e9k\u00e1ni hivatala\/tanulm\u00e1nyi oszt\u00e1lya a nyertes hallgat\u00f3k index\u00e9ben \u00e9s a diploma mell\u00e9klet\u00e9ben r\u00f6gz\u00edtik.\u00a0<\/p>\n<\/div>\n<p>&nbsp;<\/p>\n<p>A hallgat\u00f3k <strong>okt\u00f3ber 15-ig<\/strong> adhatj\u00e1k le p\u00e1lyamunk\u00e1jukat a t\u00e9m\u00e1t ki\u00edr\u00f3 int\u00e9zetn\u00e9l k\u00e9t p\u00e9ld\u00e1nyban: az egyik pap\u00edralap\u00fa; a m\u00e1sik pedig vagy pendrive-ra ki\u00edrt, vagy a <a href=\"mailto:rektoripalyazat@semmelweis.hu\">rektoripalyazat@semmelweis.hu<\/a> c\u00edmre elk\u00fcld\u00f6tt elektronikus pdf form\u00e1tumban, n\u00e9vvel ell\u00e1tott v\u00e1ltozat (ha elk\u00fcldte a hallgat\u00f3 e-mailen, csak a pap\u00edralap\u00fa p\u00e1lyam\u0171vet kell leadni).<\/p>\n<p>Az <strong>int\u00e9zeteknek\/klinik\u00e1knak<\/strong> a beny\u00fajtott p\u00e1lyamunka <strong>k\u00e9t p\u00e9ld\u00e1ny\u00e1t<\/strong> (ha elk\u00fcldte a hallgat\u00f3 a megadott email c\u00edmre, akkor csak a pap\u00edralap\u00fa p\u00e9ld\u00e1nyt) valamint a javaslatot tartalmaz\u00f3 b\u00edr\u00e1lati lapot <strong>november 15-ig<\/strong> kell megk\u00fcldeni\u00fck a Rektori P\u00e1lyamunka \u00c9rt\u00e9kel\u0151 Bizotts\u00e1gnak (eln\u00f6ke: Prof. Dr. T\u00edm\u00e1r J\u00f3zsef egyetemi tan\u00e1r; <strong>helyileg: M\u00e1rton Em\u0151ke nev\u00e9re, 1082 Budapest, \u00dcll\u0151i \u00fat 78. Seb\u00e9szeti, Transzplant\u00e1ci\u00f3s \u00e9s Gasztroenterol\u00f3giai Klinika, igazgat\u00f3i titk\u00e1rs\u00e1g<\/strong>)<\/p>\n<p>&nbsp;<\/p>\n<p><strong>A 2025\/2026-os tan\u00e9vben beny\u00fajtott Rektori p\u00e1lyamunk\u00e1k eredm\u00e9nyei az <a href=\"https:\/\/semmelweis.hu\/tdk\/files\/2026\/03\/Rektori_eredmenyek-_2025_HONLAPRA.pdf\" target=\"_blank\" rel=\"noopener\">al\u00e1bbi linken<\/a> \u00e9rhet\u0151ek el!<\/strong><\/p>\n<p>&nbsp;<\/p>\n<h4><strong>Kapcsolat:<\/strong><\/h4>\n<p style=\"padding-left: 40px\">M\u00e1rton Em\u0151ke\u00a0 +36 20 825 0680;\u00a0 <br \/>\n<a href=\"mailto:marton.emoke@semmelweis.hu\">marton.emoke@semmelweis.hu<\/a><\/p>\n<p><strong>A rektori p\u00e1lyamunk\u00e1k d\u00edjait a Bizotts\u00e1g javaslat\u00e1t figyelembe v\u00e9ve a rektor minden \u00e9v december 15-ig hagyja j\u00f3v\u00e1.<\/strong><\/p>\n<h4><strong>Meghirdetett t\u00e9m\u00e1k\u00a0<\/strong><\/h4>\n<p style=\"padding-left: 40px\"><a class=\"btn btn-secondary\" href=\"https:\/\/semmelweis.hu\/tdk\/rektori-palyazat\/rektori-palyazat-meghirdetett-temak\/\" target=\"null\" rel=\"noopener\">aktu\u00e1lis t\u00e9m\u00e1K \u2192<\/a><\/p>\n<h4><strong>Szab\u00e1lyzat<\/strong><\/h4>\n<p><strong>Az elb\u00edr\u00e1l\u00e1s tov\u00e1bbi felt\u00e9telei megtal\u00e1lhat\u00f3ak az al\u00e1bbi szab\u00e1lyzatban:\u00a0<\/strong><br \/>\n<strong><u><a href=\"https:\/\/semmelweis.hu\/jogigfoig\/dokumentumtar\/szabalyzattar\/hallgatoi-kituntetesekrol-szolo-szabalyzat\/\" target=\"_blank\" rel=\"noopener\">Semmelweis Egyetem szab\u00e1lyzata a hallgat\u00f3i kit\u00fcntet\u00e9sekr\u0151l<\/a><\/u><br \/>\n<span style=\"color: #ff0000\">K\u00e9rj\u00fck a nyomtatv\u00e1nyokat elektronikusan kit\u00f6lteni! \/ Please fill out the forms electronically!<\/span><\/strong><\/p>\n<h5 style=\"padding-left: 40px\">A szab\u00e1lyzat mell\u00e9kletei, az 1_sz \u00e9s a 4_sz friss\u00edtve lett (magyarul):\u00a0<\/h5>\n<ul>\n<li style=\"list-style-type: none\">\n<ul style=\"list-style-type: square\">\n<li style=\"list-style-type: none\">\n<ul style=\"list-style-type: square\">\n<li style=\"list-style-type: none\">\n<ul style=\"list-style-type: square\">\n<li><a href=\"https:\/\/semmelweis.hu\/tdk\/files\/2025\/10\/1_sz_melleklet_Rektori-Palyamunka-ADATLAP-1.docx\" target=\"_blank\" rel=\"noopener\">1_sz_melleklet_Rektori P\u00e1lyamunka &#8211; ADATLAP<\/a><\/li>\n<li><a href=\"https:\/\/semmelweis.hu\/tdk\/files\/2023\/10\/2_sz_melleklet_Rektori_palyamunka_Egyezosegi_nyilatkozat-1_kesz.docx\">2_sz_melleklet_REKTORI P\u00c1LYAMUNKA &#8211; EGYEZ\u0150S\u00c9GI NYILATKOZAT<\/a><\/li>\n<li><a href=\"https:\/\/semmelweis.hu\/tdk\/files\/2023\/10\/3_sz_melleklet_Az_onallo_kutatomunka_vegzesere_vonatkozo_nyilatkozat_kesz.docx\">3_sz_melleklet_\u00d6N\u00c1LL\u00d3 KUTAT\u00d3MUNKA V\u00c9GZ\u00c9SRE VONATKOZ\u00d3 NYILATKOZAT<\/a><\/li>\n<li><a href=\"https:\/\/semmelweis.hu\/tdk\/files\/2025\/10\/4_sz_melleklet_Rektori-palyamunka-BIRALATI-LAP.docx\" target=\"_blank\" rel=\"noopener\">4_sz_melleklet_Rektori p\u00e1lyamunka &#8211; B\u00cdR\u00c1LATI LAP<\/a><\/li>\n<\/ul>\n<\/li>\n<\/ul>\n<\/li>\n<\/ul>\n<\/li>\n<\/ul>\n<h5 style=\"padding-left: 40px\">Appendices (English):<\/h5>\n<ul>\n<li style=\"list-style-type: none\">\n<ul style=\"list-style-type: square\">\n<li><a href=\"https:\/\/semmelweis.hu\/tdk\/files\/2025\/10\/Appendix_1_Rectoral-Application_Data-Form_Final_R2.docx\" target=\"_blank\" rel=\"noopener\">Appendix 1 Rectoral Application &#8211; Data Form<\/a><\/li>\n<li><a href=\"https:\/\/semmelweis.hu\/tdk\/files\/2025\/09\/Appendix_2_Rectoral-Application-Declaration-of-consistency.docx\" target=\"_blank\" rel=\"noopener\">Appendix 2 Rectoral Application &#8211; Declaration of consistency<\/a><\/li>\n<li><a href=\"https:\/\/semmelweis.hu\/tdk\/files\/2025\/09\/Appendix_3_Declaration-regarding-the-conduct-of-independent-research.docx\" target=\"_blank\" rel=\"noopener\">Appendix 3 Rectoral Application &#8211; Declaration regarding the conduct of independent research<\/a><\/li>\n<li><a href=\"https:\/\/semmelweis.hu\/tdk\/files\/2025\/09\/Appendix_4__Rectoral-Thesis-Evaluation-Form.docx\" target=\"_blank\" rel=\"noopener\">Appendix 4 Rectoral Application &#8211; Rectoral Thesis-Evaluation Form<\/a><\/li>\n<\/ul>\n<\/li>\n<\/ul>\n<h4><strong>Szakdolgozatk\u00e9nt val\u00f3 elfogadtat\u00e1s<\/strong><\/h4>\n<p>A d\u00edjjal jutalmazott rektori p\u00e1lyamunk\u00e1kat a t\u00e9ma szerint illet\u00e9kes oktat\u00e1si-kutat\u00e1si szervezeti egys\u00e9g vezet\u0151j\u00e9nek javaslata alapj\u00e1n a d\u00e9k\u00e1n jeles b\u00edr\u00e1lati javaslat\u00fa <em>Hallgat\u00f3i kit\u00fcntet\u00e9sekr\u0151l<\/em> sz\u00f3l\u00f3 szab\u00e1lyzat szakdolgozatnak fogadhatja el, amennyiben ezt a hallgat\u00f3 a tanulm\u00e1nyi oszt\u00e1lyon beny\u00fajtott k\u00e9rv\u00e9nyben k\u00e9ri.<\/p>\n<h5 style=\"padding-left: 40px\">Let\u00f6lthet\u0151 k\u00e9rv\u00e9ny:<\/h5>\n<ul>\n<li style=\"list-style-type: none\">\n<ul style=\"list-style-type: square\">\n<li><a href=\"https:\/\/semmelweis.hu\/tdk\/files\/2022\/01\/Rektori-palyamunka-elfogadasa-szakdolgozatkent-1-5.doc\">&#8222;Rektori p\u00e1lyamunka elfogad\u00e1sa szakdolgozatk\u00e9nt&#8221; c\u00edm\u0171 nyomtatv\u00e1ny itt el\u00e9rhet\u0151_\u00c1OK<\/a><\/li>\n<li><a href=\"https:\/\/semmelweis.hu\/tdk\/files\/2026\/01\/7.-sz.-melleklet.docx\">&#8222;Rektori p\u00e1lyamunka elfogad\u00e1sa szakdolgozatk\u00e9nt&#8221; c\u00edm\u0171 nyomtatv\u00e1ny itt el\u00e9rhet\u0151_FOK<\/a><\/li>\n<li><a href=\"https:\/\/semmelweis.hu\/tdk\/files\/2023\/10\/rektori-pm-szd.pdf\">&#8222;Rektori p\u00e1lyamunka elfogad\u00e1sa szakdolgozatk\u00e9nt&#8221; c\u00edm\u0171 nyomtatv\u00e1ny itt el\u00e9rhet\u0151_ETK<\/a><\/li>\n<li><a href=\"https:\/\/semmelweis.hu\/tdk\/files\/2023\/11\/Kerelem-Diplomamunka-keszites-aloli-mentesseg-rektori-palyamunka-GYTK.docx\">K\u00e9relem diplomamunka k\u00e9sz\u00edt\u00e9s al\u00f3li mentess\u00e9g_rektori p\u00e1lyamunka_GYTK<\/a><\/li>\n<li><a href=\"https:\/\/semmelweis.hu\/tdk\/files\/2023\/11\/Kerelem_Diplomamunka_keszites_aloli_mentesseg_tudomanyos_cikk_GYTK.docx\">K\u00e9relem diplomamunka kesz\u00edt\u00e9s al\u00f3li mentesseg_tudom\u00e1nyos cikk_GYTK<\/a><\/li>\n<\/ul>\n<\/li>\n<\/ul>\n<h4><strong>Kor\u00e1bbi \u00e9vek eredm\u00e9nyei<\/strong><\/h4>\n<p><a href=\"https:\/\/semmelweis.hu\/tdk\/rektori-palyazatok-nyertesei\/\">A kor\u00e1bbi \u00e9vek eredm\u00e9nyei \u2192<\/a><\/p>\n<p>&nbsp;<\/p>\n","protected":false},"excerpt":{"rendered":"<p>A Semmelweis Egyetem a kiv\u00e1l\u00f3 k\u00e9pess\u00e9g\u0171 hallgat\u00f3i sz\u00e1m\u00e1ra \u00f6n\u00e1ll\u00f3 kutat\u00f3munk\u00e1juk el\u0151mozd\u00edt\u00e1s\u00e1ra minden tan\u00e9vben rektori p\u00e1lyat\u00e9teleket \u00edr ki, amelyekre az egyetem gradu\u00e1lis \u00e9s posztgradu\u00e1lis oktat\u00e1s\u00e1ban r\u00e9szt vev\u0151, az Egyetemmel \u2013 a rektori p\u00e1lyamunka beny\u00fajt\u00e1sakor \u2013 hallgat\u00f3i jogviszonnyal rendelkez\u0151, tov\u00e1bb\u00e1 az egyetemen Tudom\u00e1nyos Di\u00e1kk\u00f6r tags\u00e1ggal \u00e9s annak \u00e9rv\u00e9nyes regisztr\u00e1ci\u00f3j\u00e1val rendelkez\u0151 hallgat\u00f3ja p\u00e1ly\u00e1zhat. Az I., II. \u00e9s III. &hellip;<\/p>\n","protected":false},"author":158,"featured_media":0,"parent":0,"menu_order":3,"comment_status":"closed","ping_status":"closed","template":"template-fullwidth.php","meta":{"_acf_changed":false,"footnotes":""},"categories":[],"tags":[],"class_list":["post-1184","page","type-page","status-publish","hentry"],"acf":[],"publishpress_future_action":{"enabled":false,"date":"1970-01-01 01:00:00","action":"","terms":[],"taxonomy":"","browser_timezone_offset":0},"_links":{"self":[{"href":"https:\/\/semmelweis.hu\/tdk\/wp-json\/wp\/v2\/pages\/1184","targetHints":{"allow":["GET"]}}],"collection":[{"href":"https:\/\/semmelweis.hu\/tdk\/wp-json\/wp\/v2\/pages"}],"about":[{"href":"https:\/\/semmelweis.hu\/tdk\/wp-json\/wp\/v2\/types\/page"}],"author":[{"embeddable":true,"href":"https:\/\/semmelweis.hu\/tdk\/wp-json\/wp\/v2\/users\/158"}],"replies":[{"embeddable":true,"href":"https:\/\/semmelweis.hu\/tdk\/wp-json\/wp\/v2\/comments?post=1184"}],"version-history":[{"count":18,"href":"https:\/\/semmelweis.hu\/tdk\/wp-json\/wp\/v2\/pages\/1184\/revisions"}],"predecessor-version":[{"id":12008,"href":"https:\/\/semmelweis.hu\/tdk\/wp-json\/wp\/v2\/pages\/1184\/revisions\/12008"}],"wp:attachment":[{"href":"https:\/\/semmelweis.hu\/tdk\/wp-json\/wp\/v2\/media?parent=1184"}],"wp:term":[{"taxonomy":"category","embeddable":true,"href":"https:\/\/semmelweis.hu\/tdk\/wp-json\/wp\/v2\/categories?post=1184"},{"taxonomy":"post_tag","embeddable":true,"href":"https:\/\/semmelweis.hu\/tdk\/wp-json\/wp\/v2\/tags?post=1184"}],"curies":[{"name":"wp","href":"https:\/\/api.w.org\/{rel}","templated":true}]}}