{"id":11620,"date":"2025-08-28T11:14:00","date_gmt":"2025-08-28T09:14:00","guid":{"rendered":"https:\/\/semmelweis.hu\/tdk\/?page_id=11620"},"modified":"2025-08-28T11:18:25","modified_gmt":"2025-08-28T09:18:25","slug":"megelozo-orvostani-es-nepegeszsegtani-intezet-2","status":"publish","type":"page","link":"https:\/\/semmelweis.hu\/tdk\/rektori-palyazat\/rektori-palyazat-meghirdetett-temak\/megelozo-orvostani-es-nepegeszsegtani-intezet-2\/","title":{"rendered":"Megel\u0151z\u0151 Orvostani \u00e9s N\u00e9peg\u00e9szs\u00e9gtani Int\u00e9zet"},"content":{"rendered":"<p><strong>Rektori p\u00e1lyamunka 2025\/2026 Tan\u00e9v<\/strong><\/p>\n<ul>\n<li>A k\u00f6zponti idegrendszeri mikrocirkul\u00e1ci\u00f3s \u00e1llapot \u00e9s a motoros-kognit\u00edv teljes\u00edt\u0151k\u00e9pess\u00e9g \u00f6sszef\u00fcgg\u00e9seinek vizsg\u00e1lata a Semmelweis Study k\u00f6z\u00e9pkor\u00fa r\u00e9sztvev\u0151iben<strong><br \/>\nT\u00e9mavezet\u0151k: <\/strong>dr. Lip\u00e9cz \u00c1gnes, dr. Cs\u00edp\u0151 Tam\u00e1s<\/li>\n<li>Egy k\u00f6z\u00e9piskolai kort\u00e1rs eg\u00e9szs\u00e9gnevel\u0151 program eredm\u00e9nyess\u00e9g\u00e9nek vizsg\u00e1lata<br \/>\n<strong>T\u00e9mavezet\u0151: <\/strong>dr. \u00c1rva Dorottya<\/li>\n<\/ul>\n","protected":false},"excerpt":{"rendered":"<p>Rektori p\u00e1lyamunka 2025\/2026 Tan\u00e9v<\/p>\n<p>A k\u00f6zponti idegrendszeri mikrocirkul\u00e1ci\u00f3s \u00e1llapot \u00e9s a motoros-kognit\u00edv teljes\u00edt\u0151k\u00e9pess\u00e9g \u00f6sszef\u00fcgg\u00e9seinek vizsg\u00e1lata a Semmelweis Study k\u00f6z\u00e9pkor\u00fa r\u00e9sztvev\u0151iben<br \/>\nT\u00e9mavezet\u0151k: dr. Lip\u00e9cz \u00c1gnes, dr. Cs\u00edp\u0151 Tam\u00e1s<br \/>\nEgy k\u00f6z\u00e9piskolai kort\u00e1rs eg\u00e9szs\u00e9gnevel\u0151 program eredm\u00e9nyess\u00e9g\u00e9nek vizsg\u00e1lata<br \/>\nT\u00e9mavezet\u0151: dr. \u00c1rva Dorottya<\/p>\n","protected":false},"author":102498,"featured_media":0,"parent":9092,"menu_order":0,"comment_status":"closed","ping_status":"closed","template":"","meta":{"_acf_changed":false,"footnotes":""},"categories":[],"tags":[99],"class_list":["post-11620","page","type-page","status-publish","hentry","tag-aok-rektori-palyazat"],"acf":[],"publishpress_future_action":{"enabled":false,"date":"1970-01-01 01:00:00","action":"","terms":[],"taxonomy":"","browser_timezone_offset":0},"_links":{"self":[{"href":"https:\/\/semmelweis.hu\/tdk\/wp-json\/wp\/v2\/pages\/11620","targetHints":{"allow":["GET"]}}],"collection":[{"href":"https:\/\/semmelweis.hu\/tdk\/wp-json\/wp\/v2\/pages"}],"about":[{"href":"https:\/\/semmelweis.hu\/tdk\/wp-json\/wp\/v2\/types\/page"}],"author":[{"embeddable":true,"href":"https:\/\/semmelweis.hu\/tdk\/wp-json\/wp\/v2\/users\/102498"}],"replies":[{"embeddable":true,"href":"https:\/\/semmelweis.hu\/tdk\/wp-json\/wp\/v2\/comments?post=11620"}],"version-history":[{"count":2,"href":"https:\/\/semmelweis.hu\/tdk\/wp-json\/wp\/v2\/pages\/11620\/revisions"}],"predecessor-version":[{"id":11624,"href":"https:\/\/semmelweis.hu\/tdk\/wp-json\/wp\/v2\/pages\/11620\/revisions\/11624"}],"up":[{"embeddable":true,"href":"https:\/\/semmelweis.hu\/tdk\/wp-json\/wp\/v2\/pages\/9092"}],"wp:attachment":[{"href":"https:\/\/semmelweis.hu\/tdk\/wp-json\/wp\/v2\/media?parent=11620"}],"wp:term":[{"taxonomy":"category","embeddable":true,"href":"https:\/\/semmelweis.hu\/tdk\/wp-json\/wp\/v2\/categories?post=11620"},{"taxonomy":"post_tag","embeddable":true,"href":"https:\/\/semmelweis.hu\/tdk\/wp-json\/wp\/v2\/tags?post=11620"}],"curies":[{"name":"wp","href":"https:\/\/api.w.org\/{rel}","templated":true}]}}