{"id":11613,"date":"2025-08-27T13:54:11","date_gmt":"2025-08-27T11:54:11","guid":{"rendered":"https:\/\/semmelweis.hu\/tdk\/?page_id=11613"},"modified":"2025-08-27T14:18:29","modified_gmt":"2025-08-27T12:18:29","slug":"eszak-pesti-centrumkorhaz-honvedkorhaz-kozponti-aneszteziologiai-es-intenziv-terapias-osztaly","status":"publish","type":"page","link":"https:\/\/semmelweis.hu\/tdk\/tdk-temak-es-temavezetok\/kulso-intezetek\/eszak-pesti-centrumkorhaz-honvedkorhaz-kozponti-aneszteziologiai-es-intenziv-terapias-osztaly\/","title":{"rendered":"\u00c9szak-Pesti Centrumk\u00f3rh\u00e1z &#8211; Honv\u00e9dk\u00f3rh\u00e1z K\u00f6zponti Aneszteziol\u00f3giai \u00e9s Intenz\u00edv Ter\u00e1pi\u00e1s Oszt\u00e1ly"},"content":{"rendered":"<h3>Rektori p\u00e1lyamunk\u00e1k 2025\/2026-os Tan\u00e9v<\/h3>\n<ul>\n<li><strong>dr. Krist\u00e1ly Christopher<\/strong><br \/>\nAlv\u00e1sm\u00e9lys\u00e9g monitoriz\u00e1l\u00e1sa az anaszt\u00e9zi\u00e1ban, az el\u00e9rhet\u0151 monitorok \u00e1ltal mutatott \u00e9rt\u00e9kek \u00f6sszehasonl\u00edt\u00e1sa, a k\u00f6lts\u00e9ghat\u00e9konys\u00e1g szempontjai<\/li>\n<li><strong>dr. Kopitk\u00f3 Csaba<\/strong><br \/>\nFrequencer (akusztikus hull\u00e1mgener\u00e1tor) szerepe \u00e9s\u00a0 hasznoss\u00e1ga a v\u00e1lad\u00e9kmobiliz\u00e1ciban, l\u00e9legeztetett \u00e9s spont\u00e1n l\u00e9gz\u0151 betegekn\u00e9l<br \/>\nHipovol\u00e9mi\u00e1s index klinikai hasznoss\u00e1g\u00e1nak valid\u00e1l\u00e1sa intenz\u00edv oszt\u00e1lyon kezelt betegekn\u00e9l<\/li>\n<li><strong>dr. P\u00e9ter \u00c1d\u00e1m<\/strong><br \/>\nKiterjesztett l\u00e9gz\u00e9smonitoriz\u00e1l\u00e1s az intenz\u00edv oszt\u00e1lyon, a mellkasi impedanci\u00e1b\u00f3l \u00e9s a t\u00fcd\u0151ultrahangb\u00f3l nyerhet\u0151 inform\u00e1ci\u00f3k \u00f6sszehasonl\u00edt\u00e1sa<br \/>\nPatient blood management: elekt\u00edv m\u0171t\u00e9tekre k\u00e9sz\u00fcl\u0151 anaemi\u00e1s betegek vasp\u00f3tl\u00e1s\u00e1nak illetve intraoperat\u00edv v\u00e9rment\u00e9si elj\u00e1r\u00e1sok haszn\u00e1lat\u00e1nak hat\u00e1sa a betegkimeneteli \u00e9s v\u00e9rfelhaszn\u00e1l\u00e1si adatokra<\/li>\n<li><strong>dr. Polg\u00e1r L\u00edvia<\/strong><br \/>\n&#8222;S\u00falyos s\u00e9r\u00fclt team&#8221;, illetve a teamszem\u00e9let oktat\u00e1s\u00e1nak hat\u00e1sa a s\u00e9r\u00fcltfogad\u00e1s hat\u00e9konys\u00e1g\u00e1ra, a betegbiztons\u00e1gra<br \/>\nMassz\u00edv transzf\u00fazi\u00f3s protokoll alkalmaz\u00e1sa egy tercier politrauma ell\u00e1t\u00f3 int\u00e9zm\u00e9nyben<\/li>\n<li><strong>dr. R\u00e1cz Roz\u00e1lia<\/strong><br \/>\nAortadissectio ell\u00e1t\u00e1sa k\u00f6zben alkalmazott alv\u00e1sm\u00e9lys\u00e9g monitoriz\u00e1l\u00e1s, az alv\u00e1sm\u00e9lys\u00e9g alapj\u00e1n vezetett aneszt\u00e9zia hat\u00e1sa a posztoperat\u00edv del\u00edriumra<\/li>\n<li><strong>dr. Szalay-Frank T\u00fcnde<\/strong><br \/>\nMellkasfali blokkok hat\u00e1sa a l\u00e9gz\u00e9sfunkci\u00f3s param\u00e9terekre sz\u00edvseb\u00e9szeti m\u0171t\u00e9teket k\u00f6vet\u0151en<br \/>\nAnesztetikumok hat\u00e1sa a posztoperat\u00edv del\u00edriumra, sz\u00edvseb\u00e9szeti m\u0171t\u00e9teket k\u00f6vet\u0151en<\/li>\n<li><strong>dr. Z\u00e1vorszky L\u0151rinc<\/strong><br \/>\nPCR alap\u00fa beteg\u00e1gy melletti tesztek szerepe az infekt\u00edv k\u00f3rk\u00e9pek inici\u00e1lis antibiotikum kezel\u00e9s\u00e9ben<br \/>\nUltrahanggal vizsg\u00e1lt v\u00e9n\u00e1s pang\u00e1s felm\u00e9r\u00e9se s\u00falyos \u00e9gett betegek ell\u00e1t\u00e1sa sor\u00e1n<\/li>\n<\/ul>\n<p>&nbsp;<\/p>\n","protected":false},"excerpt":{"rendered":"<p>Rektori p\u00e1lyamunk\u00e1k 2025\/2026-os Tan\u00e9v dr. Krist\u00e1ly Christopher Alv\u00e1sm\u00e9lys\u00e9g monitoriz\u00e1l\u00e1sa az anaszt\u00e9zi\u00e1ban, az el\u00e9rhet\u0151 monitorok \u00e1ltal mutatott \u00e9rt\u00e9kek \u00f6sszehasonl\u00edt\u00e1sa, a k\u00f6lts\u00e9ghat\u00e9konys\u00e1g szempontjai dr. Kopitk\u00f3 Csaba Frequencer (akusztikus hull\u00e1mgener\u00e1tor) szerepe \u00e9s\u00a0 hasznoss\u00e1ga a v\u00e1lad\u00e9kmobiliz\u00e1ciban, l\u00e9legeztetett \u00e9s spont\u00e1n l\u00e9gz\u0151 betegekn\u00e9l Hipovol\u00e9mi\u00e1s index klinikai hasznoss\u00e1g\u00e1nak valid\u00e1l\u00e1sa intenz\u00edv oszt\u00e1lyon kezelt betegekn\u00e9l dr. P\u00e9ter \u00c1d\u00e1m Kiterjesztett l\u00e9gz\u00e9smonitoriz\u00e1l\u00e1s az intenz\u00edv oszt\u00e1lyon, a &hellip;<\/p>\n","protected":false},"author":102498,"featured_media":0,"parent":10063,"menu_order":0,"comment_status":"closed","ping_status":"closed","template":"","meta":{"_acf_changed":false,"footnotes":""},"categories":[],"tags":[],"class_list":["post-11613","page","type-page","status-publish","hentry"],"acf":[],"publishpress_future_action":{"enabled":false,"date":"1970-01-01 01:00:00","action":"","terms":[],"taxonomy":"","browser_timezone_offset":0},"_links":{"self":[{"href":"https:\/\/semmelweis.hu\/tdk\/wp-json\/wp\/v2\/pages\/11613","targetHints":{"allow":["GET"]}}],"collection":[{"href":"https:\/\/semmelweis.hu\/tdk\/wp-json\/wp\/v2\/pages"}],"about":[{"href":"https:\/\/semmelweis.hu\/tdk\/wp-json\/wp\/v2\/types\/page"}],"author":[{"embeddable":true,"href":"https:\/\/semmelweis.hu\/tdk\/wp-json\/wp\/v2\/users\/102498"}],"replies":[{"embeddable":true,"href":"https:\/\/semmelweis.hu\/tdk\/wp-json\/wp\/v2\/comments?post=11613"}],"version-history":[{"count":4,"href":"https:\/\/semmelweis.hu\/tdk\/wp-json\/wp\/v2\/pages\/11613\/revisions"}],"predecessor-version":[{"id":11619,"href":"https:\/\/semmelweis.hu\/tdk\/wp-json\/wp\/v2\/pages\/11613\/revisions\/11619"}],"up":[{"embeddable":true,"href":"https:\/\/semmelweis.hu\/tdk\/wp-json\/wp\/v2\/pages\/10063"}],"wp:attachment":[{"href":"https:\/\/semmelweis.hu\/tdk\/wp-json\/wp\/v2\/media?parent=11613"}],"wp:term":[{"taxonomy":"category","embeddable":true,"href":"https:\/\/semmelweis.hu\/tdk\/wp-json\/wp\/v2\/categories?post=11613"},{"taxonomy":"post_tag","embeddable":true,"href":"https:\/\/semmelweis.hu\/tdk\/wp-json\/wp\/v2\/tags?post=11613"}],"curies":[{"name":"wp","href":"https:\/\/api.w.org\/{rel}","templated":true}]}}