{"id":11607,"date":"2025-08-27T13:36:17","date_gmt":"2025-08-27T11:36:17","guid":{"rendered":"https:\/\/semmelweis.hu\/tdk\/?page_id=11607"},"modified":"2025-09-04T13:28:15","modified_gmt":"2025-09-04T11:28:15","slug":"neurointervencios-tanszek","status":"publish","type":"page","link":"https:\/\/semmelweis.hu\/tdk\/rektori-palyazat\/rektori-palyazat-meghirdetett-temak\/neurointervencios-tanszek\/","title":{"rendered":"Neurointervenci\u00f3s Tansz\u00e9k"},"content":{"rendered":"<h5>Rektori p\u00e1lyamunka 2025\/2026 TAN\u00c9V<\/h5>\n<ul>\n<li>A COVID-19 hat\u00e1sa az iszk\u00e9mi\u00e1s stroke ell\u00e1t\u00e1sra<br \/>\n<strong>T\u00e9mavezet\u0151: <\/strong>Dr. B\u00f6jti P\u00e9ter P\u00e1l, PhD., egyetemi adjunktus<\/p>\n<hr \/>\n<\/li>\n<li>A COVID-19 hat\u00e1sa az akut neurointervenci\u00f3s ter\u00e1pi\u00e1kra<br \/>\n<strong>T\u00e9mavezet\u0151:\u00a0<\/strong>Dr. B\u00f6jti P\u00e9ter P\u00e1l, PhD. , egyetemi adjunktus<\/p>\n<hr \/>\n<\/li>\n<li>Az intracranialis atherosclerosis(ICAD, intracranialis atherosclerotic disease) miatt kezelt betegek angiomorfol\u00f3giai vizsg\u00e1lata<br \/>\n<strong>T\u00e9mavezet\u0151: <\/strong>Dr. B\u00f6jti P\u00e9ter P\u00e1l, PhD. , egyetemi adjunktus<\/p>\n<hr \/>\n<\/li>\n<li>A chronicus subduralis haematoma epidemiol\u00f3iai vizsg\u00e1lata <br \/>\n<strong>T\u00e9mavezet\u0151: <\/strong>Dr. B\u00f6jti P\u00e9ter P\u00e1l, PhD. , egyetemi adjunktus<\/p>\n<hr \/>\n<\/li>\n<li>A chronicus subduralis haematoma endovascularis kezel\u00e9s\u00e9nek hat\u00e9konys\u00e1g\u00e1nak \u00e9s biztons\u00e1goss\u00e1g\u00e1nak vizsg\u00e1lata<br \/>\n<strong>T\u00e9mavezet\u0151:\u00a0<\/strong>Dr. B\u00f6jti P\u00e9ter P\u00e1l, PhD. , egyetemi adjunktus<\/p>\n<hr \/>\n<\/li>\n<li>\n<p>A kiterjedt agyi infarctusban v\u00e9gzett mechanikus thrombectomia biztons\u00e1goss\u00e1g\u00e1na vizsg\u00e1lata<br \/>\n<strong>T\u00e9mavezet\u0151: <\/strong>Dr. B\u00f6jti P\u00e9ter P\u00e1l, PhD. , egyetemi adjunktus<\/p>\n<\/li>\n<li>\n<p>A distalis k\u00f6zepes agyi \u00e9relz\u00e1r\u00f3d\u00e1sok aspir\u00e1ci\u00f3val \u00e9s stent retrieverrel v\u00e9gzett thrombectomi\u00e1j\u00e1nak \u00f6sszehasonl\u00edt\u00e1sa<br \/>\n<strong>T\u00e9mavezet\u0151:\u00a0<\/strong>Dr. B\u00f6jti P\u00e9ter P\u00e1l, PDh. , egyetemi adjunktus<\/p>\n<\/li>\n<li>\n<p>A carotid web endovascularis kezel\u00e9s\u00e9nek vizsg\u00e1lata<br \/>\n<strong>T\u00e9mavezet\u0151: <\/strong>Dr. B\u00f6jti P\u00e9ter P\u00e1l, PhD. , egyetemi adjunktus<\/p>\n<\/li>\n<li>\n<p>Primer transzport jelent\u0151s\u00e9ge a stroke endovascularis kezel\u00e9se sor\u00e1n<br \/>\n<strong>T\u00e9mavezet\u0151: <\/strong>Dr. Med.Habil. Nardai S\u00e1ndor PhD tansz\u00e9kvezet\u0151, egyetemi docens<\/p>\n<p>&nbsp;<\/p>\n<hr \/>\n<p>&nbsp;<\/p>\n<\/li>\n<\/ul>\n","protected":false},"excerpt":{"rendered":"<p>Rektori p\u00e1lyamunka 2025\/2026 TAN\u00c9V A COVID-19 hat\u00e1sa az iszk\u00e9mi\u00e1s stroke ell\u00e1t\u00e1sra T\u00e9mavezet\u0151: Dr. B\u00f6jti P\u00e9ter P\u00e1l, PhD., egyetemi adjunktus A COVID-19 hat\u00e1sa az akut neurointervenci\u00f3s ter\u00e1pi\u00e1kra T\u00e9mavezet\u0151:\u00a0Dr. B\u00f6jti P\u00e9ter P\u00e1l, PhD. , egyetemi adjunktus Az intracranialis atherosclerosis(ICAD, intracranialis atherosclerotic disease) miatt kezelt betegek angiomorfol\u00f3giai vizsg\u00e1lata T\u00e9mavezet\u0151: Dr. B\u00f6jti P\u00e9ter P\u00e1l, PhD. , egyetemi adjunktus A &hellip;<\/p>\n","protected":false},"author":102498,"featured_media":0,"parent":9092,"menu_order":0,"comment_status":"closed","ping_status":"closed","template":"","meta":{"_acf_changed":false,"footnotes":""},"categories":[],"tags":[99],"class_list":["post-11607","page","type-page","status-publish","hentry","tag-aok-rektori-palyazat"],"acf":[],"publishpress_future_action":{"enabled":false,"date":"1970-01-01 01:00:00","action":"","terms":[],"taxonomy":"","browser_timezone_offset":0},"_links":{"self":[{"href":"https:\/\/semmelweis.hu\/tdk\/wp-json\/wp\/v2\/pages\/11607","targetHints":{"allow":["GET"]}}],"collection":[{"href":"https:\/\/semmelweis.hu\/tdk\/wp-json\/wp\/v2\/pages"}],"about":[{"href":"https:\/\/semmelweis.hu\/tdk\/wp-json\/wp\/v2\/types\/page"}],"author":[{"embeddable":true,"href":"https:\/\/semmelweis.hu\/tdk\/wp-json\/wp\/v2\/users\/102498"}],"replies":[{"embeddable":true,"href":"https:\/\/semmelweis.hu\/tdk\/wp-json\/wp\/v2\/comments?post=11607"}],"version-history":[{"count":5,"href":"https:\/\/semmelweis.hu\/tdk\/wp-json\/wp\/v2\/pages\/11607\/revisions"}],"predecessor-version":[{"id":11654,"href":"https:\/\/semmelweis.hu\/tdk\/wp-json\/wp\/v2\/pages\/11607\/revisions\/11654"}],"up":[{"embeddable":true,"href":"https:\/\/semmelweis.hu\/tdk\/wp-json\/wp\/v2\/pages\/9092"}],"wp:attachment":[{"href":"https:\/\/semmelweis.hu\/tdk\/wp-json\/wp\/v2\/media?parent=11607"}],"wp:term":[{"taxonomy":"category","embeddable":true,"href":"https:\/\/semmelweis.hu\/tdk\/wp-json\/wp\/v2\/categories?post=11607"},{"taxonomy":"post_tag","embeddable":true,"href":"https:\/\/semmelweis.hu\/tdk\/wp-json\/wp\/v2\/tags?post=11607"}],"curies":[{"name":"wp","href":"https:\/\/api.w.org\/{rel}","templated":true}]}}