{"id":11598,"date":"2025-08-27T13:13:37","date_gmt":"2025-08-27T11:13:37","guid":{"rendered":"https:\/\/semmelweis.hu\/tdk\/?page_id=11598"},"modified":"2025-08-27T13:30:45","modified_gmt":"2025-08-27T11:30:45","slug":"gerincgyogyaszati-tanszeki-csoport","status":"publish","type":"page","link":"https:\/\/semmelweis.hu\/tdk\/rektori-palyazat\/rektori-palyazat-meghirdetett-temak\/gerincgyogyaszati-tanszeki-csoport\/","title":{"rendered":"Gerincgy\u00f3gy\u00e1szati Tansz\u00e9ki Csoport"},"content":{"rendered":"<p><strong>Rektori p\u00e1lyamunka<\/strong> 2025\/2026 TAN\u00c9V<\/p>\n<ul>\n<li>Az OLIF \u00e9s TLIF gerincseb\u00e9szeti technik\u00e1k biztons\u00e1goss\u00e1g\u00e1nak \u00e9s f\u00fazi\u00f3s hat\u00e9konys\u00e1g\u00e1nak \u00f6sszehasonl\u00edt\u00e1sa<br \/>\n<strong>T\u00e9mavezet\u0151<\/strong>: Dr. Laz\u00e1ry \u00c1ron PhD egyetemi docens<\/li>\n<\/ul>\n","protected":false},"excerpt":{"rendered":"<p>Rektori p\u00e1lyamunka 2025\/2026 TAN\u00c9V<\/p>\n<p>Az OLIF \u00e9s TLIF gerincseb\u00e9szeti technik\u00e1k biztons\u00e1goss\u00e1g\u00e1nak \u00e9s f\u00fazi\u00f3s hat\u00e9konys\u00e1g\u00e1nak \u00f6sszehasonl\u00edt\u00e1sa<br \/>\nT\u00e9mavezet\u0151: Dr. Laz\u00e1ry \u00c1ron PhD egyetemi docens<\/p>\n","protected":false},"author":102484,"featured_media":0,"parent":9092,"menu_order":0,"comment_status":"closed","ping_status":"closed","template":"","meta":{"_acf_changed":false,"footnotes":""},"categories":[],"tags":[99],"class_list":["post-11598","page","type-page","status-publish","hentry","tag-aok-rektori-palyazat"],"acf":[],"publishpress_future_action":{"enabled":false,"date":"1970-01-01 01:00:00","action":"","terms":[],"taxonomy":"","browser_timezone_offset":0},"_links":{"self":[{"href":"https:\/\/semmelweis.hu\/tdk\/wp-json\/wp\/v2\/pages\/11598","targetHints":{"allow":["GET"]}}],"collection":[{"href":"https:\/\/semmelweis.hu\/tdk\/wp-json\/wp\/v2\/pages"}],"about":[{"href":"https:\/\/semmelweis.hu\/tdk\/wp-json\/wp\/v2\/types\/page"}],"author":[{"embeddable":true,"href":"https:\/\/semmelweis.hu\/tdk\/wp-json\/wp\/v2\/users\/102484"}],"replies":[{"embeddable":true,"href":"https:\/\/semmelweis.hu\/tdk\/wp-json\/wp\/v2\/comments?post=11598"}],"version-history":[{"count":4,"href":"https:\/\/semmelweis.hu\/tdk\/wp-json\/wp\/v2\/pages\/11598\/revisions"}],"predecessor-version":[{"id":11605,"href":"https:\/\/semmelweis.hu\/tdk\/wp-json\/wp\/v2\/pages\/11598\/revisions\/11605"}],"up":[{"embeddable":true,"href":"https:\/\/semmelweis.hu\/tdk\/wp-json\/wp\/v2\/pages\/9092"}],"wp:attachment":[{"href":"https:\/\/semmelweis.hu\/tdk\/wp-json\/wp\/v2\/media?parent=11598"}],"wp:term":[{"taxonomy":"category","embeddable":true,"href":"https:\/\/semmelweis.hu\/tdk\/wp-json\/wp\/v2\/categories?post=11598"},{"taxonomy":"post_tag","embeddable":true,"href":"https:\/\/semmelweis.hu\/tdk\/wp-json\/wp\/v2\/tags?post=11598"}],"curies":[{"name":"wp","href":"https:\/\/api.w.org\/{rel}","templated":true}]}}