{"id":11587,"date":"2025-08-20T20:52:14","date_gmt":"2025-08-20T18:52:14","guid":{"rendered":"https:\/\/semmelweis.hu\/tdk\/?page_id=11587"},"modified":"2025-08-21T08:45:39","modified_gmt":"2025-08-21T06:45:39","slug":"megelozo-orvostani-es-nepegeszsegtani-intezet","status":"publish","type":"page","link":"https:\/\/semmelweis.hu\/tdk\/rektori-palyazat\/rektori-palyazat-meghirdetett-temak\/megelozo-orvostani-es-nepegeszsegtani-intezet\/","title":{"rendered":"Megel\u0151z\u0151 Orvostani \u00e9s N\u00e9peg\u00e9szs\u00e9gtani Int\u00e9zet &#8211; rektori p\u00e1ly\u00e1zat"},"content":{"rendered":"<h4><strong>Rektori p\u00e1lyamunka 2025\/2026 TAN\u00c9V<\/strong><\/h4>\n<ul>\n<li><strong>Rektori p\u00e1lyamunka c\u00edme:<\/strong> A k\u00f6zponti idegrendszeri mikrocirkul\u00e1ci\u00f3s \u00e1llapot \u00e9s a motoros-kognit\u00edv teljes\u00edt\u0151k\u00e9pess\u00e9g \u00f6sszef\u00fcgg\u00e9seinek vizsg\u00e1lata a Semmelweis Study k\u00f6z\u00e9pkor\u00fa r\u00e9sztvev\u0151iben &#8211; konzulensek:\u00a0dr. Lip\u00e9cz \u00c1gnes, dr. Cs\u00edp\u0151 Tam\u00e1s<\/li>\n<li style=\"list-style-type: none\">\u00a0<\/li>\n<li><strong>Rektori p\u00e1lyamunka c\u00edme<\/strong>: Egy k\u00f6z\u00e9piskolai kort\u00e1rs eg\u00e9szs\u00e9gnevel\u0151 program eredm\u00e9nyess\u00e9g\u00e9nek vizsg\u00e1lata &#8211; konzulens: dr. \u00c1rva Dorottya<\/li>\n<\/ul>\n","protected":false},"excerpt":{"rendered":"<p>Rektori p\u00e1lyamunka 2025\/2026 TAN\u00c9V<\/p>\n<p>Rektori p\u00e1lyamunka c\u00edme: A k\u00f6zponti idegrendszeri mikrocirkul\u00e1ci\u00f3s \u00e1llapot \u00e9s a motoros-kognit\u00edv teljes\u00edt\u0151k\u00e9pess\u00e9g \u00f6sszef\u00fcgg\u00e9seinek vizsg\u00e1lata a Semmelweis Study k\u00f6z\u00e9pkor\u00fa r\u00e9sztvev\u0151iben &#8211; konzulensek:\u00a0dr. Lip\u00e9cz \u00c1gnes, dr. Cs\u00edp\u0151 Tam\u00e1s<br \/>\n\u00a0<br \/>\nRektori p\u00e1lyamunka c\u00edme: Egy k\u00f6z\u00e9piskolai kort\u00e1rs eg\u00e9szs\u00e9gnevel\u0151 program eredm\u00e9nyess\u00e9g\u00e9nek vizsg\u00e1lata &#8211; konzulens: dr. \u00c1rva Dorottya<\/p>\n","protected":false},"author":102422,"featured_media":0,"parent":9092,"menu_order":0,"comment_status":"closed","ping_status":"closed","template":"","meta":{"_acf_changed":false,"footnotes":""},"categories":[],"tags":[99],"class_list":["post-11587","page","type-page","status-publish","hentry","tag-aok-rektori-palyazat"],"acf":[],"publishpress_future_action":{"enabled":false,"date":"1970-01-01 01:00:00","action":"","terms":[],"taxonomy":"","browser_timezone_offset":0},"_links":{"self":[{"href":"https:\/\/semmelweis.hu\/tdk\/wp-json\/wp\/v2\/pages\/11587","targetHints":{"allow":["GET"]}}],"collection":[{"href":"https:\/\/semmelweis.hu\/tdk\/wp-json\/wp\/v2\/pages"}],"about":[{"href":"https:\/\/semmelweis.hu\/tdk\/wp-json\/wp\/v2\/types\/page"}],"author":[{"embeddable":true,"href":"https:\/\/semmelweis.hu\/tdk\/wp-json\/wp\/v2\/users\/102422"}],"replies":[{"embeddable":true,"href":"https:\/\/semmelweis.hu\/tdk\/wp-json\/wp\/v2\/comments?post=11587"}],"version-history":[{"count":4,"href":"https:\/\/semmelweis.hu\/tdk\/wp-json\/wp\/v2\/pages\/11587\/revisions"}],"predecessor-version":[{"id":11592,"href":"https:\/\/semmelweis.hu\/tdk\/wp-json\/wp\/v2\/pages\/11587\/revisions\/11592"}],"up":[{"embeddable":true,"href":"https:\/\/semmelweis.hu\/tdk\/wp-json\/wp\/v2\/pages\/9092"}],"wp:attachment":[{"href":"https:\/\/semmelweis.hu\/tdk\/wp-json\/wp\/v2\/media?parent=11587"}],"wp:term":[{"taxonomy":"category","embeddable":true,"href":"https:\/\/semmelweis.hu\/tdk\/wp-json\/wp\/v2\/categories?post=11587"},{"taxonomy":"post_tag","embeddable":true,"href":"https:\/\/semmelweis.hu\/tdk\/wp-json\/wp\/v2\/tags?post=11587"}],"curies":[{"name":"wp","href":"https:\/\/api.w.org\/{rel}","templated":true}]}}