{"id":11560,"date":"2025-08-01T11:54:04","date_gmt":"2025-08-01T09:54:04","guid":{"rendered":"https:\/\/semmelweis.hu\/tdk\/?page_id=11560"},"modified":"2025-09-09T17:12:54","modified_gmt":"2025-09-09T15:12:54","slug":"koszonto-uj-hallgatoinknak","status":"publish","type":"page","link":"https:\/\/semmelweis.hu\/tdk\/rolunk\/koszonto-uj-hallgatoinknak\/","title":{"rendered":"K\u00f6sz\u00f6nt\u0151 \u00faj Hallgat\u00f3inknak"},"content":{"rendered":"<p style=\"text-align: center\"><strong>Kedves frissen felvett Hallgat\u00f3k!<\/strong><\/p>\n<p style=\"text-align: justify\">Gratul\u00e1lunk a sikeres felv\u00e9telhez a Semmelweis Egyetemre, Magyarorsz\u00e1g \u2013 \u00e9s eg\u00e9sz K\u00f6z\u00e9p-Eur\u00f3pa \u2013 egyik legrangosabb eg\u00e9szs\u00e9gtudom\u00e1nyi int\u00e9zm\u00e9ny\u00e9be! Egy \u00faj, izgalmas id\u0151szak veszi most kezdet\u00e9t, amelyben tud\u00e1sukat, k\u00e9szs\u00e9geiket \u00e9s l\u00e1t\u00f3k\u00f6r\u00fcket egyar\u00e1nt b\u0151v\u00edthetik, kihaszn\u00e1lva mindazokat a lehet\u0151s\u00e9geket, amelyeket az Egyetem ny\u00fajt.<\/p>\n<p style=\"text-align: justify\">Az elk\u00f6vetkez\u0151 \u00e9vek kem\u00e9ny munk\u00e1t, kih\u00edv\u00e1sokat, ugyanakkor rengeteg szakmai \u00e9s k\u00f6z\u00f6ss\u00e9gi \u00e9lm\u00e9nyt is \u00edg\u00e9rnek. A tanulm\u00e1nyi k\u00f6telezetts\u00e9gek mellett \u00e9rdemes m\u00e1r kor\u00e1n k\u00f6r\u00fcln\u00e9zni az egyetem tudom\u00e1nyos, kutat\u00f3i \u00e9let\u00e9ben is, \u00e9s bekapcsol\u00f3dni a Tudom\u00e1nyos Di\u00e1kk\u00f6ri (TDK) tev\u00e9kenys\u00e9gekbe.<\/p>\n<p style=\"text-align: justify\">A TDK k\u00fcl\u00f6nleges lehet\u0151s\u00e9get k\u00edn\u00e1l azoknak, akik szeretn\u00e9nek elm\u00e9lyedni egy-egy tudom\u00e1nyos ter\u00fcletben, tapasztalatot szerezni a kutat\u00e1sban, vagy ak\u00e1r m\u00e1r hallgat\u00f3k\u00e9nt val\u00f3di tudom\u00e1nyos eredm\u00e9nyeket el\u00e9rni. A TDK keret\u00e9ben m\u00e1r az els\u0151 \u00e9vt\u0151l bekapcsol\u00f3dhatnak k\u00fcl\u00f6nb\u00f6z\u0151 kutat\u00f3csoportok munk\u00e1j\u00e1ba, mentorok vezet\u00e9se mellett saj\u00e1t kutat\u00e1si t\u00e9m\u00e1val foglalkozhatnak, s\u0151t, lehet\u0151s\u00e9g\u00fck ny\u00edlik eredm\u00e9nyeiket konferenci\u00e1kon, orsz\u00e1gos f\u00f3rumokon bemutatni.<\/p>\n<p style=\"text-align: justify\">A TDK-tev\u00e9kenys\u00e9g sz\u00e1mos el\u0151nnyel j\u00e1r:<\/p>\n<ul style=\"text-align: justify\">\n<li>Tudom\u00e1nyos k\u00edv\u00e1ncsis\u00e1guk kiel\u00e9g\u00edt\u00e9se mellett fejl\u0151dik kritikus gondolkod\u00e1suk, \u00f6n\u00e1ll\u00f3s\u00e1guk, probl\u00e9mamegold\u00f3 k\u00e9pess\u00e9g\u00fck.<\/li>\n<li>\u00c9rt\u00e9kes tapasztalatokat \u00e9s kapcsolatokat szerezhetnek, amelyek a szakmai el\u0151menetel szempontj\u00e1b\u00f3l kiemelten hasznosak lehetnek.<\/li>\n<li>R\u00e9szt vehetnek hazai \u00e9s nemzetk\u00f6zi konferenci\u00e1kon, p\u00e1ly\u00e1zhatnak \u00f6szt\u00f6nd\u00edjakra, elismer\u00e9sekre.<\/li>\n<li>Sikeres TDK-munka el\u0151nyt jelenthet k\u00e9s\u0151bbi tanulm\u00e1nyok, PhD-k\u00e9pz\u00e9s vagy \u00e1ll\u00e1sp\u00e1ly\u00e1zatok sor\u00e1n, s\u0151t, t\u00f6bbletpontot jelenthet szakmai mobilit\u00e1si p\u00e1ly\u00e1zatokban is.<\/li>\n<\/ul>\n<p style=\"text-align: justify\">Nem utols\u00f3sorban a TDK hatalmas inspir\u00e1ci\u00f3t \u00e9s lend\u00fcletet adhat a mindennapi egyetemi tanulm\u00e1nyokhoz: megtapasztalhatj\u00e1k, milyen \u00e9rz\u00e9s el\u0151sz\u00f6r saj\u00e1t felfedez\u00e9st tenni, vagy egy\u00fctt dolgozni egy lelkes, t\u00e1mogat\u00f3 kutat\u00f3k\u00f6z\u00f6ss\u00e9ggel.<\/p>\n<p style=\"text-align: justify\">B\u00e1tor\u00edtunk mindenkit, hogy t\u00e1j\u00e9koz\u00f3djon a Semmelweis Egyetem TDK lehet\u0151s\u00e9geir\u0151l, keresse fel az \u00e9rdekl\u0151d\u00e9si k\u00f6r\u00e9nek megfelel\u0151 tansz\u00e9keket \u00e9s oktat\u00f3kat, vegyen r\u00e9szt a TDK rendezv\u00e9nyein! Merjenek k\u00e9rdezni, csatlakozni, kipr\u00f3b\u00e1lni magukat a kutat\u00e1s vil\u00e1g\u00e1ban!<\/p>\n<p><iframe loading=\"lazy\" title=\"Semmelweis_Tudomanyos_Diakkor_TDK_imazsfilm\" width=\"753\" height=\"424\" src=\"https:\/\/www.youtube.com\/embed\/_-HJrHEflA0?feature=oembed\" frameborder=\"0\" allow=\"accelerometer; autoplay; clipboard-write; encrypted-media; gyroscope; picture-in-picture; web-share\" referrerpolicy=\"strict-origin-when-cross-origin\" allowfullscreen><\/iframe><\/p>\n<p style=\"text-align: justify\">Sok sikert, eredm\u00e9nyes tanul\u00e1st \u00e9s \u00e9lm\u00e9nyekben gazdag egyetemi \u00e9veket k\u00edv\u00e1nunk!<\/p>\n","protected":false},"excerpt":{"rendered":"<p>Kedves frissen felvett Hallgat\u00f3k! Gratul\u00e1lunk a sikeres felv\u00e9telhez a Semmelweis Egyetemre, Magyarorsz\u00e1g \u2013 \u00e9s eg\u00e9sz K\u00f6z\u00e9p-Eur\u00f3pa \u2013 egyik legrangosabb eg\u00e9szs\u00e9gtudom\u00e1nyi int\u00e9zm\u00e9ny\u00e9be! Egy \u00faj, izgalmas id\u0151szak veszi most kezdet\u00e9t, amelyben tud\u00e1sukat, k\u00e9szs\u00e9geiket \u00e9s l\u00e1t\u00f3k\u00f6r\u00fcket egyar\u00e1nt b\u0151v\u00edthetik, kihaszn\u00e1lva mindazokat a lehet\u0151s\u00e9geket, amelyeket az Egyetem ny\u00fajt. Az elk\u00f6vetkez\u0151 \u00e9vek kem\u00e9ny munk\u00e1t, kih\u00edv\u00e1sokat, ugyanakkor rengeteg szakmai \u00e9s k\u00f6z\u00f6ss\u00e9gi \u00e9lm\u00e9nyt &hellip;<\/p>\n","protected":false},"author":102422,"featured_media":0,"parent":936,"menu_order":0,"comment_status":"closed","ping_status":"closed","template":"","meta":{"_acf_changed":false,"footnotes":""},"categories":[],"tags":[],"class_list":["post-11560","page","type-page","status-publish","hentry"],"acf":[],"publishpress_future_action":{"enabled":false,"date":"1970-01-01 01:00:00","action":"","terms":[],"taxonomy":"","browser_timezone_offset":0},"_links":{"self":[{"href":"https:\/\/semmelweis.hu\/tdk\/wp-json\/wp\/v2\/pages\/11560","targetHints":{"allow":["GET"]}}],"collection":[{"href":"https:\/\/semmelweis.hu\/tdk\/wp-json\/wp\/v2\/pages"}],"about":[{"href":"https:\/\/semmelweis.hu\/tdk\/wp-json\/wp\/v2\/types\/page"}],"author":[{"embeddable":true,"href":"https:\/\/semmelweis.hu\/tdk\/wp-json\/wp\/v2\/users\/102422"}],"replies":[{"embeddable":true,"href":"https:\/\/semmelweis.hu\/tdk\/wp-json\/wp\/v2\/comments?post=11560"}],"version-history":[{"count":8,"href":"https:\/\/semmelweis.hu\/tdk\/wp-json\/wp\/v2\/pages\/11560\/revisions"}],"predecessor-version":[{"id":11671,"href":"https:\/\/semmelweis.hu\/tdk\/wp-json\/wp\/v2\/pages\/11560\/revisions\/11671"}],"up":[{"embeddable":true,"href":"https:\/\/semmelweis.hu\/tdk\/wp-json\/wp\/v2\/pages\/936"}],"wp:attachment":[{"href":"https:\/\/semmelweis.hu\/tdk\/wp-json\/wp\/v2\/media?parent=11560"}],"wp:term":[{"taxonomy":"category","embeddable":true,"href":"https:\/\/semmelweis.hu\/tdk\/wp-json\/wp\/v2\/categories?post=11560"},{"taxonomy":"post_tag","embeddable":true,"href":"https:\/\/semmelweis.hu\/tdk\/wp-json\/wp\/v2\/tags?post=11560"}],"curies":[{"name":"wp","href":"https:\/\/api.w.org\/{rel}","templated":true}]}}