{"id":11420,"date":"2025-06-19T08:03:33","date_gmt":"2025-06-19T06:03:33","guid":{"rendered":"https:\/\/semmelweis.hu\/tdk\/?page_id=11420"},"modified":"2025-07-18T13:53:09","modified_gmt":"2025-07-18T11:53:09","slug":"varosmajori-sziv-es-ergyogyaszati-klinika-kiserletes-kardiologiai-es-sebeszeti-mutettani-tanszek-rektori-palyazat","status":"publish","type":"page","link":"https:\/\/semmelweis.hu\/tdk\/rektori-palyazat\/rektori-palyazat-meghirdetett-temak\/varosmajori-sziv-es-ergyogyaszati-klinika-kiserletes-kardiologiai-es-sebeszeti-mutettani-tanszek-rektori-palyazat\/","title":{"rendered":"V\u00e1rosmajori Sz\u00edv- \u00e9s \u00c9rgy\u00f3gy\u00e1szati Klinika &#8211; K\u00eds\u00e9rletes Kardiol\u00f3giai \u00e9s Seb\u00e9szeti M\u0171t\u00e9ttani Tansz\u00e9k &#8211; Rektori p\u00e1ly\u00e1zat"},"content":{"rendered":"<p><strong>Rektori p\u00e1lyamunka 2025\/2026-os Tan\u00e9v<\/strong><\/p>\n<table style=\"width: 71.6178%;height: 266px\" width=\"960\">\n<tbody>\n<tr>\n<td style=\"width: 63.2979%\" width=\"609\">Rektori p\u00e1lyamunka c\u00edme<\/td>\n<td style=\"width: 36.5957%\" width=\"351\">T\u00e9mavezet\u0151 neve (fokozattal)<\/td>\n<\/tr>\n<tr>\n<td style=\"width: 63.2979%\">A heretorzi\u00f3 sor\u00e1n bek\u00f6vetkez\u0151 perf\u00fazi\u00f3s v\u00e1ltoz\u00e1sok experiment\u00e1lis vizsg\u00e1lata<\/td>\n<td style=\"width: 36.5957%\">Dr. Szab\u00f3 Gy\u00f6rgyi PhD<\/td>\n<\/tr>\n<tr>\n<td style=\"width: 63.2979%\">Adh\u00e9zi\u00f3 k\u00e9pz\u0151d\u00e9s seb\u00e9szeti beavatkoz\u00e1sokat k\u00f6vet\u0151en, a kering\u00e9si viszonyok v\u00e1ltoz\u00e1sa<\/td>\n<td style=\"width: 36.5957%\">Dr. Szab\u00f3 Gy\u00f6rgyi PhD<\/td>\n<\/tr>\n<tr>\n<td style=\"width: 63.2979%\">Adh\u00e9zi\u00f3 k\u00e9pz\u0151d\u00e9s seb\u00e9szeti beavatkoz\u00e1sokat k\u00f6vet\u0151en, a\u00a0 szabadgy\u00f6k k\u00e9pz\u0151d\u00e9s szerepe<\/td>\n<td style=\"width: 36.5957%\">Dr. Szab\u00f3 Gy\u00f6rgyi PhD<\/td>\n<\/tr>\n<\/tbody>\n<\/table>\n","protected":false},"excerpt":{"rendered":"<p>Rektori p\u00e1lyamunka 2025\/2026-os Tan\u00e9v<\/p>\n<p>Rektori p\u00e1lyamunka c\u00edme<br \/>\nT\u00e9mavezet\u0151 neve (fokozattal)<\/p>\n<p>A heretorzi\u00f3 sor\u00e1n bek\u00f6vetkez\u0151 perf\u00fazi\u00f3s v\u00e1ltoz\u00e1sok experiment\u00e1lis vizsg\u00e1lata<br \/>\nDr. Szab\u00f3 Gy\u00f6rgyi PhD<\/p>\n<p>Adh\u00e9zi\u00f3 k\u00e9pz\u0151d\u00e9s seb\u00e9szeti beavatkoz\u00e1sokat k\u00f6vet\u0151en, a kering\u00e9si viszonyok v\u00e1ltoz\u00e1sa<br \/>\nDr. Szab\u00f3 Gy\u00f6rgyi PhD<\/p>\n<p>Adh\u00e9zi\u00f3 k\u00e9pz\u0151d\u00e9s seb\u00e9szeti beavatkoz\u00e1sokat k\u00f6vet\u0151en, a\u00a0 szabadgy\u00f6k k\u00e9pz\u0151d\u00e9s szerepe<br \/>\nDr. Szab\u00f3 Gy\u00f6rgyi PhD<\/p>\n","protected":false},"author":102422,"featured_media":0,"parent":9092,"menu_order":0,"comment_status":"closed","ping_status":"closed","template":"","meta":{"_acf_changed":false,"footnotes":""},"categories":[],"tags":[99],"class_list":["post-11420","page","type-page","status-publish","hentry","tag-aok-rektori-palyazat"],"acf":[],"publishpress_future_action":{"enabled":false,"date":"1970-01-01 01:00:00","action":"","terms":[],"taxonomy":"","browser_timezone_offset":0},"_links":{"self":[{"href":"https:\/\/semmelweis.hu\/tdk\/wp-json\/wp\/v2\/pages\/11420","targetHints":{"allow":["GET"]}}],"collection":[{"href":"https:\/\/semmelweis.hu\/tdk\/wp-json\/wp\/v2\/pages"}],"about":[{"href":"https:\/\/semmelweis.hu\/tdk\/wp-json\/wp\/v2\/types\/page"}],"author":[{"embeddable":true,"href":"https:\/\/semmelweis.hu\/tdk\/wp-json\/wp\/v2\/users\/102422"}],"replies":[{"embeddable":true,"href":"https:\/\/semmelweis.hu\/tdk\/wp-json\/wp\/v2\/comments?post=11420"}],"version-history":[{"count":8,"href":"https:\/\/semmelweis.hu\/tdk\/wp-json\/wp\/v2\/pages\/11420\/revisions"}],"predecessor-version":[{"id":11543,"href":"https:\/\/semmelweis.hu\/tdk\/wp-json\/wp\/v2\/pages\/11420\/revisions\/11543"}],"up":[{"embeddable":true,"href":"https:\/\/semmelweis.hu\/tdk\/wp-json\/wp\/v2\/pages\/9092"}],"wp:attachment":[{"href":"https:\/\/semmelweis.hu\/tdk\/wp-json\/wp\/v2\/media?parent=11420"}],"wp:term":[{"taxonomy":"category","embeddable":true,"href":"https:\/\/semmelweis.hu\/tdk\/wp-json\/wp\/v2\/categories?post=11420"},{"taxonomy":"post_tag","embeddable":true,"href":"https:\/\/semmelweis.hu\/tdk\/wp-json\/wp\/v2\/tags?post=11420"}],"curies":[{"name":"wp","href":"https:\/\/api.w.org\/{rel}","templated":true}]}}