{"id":11280,"date":"2024-10-11T10:22:21","date_gmt":"2024-10-11T08:22:21","guid":{"rendered":"https:\/\/semmelweis.hu\/tdk\/?page_id=11280"},"modified":"2024-10-11T10:22:21","modified_gmt":"2024-10-11T08:22:21","slug":"kreditpontok","status":"publish","type":"page","link":"https:\/\/semmelweis.hu\/tdk\/tudomanyos-diakkori-konferenciak\/kreditpontok\/","title":{"rendered":"Kreditpontok"},"content":{"rendered":"<p>Tudom\u00e1nyos Di\u00e1kk\u00f6ri munk\u00e1\u00e9rt 1-5 kredit pont adhat\u00f3.<\/p>\n<p>A <strong>TDK munka<\/strong> (1 kredit): A dokument\u00e1lt \u00e9s \u00e9rt\u00e9kelt, val\u00f3di munk\u00e1t t\u00fckr\u00f6z\u0151 \u00e9s rendszeres, de nem kiemelked\u0151en eredm\u00e9nyes TDK-munka 1 kredit. Az 1 kreditet akkor kapja meg a hallgat\u00f3, ha a tansz\u00e9kvezet\u0151 a t\u00e9mavezet\u0151 v\u00e9lem\u00e9nye alapj\u00e1n a f\u00e9l\u00e9v v\u00e9g\u00e9n igazolja a rendszeres kutat\u00e1si tev\u00e9kenys\u00e9get.<\/p>\n<p>Az 1 krediten fel\u00fcl a tov\u00e1bbi kreditpontok szerezhet\u0151k:<\/p>\n<p>A <strong>TDK Konferencia III.<\/strong> (2 kredit): a tant\u00e1rgy azon hallgat\u00f3 munk\u00e1j\u00e1nak elismer\u00e9se, aki a Tudom\u00e1nyos Di\u00e1kk\u00f6ri Konferenci\u00e1n el\u0151ad\u00f3k\u00e9nt szerepel vagy rektori p\u00e1ly\u00e1zatot ny\u00fajt be.<\/p>\n<p>A <strong>TDK Konferencia I-II.<\/strong> (3 kredit): Azon hallgat\u00f3 munk\u00e1j\u00e1nak elismer\u00e9se, aki a Tudom\u00e1nyos Di\u00e1kk\u00f6ri Konferenci\u00e1n I., II.<br \/>\nvagy III. helyez\u00e9st \u00e9r el, OTDK-n r\u00e9szt vesz, vagy rektori p\u00e1ly\u00e1zaton I., II., III. d\u00edjat vagy dics\u00e9retet nyer el.<\/p>\n<p>Az <strong>OTDK Konferencia \u00e9s publik\u00e1ci\u00f3<\/strong> (4 kr) tant\u00e1rgy azon hallgat\u00f3 munk\u00e1j\u00e1t ismeri el, aki az OTDK Konferenci\u00e1n helyez\u00e9st<br \/>\n\u00e9r el, nemzetk\u00f6zi, impakt faktoros foly\u00f3iratban k\u00f6z\u00f6l cikket els\u0151 szerz\u0151k\u00e9nt.<\/p>\n<p>Az Eg\u00e9szs\u00e9g\u00fcgyi K\u00f6zszolg\u00e1lati Kar hallgat\u00f3i eset\u00e9ben azon hallgat\u00f3 \u00e9rdemeljen 4 kreditet, aki hazai impakt faktorral rendelkez\u0151 lapokban k\u00f6z\u00f6l cikket els\u0151szerz\u0151k\u00e9nt. Valamint aki a Science Citation Index Expanded (SCIE) vagy a Social Science Citation Index (SSCI) vagy az Atrs and Humanities Citation Index vagy a European Reference Index for the Humanities (ERIH Plus) \u00e1ltal min\u0151s\u00edtett foly\u00f3iratban k\u00f6z\u00f6l cikket els\u0151 szerz\u0151k\u00e9nt.<\/p>\n<p>Ezen javaslattal v\u00e1lik egys\u00e9gess\u00e9 az Egyetemen v\u00e9gzett tudom\u00e1nyos kutat\u00f3i munka kredittel t\u00f6rt\u00e9n\u0151 elismer\u00e9se.<\/p>\n","protected":false},"excerpt":{"rendered":"<p>Tudom\u00e1nyos Di\u00e1kk\u00f6ri munk\u00e1\u00e9rt 1-5 kredit pont adhat\u00f3. A TDK munka (1 kredit): A dokument\u00e1lt \u00e9s \u00e9rt\u00e9kelt, val\u00f3di munk\u00e1t t\u00fckr\u00f6z\u0151 \u00e9s rendszeres, de nem kiemelked\u0151en eredm\u00e9nyes TDK-munka 1 kredit. Az 1 kreditet akkor kapja meg a hallgat\u00f3, ha a tansz\u00e9kvezet\u0151 a t\u00e9mavezet\u0151 v\u00e9lem\u00e9nye alapj\u00e1n a f\u00e9l\u00e9v v\u00e9g\u00e9n igazolja a rendszeres kutat\u00e1si tev\u00e9kenys\u00e9get. Az 1 krediten fel\u00fcl &hellip;<\/p>\n","protected":false},"author":102365,"featured_media":0,"parent":4144,"menu_order":0,"comment_status":"closed","ping_status":"closed","template":"","meta":{"_acf_changed":false,"footnotes":""},"categories":[],"tags":[],"class_list":["post-11280","page","type-page","status-publish","hentry"],"acf":[],"publishpress_future_action":{"enabled":false,"date":"1970-01-01 01:00:00","action":"","terms":[],"taxonomy":"","browser_timezone_offset":0},"_links":{"self":[{"href":"https:\/\/semmelweis.hu\/tdk\/wp-json\/wp\/v2\/pages\/11280","targetHints":{"allow":["GET"]}}],"collection":[{"href":"https:\/\/semmelweis.hu\/tdk\/wp-json\/wp\/v2\/pages"}],"about":[{"href":"https:\/\/semmelweis.hu\/tdk\/wp-json\/wp\/v2\/types\/page"}],"author":[{"embeddable":true,"href":"https:\/\/semmelweis.hu\/tdk\/wp-json\/wp\/v2\/users\/102365"}],"replies":[{"embeddable":true,"href":"https:\/\/semmelweis.hu\/tdk\/wp-json\/wp\/v2\/comments?post=11280"}],"version-history":[{"count":1,"href":"https:\/\/semmelweis.hu\/tdk\/wp-json\/wp\/v2\/pages\/11280\/revisions"}],"predecessor-version":[{"id":11281,"href":"https:\/\/semmelweis.hu\/tdk\/wp-json\/wp\/v2\/pages\/11280\/revisions\/11281"}],"up":[{"embeddable":true,"href":"https:\/\/semmelweis.hu\/tdk\/wp-json\/wp\/v2\/pages\/4144"}],"wp:attachment":[{"href":"https:\/\/semmelweis.hu\/tdk\/wp-json\/wp\/v2\/media?parent=11280"}],"wp:term":[{"taxonomy":"category","embeddable":true,"href":"https:\/\/semmelweis.hu\/tdk\/wp-json\/wp\/v2\/categories?post=11280"},{"taxonomy":"post_tag","embeddable":true,"href":"https:\/\/semmelweis.hu\/tdk\/wp-json\/wp\/v2\/tags?post=11280"}],"curies":[{"name":"wp","href":"https:\/\/api.w.org\/{rel}","templated":true}]}}