{"id":11184,"date":"2024-10-10T00:00:50","date_gmt":"2024-10-09T22:00:50","guid":{"rendered":"https:\/\/semmelweis.hu\/tdk\/?page_id=11184"},"modified":"2025-11-20T23:14:29","modified_gmt":"2025-11-20T22:14:29","slug":"interuni-konferencia","status":"publish","type":"page","link":"https:\/\/semmelweis.hu\/tdk\/tudomanyos-diakkori-konferenciak\/interuni-konferencia\/","title":{"rendered":"InterUni konferencia"},"content":{"rendered":"<p>A Semmelweis Egyetem Tudom\u00e1nyos Di\u00e1kk\u00f6ri Tan\u00e1cs\u00e1nak kiemelt c\u00e9lkit\u0171z\u00e9se olyan fiatal magyar tehets\u00e9gek felkutat\u00e1sa \u00e9s t\u00e1mogat\u00e1sa, akik innovat\u00edv \u00f6tleteikkel meghat\u00e1roz\u00f3 form\u00e1l\u00f3i lehetnek a j\u00f6v\u0151 tudom\u00e1nyos \u00e9let\u00e9nek.<\/p>\n<p><strong>Az id\u00e9n m\u00e1r m\u00e1sodik alkalommal megrendez\u00e9sre ker\u00fcl\u0151 InterUni konferencia<\/strong> c\u00e9ljak\u00e9nt a k\u00fcl\u00f6nf\u00e9le tudom\u00e1ny\u00e1gak k\u00e9pvisel\u0151inek (budapesti \u00e9s vid\u00e9ki egyetemek kutat\u00f3csoportjai) az orvostudom\u00e1nyhoz val\u00f3 szorosabb kapcsol\u00f3d\u00e1s\u00e1t hat\u00e1roztuk meg. Szeretn\u00e9nk lehet\u0151s\u00e9get biztos\u00edtani arra, hogy az azonos kutat\u00e1si ter\u00fcleten dolgoz\u00f3, de a t\u00e9m\u00e1t elt\u00e9r\u0151 szempontb\u00f3l megk\u00f6zel\u00edt\u0151 kutat\u00f3k \u00e9s hallgat\u00f3k egym\u00e1s k\u00f6z\u00f6tt szabadon kommunik\u00e1lva inspir\u00e1lj\u00e1k egym\u00e1st. A magyar fiatalok szellemi t\u0151k\u00e9je ilyen m\u00f3don a kutat\u00f3csoportok tal\u00e1lkoz\u00e1s\u00e1val \u00f6sszefon\u00f3dhat \u00e9s rem\u00e9nyeink szerint olyan gy\u00fcm\u00f6lcs\u00f6z\u0151 kapcsolatokat, egy\u00fcttm\u0171k\u00f6d\u00e9seket \u00e9s innov\u00e1ci\u00f3kat h\u00edv \u00e9letre, mely a j\u00f6v\u0151ben hozz\u00e1j\u00e1rulhat az elm\u00e9leti kutat\u00e1sok gyakorlatba \u00fcltet\u00e9s\u00e9hez.<\/p>\n<p>\nA konferencia szervez\u0151je: Semmelweis Egyetem Tudom\u00e1nyos Di\u00e1kk\u00f6ri Tan\u00e1cs<\/p>\n<p><strong>Id\u0151pont: 2025. november 25. (kedd) 8:00<\/strong><\/p>\n<p><strong>Helysz\u00edn: Nagyv\u00e1rad t\u00e9ri Elm\u00e9leti T\u00f6mb (NET)<\/strong>, 1089 Budapest,\u00a0Nagyv\u00e1rad t\u00e9r 4.<\/p>\n<p><strong>Program:<\/strong><\/p>\n<table style=\"border-collapse: collapse;width: 98.8101%;height: 395px\">\n<tbody>\n<tr style=\"height: 32px\">\n<td style=\"width: 33.8587%;height: 32px\">8:00-8:30 Regisztr\u00e1ci\u00f3<\/td>\n<td style=\"width: 81.8271%;height: 32px\">\u00a0<\/td>\n<\/tr>\n<tr style=\"height: 33px\">\n<td style=\"width: 33.8587%;height: 33px\">8:30-9:00 Megnyit\u00f3:<\/td>\n<td style=\"width: 81.8271%;height: 33px\">\u00a0<\/td>\n<\/tr>\n<tr style=\"height: 33px\">\n<td style=\"width: 33.8587%;height: 33px\">\u00a0<\/td>\n<td style=\"width: 81.8271%;height: 33px\">Sipos Imre<\/td>\n<\/tr>\n<tr style=\"height: 33px\">\n<td style=\"width: 33.8587%;height: 33px\">\u00a0<\/td>\n<td style=\"width: 81.8271%;height: 33px\">B\u00f3dis L\u00e1szl\u00f3<\/td>\n<\/tr>\n<tr style=\"height: 33px\">\n<td style=\"width: 33.8587%;height: 33px\">\u00a0<\/td>\n<td style=\"width: 81.8271%;height: 33px\">Prof. Dr. Szij\u00e1rt\u00f3 Attila<\/td>\n<\/tr>\n<tr style=\"height: 33px\">\n<td style=\"width: 33.8587%;height: 33px\">Plen\u00e1ris el\u0151ad\u00e1s:<\/td>\n<td style=\"width: 81.8271%;height: 33px\">\u00a0<\/td>\n<\/tr>\n<tr style=\"height: 33px\">\n<td style=\"width: 33.8587%;height: 33px\">9:00-9:30<\/td>\n<td style=\"width: 81.8271%;height: 33px\">Dr. Ferencz Orsolya<\/td>\n<\/tr>\n<tr style=\"height: 33px\">\n<td style=\"width: 33.8587%;height: 33px\">9:30-10:00<\/td>\n<td style=\"width: 81.8271%;height: 33px\">Dr. Nagy Klaudia Vivien<\/td>\n<\/tr>\n<tr style=\"height: 33px\">\n<td style=\"width: 33.8587%;height: 33px\">10:00-10:30<\/td>\n<td style=\"width: 81.8271%;height: 33px\">Dr. Schl\u00e9gl \u00c1d\u00e1m<\/td>\n<\/tr>\n<tr style=\"height: 33px\">\n<td style=\"width: 33.8587%;height: 33px\">10:30-11:30<\/td>\n<td style=\"width: 81.8271%;height: 33px\">Kerekasztal besz\u00e9lget\u00e9s (Dr. Ferencz Orsolya, Dr. Nagy Klaudia Vivien, Kapu Tibor, Cser\u00e9nyi Gyula, Dr. Schl\u00e9gl \u00c1d\u00e1m)<\/td>\n<\/tr>\n<tr style=\"height: 33px\">\n<td style=\"width: 33.8587%;height: 33px\">11:30-13:00<\/td>\n<td style=\"width: 81.8271%;height: 33px\"><i data-ogsc=\"\">Sz\u00fcnet<\/i><\/td>\n<\/tr>\n<tr style=\"height: 33px\">\n<td style=\"width: 33.8587%;height: 33px\">13:00-17:45<\/td>\n<td style=\"width: 81.8271%;height: 33px\">Hallgat\u00f3i szekci\u00f3-el\u0151ad\u00e1sok<\/td>\n<\/tr>\n<\/tbody>\n<\/table>\n<p><span style=\"font-size: 10pt\"><em>A programv\u00e1ltoz\u00e1s jog\u00e1t fenntartjuk.<\/em><\/span><\/p>\n<p><a href=\"https:\/\/semmelweis.hu\/tdk\/files\/2025\/11\/interuni_szekcio_2025.pdf\" target=\"_blank\" rel=\"noopener\">Szekci\u00f3beoszt\u00e1s<\/a><\/p>\n<p><a href=\"https:\/\/semmelweis.hu\/tdk\/files\/2025\/11\/interuni_absztraktok_2025_honlap.pdf\" target=\"_blank\" rel=\"noopener\">Absztraktok<\/a><\/p>\n<p>El\u00e9rhet\u0151s\u00e9g: tudomanyos.diakkor@semmelweis.hu<\/p>\n<p>Formai k\u00f6vetelm\u00e9nyek: A konferenci\u00e1ra minden szakter\u00fcletr\u0151l jelentkezhetnek hallgat\u00f3k, akik az orvostudom\u00e1ny vagy eg\u00e9szs\u00e9gtudom\u00e1nyok b\u00e1rmely aspektus\u00e1ban v\u00e9geznek kutat\u00f3munk\u00e1t. A konferenci\u00e1ra a fentebb megadott linken kereszt\u00fcl lehet jelentkezni maximum 2400 karakter hossz\u00fa, struktur\u00e1lt absztrakttal. Az el\u0151ad\u00e1sok 10 perces szabad el\u0151ad\u00e1s, majd 5 perces vita form\u00e1j\u00e1ban ker\u00fclnek megrendez\u00e9sre.<\/p>\n","protected":false},"excerpt":{"rendered":"<p>A Semmelweis Egyetem Tudom\u00e1nyos Di\u00e1kk\u00f6ri Tan\u00e1cs\u00e1nak kiemelt c\u00e9lkit\u0171z\u00e9se olyan fiatal magyar tehets\u00e9gek felkutat\u00e1sa \u00e9s t\u00e1mogat\u00e1sa, akik innovat\u00edv \u00f6tleteikkel meghat\u00e1roz\u00f3 form\u00e1l\u00f3i lehetnek a j\u00f6v\u0151 tudom\u00e1nyos \u00e9let\u00e9nek. Az id\u00e9n m\u00e1r m\u00e1sodik alkalommal megrendez\u00e9sre ker\u00fcl\u0151 InterUni konferencia c\u00e9ljak\u00e9nt a k\u00fcl\u00f6nf\u00e9le tudom\u00e1ny\u00e1gak k\u00e9pvisel\u0151inek (budapesti \u00e9s vid\u00e9ki egyetemek kutat\u00f3csoportjai) az orvostudom\u00e1nyhoz val\u00f3 szorosabb kapcsol\u00f3d\u00e1s\u00e1t hat\u00e1roztuk meg. Szeretn\u00e9nk lehet\u0151s\u00e9get biztos\u00edtani arra, &hellip;<\/p>\n","protected":false},"author":102365,"featured_media":0,"parent":4144,"menu_order":4,"comment_status":"closed","ping_status":"closed","template":"","meta":{"_acf_changed":false,"footnotes":""},"categories":[],"tags":[],"class_list":["post-11184","page","type-page","status-publish","hentry"],"acf":[],"publishpress_future_action":{"enabled":false,"date":"1970-01-01 01:00:00","action":"","terms":[],"taxonomy":"","browser_timezone_offset":0},"_links":{"self":[{"href":"https:\/\/semmelweis.hu\/tdk\/wp-json\/wp\/v2\/pages\/11184","targetHints":{"allow":["GET"]}}],"collection":[{"href":"https:\/\/semmelweis.hu\/tdk\/wp-json\/wp\/v2\/pages"}],"about":[{"href":"https:\/\/semmelweis.hu\/tdk\/wp-json\/wp\/v2\/types\/page"}],"author":[{"embeddable":true,"href":"https:\/\/semmelweis.hu\/tdk\/wp-json\/wp\/v2\/users\/102365"}],"replies":[{"embeddable":true,"href":"https:\/\/semmelweis.hu\/tdk\/wp-json\/wp\/v2\/comments?post=11184"}],"version-history":[{"count":10,"href":"https:\/\/semmelweis.hu\/tdk\/wp-json\/wp\/v2\/pages\/11184\/revisions"}],"predecessor-version":[{"id":11885,"href":"https:\/\/semmelweis.hu\/tdk\/wp-json\/wp\/v2\/pages\/11184\/revisions\/11885"}],"up":[{"embeddable":true,"href":"https:\/\/semmelweis.hu\/tdk\/wp-json\/wp\/v2\/pages\/4144"}],"wp:attachment":[{"href":"https:\/\/semmelweis.hu\/tdk\/wp-json\/wp\/v2\/media?parent=11184"}],"wp:term":[{"taxonomy":"category","embeddable":true,"href":"https:\/\/semmelweis.hu\/tdk\/wp-json\/wp\/v2\/categories?post=11184"},{"taxonomy":"post_tag","embeddable":true,"href":"https:\/\/semmelweis.hu\/tdk\/wp-json\/wp\/v2\/tags?post=11184"}],"curies":[{"name":"wp","href":"https:\/\/api.w.org\/{rel}","templated":true}]}}