{"id":11115,"date":"2024-08-15T13:04:15","date_gmt":"2024-08-15T11:04:15","guid":{"rendered":"https:\/\/semmelweis.hu\/tdk\/?page_id=11115"},"modified":"2025-07-28T09:40:18","modified_gmt":"2025-07-28T07:40:18","slug":"oralis-diagnosztikai-tanszek-rektori-palyazat","status":"publish","type":"page","link":"https:\/\/semmelweis.hu\/tdk\/rektori-palyazat\/rektori-palyazat-meghirdetett-temak\/oralis-diagnosztikai-tanszek-rektori-palyazat\/","title":{"rendered":"Or\u00e1lis Diagnosztikai Tansz\u00e9k \u2013 Rektori p\u00e1ly\u00e1zat"},"content":{"rendered":"<h3>Rektori p\u00e1lyamunka Or\u00e1lis Diagnosztikai Tansz\u00e9k 2025\/2026-os tan\u00e9v<\/h3>\n<table style=\"border-collapse: collapse;width: 100%\">\n<tbody>\n<tr>\n<td style=\"width: 49.7454%\"><strong>Rektori p\u00e1lyamunka c\u00edme<\/strong><\/td>\n<td style=\"width: 50.1818%\"><strong>T\u00e9mavezet\u0151<\/strong><\/td>\n<\/tr>\n<tr>\n<td style=\"width: 49.7454%\">A fej-nyak r\u00e9gi\u00f3r\u00f3l k\u00e9sz\u00fclt CBCT k\u00e9panyagon l\u00e1that\u00f3 mell\u00e9kleletek vizsg\u00e1lata mesters\u00e9ges intelligencia seg\u00edts\u00e9g\u00e9vel<\/td>\n<td style=\"width: 50.1818%\">Dr. Szab\u00f3 Bence<\/td>\n<\/tr>\n<tr>\n<td style=\"width: 49.7454%\">Arc\u00fcreggyulladasok klinikai \u00e9s mikrobiol\u00f3giai vonatkoz\u00e1sai k\u00fcl\u00f6n\u00f6s tekintettel az odontogen sinusitisekre<\/td>\n<td style=\"width: 50.1818%\">Dr. Simonffy L\u00e1szl\u00f3<\/td>\n<\/tr>\n<tr>\n<td style=\"width: 49.7454%\">Gyermekkori testtart\u00e1si rendelleness\u00e9gek fog\u00e1szati vonatkoz\u00e1sai a nyakizmok funkcion\u00e1lis vizsg\u00e1lata alapj\u00e1n<\/td>\n<td style=\"width: 50.1818%\">Dr. Gresz Veronika egyetemi docens<\/td>\n<\/tr>\n<\/tbody>\n<\/table>\n","protected":false},"excerpt":{"rendered":"<p>Rektori p\u00e1lyamunka Or\u00e1lis Diagnosztikai Tansz\u00e9k 2025\/2026-os tan\u00e9v<\/p>\n<p>Rektori p\u00e1lyamunka c\u00edme<br \/>\nT\u00e9mavezet\u0151<\/p>\n<p>A fej-nyak r\u00e9gi\u00f3r\u00f3l k\u00e9sz\u00fclt CBCT k\u00e9panyagon l\u00e1that\u00f3 mell\u00e9kleletek vizsg\u00e1lata mesters\u00e9ges intelligencia seg\u00edts\u00e9g\u00e9vel<br \/>\nDr. Szab\u00f3 Bence<\/p>\n<p>Arc\u00fcreggyulladasok klinikai \u00e9s mikrobiol\u00f3giai vonatkoz\u00e1sai k\u00fcl\u00f6n\u00f6s tekintettel az odontogen sinusitisekre<br \/>\nDr. Simonffy L\u00e1szl\u00f3<\/p>\n<p>Gyermekkori testtart\u00e1si rendelleness\u00e9gek fog\u00e1szati vonatkoz\u00e1sai a nyakizmok funkcion\u00e1lis vizsg\u00e1lata alapj\u00e1n<br \/>\nDr. Gresz Veronika egyetemi docens<\/p>\n","protected":false},"author":102365,"featured_media":0,"parent":9092,"menu_order":0,"comment_status":"closed","ping_status":"closed","template":"","meta":{"_acf_changed":false,"footnotes":""},"categories":[],"tags":[97],"class_list":["post-11115","page","type-page","status-publish","hentry","tag-fok-rektori-palyazat"],"acf":[],"publishpress_future_action":{"enabled":false,"date":"1970-01-01 01:00:00","action":"","terms":[],"taxonomy":"","browser_timezone_offset":0},"_links":{"self":[{"href":"https:\/\/semmelweis.hu\/tdk\/wp-json\/wp\/v2\/pages\/11115","targetHints":{"allow":["GET"]}}],"collection":[{"href":"https:\/\/semmelweis.hu\/tdk\/wp-json\/wp\/v2\/pages"}],"about":[{"href":"https:\/\/semmelweis.hu\/tdk\/wp-json\/wp\/v2\/types\/page"}],"author":[{"embeddable":true,"href":"https:\/\/semmelweis.hu\/tdk\/wp-json\/wp\/v2\/users\/102365"}],"replies":[{"embeddable":true,"href":"https:\/\/semmelweis.hu\/tdk\/wp-json\/wp\/v2\/comments?post=11115"}],"version-history":[{"count":5,"href":"https:\/\/semmelweis.hu\/tdk\/wp-json\/wp\/v2\/pages\/11115\/revisions"}],"predecessor-version":[{"id":11558,"href":"https:\/\/semmelweis.hu\/tdk\/wp-json\/wp\/v2\/pages\/11115\/revisions\/11558"}],"up":[{"embeddable":true,"href":"https:\/\/semmelweis.hu\/tdk\/wp-json\/wp\/v2\/pages\/9092"}],"wp:attachment":[{"href":"https:\/\/semmelweis.hu\/tdk\/wp-json\/wp\/v2\/media?parent=11115"}],"wp:term":[{"taxonomy":"category","embeddable":true,"href":"https:\/\/semmelweis.hu\/tdk\/wp-json\/wp\/v2\/categories?post=11115"},{"taxonomy":"post_tag","embeddable":true,"href":"https:\/\/semmelweis.hu\/tdk\/wp-json\/wp\/v2\/tags?post=11115"}],"curies":[{"name":"wp","href":"https:\/\/api.w.org\/{rel}","templated":true}]}}