{"id":11060,"date":"2024-08-09T13:48:42","date_gmt":"2024-08-09T11:48:42","guid":{"rendered":"https:\/\/semmelweis.hu\/tdk\/?page_id=11060"},"modified":"2024-08-09T13:48:42","modified_gmt":"2024-08-09T11:48:42","slug":"varosmajori-sziv-es-ergyogyaszati-klinika-szivsebeszeti-tanszeki-csoport","status":"publish","type":"page","link":"https:\/\/semmelweis.hu\/tdk\/tdk-temak-es-temavezetok\/aok\/varosmajori-sziv-es-ergyogyaszati-klinika-szivsebeszeti-tanszeki-csoport\/","title":{"rendered":"V\u00e1rosmajori Sz\u00edv- \u00e9s \u00c9rgy\u00f3gy\u00e1szati Klinika Sz\u00edvseb\u00e9szeti Tansz\u00e9ki Csoport"},"content":{"rendered":"<h5>A V\u00e1rosmajori Sz\u00edv- \u00e9s \u00c9rgy\u00f3gy\u00e1szati Klinika TDK munkac\u00edmei \u00e9s t\u00e9mavezet\u0151i a 2024\/2025. tan\u00e9vben<\/h5>\n<table width=\"1024\">\n<tbody>\n<tr>\n<td width=\"631\"><strong>TDK-munka c\u00edme<\/strong><\/td>\n<td width=\"393\"><strong>T\u00e9mavezet\u0151 neve (fokozattal)<\/strong><\/td>\n<\/tr>\n<tr>\n<td width=\"631\">Sz\u00edvseb\u00e9szeti Tansz\u00e9ki Csoport<\/td>\n<td width=\"393\">\u00a0<\/td>\n<\/tr>\n<tr>\n<td width=\"631\">Ischaemi\u00e1s sz\u00edvbetegs\u00e9g seb\u00e9szete \u2013 off pump m\u0171t\u00e9ti technika<\/td>\n<td width=\"393\">Dr. Horkay Ferenc egyetemi tan\u00e1r<\/td>\n<\/tr>\n<tr>\n<td width=\"631\">Ischaemi\u00e1s sz\u00edvel\u00e9gtelens\u00e9g kezel\u00e9se<\/td>\n<td width=\"393\">Dr. Horkay Ferenc egyetemi tan\u00e1r<\/td>\n<\/tr>\n<tr>\n<td width=\"631\">Mitralis billenty\u0171 el\u00e9gtelens\u00e9g kezel\u00e9se<\/td>\n<td width=\"393\">Dr. Horkay Ferenc egyetemi tan\u00e1r<\/td>\n<\/tr>\n<tr>\n<td width=\"631\">Az ischaemi\u00e1s sz\u00edvbetegs\u00e9g korszer\u0171 kezel\u00e9se: PCI vagy ACBG?<\/td>\n<td width=\"393\">Dr. Horkay Ferenc egyetemi tan\u00e1r<\/td>\n<\/tr>\n<tr>\n<td width=\"631\">A Marfan syndroma seb\u00e9szi \u00e9s genetikai vonatkoz\u00e1sa<\/td>\n<td width=\"393\">Dr. Szabolcs Zolt\u00e1n egyetemi tan\u00e1r<\/td>\n<\/tr>\n<tr>\n<td width=\"631\">Gyermekv\u00e1llal\u00e1s lehet\u0151s\u00e9gei marfanos sz\u00fcl\u0151k eset\u00e9ben<\/td>\n<td width=\"393\">Dr. Szabolcs Zolt\u00e1n egyetemi tan\u00e1r<\/td>\n<\/tr>\n<tr>\n<td width=\"631\">A donorszerv maximaliz\u00e1ci\u00f3 lehet\u0151s\u00e9gei sz\u00edvtranszplant\u00e1ci\u00f3 kapcs\u00e1n<\/td>\n<td width=\"393\">Dr. Szabolcs Zolt\u00e1n egyetemi tan\u00e1r<\/td>\n<\/tr>\n<tr>\n<td width=\"631\">Margin\u00e1lis donor \u2013 margin\u00e1lis recipiens \u00e9s a sikeres sz\u00edvtranszplant\u00e1ci\u00f3<\/td>\n<td width=\"393\">Dr. Szabolcs Zolt\u00e1n egyetemi tan\u00e1r<\/td>\n<\/tr>\n<tr>\n<td width=\"631\">Sz\u00edvtranszplant\u00e1ci\u00f3 \u00e9s mechanikus kering\u00e9st\u00e1mogat\u00e1s<\/td>\n<td width=\"393\">Dr. Harty\u00e1nszky Istv\u00e1n egyetemi docens<\/td>\n<\/tr>\n<tr>\n<td width=\"631\">A konstrikt\u00edv perikarditisz modern sz\u00edvseb\u00e9szeti kezel\u00e9se<\/td>\n<td width=\"393\">Dr. Harty\u00e1nszky Istv\u00e1n egyetemi docens<\/td>\n<\/tr>\n<tr>\n<td width=\"631\">ECMO ter\u00e1pia \u2013 r\u00f6vid t\u00e1v\u00fa kering\u00e9st\u00e1mogat\u00e1s szerepe a sz\u00edvseb\u00e9szetben<\/td>\n<td width=\"393\">Dr. Harty\u00e1nszky Istv\u00e1n egyetemi docens<\/td>\n<\/tr>\n<tr>\n<td width=\"631\">Minim\u00e1l invaz\u00edv, szem\u00e9lyre szabott m\u0171sz\u00edv be\u00fcltet\u00e9s<\/td>\n<td width=\"393\">Dr. Harty\u00e1nszky Istv\u00e1n egyetemi docens<\/td>\n<\/tr>\n<tr>\n<td width=\"631\">A koszor\u00fa\u00e9r bypass graftok \u00e9lettartam\u00e1nak vizsg\u00e1lata \u2013 no-touch saphena harvesting<\/td>\n<td width=\"393\">Dr. Harty\u00e1nszky Istv\u00e1n egyetemi docens<\/td>\n<\/tr>\n<tr>\n<td width=\"631\">Koron\u00e1ria ered\u00e9si anom\u00e1li\u00e1k feln\u0151ttkori sz\u00edvseb\u00e9szeti ell\u00e1t\u00e1sa<\/td>\n<td width=\"393\">Dr. Harty\u00e1nszky Istv\u00e1n egyetemi docens<\/td>\n<\/tr>\n<tr>\n<td width=\"631\">A massz\u00edv pulmon\u00e1lis emb\u00f3lia modern sz\u00edvseb\u00e9szeti kezel\u00e9se<\/td>\n<td width=\"393\">Dr. Harty\u00e1nszky Istv\u00e1n egyetemi docens<\/td>\n<\/tr>\n<tr>\n<td width=\"631\">A bal kamra aneurysma modern sz\u00edvseb\u00e9szeti kezel\u00e9se \u2013 szem\u00e9lyre szabott m\u0171t\u00e9ti technika<\/td>\n<td width=\"393\">Dr. Harty\u00e1nszky Istv\u00e1n egyetemi docens<\/td>\n<\/tr>\n<tr>\n<td width=\"631\">A sz\u00edvel\u00e9gtelens\u00e9g v\u00edrusos etiol\u00f3gi\u00e1j\u00e1nak vizsg\u00e1lata<\/td>\n<td width=\"393\">Dr. Harty\u00e1nszky Istv\u00e1n egyetemi docens<\/td>\n<\/tr>\n<tr>\n<td width=\"631\">Modern perf\u00fazi\u00f3s technik\u00e1k a sz\u00edvseb\u00e9szetben<\/td>\n<td width=\"393\">Dr. Harty\u00e1nszky Istv\u00e1n egyetemi docens<\/td>\n<\/tr>\n<tr>\n<td width=\"631\">\u00daj technika bevezet\u00e9se a coronaria anom\u00e1li\u00e1k seb\u00e9szet\u00e9ben 3D tervez\u00e9ssel.<\/td>\n<td width=\"393\">Dr. Harty\u00e1nszky Istv\u00e1n egyetemi docens<\/td>\n<\/tr>\n<tr>\n<td width=\"631\">Az ECMO szerepe az akut kering\u00e9si sokk kezel\u00e9s\u00e9ben \u2013 E-CPR<\/td>\n<td width=\"393\">Dr. Fazekas Levente egyetemi docens<\/td>\n<\/tr>\n<tr>\n<td width=\"631\">The role of arch replacement in acute type A aortic dissection \/ Az aorta \u00edv rekonstrukci\u00f3 jelent\u0151s\u00e9ge az A t\u00edpus\u00fa aorta disszekci\u00f3 ell\u00e1t\u00e1s\u00e1ban<\/td>\n<td width=\"393\">Dr. Fazekas Levente egyetemi docens<\/td>\n<\/tr>\n<tr>\n<td width=\"631\">Vascular Ring Connector \u2013 an old\/new method in aortic surgery \/ Vaszkul\u00e1ris ring csatlakoz\u00f3 \u2013 r\u00e9gi\/\u00faj technika az aorta seb\u00e9szetben<\/td>\n<td width=\"393\">Dr. Fazekas Levente egyetemi docens<\/td>\n<\/tr>\n<tr>\n<td width=\"631\">Biomarkers in critically ill patients after open heart surgery \/ Biomarkerek a sz\u00edvm\u0171t\u00e9tet k\u00f6vet\u0151 kritikus \u00e1llapotokban<\/td>\n<td width=\"393\">Dr. Fazekas Levente egyetemi docens<\/td>\n<\/tr>\n<tr>\n<td width=\"631\">Role of biomarkers in cardiac transplantation \/ Biomarkerek szerepe a sz\u00edvtranszplant\u00e1ci\u00f3ban<\/td>\n<td width=\"393\">Dr. Fazekas Levente egyetemi docens<\/td>\n<\/tr>\n<tr>\n<td width=\"631\">Role of biomarkers in mechanical circulatory support (ECMO and LVAD) \/ Biomarkerek szerepe a mechanikus kering\u00e9st\u00e1mogat\u00e1sban (ECMO \u00e9s LVAD)<\/td>\n<td width=\"393\">Dr. Fazekas Levente egyetemi docens<\/td>\n<\/tr>\n<tr>\n<td width=\"631\">The role of ECMO in lung transplantation \/ Az ECMO szerepe a t\u00fcd\u0151transzplant\u00e1ci\u00f3ban<\/td>\n<td width=\"393\">Dr. Fazekas Levente egyetemi docens<\/td>\n<\/tr>\n<tr>\n<td width=\"631\">Fluid management in MCS \/ Folyad\u00e9k ter\u00e1pia mechanikus kering\u00e9st\u00e1mogat\u00e1sban<\/td>\n<td width=\"393\">Dr. Fazekas Levente egyetemi docens<\/td>\n<\/tr>\n<tr>\n<td width=\"631\">Fluid management in lung transplantation \/ Folyad\u00e9k ter\u00e1pia t\u00fcd\u0151transzplant\u00e1ci\u00f3ban<\/td>\n<td width=\"393\">Dr. Fazekas Levente egyetemi docens<\/td>\n<\/tr>\n<tr>\n<td width=\"631\">Fluid management in general cardiac surgery and its relation to perioperative atrial fibrillation \/ Folyad\u00e9k ter\u00e1pia a sz\u00edvseb\u00e9szetben \u00e9s jelent\u0151s\u00e9ge a perioperat\u00edv pitvarfibrill\u00e1ci\u00f3 kialakul\u00e1s\u00e1ban<\/td>\n<td width=\"393\">Dr. Fazekas Levente egyetemi docens<\/td>\n<\/tr>\n<tr>\n<td width=\"631\">Computer aided decision making in the management of patients at the cardiac surgical intensive care unit \/ Sz\u00e1m\u00edt\u00f3g\u00e9pes d\u00f6nt\u00e9s-t\u00e1mogat\u00e1s a sz\u00edvseb\u00e9szeti intenz\u00edves gyakorlatban<\/td>\n<td width=\"393\">Dr. Fazekas Levente egyetemi docens<\/td>\n<\/tr>\n<tr>\n<td width=\"631\">Change management \u2013 moving from paper based documentation to EPR in cardiac surgery \/ V\u00e1ltoz\u00e1smenedzsment \u2013 \u00fat a pap\u00edr alap\u00fa dokument\u00e1ci\u00f3t\u00f3l a digit\u00e1lis l\u00e1zlap fel\u00e9<\/td>\n<td width=\"393\">Dr. Fazekas Levente egyetemi docens<\/td>\n<\/tr>\n<tr>\n<td width=\"631\">Az aortagy\u00f6k rekonstrukci\u00f3 seb\u00e9szi lehet\u0151s\u00e9gei<\/td>\n<td width=\"393\">Dr. P\u00f3los Mikl\u00f3s egyetemi tan\u00e1rseg\u00e9d<\/td>\n<\/tr>\n<tr>\n<td width=\"631\">Billenty\u0171 megtart\u00f3 aortagy\u00f6k rekonstrukci\u00f3s m\u0171t\u00e9tek Marfan syndrom\u00e1ban<\/td>\n<td width=\"393\">Dr. P\u00f3los Mikl\u00f3s egyetemi tan\u00e1rseg\u00e9d<\/td>\n<\/tr>\n<tr>\n<td width=\"631\">A Marfan syndrom\u00e1s betegek sz\u00edvm\u0171t\u00e9teinek pszichoszoci\u00e1lis vonatkoz\u00e1sai<\/td>\n<td width=\"393\">Dr. P\u00f3los Mikl\u00f3s egyetemi tan\u00e1rseg\u00e9d<\/td>\n<\/tr>\n<tr>\n<td width=\"631\">Az aorta\u00edv m\u0171t\u00e9tek \u00fajszer\u0171 megold\u00e1sai<\/td>\n<td width=\"393\">Dr. P\u00f3los Mikl\u00f3s egyetemi tan\u00e1rseg\u00e9d<\/td>\n<\/tr>\n<tr>\n<td width=\"631\">Sz\u00edvtranszplant\u00e1ci\u00f3 HOCM \u00e1ltal okozott v\u00e9gst\u00e1dium\u00fa sz\u00edvel\u00e9gtelens\u00e9gben<\/td>\n<td width=\"393\">Dr. P\u00f3los Mikl\u00f3s egyetemi tan\u00e1rseg\u00e9d<\/td>\n<\/tr>\n<tr>\n<td width=\"631\">Az ECMO kezel\u00e9s szerepe a kr\u00f3nikus sz\u00edvel\u00e9gtelens\u00e9gben.<\/td>\n<td width=\"393\">Dr. P\u00f3los Mikl\u00f3s egyetemi tan\u00e1rseg\u00e9d \u00e9s Dr. Kopp\u00e1nyi \u00c1d\u00e1m szakorvosjel\u00f6lt<\/td>\n<\/tr>\n<tr>\n<td width=\"631\">Acut dissectio<\/td>\n<td width=\"393\">Dr. Dar\u00f3czi L\u00e1szl\u00f3 klinikai f\u0151orvos<\/td>\n<\/tr>\n<tr>\n<td width=\"631\">Innovat\u00edv lehet\u0151s\u00e9gek a sz\u00edvseb\u00e9szetben 3D tervez\u00e9s<\/td>\n<td width=\"393\">Dr. Barab\u00e1s J. Imre Ph.D.<\/td>\n<\/tr>\n<tr>\n<td width=\"631\">A 3D technol\u00f3gia \u00e9s az \u00e1raml\u00e1stani szimul\u00e1ci\u00f3k szerepe az optim\u00e1lis graft t\u00fal\u00e9l\u00e9sben vesetranszplant\u00e1ci\u00f3 sor\u00e1n &#8211; The role of 3D technology and flow simulations for optimal graft survival in kidney transplantation<\/td>\n<td width=\"393\">Dr. Barab\u00e1s J. Imre Ph.D.<\/td>\n<\/tr>\n<tr>\n<td width=\"631\">Gy\u00f3gyszer repoz\u00edci\u00f3 az ischaemia-reperf\u00fazi\u00f3s k\u00e1rosod\u00e1s cs\u00f6kkent\u00e9s\u00e9re k\u00eds\u00e9rletes sz\u00edvseb\u00e9szeti modellekben- Drug repositioning for the reduction of ischemia-reperfusion injury in experimental cardiac surgical models<\/td>\n<td width=\"393\">Dr. Benke K\u00e1lm\u00e1n egyetemi docens, Dr. Veres G\u00e1bor egyetemi docens, Dr. Stengl Roland sz\u00edvseb\u00e9sz rezidens<\/td>\n<\/tr>\n<tr>\n<td width=\"631\">\u00a0Az aorta biomechanikai tulajdons\u00e1gainak jellemz\u00e9se \u00e9s \u00faj ter\u00e1pi\u00e1s lehet\u0151s\u00e9gek azonos\u00edt\u00e1sa az aortafal er\u0151s\u00edt\u00e9s\u00e9re k\u00f6t\u0151sz\u00f6veti betegs\u00e9gek eg\u00e9rmodelljeiben &#8211; Characterizing the biomechanical integrity of the aorta and identifying aortic wall strengthening drugs in mouse models of connective tissue disorders<\/td>\n<td width=\"393\">Dr. Stengl Roland sz\u00edvseb\u00e9sz rezidens, Dr. Benke K\u00e1lm\u00e1n egyetemi docens<\/td>\n<\/tr>\n<tr>\n<td width=\"631\">\u00a0Az akut \u00e9rkatasztr\u00f3fa kialakul\u00e1s\u00e1nak prediktorai Marfan-szindr\u00f3m\u00e1ban \u00e9s t\u00e1rsbetegs\u00e9geiben- Predictors of the development of acute aortic events in Marfan syndrome and related disorders<\/td>\n<td width=\"393\">Dr. Benke K\u00e1lm\u00e1n egyetemi docens, Dr. Stengl Roland sz\u00edvseb\u00e9sz rezidens<\/td>\n<\/tr>\n<tr>\n<td>&nbsp;<\/td>\n<td>&nbsp;<\/td>\n<\/tr>\n<tr>\n<td width=\"631\">A GOKVI-ban k\u00e9sz\u00edthet\u0151 TDK-munka c\u00edme 2024\/2025<\/td>\n<td width=\"393\">\u00a0<\/td>\n<\/tr>\n<tr>\n<td width=\"631\">\u00daj perspekt\u00edv\u00e1k az aortabillenty\u0171 seb\u00e9szetben.<\/td>\n<td width=\"393\">Dr. Juh\u00e1sz Bogl\u00e1rka f\u0151orvos<\/td>\n<\/tr>\n<tr>\n<td width=\"631\">A mediastinitis korszer\u0171 kezel\u00e9se<\/td>\n<td width=\"393\">Dr. Juh\u00e1sz Bogl\u00e1rka f\u0151orvos<\/td>\n<\/tr>\n<tr>\n<td width=\"631\">Driveline infekci\u00f3k kezel\u00e9se sor\u00e1n nyert tapasztalataink<\/td>\n<td width=\"393\">Dr. Juh\u00e1sz Bogl\u00e1rka f\u0151orvos<\/td>\n<\/tr>\n<tr>\n<td width=\"631\">Dobog\u00f3 sz\u00edven v\u00e9gzett koszor\u00fa\u00e9rm\u0171t\u00e9tek coronaria shunt haszn\u00e1lat\u00e1val \u00e9s an\u00e9lk\u00fcl<\/td>\n<td width=\"393\">Dr. Szolnoky Jen\u0151 oszt\u00e1lyvezet\u0151 f\u0151orvos<\/td>\n<\/tr>\n<tr>\n<td width=\"631\">Az aorta billenty\u0171 el\u00e9gtelens\u00e9g seb\u00e9szi kezel\u00e9se.<\/td>\n<td width=\"393\">Dr. Szolnoky Jen\u0151 oszt\u00e1lyvezet\u0151 f\u0151orvos<\/td>\n<\/tr>\n<tr>\n<td width=\"631\">Minim\u00e1l invaz\u00edv sz\u00edvseb\u00e9szeti beavatkoz\u00e1sok<\/td>\n<td width=\"393\">Dr. Szolnoky Jen\u0151 oszt\u00e1lyvezet\u0151 f\u0151orvos<\/td>\n<\/tr>\n<tr>\n<td width=\"631\">Pitvarfibrill\u00e1ci\u00f3 seb\u00e9szi kezel\u00e9se<\/td>\n<td width=\"393\">Dr. Szolnoky Jen\u0151 oszt\u00e1lyvezet\u0151 f\u0151orvos<\/td>\n<\/tr>\n<tr>\n<td width=\"631\">3D technol\u00f3gia alkalmaz\u00e1s\u00e1nak el\u0151nyei a komplex gyermeksz\u00edvseb\u00e9szeti beavatkoz\u00e1sokn\u00e1l<\/td>\n<td width=\"393\">Dr. Prod\u00e1n Zsolt, oszt\u00e1lyvezet\u0151 f\u0151orvos, Dr. Barab\u00e1s J. Imre Ph.D.<\/td>\n<\/tr>\n<tr>\n<td width=\"631\">Kisgyermekkorban v\u00e9gzett mechanikus m\u0171sz\u00edv be\u00fcltet\u00e9s sz\u00e1m\u00edt\u00e1stechnikai szimul\u00e1ci\u00f3 seg\u00edts\u00e9g\u00e9vel.<\/td>\n<td width=\"393\">Dr. Prod\u00e1n Zsolt, oszt\u00e1lyvezet\u0151 f\u0151orvos, Dr. Barab\u00e1s J. Imre Ph.D.<\/td>\n<\/tr>\n<tr>\n<td width=\"631\">Szemiauton\u00f3m szegment\u00e1l\u00e1si m\u00f3dszer kidolgoz\u00e1sa kisgyermekkori sz\u00edvtumorok ter\u00e1pi\u00e1j\u00e1ban<\/td>\n<td width=\"393\">Dr. F\u00e9s\u0171s G\u00e1bor, adjunktus, Dr. Barab\u00e1s J. Imre Ph.D.<\/td>\n<\/tr>\n<tr>\n<td width=\"631\">Szem\u00e9lyre szabott 3D modellek alkalmazhat\u00f3s\u00e1ga komplex pulmonalis atr\u00e9zi\u00e1ban<\/td>\n<td width=\"393\">Dr. Nagy Zsolt L\u00e1szl\u00f3, f\u0151orvos, Dr. Barab\u00e1s J. Imre Ph.D.<\/td>\n<\/tr>\n<tr>\n<td width=\"631\">Kisgyermekkorban v\u00e9gzett coarctatio m\u0171t\u00e9tetek \u00e1ramlastani szimul\u00e1ci\u00f3ja 3D nyomtatott modelleken<\/td>\n<td width=\"393\">Dr. Kis \u00c9va szakorvos, Dr. Barab\u00e1s J. Imre Ph.D.<\/td>\n<\/tr>\n<tr>\n<td width=\"631\">Pulmon\u00e1ris art\u00e9ria geometria \u00e9s pulmon\u00e1ris \u00e1g szetn\u00f3zis \u00f6sszef\u00fcgg\u00e9s\u00e9nek vizsg\u00e1lata teljes nagy\u00e9r-transzpoz\u00edci\u00f3 miatti art\u00e9ri\u00e1s switch m\u0171t\u00e9tet k\u00f6vet\u0151en<\/td>\n<td width=\"393\">Dr. Cao Chun, Dr. Fontos Marcell, rezidens<\/td>\n<\/tr>\n<\/tbody>\n<\/table>\n","protected":false},"excerpt":{"rendered":"<p>A V\u00e1rosmajori Sz\u00edv- \u00e9s \u00c9rgy\u00f3gy\u00e1szati Klinika TDK munkac\u00edmei \u00e9s t\u00e9mavezet\u0151i a 2024\/2025. tan\u00e9vben TDK-munka c\u00edme T\u00e9mavezet\u0151 neve (fokozattal) Sz\u00edvseb\u00e9szeti Tansz\u00e9ki Csoport \u00a0 Ischaemi\u00e1s sz\u00edvbetegs\u00e9g seb\u00e9szete \u2013 off pump m\u0171t\u00e9ti technika Dr. Horkay Ferenc egyetemi tan\u00e1r Ischaemi\u00e1s sz\u00edvel\u00e9gtelens\u00e9g kezel\u00e9se Dr. Horkay Ferenc egyetemi tan\u00e1r Mitralis billenty\u0171 el\u00e9gtelens\u00e9g kezel\u00e9se Dr. Horkay Ferenc egyetemi tan\u00e1r Az ischaemi\u00e1s sz\u00edvbetegs\u00e9g &hellip;<\/p>\n","protected":false},"author":102365,"featured_media":0,"parent":10054,"menu_order":0,"comment_status":"closed","ping_status":"closed","template":"","meta":{"_acf_changed":false,"footnotes":""},"categories":[],"tags":[],"class_list":["post-11060","page","type-page","status-publish","hentry"],"acf":[],"publishpress_future_action":{"enabled":false,"date":"1970-01-01 01:00:00","action":"","terms":[],"taxonomy":"","browser_timezone_offset":0},"_links":{"self":[{"href":"https:\/\/semmelweis.hu\/tdk\/wp-json\/wp\/v2\/pages\/11060","targetHints":{"allow":["GET"]}}],"collection":[{"href":"https:\/\/semmelweis.hu\/tdk\/wp-json\/wp\/v2\/pages"}],"about":[{"href":"https:\/\/semmelweis.hu\/tdk\/wp-json\/wp\/v2\/types\/page"}],"author":[{"embeddable":true,"href":"https:\/\/semmelweis.hu\/tdk\/wp-json\/wp\/v2\/users\/102365"}],"replies":[{"embeddable":true,"href":"https:\/\/semmelweis.hu\/tdk\/wp-json\/wp\/v2\/comments?post=11060"}],"version-history":[{"count":1,"href":"https:\/\/semmelweis.hu\/tdk\/wp-json\/wp\/v2\/pages\/11060\/revisions"}],"predecessor-version":[{"id":11061,"href":"https:\/\/semmelweis.hu\/tdk\/wp-json\/wp\/v2\/pages\/11060\/revisions\/11061"}],"up":[{"embeddable":true,"href":"https:\/\/semmelweis.hu\/tdk\/wp-json\/wp\/v2\/pages\/10054"}],"wp:attachment":[{"href":"https:\/\/semmelweis.hu\/tdk\/wp-json\/wp\/v2\/media?parent=11060"}],"wp:term":[{"taxonomy":"category","embeddable":true,"href":"https:\/\/semmelweis.hu\/tdk\/wp-json\/wp\/v2\/categories?post=11060"},{"taxonomy":"post_tag","embeddable":true,"href":"https:\/\/semmelweis.hu\/tdk\/wp-json\/wp\/v2\/tags?post=11060"}],"curies":[{"name":"wp","href":"https:\/\/api.w.org\/{rel}","templated":true}]}}