{"id":11054,"date":"2024-08-09T13:39:00","date_gmt":"2024-08-09T11:39:00","guid":{"rendered":"https:\/\/semmelweis.hu\/tdk\/?page_id=11054"},"modified":"2024-08-09T13:39:00","modified_gmt":"2024-08-09T11:39:00","slug":"repulo-es-urorvostani-tanszek","status":"publish","type":"page","link":"https:\/\/semmelweis.hu\/tdk\/tdk-temak-es-temavezetok\/aok\/repulo-es-urorvostani-tanszek\/","title":{"rendered":"Rep\u00fcl\u0151- \u00e9s \u0170rorvostani Tansz\u00e9k"},"content":{"rendered":"<table width=\"940\">\n<tbody>\n<tr>\n<td width=\"468\"><strong>TDK munka c\u00edme<\/strong><\/td>\n<td width=\"472\"><strong>T\u00e9mavezet\u0151 neve (fokozattal)<\/strong><\/td>\n<\/tr>\n<tr>\n<td width=\"468\">A magyar \u0171rprogram t\u00e1masztotta eg\u00e9szs\u00e9g\u00fcgyi kih\u00edv\u00e1sok: asztronauta kiv\u00e1laszt\u00e1s, kik\u00e9pz\u00e9s<\/td>\n<td width=\"472\">Dr. Nagy Klaudia Vivien, Ph.D. adjunktus, Dr. Nagy-Bozsoky J\u00f3zsef Ph.D. hallgat\u00f3<\/td>\n<\/tr>\n<tr>\n<td width=\"468\">\u00daj telemedik\u00e1lis rendszerek alkalmaz\u00e1sa emberes \u0171rrep\u00fcl\u00e9s sor\u00e1n<\/td>\n<td width=\"472\">Dr. Nagy Klaudia Vivien, Ph.D. adjunktus, Dr. Nagy-Bozsoky J\u00f3zsef Ph.D. hallgat\u00f3<\/td>\n<\/tr>\n<tr>\n<td width=\"468\">Dekond\u00edcion\u00e1l\u00e1s megel\u0151z\u00e9se a s\u00falytalans\u00e1gban: \u00faj edz\u00e9sprogram asztronaut\u00e1knak<\/td>\n<td width=\"472\">Dr. Nagy Klaudia Vivien, Ph.D. adjunktus, Dr. Syd\u00f3 N\u00f3ra, egyetemi tan\u00e1rseg\u00e9d<\/td>\n<\/tr>\n<tr>\n<td width=\"468\">\u0170rrep\u00fcl\u00e9s ut\u00e1ni rehabilit\u00e1ci\u00f3<\/td>\n<td width=\"472\">Dr. Nagy Klaudia Vivien, Ph.D. adjunktus, Dr. Syd\u00f3 N\u00f3ra, egyetemi tan\u00e1rseg\u00e9d<\/td>\n<\/tr>\n<tr>\n<td width=\"468\">\u00a0<\/td>\n<td width=\"472\">\u00a0<\/td>\n<\/tr>\n<tr>\n<td width=\"468\">Computer aided decision making in the management of patients at the cardiac surgical intensive care unit \/ Sz\u00e1m\u00edt\u00f3g\u00e9pes d\u00f6nt\u00e9s-t\u00e1mogat\u00e1s a sz\u00edvseb\u00e9szeti intenz\u00edves gyakorlatban<\/td>\n<td width=\"472\">Dr. Fazekas Levente egyetemi docens<\/td>\n<\/tr>\n<tr>\n<td width=\"468\">Change management \u2013 moving from paper based documentation to EPR in cardiac surgery \/ V\u00e1ltoz\u00e1smenedzsment \u2013 \u00fat a pap\u00edr alap\u00fa dokument\u00e1ci\u00f3t\u00f3l a digit\u00e1lis l\u00e1zlap fel\u00e9<\/td>\n<td width=\"472\">Dr. Fazekas Levente egyetemi docens<\/td>\n<\/tr>\n<tr>\n<td width=\"468\">Az aortagy\u00f6k rekonstrukci\u00f3 seb\u00e9szi lehet\u0151s\u00e9gei<\/td>\n<td width=\"472\">Dr. P\u00f3los Mikl\u00f3s egyetemi tan\u00e1rseg\u00e9d<\/td>\n<\/tr>\n<tr>\n<td width=\"468\">Billenty\u0171 megtart\u00f3 aortagy\u00f6k rekonstrukci\u00f3s m\u0171t\u00e9tek Marfan syndrom\u00e1ban<\/td>\n<td width=\"472\">Dr. P\u00f3los Mikl\u00f3s egyetemi tan\u00e1rseg\u00e9d<\/td>\n<\/tr>\n<tr>\n<td width=\"468\">A Marfan syndrom\u00e1s betegek sz\u00edvm\u0171t\u00e9teinek pszichoszoci\u00e1lis vonatkoz\u00e1sai<\/td>\n<td width=\"472\">Dr. P\u00f3los Mikl\u00f3s egyetemi tan\u00e1rseg\u00e9d<\/td>\n<\/tr>\n<tr>\n<td width=\"468\">Az aorta\u00edv m\u0171t\u00e9tek \u00fajszer\u0171 megold\u00e1sai<\/td>\n<td width=\"472\">Dr. P\u00f3los Mikl\u00f3s egyetemi tan\u00e1rseg\u00e9d<\/td>\n<\/tr>\n<tr>\n<td width=\"468\">Sz\u00edvtranszplant\u00e1ci\u00f3 HOCM \u00e1ltal okozott v\u00e9gst\u00e1dium\u00fa sz\u00edvel\u00e9gtelens\u00e9gben<\/td>\n<td width=\"472\">Dr. P\u00f3los Mikl\u00f3s egyetemi tan\u00e1rseg\u00e9d<\/td>\n<\/tr>\n<tr>\n<td width=\"468\">Acut dissectio<\/td>\n<td width=\"472\">Dr. Dar\u00f3czi L\u00e1szl\u00f3 klinikai f\u0151orvos<\/td>\n<\/tr>\n<tr>\n<td width=\"468\">Az ECMO kezel\u00e9s szerepe a kr\u00f3nikus sz\u00edvel\u00e9gtelens\u00e9gben.<\/td>\n<td width=\"472\">Dr. P\u00f3los Mikl\u00f3s egyetemi tan\u00e1rseg\u00e9d \u00e9s Dr. Kopp\u00e1nyi \u00c1d\u00e1m szakorvosjel\u00f6lt<\/td>\n<\/tr>\n<tr>\n<td width=\"468\">Innovat\u00edv lehet\u0151s\u00e9gek a sz\u00edvseb\u00e9szetben 3D tervez\u00e9s<\/td>\n<td width=\"472\">Dr. Barab\u00e1s J. Imre Ph.D.<\/td>\n<\/tr>\n<tr>\n<td width=\"468\">Az akut \u201cA t\u00edpus\u00fa\u201d disszekci\u00f3k etiol\u00f3gi\u00e1ja \u00e9s ter\u00e1pi\u00e1ja a V\u00e1rosmajori Sz\u00edv- \u00e9s \u00c9rgy\u00f3gy\u00e1szati Klinika beteganyag\u00e1nak t\u00fckr\u00e9ben<\/td>\n<td width=\"472\">Dr. Szabolcs Zolt\u00e1n egyetemi tan\u00e1r \u00e9s Dr. P\u00f3los Mikl\u00f3s egyetemi tan\u00e1rseg\u00e9d<\/td>\n<\/tr>\n<tr>\n<td width=\"468\">Gy\u00f3gyszer repoz\u00edci\u00f3 az ischaemia-reperf\u00fazi\u00f3s k\u00e1rosod\u00e1s cs\u00f6kkent\u00e9s\u00e9re k\u00eds\u00e9rletes sz\u00edvseb\u00e9szeti modellekben- Drug repositioning for the reduction of ischemia-reperfusion injury in experimental cardiac surgical models<\/td>\n<td width=\"472\">Dr. Benke K\u00e1lm\u00e1n egyetemi adjunktus, Dr. Veres G\u00e1bor egyetemi docens, Dr. Stengl Roland sz\u00edvseb\u00e9sz rezidens<\/td>\n<\/tr>\n<tr>\n<td width=\"468\">\u00a0Az aorta biomechanikai tulajdons\u00e1gainak jellemz\u00e9se \u00e9s \u00faj ter\u00e1pi\u00e1s lehet\u0151s\u00e9gek azonos\u00edt\u00e1sa az aortafal er\u0151s\u00edt\u00e9s\u00e9re k\u00f6t\u0151sz\u00f6veti betegs\u00e9gek eg\u00e9rmodelljeiben &#8211; Characterizing the biomechanical integrity of the aorta and identifying aortic wall strengthening drugs in mouse models of connective tissue disorders<\/td>\n<td width=\"472\">Dr. Stengl Roland sz\u00edvseb\u00e9sz rezidens, Dr. Benke K\u00e1lm\u00e1n egyetemi adjunktus<\/td>\n<\/tr>\n<tr>\n<td width=\"468\">\u00a0Az akut \u00e9rkatasztr\u00f3fa kialakul\u00e1s\u00e1nak prediktorai Marfan-szindr\u00f3m\u00e1ban \u00e9s t\u00e1rsbetegs\u00e9geiben- Predictors of the development of acute aortic events in Marfan syndrome and related disorders<\/td>\n<td width=\"472\">Dr. Benke K\u00e1lm\u00e1n egyetemi adjunktus, Dr. Stengl Roland sz\u00edvseb\u00e9sz rezidens<\/td>\n<\/tr>\n<tr>\n<td width=\"468\">\u00a0<\/td>\n<td width=\"472\">\u00a0<\/td>\n<\/tr>\n<tr>\n<td width=\"468\">A GOKVI-ban k\u00e9sz\u00edthet\u0151 rektori p\u00e1lyamunka c\u00edme 2023\/2024<\/td>\n<td width=\"472\">\u00a0<\/td>\n<\/tr>\n<tr>\n<td width=\"468\">\u00daj perspekt\u00edv\u00e1k az aortabillenty\u0171 seb\u00e9szetben.<\/td>\n<td width=\"472\">Dr. Juh\u00e1sz Bogl\u00e1rka f\u0151orvos<\/td>\n<\/tr>\n<tr>\n<td width=\"468\">A mediastinitis korszer\u0171 kezel\u00e9se<\/td>\n<td width=\"472\">Dr. Juh\u00e1sz Bogl\u00e1rka f\u0151orvos<\/td>\n<\/tr>\n<tr>\n<td width=\"468\">Driveline infekci\u00f3k kezel\u00e9se sor\u00e1n nyert tapasztalataink<\/td>\n<td width=\"472\">Dr. Juh\u00e1sz Bogl\u00e1rka f\u0151orvos<\/td>\n<\/tr>\n<tr>\n<td width=\"468\">Dobog\u00f3 sz\u00edven v\u00e9gzett koszor\u00fa\u00e9rm\u0171t\u00e9tek coronaria shunt haszn\u00e1lat\u00e1val \u00e9s an\u00e9lk\u00fcl<\/td>\n<td width=\"472\">Dr. Szolnoky Jen\u0151 oszt\u00e1lyvezet\u0151 f\u0151orvos<\/td>\n<\/tr>\n<tr>\n<td width=\"468\">Az aorta billenty\u0171 el\u00e9gtelens\u00e9g seb\u00e9szi kezel\u00e9se.<\/td>\n<td width=\"472\">Dr. Szolnoky Jen\u0151 oszt\u00e1lyvezet\u0151 f\u0151orvos<\/td>\n<\/tr>\n<tr>\n<td width=\"468\">Minim\u00e1l invaz\u00edv sz\u00edvseb\u00e9szeti beavatkoz\u00e1sok<\/td>\n<td width=\"472\">Dr. Szolnoky Jen\u0151 oszt\u00e1lyvezet\u0151 f\u0151orvos<\/td>\n<\/tr>\n<tr>\n<td width=\"468\">Pitvarfibrill\u00e1ci\u00f3 seb\u00e9szi kezel\u00e9se<\/td>\n<td width=\"472\">Dr. Szolnoky Jen\u0151 oszt\u00e1lyvezet\u0151 f\u0151orvos<\/td>\n<\/tr>\n<tr>\n<td width=\"468\">3D technol\u00f3gia alkalmaz\u00e1s\u00e1nak el\u0151nyei a komplex gyermeksz\u00edvseb\u00e9szeti beavatkoz\u00e1sokn\u00e1l<\/td>\n<td width=\"472\">Dr. Prod\u00e1n Zsolt, oszt\u00e1lyvezet\u0151 f\u0151orvos, Dr. Barab\u00e1s J. Imre Ph.D.<\/td>\n<\/tr>\n<tr>\n<td width=\"468\">Kisgyermekkorban v\u00e9gzett mechanikus m\u0171sz\u00edv be\u00fcltet\u00e9s sz\u00e1m\u00edt\u00e1stechnikai szimul\u00e1ci\u00f3 seg\u00edts\u00e9g\u00e9vel.<\/td>\n<td width=\"472\">Dr. Prod\u00e1n Zsolt, oszt\u00e1lyvezet\u0151 f\u0151orvos, Dr. Barab\u00e1s J. Imre Ph.D.<\/td>\n<\/tr>\n<tr>\n<td width=\"468\">Szemiauton\u00f3m szegment\u00e1l\u00e1si m\u00f3dszer kidolgoz\u00e1sa kisgyermekkori sz\u00edvtumorok ter\u00e1pi\u00e1j\u00e1ban<\/td>\n<td width=\"472\">Dr. F\u00e9s\u0171s G\u00e1bor, adjunktus, Dr. Barab\u00e1s J. Imre Ph.D.<\/td>\n<\/tr>\n<tr>\n<td width=\"468\">Szem\u00e9lyre szabott 3D modellek alkalmazhat\u00f3s\u00e1ga komplex pulmonalis atr\u00e9zi\u00e1ban<\/td>\n<td width=\"472\">Dr. Nagy Zsolt L\u00e1szl\u00f3, f\u0151orvos, Dr. Barab\u00e1s J. Imre Ph.D.<\/td>\n<\/tr>\n<tr>\n<td width=\"468\">Kisgyermekkorban v\u00e9gzett coarctatio m\u0171t\u00e9tetek \u00e1ramlastani szimul\u00e1ci\u00f3ja 3D nyomtatott modelleken<\/td>\n<td width=\"472\">Dr. Kis \u00c9va szakorvos, Dr. Barab\u00e1s J. Imre Ph.D.<\/td>\n<\/tr>\n<\/tbody>\n<\/table>\n","protected":false},"excerpt":{"rendered":"<p>TDK munka c\u00edme T\u00e9mavezet\u0151 neve (fokozattal) A magyar \u0171rprogram t\u00e1masztotta eg\u00e9szs\u00e9g\u00fcgyi kih\u00edv\u00e1sok: asztronauta kiv\u00e1laszt\u00e1s, kik\u00e9pz\u00e9s Dr. Nagy Klaudia Vivien, Ph.D. adjunktus, Dr. Nagy-Bozsoky J\u00f3zsef Ph.D. hallgat\u00f3 \u00daj telemedik\u00e1lis rendszerek alkalmaz\u00e1sa emberes \u0171rrep\u00fcl\u00e9s sor\u00e1n Dr. Nagy Klaudia Vivien, Ph.D. adjunktus, Dr. Nagy-Bozsoky J\u00f3zsef Ph.D. hallgat\u00f3 Dekond\u00edcion\u00e1l\u00e1s megel\u0151z\u00e9se a s\u00falytalans\u00e1gban: \u00faj edz\u00e9sprogram asztronaut\u00e1knak Dr. Nagy Klaudia Vivien, &hellip;<\/p>\n","protected":false},"author":102365,"featured_media":0,"parent":10054,"menu_order":0,"comment_status":"closed","ping_status":"closed","template":"","meta":{"_acf_changed":false,"footnotes":""},"categories":[],"tags":[],"class_list":["post-11054","page","type-page","status-publish","hentry"],"acf":[],"publishpress_future_action":{"enabled":false,"date":"1970-01-01 01:00:00","action":"","terms":[],"taxonomy":"","browser_timezone_offset":0},"_links":{"self":[{"href":"https:\/\/semmelweis.hu\/tdk\/wp-json\/wp\/v2\/pages\/11054","targetHints":{"allow":["GET"]}}],"collection":[{"href":"https:\/\/semmelweis.hu\/tdk\/wp-json\/wp\/v2\/pages"}],"about":[{"href":"https:\/\/semmelweis.hu\/tdk\/wp-json\/wp\/v2\/types\/page"}],"author":[{"embeddable":true,"href":"https:\/\/semmelweis.hu\/tdk\/wp-json\/wp\/v2\/users\/102365"}],"replies":[{"embeddable":true,"href":"https:\/\/semmelweis.hu\/tdk\/wp-json\/wp\/v2\/comments?post=11054"}],"version-history":[{"count":1,"href":"https:\/\/semmelweis.hu\/tdk\/wp-json\/wp\/v2\/pages\/11054\/revisions"}],"predecessor-version":[{"id":11055,"href":"https:\/\/semmelweis.hu\/tdk\/wp-json\/wp\/v2\/pages\/11054\/revisions\/11055"}],"up":[{"embeddable":true,"href":"https:\/\/semmelweis.hu\/tdk\/wp-json\/wp\/v2\/pages\/10054"}],"wp:attachment":[{"href":"https:\/\/semmelweis.hu\/tdk\/wp-json\/wp\/v2\/media?parent=11054"}],"wp:term":[{"taxonomy":"category","embeddable":true,"href":"https:\/\/semmelweis.hu\/tdk\/wp-json\/wp\/v2\/categories?post=11054"},{"taxonomy":"post_tag","embeddable":true,"href":"https:\/\/semmelweis.hu\/tdk\/wp-json\/wp\/v2\/tags?post=11054"}],"curies":[{"name":"wp","href":"https:\/\/api.w.org\/{rel}","templated":true}]}}