{"id":1104,"date":"2016-07-29T00:00:00","date_gmt":"2016-07-28T22:00:00","guid":{"rendered":"http:\/\/semmelweis.hu\/tdk\/rektori-palyazatok-nyertesei\/"},"modified":"2025-01-07T23:12:04","modified_gmt":"2025-01-07T22:12:04","slug":"rektori-palyazatok-nyertesei","status":"publish","type":"page","link":"https:\/\/semmelweis.hu\/tdk\/rektori-palyazat\/rektori-palyazatok-nyertesei\/","title":{"rendered":"Rektori p\u00e1lyamunk\u00e1k d\u00edjazottjai"},"content":{"rendered":"<h5>Rektori p\u00e1lyamunk\u00e1k d\u00edjazottjai:<\/h5>\n<ul>\n<li>\n<h3><a href=\"https:\/\/semmelweis.hu\/tdk\/files\/2025\/01\/rektori_eredmeny_2024.pdf\">2024\/2025<\/a><\/h3>\n<\/li>\n<li>\n<h3><a href=\"https:\/\/semmelweis.hu\/tdk\/files\/2024\/06\/rektori-palyamuvek-dijazottak-0606.pdf\" target=\"_blank\" rel=\"noopener\">2023\/2024<\/a><\/h3>\n<\/li>\n<li>\n<h3><a href=\"https:\/\/semmelweis.hu\/tdk\/files\/2024\/05\/SE-Rektori-palyazat-eredmeny-2022_2023.pdf\" target=\"_blank\" rel=\"noopener\">2022\/2023<\/a><\/h3>\n<\/li>\n<li>\n<h3><a href=\"https:\/\/semmelweis.hu\/tdk\/files\/2024\/05\/SE-Rektori-palyazat-eredmeny-2021_2022.pdf\" target=\"_blank\" rel=\"noopener\"><span style=\"font-size: 18pt\">2021\/2022<\/span><\/a><\/h3>\n<\/li>\n<li>\n<h3><a href=\"https:\/\/semmelweis.hu\/tdk\/files\/2024\/05\/SE-Rektori-palyazat-eredmeny-2020_2021.pdf\" target=\"_blank\" rel=\"noopener\">2020\/2021<\/a><\/h3>\n<\/li>\n<li>\n<h3><a href=\"https:\/\/semmelweis.hu\/tdk\/files\/2024\/05\/rektori_eredmenyek_2019-2020.pdf\" target=\"_blank\" rel=\"noopener\">2019\/2020<\/a><\/h3>\n<\/li>\n<\/ul>\n<ul>\n<li>\n<h3><a href=\"https:\/\/semmelweis.hu\/tdk\/files\/2024\/05\/rektori_eredmenyek_2018-2019.pdf\" target=\"_blank\" rel=\"noopener\">2018\/2019<\/a><\/h3>\n<\/li>\n<\/ul>\n<ul>\n<li>\n<h3><a href=\"https:\/\/semmelweis.hu\/tdk\/files\/2019\/04\/rektori-p\u00e1ly\u00e1zat-eredm\u00e9nyei_2018.pdf\">2017\/2018<\/a><\/h3>\n<\/li>\n<li>\n<h3><a href=\"https:\/\/semmelweis.hu\/tdk\/files\/2019\/04\/rektori_palyamunkak_2016-2017.pdf\">2016\/2017<\/a><\/h3>\n<\/li>\n<li>\n<h3><a href=\"https:\/\/semmelweis.hu\/tdk\/files\/2019\/04\/2015-16-tan\u00e9v.pdf\">2015\/2016<\/a><\/h3>\n<\/li>\n<li>\n<h3><a href=\"https:\/\/semmelweis.hu\/tdk\/files\/2024\/05\/SE-Rektori-palyazat-eredmeny-2014_2015.pdf\" target=\"_blank\" rel=\"noopener\">2014\/2015<\/a><\/h3>\n<\/li>\n<li>\n<h3><a href=\"https:\/\/semmelweis.hu\/tdk\/files\/2019\/04\/2013-14-tan\u00e9v.pdf\">2013\/2014<\/a><\/h3>\n<\/li>\n<li>\n<h3><a href=\"https:\/\/semmelweis.hu\/tdk\/files\/2019\/04\/2012-13-tan\u00e9v.pdf\">2012\/2013<\/a><\/h3>\n<\/li>\n<li>\n<h3><a href=\"https:\/\/semmelweis.hu\/tdk\/files\/2019\/04\/2011-12-tan\u00e9v.pdf\">2011\/2012<\/a><\/h3>\n<\/li>\n<li>\n<h3><a href=\"https:\/\/semmelweis.hu\/tdk\/files\/2019\/04\/rektori_eredmnyek_201011.pdf\">2010\/2011<\/a><\/h3>\n<\/li>\n<li>\n<h3><a href=\"https:\/\/semmelweis.hu\/tdk\/files\/2024\/05\/rektori_eredmenyek_2009-2010.pdf\" target=\"_blank\" rel=\"noopener\">2009\/2010<\/a><\/h3>\n<\/li>\n<li>\n<h3><a href=\"https:\/\/semmelweis.hu\/tdk\/files\/2024\/05\/rektori_eredmenyek_2008-2009.pdf\" target=\"_blank\" rel=\"noopener\">2008\/2009<\/a><\/h3>\n<\/li>\n<li>\n<h3><a href=\"https:\/\/semmelweis.hu\/tdk\/files\/2019\/04\/rektori08_eredm.pdf\">2007\/2008<\/a><\/h3>\n<\/li>\n<li>\n<h3><a href=\"https:\/\/semmelweis.hu\/tdk\/files\/2019\/04\/rektori07_eredm.pdf\">2006\/2007<\/a><\/h3>\n<\/li>\n<\/ul>\n","protected":false},"excerpt":{"rendered":"<p>Rektori p\u00e1lyamunk\u00e1k d\u00edjazottjai:<\/p>\n<p><a href=\"https:\/\/semmelweis.hu\/tdk\/files\/2025\/01\/rektori_eredmeny_2024.pdf\">2024\/2025<\/a><\/p>\n<p><a href=\"https:\/\/semmelweis.hu\/tdk\/files\/2024\/06\/rektori-palyamuvek-dijazottak-0606.pdf\" target=\"_blank\" rel=\"noopener\">2023\/2024<\/a><\/p>\n<p><a href=\"https:\/\/semmelweis.hu\/tdk\/files\/2024\/05\/SE-Rektori-palyazat-eredmeny-2022_2023.pdf\" target=\"_blank\" rel=\"noopener\">2022\/2023<\/a><\/p>\n<p><a href=\"https:\/\/semmelweis.hu\/tdk\/files\/2024\/05\/SE-Rektori-palyazat-eredmeny-2021_2022.pdf\" target=\"_blank\" rel=\"noopener\">2021\/2022<\/a><\/p>\n<p><a href=\"https:\/\/semmelweis.hu\/tdk\/files\/2024\/05\/SE-Rektori-palyazat-eredmeny-2020_2021.pdf\" target=\"_blank\" rel=\"noopener\">2020\/2021<\/a><\/p>\n<p><a href=\"https:\/\/semmelweis.hu\/tdk\/files\/2024\/05\/rektori_eredmenyek_2019-2020.pdf\" target=\"_blank\" rel=\"noopener\">2019\/2020<\/a><\/p>\n<p><a href=\"https:\/\/semmelweis.hu\/tdk\/files\/2024\/05\/rektori_eredmenyek_2018-2019.pdf\" target=\"_blank\" rel=\"noopener\">2018\/2019<\/a><\/p>\n<p><a href=\"https:\/\/semmelweis.hu\/tdk\/files\/2019\/04\/rektori-p\u00e1ly\u00e1zat-eredm\u00e9nyei_2018.pdf\">2017\/2018<\/a><\/p>\n<p><a href=\"https:\/\/semmelweis.hu\/tdk\/files\/2019\/04\/rektori_palyamunkak_2016-2017.pdf\">2016\/2017<\/a><\/p>\n<p><a href=\"https:\/\/semmelweis.hu\/tdk\/files\/2019\/04\/2015-16-tan\u00e9v.pdf\">2015\/2016<\/a><\/p>\n<p><a href=\"https:\/\/semmelweis.hu\/tdk\/files\/2024\/05\/SE-Rektori-palyazat-eredmeny-2014_2015.pdf\" target=\"_blank\" rel=\"noopener\">2014\/2015<\/a><\/p>\n<p><a href=\"https:\/\/semmelweis.hu\/tdk\/files\/2019\/04\/2013-14-tan\u00e9v.pdf\">2013\/2014<\/a><\/p>\n<p><a href=\"https:\/\/semmelweis.hu\/tdk\/files\/2019\/04\/2012-13-tan\u00e9v.pdf\">2012\/2013<\/a><\/p>\n<p><a href=\"https:\/\/semmelweis.hu\/tdk\/files\/2019\/04\/2011-12-tan\u00e9v.pdf\">2011\/2012<\/a><\/p>\n<p><a href=\"https:\/\/semmelweis.hu\/tdk\/files\/2019\/04\/rektori_eredmnyek_201011.pdf\">2010\/2011<\/a><\/p>\n<p><a href=\"https:\/\/semmelweis.hu\/tdk\/files\/2024\/05\/rektori_eredmenyek_2009-2010.pdf\" target=\"_blank\" rel=\"noopener\">2009\/2010<\/a><\/p>\n<p><a href=\"https:\/\/semmelweis.hu\/tdk\/files\/2024\/05\/rektori_eredmenyek_2008-2009.pdf\" target=\"_blank\" rel=\"noopener\">2008\/2009<\/a><\/p>\n<p><a href=\"https:\/\/semmelweis.hu\/tdk\/files\/2019\/04\/rektori08_eredm.pdf\">2007\/2008<\/a><\/p>\n<p><a href=\"https:\/\/semmelweis.hu\/tdk\/files\/2019\/04\/rektori07_eredm.pdf\">2006\/2007<\/a><\/p>\n","protected":false},"author":158,"featured_media":0,"parent":1184,"menu_order":8,"comment_status":"closed","ping_status":"closed","template":"","meta":{"_acf_changed":false,"footnotes":""},"categories":[],"tags":[],"class_list":["post-1104","page","type-page","status-publish","hentry"],"acf":[],"publishpress_future_action":{"enabled":false,"date":"1970-01-01 01:00:00","action":"","terms":[],"taxonomy":"","browser_timezone_offset":0},"_links":{"self":[{"href":"https:\/\/semmelweis.hu\/tdk\/wp-json\/wp\/v2\/pages\/1104","targetHints":{"allow":["GET"]}}],"collection":[{"href":"https:\/\/semmelweis.hu\/tdk\/wp-json\/wp\/v2\/pages"}],"about":[{"href":"https:\/\/semmelweis.hu\/tdk\/wp-json\/wp\/v2\/types\/page"}],"author":[{"embeddable":true,"href":"https:\/\/semmelweis.hu\/tdk\/wp-json\/wp\/v2\/users\/158"}],"replies":[{"embeddable":true,"href":"https:\/\/semmelweis.hu\/tdk\/wp-json\/wp\/v2\/comments?post=1104"}],"version-history":[{"count":12,"href":"https:\/\/semmelweis.hu\/tdk\/wp-json\/wp\/v2\/pages\/1104\/revisions"}],"predecessor-version":[{"id":11329,"href":"https:\/\/semmelweis.hu\/tdk\/wp-json\/wp\/v2\/pages\/1104\/revisions\/11329"}],"up":[{"embeddable":true,"href":"https:\/\/semmelweis.hu\/tdk\/wp-json\/wp\/v2\/pages\/1184"}],"wp:attachment":[{"href":"https:\/\/semmelweis.hu\/tdk\/wp-json\/wp\/v2\/media?parent=1104"}],"wp:term":[{"taxonomy":"category","embeddable":true,"href":"https:\/\/semmelweis.hu\/tdk\/wp-json\/wp\/v2\/categories?post=1104"},{"taxonomy":"post_tag","embeddable":true,"href":"https:\/\/semmelweis.hu\/tdk\/wp-json\/wp\/v2\/tags?post=1104"}],"curies":[{"name":"wp","href":"https:\/\/api.w.org\/{rel}","templated":true}]}}