{"id":1096,"date":"2016-07-29T00:00:00","date_gmt":"2016-07-28T22:00:00","guid":{"rendered":"http:\/\/semmelweis.hu\/tdk\/propedeutikai-tanszek-151007154521\/"},"modified":"2026-03-10T14:11:28","modified_gmt":"2026-03-10T13:11:28","slug":"propedeutika","status":"publish","type":"page","link":"https:\/\/semmelweis.hu\/tdk\/tdk-temak-es-temavezetok\/fok\/propedeutika\/","title":{"rendered":"Propedeutikai Tansz\u00e9k"},"content":{"rendered":"<h5>2025\/2026. tavaszi f\u00e9l\u00e9v TDK c\u00edmek<\/h5>\n<table width=\"669\">\n<tbody>\n<tr>\n<td width=\"342\"><strong>TDK-munka c\u00edme<\/strong><\/td>\n<td width=\"327\"><strong>T\u00e9mavezet\u0151 neve (fokozattal)<\/strong><\/td>\n<\/tr>\n<tr>\n<td width=\"342\">Sz\u00e1jsz\u00e1razs\u00e1g kutat\u00e1s<\/td>\n<td width=\"327\">Prof. Dr. M\u00e1rton Krisztina egyetemi tan\u00e1r\u00a0<\/td>\n<\/tr>\n<tr>\n<td width=\"342\">Or\u00e1lis epidemiol\u00f3giai helyzet Magyarorsz\u00e1gon az Eur\u00f3pai Uni\u00f3 orsz\u00e1gaihoz viszony\u00edtva<\/td>\n<td width=\"327\">Prof. Dr. M\u00e1rton Krisztina egyetemi tan\u00e1r\u00a0<\/td>\n<\/tr>\n<tr>\n<td width=\"342\">Fenntarthat\u00f3s\u00e1gi, \u00f6kol\u00f3giai szempontok a fogorvosi ell\u00e1t\u00e1sban.<\/td>\n<td width=\"327\">Dr. Demeter Tam\u00e1s egyetemi adjunktus<\/td>\n<\/tr>\n<tr>\n<td width=\"342\">Sz\u00e1jsz\u00e1razs\u00e1g-kutat\u00e1s: Xerostomia vizsg\u00e1lata, valamint nyugalmi kevert- \u00e9s kisny\u00e1lmirigyek szekr\u00e9ci\u00f3j\u00e1nak m\u00e9r\u00e9se k\u00fcl\u00f6nb\u00f6z\u0151 \u00e1llapotokban: autoimmun betegs\u00e9gek, diabetes, fogp\u00f3tl\u00e1sok, m\u0171fogsorr\u00f6gz\u00edt\u0151k haszn\u00e1lata.<\/td>\n<td width=\"327\">Dr. Demeter Tam\u00e1s egyetemi adjunktus<\/td>\n<\/tr>\n<tr>\n<td width=\"342\">3D nyomtatott fog\u00e1szati mint\u00e1k formatart\u00f3ss\u00e1g\u00e1nak vizsg\u00e1lata.<\/td>\n<td width=\"327\">Prof. Dr. M\u00e1rton Krisztina egyetemi tan\u00e1r, Dr. Vass Andrea Fanni egyetemi tan\u00e1rseg\u00e9d, Dr. Vincze Zs\u00f3fia \u00c9va klinikai szakorvos<\/td>\n<\/tr>\n<tr>\n<td width=\"342\">K\u00f6rnyezetbar\u00e1t sz\u00e1j\u00e1pol\u00e1si eszk\u00f6z\u00f6k hat\u00e9konys\u00e1g\u00e1nak vizsg\u00e1lata \u00e9s jelent\u0151s\u00e9g\u00fck a prevenci\u00f3ban.\u00a0<\/td>\n<td>Dr. Demeter Tam\u00e1s\u00a0 egyetemi adjunktus<\/td>\n<\/tr>\n<tr>\n<td width=\"342\">Arcf\u00e1jdalom szindr\u00f3ma kr\u00f3nikus betegs\u00e9gben szenved\u0151k\u00f6n<\/td>\n<td>Prof. Dr. M\u00e1rton Krisztina egyetemi tan\u00e1r\u00a0\u00a0<\/td>\n<\/tr>\n<tr>\n<td width=\"342\">T\u00e1pl\u00e1lkoz\u00e1s befoly\u00e1sa sz\u00e1jsz\u00e1razs\u00e1gban szenved\u0151k or\u00e1lis eg\u00e9szs\u00e9ghez kapcsol\u00f3d\u00f3 \u00e9letmin\u0151s\u00e9g\u00e9re<\/td>\n<td>Prof. Dr. M\u00e1rton Krisztina egyetemi tan\u00e1r\u00a0\u00a0<\/td>\n<\/tr>\n<tr>\n<td width=\"342\">Sj\u00f6gren szindr\u00f3m\u00e1s betegek ny\u00e1lmirigy sz\u00f6veteit \u00e9rint\u0151 sejtszint\u0171 folyamatok\u00a0<\/td>\n<td>Prof. Dr. M\u00e1rton Krisztina egyetemi tan\u00e1r\u00a0\u00a0<\/td>\n<\/tr>\n<tr>\n<td width=\"342\">Dry Mouth Research\u00a0<\/td>\n<td>Prof. Dr. M\u00e1rton Krisztina egyetemi tan\u00e1r\u00a0<\/td>\n<\/tr>\n<tr>\n<td width=\"342\">A fogorvosi oktat\u00e1sban haszn\u00e1lt anyagok vizsg\u00e1lata fenntarthat\u00f3s\u00e1gi szempontok alapj\u00e1n<\/td>\n<td width=\"327\">Dr. D\u00e9zsi Anna egyetemi adjunktus, Dr. Demeter Tam\u00e1s egyetemi adjunktus\u00a0<\/td>\n<\/tr>\n<tr>\n<td>A menopausa hat\u00e1sai a sz\u00e1j\u00fcregi eg\u00e9szs\u00e9gre<\/td>\n<td>Dr. D\u00e9zsi Anna J\u00falia egyetemi adjunktus, Dr. Erdei Csilla egyetemi tan\u00e1rseg\u00e9d<\/td>\n<\/tr>\n<tr>\n<td>The role of apoptosis in the pathogenesis of Sj\u00f6gren&#8217;s syndrome.\u00a0<\/td>\n<td>Dr. Erdei Csilla egyetemi tan\u00e1rseg\u00e9d<\/td>\n<\/tr>\n<tr>\n<td>Fenntarthat\u00f3s\u00e1g a fogorvosl\u00e1sban: Fogorvosok attit\u0171djeinek felm\u00e9r\u00e9se<\/td>\n<td>Dr. Kov\u00e1cs Szil\u00e1rd D\u00e1vid klinikai szakorvos<\/td>\n<\/tr>\n<tr>\n<td>K\u00fcl\u00f6nb\u00f6z\u0151 gy\u00e1rt\u00e1si technol\u00f3gi\u00e1val k\u00e9sz\u00fclt fogsor alaplemezek mechanikai tulajdons\u00e1gainak \u00f6sszehasonl\u00edt\u00e1sa \u00f6reg\u00edt\u00e9s ut\u00e1n<\/td>\n<td>Dr. D\u00e9zsi Anna J\u00falia egyetemi adjunktus, Dr. Vincze Zs\u00f3fia \u00c9va klinikai szakorvos<\/td>\n<\/tr>\n<\/tbody>\n<\/table>\n","protected":false},"excerpt":{"rendered":"<p>2025\/2026. tavaszi f\u00e9l\u00e9v TDK c\u00edmek TDK-munka c\u00edme T\u00e9mavezet\u0151 neve (fokozattal) Sz\u00e1jsz\u00e1razs\u00e1g kutat\u00e1s Prof. Dr. M\u00e1rton Krisztina egyetemi tan\u00e1r\u00a0 Or\u00e1lis epidemiol\u00f3giai helyzet Magyarorsz\u00e1gon az Eur\u00f3pai Uni\u00f3 orsz\u00e1gaihoz viszony\u00edtva Prof. Dr. M\u00e1rton Krisztina egyetemi tan\u00e1r\u00a0 Fenntarthat\u00f3s\u00e1gi, \u00f6kol\u00f3giai szempontok a fogorvosi ell\u00e1t\u00e1sban. Dr. Demeter Tam\u00e1s egyetemi adjunktus Sz\u00e1jsz\u00e1razs\u00e1g-kutat\u00e1s: Xerostomia vizsg\u00e1lata, valamint nyugalmi kevert- \u00e9s kisny\u00e1lmirigyek szekr\u00e9ci\u00f3j\u00e1nak m\u00e9r\u00e9se k\u00fcl\u00f6nb\u00f6z\u0151 &hellip;<\/p>\n","protected":false},"author":158,"featured_media":0,"parent":10058,"menu_order":0,"comment_status":"closed","ping_status":"closed","template":"","meta":{"_acf_changed":false,"footnotes":""},"categories":[],"tags":[],"class_list":["post-1096","page","type-page","status-publish","hentry"],"acf":[],"publishpress_future_action":{"enabled":false,"date":"1970-01-01 01:00:00","action":"","terms":[],"taxonomy":"","browser_timezone_offset":0},"_links":{"self":[{"href":"https:\/\/semmelweis.hu\/tdk\/wp-json\/wp\/v2\/pages\/1096","targetHints":{"allow":["GET"]}}],"collection":[{"href":"https:\/\/semmelweis.hu\/tdk\/wp-json\/wp\/v2\/pages"}],"about":[{"href":"https:\/\/semmelweis.hu\/tdk\/wp-json\/wp\/v2\/types\/page"}],"author":[{"embeddable":true,"href":"https:\/\/semmelweis.hu\/tdk\/wp-json\/wp\/v2\/users\/158"}],"replies":[{"embeddable":true,"href":"https:\/\/semmelweis.hu\/tdk\/wp-json\/wp\/v2\/comments?post=1096"}],"version-history":[{"count":10,"href":"https:\/\/semmelweis.hu\/tdk\/wp-json\/wp\/v2\/pages\/1096\/revisions"}],"predecessor-version":[{"id":12018,"href":"https:\/\/semmelweis.hu\/tdk\/wp-json\/wp\/v2\/pages\/1096\/revisions\/12018"}],"up":[{"embeddable":true,"href":"https:\/\/semmelweis.hu\/tdk\/wp-json\/wp\/v2\/pages\/10058"}],"wp:attachment":[{"href":"https:\/\/semmelweis.hu\/tdk\/wp-json\/wp\/v2\/media?parent=1096"}],"wp:term":[{"taxonomy":"category","embeddable":true,"href":"https:\/\/semmelweis.hu\/tdk\/wp-json\/wp\/v2\/categories?post=1096"},{"taxonomy":"post_tag","embeddable":true,"href":"https:\/\/semmelweis.hu\/tdk\/wp-json\/wp\/v2\/tags?post=1096"}],"curies":[{"name":"wp","href":"https:\/\/api.w.org\/{rel}","templated":true}]}}