{"id":10926,"date":"2024-07-03T08:54:16","date_gmt":"2024-07-03T06:54:16","guid":{"rendered":"https:\/\/semmelweis.hu\/tdk\/?page_id=10926"},"modified":"2024-07-04T12:58:38","modified_gmt":"2024-07-04T10:58:38","slug":"tanacsok-a-konferencia-eloadoinak","status":"publish","type":"page","link":"https:\/\/semmelweis.hu\/tdk\/tudomanyos-diakkori-konferenciak\/eves-tdk-konferencia\/tanacsok-a-konferencia-eloadoinak\/","title":{"rendered":"Tan\u00e1csok a konferencia el\u0151ad\u00f3inak"},"content":{"rendered":"<h6><strong>A TDK-konferencia el\u0151ad\u00f3inak a sikeres felk\u00e9sz\u00fcl\u00e9shez az al\u00e1bbi tan\u00e1csok megfontol\u00e1s\u00e1t javasoljuk:<\/strong><\/h6>\n<ul style=\"list-style-type: square\">\n<li>\n<p>A j\u00f3 absztrakt \u00e1ttekinthet\u0151, megfelel\u0151en tagolt. A <strong>klasszikus tagol\u00e1s<\/strong>: bevezet\u00e9s, c\u00e9lkit\u0171z\u00e9s, m\u00f3dszertan, eredm\u00e9nyek \u00e9s k\u00f6vetkeztet\u00e9sek.<\/p>\n<\/li>\n<li>\n<p>Fontos a <strong>j\u00f3 helyes\u00edr\u00e1s<\/strong>. Ker\u00fclend\u0151 a latinos \u00e9s a magyaros \u00edr\u00e1sm\u00f3d kever\u00e9se (pl. nem hyperkoleszterin\u00e9mia, hanem hypercholesterinaemia vagy hiperkoleszterin\u00e9mia). A latin vagy a magyar nyelv szab\u00e1lyait k\u00f6vetkezetesen be kell tartani mind az absztraktban, mind az el\u0151ad\u00e1s di\u00e1in.<\/p>\n<\/li>\n<li>\n<p>Az el\u0151ad\u00e1s-kivonat tartalmazzon <strong>pontos sz\u00e1mszer\u0171 eredm\u00e9nyek<\/strong>et. Ne legyenek benne pontatlan megfogalmaz\u00e1sok (pl. \u201esz\u00e1mos esetben\u201d, \u201emeglehet\u0151sen gyakran\u201d stb.).<\/p>\n<\/li>\n<li>\n<p>Az el\u0151ad\u00e1sok elk\u00e9sz\u00edt\u00e9s\u00e9n\u00e9l fontos az absztraktnak megfelel\u0151,<strong> j\u00f3 tagolts\u00e1g<\/strong>. Nagyon fontos <strong>a 10 perces id\u0151keret betart\u00e1sa,<\/strong> a t\u00fall\u00e9p\u00e9st a bizotts\u00e1g pontlevon\u00e1ssal b\u00fcnteti. \u00c1ltal\u00e1noss\u00e1gban elmondhat\u00f3, hogy egy dia ismertet\u00e9s\u00e9re \u00e1tlagosan egy perc jusson. Az el\u0151ad\u00f3 feltehet\u0151en nem fog kics\u00faszni az id\u0151b\u0151l, ha a bevezet\u0151 \u00e9s z\u00e1r\u00f3 di\u00e1n k\u00edv\u00fcl 10-12 di\u00e1t k\u00e9sz\u00edt.<\/p>\n<\/li>\n<li>\n<p>A prezent\u00e1ci\u00f3 \u00f6ssze\u00e1ll\u00edt\u00e1s\u00e1n\u00e1l fontos, hogy <strong>a di\u00e1k ne legyenek t\u00falzs\u00fafolva<\/strong>.<\/p>\n<\/li>\n<li>\n<p>Javasolt <strong>a szekci\u00f3 el\u0151tt legal\u00e1bb f\u00e9l \u00f3r\u00e1val<\/strong> megjelenni az el\u0151ad\u00f3ban. A megjelen\u00e9s az alkalomhoz ill\u0151 legyen.<\/p>\n<\/li>\n<li>\n<p>Az el\u0151ad\u00e1sokat a szekci\u00f3 el\u0151tt kell felt\u00f6lteni a sz\u00e1m\u00edt\u00f3g\u00e9pre, a szekci\u00f3k alatt erre m\u00e1r nincsen lehet\u0151s\u00e9g. Saj\u00e1t laptop nem haszn\u00e1lhat\u00f3, <strong>az el\u0151ad\u00e1sokat pendrive-r\u00f3l kell a vet\u00edt\u0151 sz\u00e1m\u00edt\u00f3g\u00e9pre felt\u00f6lteni.<\/strong>\u00a0<\/p>\n<\/li>\n<li>\n<p><strong>Felt\u00f6lt\u00e9s ut\u00e1n \u00e9rdemes az el\u0151ad\u00e1st ellen\u0151rizni<\/strong>: v\u00e9gigfuttatni, \u00e9s kipr\u00f3b\u00e1lni a beillesztett vide\u00f3kat, anim\u00e1ci\u00f3kat, a t\u00e1vvez\u00e9rl\u0151 \u00e9s a l\u00e9zerpointer m\u0171k\u00f6d\u00e9s\u00e9t. A di\u00e1kat az el\u0151ad\u00f3nak kell l\u00e9ptetnie!<\/p>\n<\/li>\n<li>\n<p><strong>Az el\u0151ad\u00e1s legyen j\u00f3l \u00e9rthet\u0151 \u00e9s el\u00e9g hangos.<\/strong> A nagy el\u0151ad\u00f3kban hangos\u00edt\u00e1st biztos\u00edtunk, a szemin\u00e1riumi termekben azonban ez nem megoldhat\u00f3.<\/p>\n<\/li>\n<li>\n<p>C\u00e9lszer\u0171 <strong>az el\u0151ad\u00e1st\u00a0 fejb\u0151l megtartani<\/strong>, a felolvas\u00e1s sokat ront egy sz\u00e9p el\u0151ad\u00e1s \u00e9rt\u00e9k\u00e9n. Seg\u00edts\u00e9gnek mindig ott van a kivet\u00edtett dia, ez\u00e9rt is c\u00e9lszer\u0171 azt ilyen szellemben elk\u00e9sz\u00edteni.<\/p>\n<\/li>\n<li>\n<p>Az el\u0151ad\u00e1s \u00e9rthet\u0151s\u00e9g\u00e9t, vil\u00e1gos fel\u00e9p\u00edt\u00e9s\u00e9t nagyban seg\u00edti, ha a felk\u00e9sz\u00fcl\u00e9s r\u00e9szek\u00e9nt azt <strong>h\u00e1zi f\u0151pr\u00f3b\u00e1n<\/strong> vagy a t\u00e9m\u00e1ban kev\u00e9sb\u00e9 j\u00e1ratos hallgat\u00f3knak is elmondjuk, \u00e9s visszajelz\u00e9seik alapj\u00e1n jav\u00edtunk rajta.<\/p>\n<\/li>\n<li>\n<p>Az el\u0151ad\u00e1s alatt fontos a <strong>szemkontaktus<\/strong> a bizotts\u00e1ggal \u00e9s a hallgat\u00f3s\u00e1ggal.<\/p>\n<\/li>\n<li>\n<p>Az el\u0151ad\u00e1st 5 perc vita k\u00f6veti, amely az \u00e9rt\u00e9kel\u00e9s egyik legfontosabb alapja. Az \u00e1tgondolt, a <strong>k\u00e9rd\u00e9sre koncentr\u00e1l\u00f3 v\u00e1laszok<\/strong> sokat lend\u00edthetnek az el\u0151ad\u00f3 meg\u00edt\u00e9l\u00e9s\u00e9n.<\/p>\n<\/li>\n<li>\n<p><strong>Javasolt a szekci\u00f3 minden el\u0151ad\u00e1s\u00e1t meghallgatni<\/strong>, a szekci\u00f3 alatti aktivit\u00e1st is \u00e9rt\u00e9keli a b\u00edr\u00e1l\u00f3 bizotts\u00e1g. Akt\u00edv vitak\u00e9szs\u00e9g\u00fcnket nem csak a kapott k\u00e9rd\u00e9sekre adott v\u00e1laszokkal, hanem a t\u00f6bbi el\u0151ad\u00f3t\u00f3l k\u00e9rdez\u00e9ssel is megmutatjuk.<\/p>\n<\/li>\n<\/ul>\n","protected":false},"excerpt":{"rendered":"<p>A TDK-konferencia el\u0151ad\u00f3inak a sikeres felk\u00e9sz\u00fcl\u00e9shez az al\u00e1bbi tan\u00e1csok megfontol\u00e1s\u00e1t javasoljuk: A j\u00f3 absztrakt \u00e1ttekinthet\u0151, megfelel\u0151en tagolt. A klasszikus tagol\u00e1s: bevezet\u00e9s, c\u00e9lkit\u0171z\u00e9s, m\u00f3dszertan, eredm\u00e9nyek \u00e9s k\u00f6vetkeztet\u00e9sek. Fontos a j\u00f3 helyes\u00edr\u00e1s. Ker\u00fclend\u0151 a latinos \u00e9s a magyaros \u00edr\u00e1sm\u00f3d kever\u00e9se (pl. nem hyperkoleszterin\u00e9mia, hanem hypercholesterinaemia vagy hiperkoleszterin\u00e9mia). A latin vagy a magyar nyelv szab\u00e1lyait k\u00f6vetkezetesen be kell &hellip;<\/p>\n","protected":false},"author":12,"featured_media":0,"parent":1946,"menu_order":2,"comment_status":"closed","ping_status":"closed","template":"","meta":{"_acf_changed":false,"footnotes":""},"categories":[],"tags":[],"class_list":["post-10926","page","type-page","status-publish","hentry"],"acf":[],"publishpress_future_action":{"enabled":false,"date":"1970-01-01 01:00:00","action":"","terms":[],"taxonomy":"","browser_timezone_offset":0},"_links":{"self":[{"href":"https:\/\/semmelweis.hu\/tdk\/wp-json\/wp\/v2\/pages\/10926","targetHints":{"allow":["GET"]}}],"collection":[{"href":"https:\/\/semmelweis.hu\/tdk\/wp-json\/wp\/v2\/pages"}],"about":[{"href":"https:\/\/semmelweis.hu\/tdk\/wp-json\/wp\/v2\/types\/page"}],"author":[{"embeddable":true,"href":"https:\/\/semmelweis.hu\/tdk\/wp-json\/wp\/v2\/users\/12"}],"replies":[{"embeddable":true,"href":"https:\/\/semmelweis.hu\/tdk\/wp-json\/wp\/v2\/comments?post=10926"}],"version-history":[{"count":6,"href":"https:\/\/semmelweis.hu\/tdk\/wp-json\/wp\/v2\/pages\/10926\/revisions"}],"predecessor-version":[{"id":10966,"href":"https:\/\/semmelweis.hu\/tdk\/wp-json\/wp\/v2\/pages\/10926\/revisions\/10966"}],"up":[{"embeddable":true,"href":"https:\/\/semmelweis.hu\/tdk\/wp-json\/wp\/v2\/pages\/1946"}],"wp:attachment":[{"href":"https:\/\/semmelweis.hu\/tdk\/wp-json\/wp\/v2\/media?parent=10926"}],"wp:term":[{"taxonomy":"category","embeddable":true,"href":"https:\/\/semmelweis.hu\/tdk\/wp-json\/wp\/v2\/categories?post=10926"},{"taxonomy":"post_tag","embeddable":true,"href":"https:\/\/semmelweis.hu\/tdk\/wp-json\/wp\/v2\/tags?post=10926"}],"curies":[{"name":"wp","href":"https:\/\/api.w.org\/{rel}","templated":true}]}}