{"id":10911,"date":"2024-07-02T10:45:26","date_gmt":"2024-07-02T08:45:26","guid":{"rendered":"https:\/\/semmelweis.hu\/tdk\/?page_id=10911"},"modified":"2025-05-05T21:39:20","modified_gmt":"2025-05-05T19:39:20","slug":"orvosi-kepalkoto-klinika","status":"publish","type":"page","link":"https:\/\/semmelweis.hu\/tdk\/tdk-temak-es-temavezetok\/aok\/orvosi-kepalkoto-klinika\/","title":{"rendered":"Orvosi K\u00e9palkot\u00f3 Klinika"},"content":{"rendered":"<h2>2024\/2025-\u00f6s tan\u00e9v<\/h2>\n<table style=\"border-collapse: collapse;width: 97.5211%;height: 2365px\">\n<tbody>\n<tr style=\"height: 33px\">\n<td style=\"width: 50%;height: 33px\"><strong>TDK munka c\u00edme<\/strong><\/td>\n<td style=\"width: 50%;height: 33px\"><strong>T\u00e9mavezet\u0151 neve<\/strong><\/td>\n<\/tr>\n<tr style=\"height: 33px\">\n<td style=\"width: 50%;height: 33px\" width=\"897\">Perif\u00e9ri\u00e1s arthritisek k\u00e9palkot\u00f3diagnosztik\u00e1ja<\/td>\n<td style=\"width: 50%;height: 33px\" width=\"772\">Dr. Marton Nikolett PhD<\/td>\n<\/tr>\n<tr style=\"height: 33px\">\n<td style=\"width: 50%;height: 33px\">Krist\u00e1ly arthritisek k\u00e9palkot\u00f3diagnosztik\u00e1ja<\/td>\n<td style=\"width: 50%;height: 33px\">Dr. Marton Nikolett PhD<\/td>\n<\/tr>\n<tr style=\"height: 33px\">\n<td style=\"width: 50%;height: 33px\">Mesters\u00e9ges intelligencia szerepe az ossealis pathol\u00f3gi\u00e1k kimutat\u00e1s\u00e1ban<\/td>\n<td style=\"width: 50%;height: 33px\">Dr. Marton Nikolett PhD<\/td>\n<\/tr>\n<tr style=\"height: 33px\">\n<td style=\"width: 50%;height: 33px\">Reumatol\u00f3giai k\u00f3rk\u00e9pek \u00fajszer\u0171 radiodiagnosztik\u00e1ja<\/td>\n<td style=\"width: 50%;height: 33px\">Dr. Marton Nikolett PhD<\/td>\n<\/tr>\n<tr style=\"height: 33px\">\n<td style=\"width: 50%;height: 33px\">Mozg\u00e1sszervi CT protokollok optimaliz\u00e1l\u00e1sa<\/td>\n<td style=\"width: 50%;height: 33px\">Dr. Marton Nikolett PhD<\/td>\n<\/tr>\n<tr style=\"height: 33px\">\n<td style=\"width: 50%;height: 33px\">Optimization of trauma skull CT protocol<\/td>\n<td style=\"width: 50%;height: 33px\">Marton Nikolett MD, PhD<\/td>\n<\/tr>\n<tr style=\"height: 33px\">\n<td style=\"width: 50%;height: 33px\">Imaging of crystal arthritis<\/td>\n<td style=\"width: 50%;height: 33px\">Marton Nikolett MD, PhD<\/td>\n<\/tr>\n<tr style=\"height: 33px\">\n<td style=\"width: 50%;height: 33px\">The role of arificial intelligence in the detection of musculoskeletal pathologies<\/td>\n<td style=\"width: 50%;height: 33px\">Marton Nikolett MD, PhD<\/td>\n<\/tr>\n<tr style=\"height: 33px\">\n<td style=\"width: 50%;height: 33px\">Optimization of musculoskeletal CT protocols<\/td>\n<td style=\"width: 50%;height: 33px\">Marton Nikolett MD, PhD<\/td>\n<\/tr>\n<tr style=\"height: 33px\">\n<td style=\"width: 50%;height: 33px\">PET\/CT vizsg\u00e1lat szerepe eml\u0151tumorok primer sziszt\u00e9m\u00e1s kezel\u00e9se sor\u00e1n<\/td>\n<td style=\"width: 50%;height: 33px\">Dr. Gy\u00f6rke Tam\u00e1s PhD \u00e9s Dr. Barra Magdolna<\/td>\n<\/tr>\n<tr style=\"height: 33px\">\n<td style=\"width: 50%;height: 33px\">PET\/CT vizg\u00e1lat szerepe a gyermekkori sarkom\u00e1k vizsg\u00e1lat\u00e1ban<\/td>\n<td style=\"width: 50%;height: 33px\">Dr. Gy\u00f6rke Tam\u00e1s PhD \u00e9s Dr. Magyar Bogl\u00e1rka<\/td>\n<\/tr>\n<tr style=\"height: 33px\">\n<td style=\"width: 50%;height: 33px\">Emboliz\u00e1ci\u00f3s radiol\u00f3giai intervenci\u00f3k \u00e9s a nukle\u00e1ris medicina kapcsolata<\/td>\n<td style=\"width: 50%;height: 33px\">Dr. Czibor S\u00e1ndor, Dr. Bibok Andr\u00e1s<\/td>\n<\/tr>\n<tr style=\"height: 63px\">\n<td style=\"width: 50%;height: 63px\">MRI Traktogr\u00e1fi\u00e1s Elj\u00e1r\u00e1sok \u00d6sszehasonl\u00edt\u00e1sa M\u0171t\u00e9ti Tervez\u00e9s T\u00e1mogat\u00e1s\u00e1ban \u00e9s Klinikai Kutat\u00e1sokban<\/td>\n<td style=\"width: 50%;height: 63px\">Dr. Gyebn\u00e1r Gyula PhD<\/td>\n<\/tr>\n<tr style=\"height: 63px\">\n<td style=\"width: 50%;height: 63px\" width=\"897\">A Fotonsz\u00e1ml\u00e1l\u00f3-detektoros CT-vel detekt\u00e1lt koron\u00e1ria plakkok sz\u00f6vettani \u00f6sszet\u00e9tel\u00e9nek vizsg\u00e1lata<\/td>\n<td style=\"width: 50%;height: 63px\">Dr. Sz\u00e1raz Lili (PhD hallgat\u00f3), Prof. Dr. Maurovich Horvat P\u00e1l<\/td>\n<\/tr>\n<tr style=\"height: 63px\">\n<td style=\"width: 50%;height: 63px\" width=\"897\">D\u00f3zismodul\u00e1ci\u00f3s be\u00e1ll\u00edt\u00e1sok hat\u00e1sa a plakk \u00f6sszet\u00e9telre fotonsz\u00e1ml\u00e1l\u00f3-detektoros CT k\u00e9sz\u00fcl\u00e9k seg\u00edts\u00e9g\u00e9vel: ex vivo tanulm\u00e1ny<\/td>\n<td style=\"width: 50%;height: 63px\">Dr. Sz\u00e1raz Lili (PhD hallgat\u00f3), Prof. Dr. Maurovich Horvat P\u00e1l<\/td>\n<\/tr>\n<tr style=\"height: 63px\">\n<td style=\"width: 50%;height: 63px\" width=\"897\">Korai f\u00e1zis\u00fa miokardi\u00e1lis SPECT felv\u00e9telek \u00f6sszevet\u00e9se koron\u00e1ria-CT-angiogr\u00e1fi\u00e1s vizsg\u00e1latok eredm\u00e9nyeivel<\/td>\n<td style=\"width: 50%;height: 63px\" width=\"772\">Dr. Baksa Barnab\u00e1s (PhD hallgat\u00f3), Prof. Dr. Maurovich Horvat P\u00e1l<\/td>\n<\/tr>\n<tr style=\"height: 63px\">\n<td style=\"width: 50%;height: 63px\">Nagy nyelvi modellek seg\u00edts\u00e9g\u00e9vel k\u00e9sz\u00fclt betegbar\u00e1t leletek elemz\u00e9se<\/td>\n<td style=\"width: 50%;height: 63px\" width=\"772\">Dr. Baksa Barnab\u00e1s (PhD hallgat\u00f3), Dr. Sz\u00e1raz Lili (PhD hallgat\u00f3), Prof. Maurovich Horvat P\u00e1l<\/td>\n<\/tr>\n<tr style=\"height: 63px\">\n<td style=\"width: 50%;height: 63px\" width=\"897\">R\u00f6vid id\u0151tartam\u00fa, intenziv sztatinkezel\u00e9s koron\u00e1riaplakk-saj\u00e1toss\u00e1gokra kifejtett hat\u00e1s\u00e1nak vizsg\u00e1lata sz\u00edv- C T-vel (INTENSE).<\/td>\n<td style=\"width: 50%;height: 63px\">Dr. Sz\u00e1raz Lili (PhD hallgat\u00f3), Prof. Maurovich Horvat P\u00e1l<\/td>\n<\/tr>\n<tr style=\"height: 63px\">\n<td style=\"width: 50%;height: 63px\" width=\"897\">Sz\u00edv-CT felv\u00e9telek diagnosztikai teljes\u00edtm\u00e9ny\u00e9nek elemz\u00e9se Single-source \u00e9s dual-source fotonsz\u00e1ml\u00e1l\u00f3 CT k\u00e9sz\u00fcl\u00e9kek haszn\u00e1lat\u00e1val<\/td>\n<td style=\"width: 50%;height: 63px\">Dr. Sz\u00e1raz Lili (PhD hallgat\u00f3), Prof. Maurovich Horvat P\u00e1l<\/td>\n<\/tr>\n<tr style=\"height: 33px\">\n<td style=\"width: 50%;height: 33px\">Cardiovascularis ikervizsg\u00e1latok<\/td>\n<td style=\"width: 50%;height: 33px\">Dr. med. habil. T\u00e1rnoki \u00c1d\u00e1m Domonkos, Dr. med. habil. T\u00e1rnoki D\u00e1vid L\u00e1szl\u00f3<\/td>\n<\/tr>\n<tr style=\"height: 33px\">\n<td style=\"width: 50%;height: 33px\">Neurol\u00f3giai ikervizsg\u00e1latok<\/td>\n<td style=\"width: 50%;height: 33px\">Dr. med. habil. T\u00e1rnoki \u00c1d\u00e1m Domonkos, Dr. med. habil. T\u00e1rnoki D\u00e1vid L\u00e1szl\u00f3<\/td>\n<\/tr>\n<tr style=\"height: 33px\">\n<td style=\"width: 50%;height: 33px\">L\u00e9gz\u0151szervi ikervizsg\u00e1latok<\/td>\n<td style=\"width: 50%;height: 33px\">Dr. med. habil. T\u00e1rnoki \u00c1d\u00e1m Domonkos, Dr. med. habil. T\u00e1rnoki D\u00e1vid L\u00e1szl\u00f3<\/td>\n<\/tr>\n<tr style=\"height: 33px\">\n<td style=\"width: 50%;height: 33px\">Interstitialis t\u00fcd\u0151betegs\u00e9gek k\u00e9palkot\u00e1sa PCCT-vel<\/td>\n<td style=\"width: 50%;height: 33px\">Dr. med. habil. T\u00e1rnoki \u00c1d\u00e1m Domonkos, Dr. med. habil. T\u00e1rnoki D\u00e1vid L\u00e1szl\u00f3<\/td>\n<\/tr>\n<tr style=\"height: 33px\">\n<td style=\"width: 50%;height: 33px\">T\u00fcd\u0151tumorok PCCT k\u00e9palkot\u00e1sa<\/td>\n<td style=\"width: 50%;height: 33px\">Dr. med. habil. T\u00e1rnoki \u00c1d\u00e1m Domonkos, Dr. med. habil. T\u00e1rnoki D\u00e1vid L\u00e1szl\u00f3<\/td>\n<\/tr>\n<tr style=\"height: 33px\">\n<td style=\"width: 50%;height: 33px\">T\u00fcd\u0151nodulusok detekt\u00e1l\u00e1sa AI seg\u00edts\u00e9g\u00e9vel<\/td>\n<td style=\"width: 50%;height: 33px\">Dr. med. habil. T\u00e1rnoki \u00c1d\u00e1m Domonkos, Dr. med. habil. T\u00e1rnoki D\u00e1vid L\u00e1szl\u00f3<\/td>\n<\/tr>\n<tr style=\"height: 33px\">\n<td style=\"width: 50%;height: 33px\">Koszor\u00fa\u00e9r CT vizsg\u00e1lat magas kardiovaszkul\u00e1ris rizik\u00f3j\u00fa betegcsoportban<\/td>\n<td style=\"width: 50%;height: 33px\">Dr. Beke S\u00e1muel, Prof. Dr. Maurovich-Horvat P\u00e1l<\/td>\n<\/tr>\n<tr style=\"height: 33px\">\n<td style=\"width: 50%;height: 33px\">AI-POD AI for the prediction of obesity-related vascular diseases<\/td>\n<td style=\"width: 50%;height: 33px\">Dr. Nagy Krist\u00f3f, Prof. Dr. Maurovich Horvat P\u00e1l<\/td>\n<\/tr>\n<tr style=\"height: 33px\">\n<td style=\"width: 50%;height: 33px\">Fok\u00e1lis m\u00e1jelv\u00e1ltoz\u00e1sok AI -t\u00e1mogatott diagnosztik\u00e1ja<\/td>\n<td style=\"width: 50%;height: 33px\">dr. Kaposi Nov\u00e1k P\u00e1l\u00a0 PhD<\/td>\n<\/tr>\n<tr style=\"height: 33px\">\n<td style=\"width: 50%;height: 33px\">Ultrasound and MRI comparison of fetal tumors<\/td>\n<td style=\"width: 50%;height: 33px\">dr. Kaposi Nov\u00e1k P\u00e1l PhD<\/td>\n<\/tr>\n<tr style=\"height: 33px\">\n<td style=\"width: 50%;height: 33px\">Quantitative ultrasound diagnosis of hepatic Wilson disease<\/td>\n<td style=\"width: 50%;height: 33px\">dr. Zs\u00e9ly Bogl\u00e1rka, dr. Kaposi Nov\u00e1k P\u00e1l PhD<\/td>\n<\/tr>\n<tr style=\"height: 33px\">\n<td style=\"width: 50%;height: 33px\">New imaging techniques for diagnosing liver steatosis<\/td>\n<td style=\"width: 50%;height: 33px\">dr. Zsombor Zita, dr. Kaposi Nov\u00e1k P\u00e1l PhD<\/td>\n<\/tr>\n<tr style=\"height: 33px\">\n<td style=\"width: 50%;height: 33px\">Mellkasi endometriosis syndroma<\/td>\n<td style=\"width: 50%;height: 33px\">Dr. Kalina Ildik\u00f3 PhD, Dr. Turt\u00f3czki Kolos<\/td>\n<\/tr>\n<tr style=\"height: 33px\">\n<td style=\"width: 50%;height: 33px\">M\u00e9lyen infiltr\u00e1l\u00f3 endometriosis MR diagnosztik\u00e1ja<\/td>\n<td style=\"width: 50%;height: 33px\">Dr. Kalina Ildik\u00f3 PhD, Dr. Turt\u00f3czki Kolos<\/td>\n<\/tr>\n<tr style=\"height: 63px\">\n<td style=\"width: 50%;height: 63px\" width=\"897\">A fotonsz\u00e1ml\u00e1l\u00f3 detektor CT technol\u00f3gia el\u0151nyeinek \u00e9s lehet\u0151s\u00e9geinek vizsg\u00e1lata k\u00fcl\u00f6nb\u00f6z\u0151 pancreas elt\u00e9r\u00e9sek eset\u00e9n<\/td>\n<td style=\"width: 50%;height: 63px\">Dr. Bettina Katalin Budai PhD; Ibolyka Dud\u00e1s, MD<\/td>\n<\/tr>\n<tr style=\"height: 63px\">\n<td style=\"width: 50%;height: 63px\" width=\"897\">The potential utility of Photon-counting detector CT scanners in the diagnosis of pancreas diseases<\/td>\n<td style=\"width: 50%;height: 63px\">Bettina Katalin Budai MD, PhD; Ibolyka Dud\u00e1s MD, PhD<\/td>\n<\/tr>\n<tr style=\"height: 63px\">\n<td style=\"width: 50%;height: 63px\" width=\"897\">A fotonsz\u00e1ml\u00e1l\u00f3 detektor CT vizsg\u00e1lat szerepe a fok\u00e1lis \u00e9s diff\u00faz m\u00e1jl\u00e9zi\u00f3k diagnosztik\u00e1j\u00e1ban<\/td>\n<td style=\"width: 50%;height: 63px\">Dr. Bettina Katalin Budai PhD; Dr. Ibolyka Dud\u00e1s<\/td>\n<\/tr>\n<tr style=\"height: 63px\">\n<td style=\"width: 50%;height: 63px\" width=\"897\">The role of Photon-counting detector CTs in the diagnostics of focal and diffuse liver lesions<\/td>\n<td style=\"width: 50%;height: 63px\">Bettina Katalin Budai MD, PhD; Ibolyka Dud\u00e1s MD<\/td>\n<\/tr>\n<tr style=\"height: 33px\">\n<td style=\"width: 50%;height: 33px\" width=\"897\">Pancreas tumorok radiomikai elemz\u00e9se fotonsz\u00e1ml\u00e1l\u00f3 detektor CT felv\u00e9teleken<\/td>\n<td style=\"width: 50%;height: 33px\">Dr. Bettina Katalin Budai PhD; Dr. Ibolyka Dud\u00e1s<\/td>\n<\/tr>\n<tr style=\"height: 33px\">\n<td style=\"width: 50%;height: 33px\" width=\"897\">Radiomics analysis of pancreas tumors on Photon-counting detector CT scans<\/td>\n<td style=\"width: 50%;height: 33px\">Bettina Katalin Budai, MD, PhD; Ibolyka Dud\u00e1s, MD<\/td>\n<\/tr>\n<tr style=\"height: 63px\">\n<td style=\"width: 50%;height: 63px\" width=\"897\">Spektr\u00e1lis radiomika alap\u00fa g\u00e9pi tanul\u00e1s potenci\u00e1lis felhaszn\u00e1l\u00e1sa a m\u00e1jtumorok differenci\u00e1l diagnosztik\u00e1j\u00e1ban<\/td>\n<td style=\"width: 50%;height: 63px\">Dr. Bettina Katalin Budai PhD; Dr. Ibolyka Dud\u00e1s<\/td>\n<\/tr>\n<tr style=\"height: 63px\">\n<td style=\"width: 50%;height: 63px\" width=\"897\">Spectral radiomics-based machine learning analysis of focal liver lesions on Photon-counting detector CT scans.<\/td>\n<td style=\"width: 50%;height: 63px\">Bettina Katalin Budai MD, PhD; Ibolyka Dud\u00e1s MD<\/td>\n<\/tr>\n<tr style=\"height: 33px\">\n<td style=\"width: 50%;height: 33px\">Effectiveness and safety in unilateral uterine artery embolisation<\/td>\n<td style=\"width: 50%;height: 33px\">B\u00e9rczi Viktor MD, PhD<\/td>\n<\/tr>\n<tr style=\"height: 33px\">\n<td style=\"width: 50%;height: 33px\">Radiation dose in uterine artery embolisation<\/td>\n<td style=\"width: 50%;height: 33px\">B\u00e9rczi Viktor MD, PhD<\/td>\n<\/tr>\n<tr style=\"height: 33px\">\n<td style=\"width: 50%;height: 33px\">Myoma volumen meghat\u00e1roz\u00e1s volumen szegment\u00e1ci\u00f3val illetve ellipsoid k\u00e9plettel<\/td>\n<td style=\"width: 50%;height: 33px\">Prof. Dr. B\u00e9rczi Viktor<\/td>\n<\/tr>\n<tr style=\"height: 63px\">\n<td style=\"width: 50%;height: 63px\">Klinikai ut\u00e1nk\u00f6vet\u00e9sek m\u00f3dozatai symptomaticus myoma illetve adenomyosis intervenci\u00f3s radiol\u00f3giai kezel\u00e9s\u00e9n\u00e9l<\/td>\n<td style=\"width: 50%;height: 63px\">Prof. Dr. B\u00e9rczi Viktor<\/td>\n<\/tr>\n<tr style=\"height: 33px\">\n<td style=\"width: 50%;height: 33px\">Digitalis variancia anal\u00edzis angiographia arteria uterina emboliz\u00e1ci\u00f3ban<\/td>\n<td style=\"width: 50%;height: 33px\">Prof. Dr. B\u00e9rczi Viktor<\/td>\n<\/tr>\n<tr style=\"height: 33px\">\n<td style=\"width: 50%;height: 33px\">Vascular interventional radiology techniques<\/td>\n<td style=\"width: 50%;height: 33px\">B\u00e9rczi Viktor MD, PhD<\/td>\n<\/tr>\n<tr style=\"height: 33px\">\n<td style=\"width: 50%;height: 33px\">Patellofemoralis instabilit\u00e1s k\u00e9palkot\u00f3 diagnosztikai vonatkoz\u00e1sai<\/td>\n<td style=\"width: 50%;height: 33px\">Dr. Gul\u00e1csi Gy\u00f6rgy<\/td>\n<\/tr>\n<tr style=\"height: 63px\">\n<td style=\"width: 50%;height: 63px\">Medialis collateralis szalags\u00e9r\u00fcl\u00e9sek t\u00edpusai gyermek- \u00e9s serd\u00fcl\u0151kori t\u00e9rds\u00e9r\u00fcl\u00e9sek eset\u00e9n<\/td>\n<td style=\"width: 50%;height: 63px\">Dr. Gul\u00e1csi Gy\u00f6rgy<\/td>\n<\/tr>\n<tr style=\"height: 33px\">\n<td style=\"width: 50%;height: 33px\">El\u00fcls\u0151 keresztszalag szakad\u00e1shoz t\u00e1rsul\u00f3 l\u00e1gyr\u00e9sz s\u00e9r\u00fcl\u00e9sek k\u00e9palkot\u00f3 diagnosztik\u00e1ja<\/td>\n<td style=\"width: 50%;height: 33px\">Dr. Gul\u00e1csi Gy\u00f6rgy<\/td>\n<\/tr>\n<tr style=\"height: 33px\">\n<td style=\"width: 50%;height: 33px\">Csont- \u00e9s l\u00e1gyr\u00e9sz tumorok radiomikai elemz\u00e9se<\/td>\n<td style=\"width: 50%;height: 33px\">Dr. Gul\u00e1csi Gy\u00f6rgy<\/td>\n<\/tr>\n<tr style=\"height: 33px\">\n<td style=\"width: 50%;height: 33px\">V\u00e1ll\u00edz\u00fclet k\u00f6rny\u00e9ki MSK intervenci\u00f3k<\/td>\n<td style=\"width: 50%;height: 33px\">Dr. Gul\u00e1csi Gy\u00f6rgy<\/td>\n<\/tr>\n<tr style=\"height: 33px\">\n<td style=\"width: 50%;height: 33px\">Als\u00f3 v\u00e9gtagi izoms\u00e9r\u00fcl\u00e9sek MR diagnosztik\u00e1ja<\/td>\n<td style=\"width: 50%;height: 33px\">Dr. Gul\u00e1csi Gy\u00f6rgy<\/td>\n<\/tr>\n<tr style=\"height: 33px\">\n<td style=\"width: 50%;height: 33px\">Melanoma malignum PCD-CT vizsg\u00e1lat\u00e1nak \u00faj lehet\u0151s\u00e9gei<\/td>\n<td style=\"width: 50%;height: 33px\">Dr. L\u00e9n\u00e1rd Zsuzsanna PhD, Dr. Borb\u00e9ly Klaudia (PhD hallgat\u00f3)<\/td>\n<\/tr>\n<tr style=\"height: 63px\">\n<td style=\"width: 50%;height: 63px\">Fontan-asszoci\u00e1lt m\u00e1jbetegs\u00e9g st\u00e1diummeghat\u00e1roz\u00e1sa UH-\u00e9s MR-alap\u00fa\u00a0 param\u00e9terek seg\u00edts\u00e9g\u00e9vel<\/td>\n<td style=\"width: 50%;height: 63px\">Dr. L\u00e9n\u00e1rd Zsuzsanna PhD, Dr. Hives Vir\u00e1g<\/td>\n<\/tr>\n<tr style=\"height: 33px\">\n<td style=\"width: 50%;height: 33px\">Cs\u00edp\u0151\u00edz\u00fcleti prot\u00e9zis sz\u00f6v\u0151dm\u00e9nyek MR diagnosztik\u00e1ja<\/td>\n<td style=\"width: 50%;height: 33px\">Dr. Gul\u00e1csi Gy\u00f6rgy<\/td>\n<\/tr>\n<\/tbody>\n<\/table>\n","protected":false},"excerpt":{"rendered":"<p>2024\/2025-\u00f6s tan\u00e9v TDK munka c\u00edme T\u00e9mavezet\u0151 neve Perif\u00e9ri\u00e1s arthritisek k\u00e9palkot\u00f3diagnosztik\u00e1ja Dr. Marton Nikolett PhD Krist\u00e1ly arthritisek k\u00e9palkot\u00f3diagnosztik\u00e1ja Dr. Marton Nikolett PhD Mesters\u00e9ges intelligencia szerepe az ossealis pathol\u00f3gi\u00e1k kimutat\u00e1s\u00e1ban Dr. Marton Nikolett PhD Reumatol\u00f3giai k\u00f3rk\u00e9pek \u00fajszer\u0171 radiodiagnosztik\u00e1ja Dr. Marton Nikolett PhD Mozg\u00e1sszervi CT protokollok optimaliz\u00e1l\u00e1sa Dr. Marton Nikolett PhD Optimization of trauma skull CT protocol Marton &hellip;<\/p>\n","protected":false},"author":102365,"featured_media":0,"parent":10054,"menu_order":0,"comment_status":"closed","ping_status":"closed","template":"","meta":{"_acf_changed":false,"footnotes":""},"categories":[],"tags":[],"class_list":["post-10911","page","type-page","status-publish","hentry"],"acf":[],"publishpress_future_action":{"enabled":false,"date":"1970-01-01 01:00:00","action":"","terms":[],"taxonomy":"","browser_timezone_offset":0},"_links":{"self":[{"href":"https:\/\/semmelweis.hu\/tdk\/wp-json\/wp\/v2\/pages\/10911","targetHints":{"allow":["GET"]}}],"collection":[{"href":"https:\/\/semmelweis.hu\/tdk\/wp-json\/wp\/v2\/pages"}],"about":[{"href":"https:\/\/semmelweis.hu\/tdk\/wp-json\/wp\/v2\/types\/page"}],"author":[{"embeddable":true,"href":"https:\/\/semmelweis.hu\/tdk\/wp-json\/wp\/v2\/users\/102365"}],"replies":[{"embeddable":true,"href":"https:\/\/semmelweis.hu\/tdk\/wp-json\/wp\/v2\/comments?post=10911"}],"version-history":[{"count":4,"href":"https:\/\/semmelweis.hu\/tdk\/wp-json\/wp\/v2\/pages\/10911\/revisions"}],"predecessor-version":[{"id":11406,"href":"https:\/\/semmelweis.hu\/tdk\/wp-json\/wp\/v2\/pages\/10911\/revisions\/11406"}],"up":[{"embeddable":true,"href":"https:\/\/semmelweis.hu\/tdk\/wp-json\/wp\/v2\/pages\/10054"}],"wp:attachment":[{"href":"https:\/\/semmelweis.hu\/tdk\/wp-json\/wp\/v2\/media?parent=10911"}],"wp:term":[{"taxonomy":"category","embeddable":true,"href":"https:\/\/semmelweis.hu\/tdk\/wp-json\/wp\/v2\/categories?post=10911"},{"taxonomy":"post_tag","embeddable":true,"href":"https:\/\/semmelweis.hu\/tdk\/wp-json\/wp\/v2\/tags?post=10911"}],"curies":[{"name":"wp","href":"https:\/\/api.w.org\/{rel}","templated":true}]}}