{"id":10776,"date":"2024-06-24T10:15:14","date_gmt":"2024-06-24T08:15:14","guid":{"rendered":"https:\/\/semmelweis.hu\/tdk\/?page_id=10776"},"modified":"2024-07-25T09:30:54","modified_gmt":"2024-07-25T07:30:54","slug":"reformatus-pulmonologiai-centrum-tdk-temai","status":"publish","type":"page","link":"https:\/\/semmelweis.hu\/tdk\/tdk-temak-es-temavezetok\/kulso-intezetek\/reformatus-pulmonologiai-centrum-tdk-temai\/","title":{"rendered":"Reform\u00e1tus Pulmonol\u00f3giai Centrum"},"content":{"rendered":"<h3>A Reform\u00e1tus Pulmonol\u00f3giai Centrum TDK t\u00e9m\u00e1i<\/h3>\n<table style=\"border-collapse: collapse;width: 100%\">\n<tbody>\n<tr>\n<td style=\"width: 50%\"><strong>TDK t\u00e9ma<\/strong><\/td>\n<td style=\"width: 50%\"><strong>T\u00e9mavezet\u0151 (fokozattal)<\/strong><\/td>\n<\/tr>\n<tr>\n<td style=\"width: 50%\">Sz\u00f6veti \u00e9s kering\u0151 biomarkerek vizsg\u00e1lata t\u00fcd\u0151r\u00e1kban<\/td>\n<td style=\"width: 50%\">Dr. G\u00e1lffy Gabriella PhD, Dr.Yahya Kamel PhD<\/td>\n<\/tr>\n<\/tbody>\n<\/table>\n","protected":false},"excerpt":{"rendered":"<p>A Reform\u00e1tus Pulmonol\u00f3giai Centrum TDK t\u00e9m\u00e1i<\/p>\n<p>TDK t\u00e9ma<br \/>\nT\u00e9mavezet\u0151 (fokozattal)<\/p>\n<p>Sz\u00f6veti \u00e9s kering\u0151 biomarkerek vizsg\u00e1lata t\u00fcd\u0151r\u00e1kban<br \/>\nDr. G\u00e1lffy Gabriella PhD, Dr.Yahya Kamel PhD<\/p>\n","protected":false},"author":101883,"featured_media":0,"parent":10063,"menu_order":0,"comment_status":"closed","ping_status":"closed","template":"","meta":{"_acf_changed":false,"footnotes":""},"categories":[],"tags":[],"class_list":["post-10776","page","type-page","status-publish","hentry"],"acf":[],"publishpress_future_action":{"enabled":false,"date":"1970-01-01 01:00:00","action":"","terms":[],"taxonomy":"","browser_timezone_offset":0},"_links":{"self":[{"href":"https:\/\/semmelweis.hu\/tdk\/wp-json\/wp\/v2\/pages\/10776","targetHints":{"allow":["GET"]}}],"collection":[{"href":"https:\/\/semmelweis.hu\/tdk\/wp-json\/wp\/v2\/pages"}],"about":[{"href":"https:\/\/semmelweis.hu\/tdk\/wp-json\/wp\/v2\/types\/page"}],"author":[{"embeddable":true,"href":"https:\/\/semmelweis.hu\/tdk\/wp-json\/wp\/v2\/users\/101883"}],"replies":[{"embeddable":true,"href":"https:\/\/semmelweis.hu\/tdk\/wp-json\/wp\/v2\/comments?post=10776"}],"version-history":[{"count":3,"href":"https:\/\/semmelweis.hu\/tdk\/wp-json\/wp\/v2\/pages\/10776\/revisions"}],"predecessor-version":[{"id":11016,"href":"https:\/\/semmelweis.hu\/tdk\/wp-json\/wp\/v2\/pages\/10776\/revisions\/11016"}],"up":[{"embeddable":true,"href":"https:\/\/semmelweis.hu\/tdk\/wp-json\/wp\/v2\/pages\/10063"}],"wp:attachment":[{"href":"https:\/\/semmelweis.hu\/tdk\/wp-json\/wp\/v2\/media?parent=10776"}],"wp:term":[{"taxonomy":"category","embeddable":true,"href":"https:\/\/semmelweis.hu\/tdk\/wp-json\/wp\/v2\/categories?post=10776"},{"taxonomy":"post_tag","embeddable":true,"href":"https:\/\/semmelweis.hu\/tdk\/wp-json\/wp\/v2\/tags?post=10776"}],"curies":[{"name":"wp","href":"https:\/\/api.w.org\/{rel}","templated":true}]}}