{"id":10655,"date":"2024-06-18T10:31:37","date_gmt":"2024-06-18T08:31:37","guid":{"rendered":"https:\/\/semmelweis.hu\/tdk\/?page_id=10655"},"modified":"2025-07-10T11:01:49","modified_gmt":"2025-07-10T09:01:49","slug":"fogaszati-es-szajsebeszeti-oktato-intezet-rektori-palyazat","status":"publish","type":"page","link":"https:\/\/semmelweis.hu\/tdk\/rektori-palyazat\/rektori-palyazat-meghirdetett-temak\/fogaszati-es-szajsebeszeti-oktato-intezet-rektori-palyazat\/","title":{"rendered":"Fog\u00e1szati \u00e9s Sz\u00e1jseb\u00e9szeti Oktat\u00f3 Int\u00e9zet &#8211; Rektori p\u00e1ly\u00e1zat"},"content":{"rendered":"<h3>Rektori p\u00e1ly\u00e1zat Fog\u00e1szati \u00e9s Sz\u00e1jseb\u00e9szeti Oktat\u00f3 Int\u00e9zet 2025\/2026-os tan\u00e9v<\/h3>\n<table style=\"border-collapse: collapse;width: 100%;height: 289px\">\n<tbody>\n<tr>\n<td style=\"width: 49.9636%\"><strong>Rektori p\u00e1lyamunka c\u00edme<\/strong><\/td>\n<td style=\"width: 49.9636%\"><strong>T\u00e9mavezet\u0151<\/strong><\/td>\n<\/tr>\n<tr>\n<td style=\"width: 49.9636%\">Cukorbetegs\u00e9g hat\u00e1sa az implant\u00e1l\u00e1s \u00e9s a csontp\u00f3tl\u00e1s sikeress\u00e9g\u00e9re<\/td>\n<td style=\"width: 49.9636%\">Dr. P\u00e9nzes Dorottya Ph.D. szakorvos<\/td>\n<\/tr>\n<tr>\n<td style=\"width: 49.9636%\">A beteg compliance \u00e9s a kezel\u00e9s eredm\u00e9nyess\u00e9g\u00e9nek vizsg\u00e1lata bimaxill\u00e1ris k\u00e9sz\u00fcl\u00e9kekkel v\u00e9gzett fogszab\u00e1lyoz\u00f3 kezel\u00e9sek sor\u00e1n: A Theramon eszk\u00f6z szerepe a monitoroz\u00e1sban<\/td>\n<td style=\"width: 49.9636%\">\n<p>Dr. N\u00e9meth Orsolya Ph.D., egyetemi docens, d\u00e9k\u00e1nhelyettes<\/p>\n<\/td>\n<\/tr>\n<tr>\n<td style=\"width: 49.9636%\">Magyarorsz\u00e1g, mint a fog\u00e1szati turizmus k\u00f6z\u00e9p-eur\u00f3pai k\u00f6zpontja<\/td>\n<td style=\"width: 49.9636%\">\n<p>Dr. N\u00e9meth Orsolya Ph.D., egyetemi docens<\/p>\n<\/td>\n<\/tr>\n<tr>\n<td style=\"width: 49.9636%;text-align: left\">Mozg\u00e1sfogyat\u00e9kos betegek or\u00e1lis eg\u00e9szs\u00e9g\u00e9t seg\u00edt\u0151 eduk\u00e1ci\u00f3s program<\/td>\n<td style=\"width: 49.9636%\">\n<p>Dr. Ors\u00f3s M\u00e1ria Merc\u00e9desz Ph.D. egyetemi adjunktus<\/p>\n<p>&nbsp;<\/p>\n<\/td>\n<\/tr>\n<\/tbody>\n<\/table>\n","protected":false},"excerpt":{"rendered":"<p>Rektori p\u00e1ly\u00e1zat Fog\u00e1szati \u00e9s Sz\u00e1jseb\u00e9szeti Oktat\u00f3 Int\u00e9zet 2025\/2026-os tan\u00e9v Rektori p\u00e1lyamunka c\u00edme T\u00e9mavezet\u0151 Cukorbetegs\u00e9g hat\u00e1sa az implant\u00e1l\u00e1s \u00e9s a csontp\u00f3tl\u00e1s sikeress\u00e9g\u00e9re Dr. P\u00e9nzes Dorottya Ph.D. szakorvos A beteg compliance \u00e9s a kezel\u00e9s eredm\u00e9nyess\u00e9g\u00e9nek vizsg\u00e1lata bimaxill\u00e1ris k\u00e9sz\u00fcl\u00e9kekkel v\u00e9gzett fogszab\u00e1lyoz\u00f3 kezel\u00e9sek sor\u00e1n: A Theramon eszk\u00f6z szerepe a monitoroz\u00e1sban Dr. N\u00e9meth Orsolya Ph.D., egyetemi docens, d\u00e9k\u00e1nhelyettes Magyarorsz\u00e1g, mint &hellip;<\/p>\n","protected":false},"author":102365,"featured_media":0,"parent":9092,"menu_order":0,"comment_status":"closed","ping_status":"closed","template":"","meta":{"_acf_changed":false,"footnotes":""},"categories":[],"tags":[97],"class_list":["post-10655","page","type-page","status-publish","hentry","tag-fok-rektori-palyazat"],"acf":[],"publishpress_future_action":{"enabled":false,"date":"1970-01-01 01:00:00","action":"","terms":[],"taxonomy":"","browser_timezone_offset":0},"_links":{"self":[{"href":"https:\/\/semmelweis.hu\/tdk\/wp-json\/wp\/v2\/pages\/10655","targetHints":{"allow":["GET"]}}],"collection":[{"href":"https:\/\/semmelweis.hu\/tdk\/wp-json\/wp\/v2\/pages"}],"about":[{"href":"https:\/\/semmelweis.hu\/tdk\/wp-json\/wp\/v2\/types\/page"}],"author":[{"embeddable":true,"href":"https:\/\/semmelweis.hu\/tdk\/wp-json\/wp\/v2\/users\/102365"}],"replies":[{"embeddable":true,"href":"https:\/\/semmelweis.hu\/tdk\/wp-json\/wp\/v2\/comments?post=10655"}],"version-history":[{"count":5,"href":"https:\/\/semmelweis.hu\/tdk\/wp-json\/wp\/v2\/pages\/10655\/revisions"}],"predecessor-version":[{"id":11446,"href":"https:\/\/semmelweis.hu\/tdk\/wp-json\/wp\/v2\/pages\/10655\/revisions\/11446"}],"up":[{"embeddable":true,"href":"https:\/\/semmelweis.hu\/tdk\/wp-json\/wp\/v2\/pages\/9092"}],"wp:attachment":[{"href":"https:\/\/semmelweis.hu\/tdk\/wp-json\/wp\/v2\/media?parent=10655"}],"wp:term":[{"taxonomy":"category","embeddable":true,"href":"https:\/\/semmelweis.hu\/tdk\/wp-json\/wp\/v2\/categories?post=10655"},{"taxonomy":"post_tag","embeddable":true,"href":"https:\/\/semmelweis.hu\/tdk\/wp-json\/wp\/v2\/tags?post=10655"}],"curies":[{"name":"wp","href":"https:\/\/api.w.org\/{rel}","templated":true}]}}