{"id":10623,"date":"2024-06-14T14:12:07","date_gmt":"2024-06-14T12:12:07","guid":{"rendered":"https:\/\/semmelweis.hu\/tdk\/?page_id=10623"},"modified":"2024-06-19T09:29:29","modified_gmt":"2024-06-19T07:29:29","slug":"hmaa-nyari-konferencia","status":"publish","type":"page","link":"https:\/\/semmelweis.hu\/tdk\/tudomanyos-diakkori-konferenciak\/hmaa-nyari-konferencia\/","title":{"rendered":"HMAA Ny\u00e1ri Konferencia"},"content":{"rendered":"<div class=\"keretes w-100\" style=\"float: left !important; border-left: 6px solid #4D9DE0 !important; border-right: 1px solid lightgray !important; border-top: 1px solid lightgray !important; background-color: #ffff !important; border-bottom: 1px solid lightgray;\">\n<p><a href=\"https:\/\/www.hmaa-hc.hu\/\" target=\"_blank\" rel=\"noopener\"><img loading=\"lazy\" decoding=\"async\" class=\"alignright wp-image-10722 size-full\" src=\"https:\/\/semmelweis.hu\/tdk\/files\/2024\/06\/hmaa-logo.png\" alt=\"\" width=\"225\" height=\"225\" srcset=\"https:\/\/semmelweis.hu\/tdk\/files\/2024\/06\/hmaa-logo.png 225w, https:\/\/semmelweis.hu\/tdk\/files\/2024\/06\/hmaa-logo-150x150.png 150w\" sizes=\"auto, (max-width: 225px) 100vw, 225px\" \/><\/a>Az <a href=\"https:\/\/www.hmaa-hc.hu\/\" target=\"_blank\" rel=\"noopener\">Amerikai Magyar Orvosi Sz\u00f6vets\u00e9g \u2013 Magyarorsz\u00e1gi Tagozata (HMAA-HC)<\/a> \u00e1ltal \u00e9vente megrendezett <a href=\"https:\/\/www.hmaa-hc.hu\/2024-nyari-konferencia\/\" target=\"_blank\" rel=\"noopener\"><strong>HMAA Ny\u00e1ri Konferenci\u00e1n<\/strong><\/a> a magyar egyetemi hallgat\u00f3k (orvosi, fogorvosi, gy\u00f3gyszer\u00e9szhallgat\u00f3k), rezidensek, doktorandusz hallgat\u00f3k \u00e9s szakorvosok megismerkedhetnek a HMAA Buffalo \u00e9s Houston csereprogramj\u00e1val (amelyet hatod\u00e9ves hallgat\u00f3k sz\u00e1m\u00e1ra hirdetnek meg), illetve inform\u00e1lis besz\u00e9lget\u00e9st folytathatnak az Egyes\u00fclt \u00c1llamokban dolgoz\u00f3 professzorokkal \u00e9s orvosokkal. A konferenci\u00e1n angol \u00e9s magyar nyelv\u0171 el\u0151ad\u00e1sokat lehet tartani. A legjobb angol nyelven megtartott el\u0151ad\u00e1st a HMAA Ivan Krisztinicz-d\u00edjjal jutalmazza, amelynek nyertese r\u00e9szt vehet az \u00e9ves HMAA konferenci\u00e1n Sarasot\u00e1ban (FL, USA), amelyet a HMAA finansz\u00edroz. A legjobb magyar nyelv\u0171 el\u0151ad\u00e1st id. Istvan Mechter d\u00edjjal jutalmazz\u00e1k, illetve k\u00fcl\u00f6n d\u00edjaz\u00e1sban r\u00e9szes\u00edtik az egyes szekci\u00f3kban megtartott legjobb el\u0151ad\u00e1sokat is.<\/p>\n<\/div>\n<div class=\"lead\">A Semmelweis Egyetem Tudom\u00e1nyos Di\u00e1kk\u00f6ri Tan\u00e1csa lehet\u0151s\u00e9g szerint t\u00e1mogatja az egyetem hallgat\u00f3inak r\u00e9szv\u00e9tel\u00e9t a HMAA ny\u00e1ri konferenci\u00e1n. Ennek \u00e9rdek\u00e9ben minden \u00e9vben p\u00e1ly\u00e1zatot hirdet a regisztr\u00e1ci\u00f3s k\u00f6lts\u00e9g megt\u00e9r\u00edt\u00e9s\u00e9re a rendelkez\u00e9sre \u00e1ll\u00f3 keretig.<\/div>\n    \r\n    <div id=\"import-title\">\r\n      \r\n      <div class=\"section-row row my-2 pr-0 ml-0 mb-3\">\r\n        <div class=\"col-12 col-md-auto section-title\">\r\n          <h2 style=\"margin-top: 0;\">Aktu\u00e1lis felh\u00edv\u00e1s<\/h2>\r\n        <\/div>\r\n        <div class=\"col section-divider px-0 mx-2 event-mobil-hidden d-none d-md-block\"><\/div>\r\n        <div class=\"col col-md-auto section-link text-uppercase px-0 event-mobil-hidden d-none d-md-block mr-5\">\r\n                      <h5 class=\"m-0\" style=\"width: fit-content;\"><a href=\"https:\/\/semmelweis.hu\/tdk\/tag\/hmaa\/\" target=\"_self\">\u00d6sszes cikk<\/a><\/h5>\r\n                  <\/div>\r\n      <\/div>\r\n        \r\n    <\/div>\r\n\r\n\r\n    <div class=\"import-posts row ml-0 mr-0\">\r\n      \r\n\r\n      \r\n\r\n        <article class=\"list-format post-10293 post type-post status-publish format-standard hentry category-palyazatok tag-egyeb-konferencia-felhivasok tag-hmaa\">\r\n          <div class=\"row mb-2 mx-0 p-2 mr-2 mr-lg-0\" style=\"border: 1px solid #DFE3E6;\">\r\n            \r\n            <div class=\"col px-normal px-lg-0\">\r\n              <div class=\"row w-100 mx-0\">\r\n                                <div class=\"entry-summary col-12  px-0\">\r\n                  <div class=\"col-12 mb-2 px-0\">\r\n                    <h3 class=\"entry-title mb-1\"><a target=\"_self\" href=\"https:\/\/semmelweis.hu\/tdk\/2024\/05\/27\/jelentkezes-a-2024-es-hmaa-konferencian-torteno-reszvetel-tamogatasara\/\">Jelentkez\u00e9s a 2024-es HMAA konferenci\u00e1n t\u00f6rt\u00e9n\u0151 r\u00e9szv\u00e9tel t\u00e1mogat\u00e1s\u00e1ra<\/a><\/h3>\r\n                    <h6 class=\"entry-meta text-uppercase\">\r\n                      <time class=\"mr-3\" datetime=\"2024-05-27T12:53:56+00:00\">2024. m\u00e1jus 27.  h\u00e9tf\u0151 14:53<\/time>\r\n                    <\/h6>\r\n                  <\/div>\r\n                  <p>Az Amerikai Magyar Orvosi Sz\u00f6vets\u00e9g \u2013 Magyarorsz\u00e1gi Tagozata (HMAA-HC) id\u00e9n is megszervezi hagyom\u00e1nyos ny\u00e1ri konferenci\u00e1j\u00e1t. \u00a0 1) A 2024. \u00e9vi HMAA konferenci\u00e1r\u00f3l: \u00a0 A konferencia id\u0151pontja: 2024. szeptember 6-7. A konferencia helysz\u00edne:\u00a0Villapark V\u00e1rgesztes, 2824 V\u00e1rgesztes, Hrsz. 201 25. \u00a0 A konferenci\u00e1ra t\u00f6rt\u00e9n\u0151 regisztr\u00e1ci\u00f3 \u00e9s az absztrakt lead\u00e1s egyszerre t\u00f6rt\u00e9nik. Egy el\u0151ad\u00f3 egy, kiz\u00e1r\u00f3lag angol nyelv\u0171 &hellip;<\/p>\n                <\/div>\r\n              <\/div>\r\n            <\/div>\r\n          <\/div>\r\n        <\/article>\r\n        <hr \/>\r\n                  <div class=\"section-row row w-100 mt-2 mb-2\">\r\n        <div class=\"col-7 section-divider px-0 mx-2 d-md-none\"><\/div>\r\n          <div class=\"col-4 d-block d-md-none text-uppercase px-0 section-link ml-2\">\r\n            <h5 class=\"m-0\" style=\"width: fit-content;\"><a href=\"https:\/\/semmelweis.hu\/tdk\/tag\/\/\" target=\"_self\"> \u00d6sszes cikk><\/a><\/h5>\r\n            \r\n        <\/div>\r\n      <\/div>\r\n\r\n    <\/div><!-- \/.import-posts -->\r\n\r\n\n","protected":false},"excerpt":{"rendered":"<p>Az Amerikai Magyar Orvosi Sz\u00f6vets\u00e9g \u2013 Magyarorsz\u00e1gi Tagozata (HMAA-HC) id\u00e9n is megszervezi hagyom\u00e1nyos ny\u00e1ri konferenci\u00e1j\u00e1t. \u00a0 1) A 2024. \u00e9vi HMAA konferenci\u00e1r\u00f3l: \u00a0 A konferencia id\u0151pontja: 2024. szeptember 6-7. A konferencia helysz\u00edne:\u00a0Villapark V\u00e1rgesztes, 2824 V\u00e1rgesztes, Hrsz. 201 25. \u00a0 A konferenci\u00e1ra t\u00f6rt\u00e9n\u0151 regisztr\u00e1ci\u00f3 \u00e9s az absztrakt lead\u00e1s egyszerre t\u00f6rt\u00e9nik. Egy el\u0151ad\u00f3 egy, kiz\u00e1r\u00f3lag angol nyelv\u0171 &hellip;<\/p>\n","protected":false},"author":102365,"featured_media":0,"parent":4144,"menu_order":4,"comment_status":"closed","ping_status":"closed","template":"template-fullwidth.php","meta":{"_acf_changed":false,"footnotes":""},"categories":[],"tags":[],"class_list":["post-10623","page","type-page","status-publish","hentry"],"acf":[],"publishpress_future_action":{"enabled":false,"date":"1970-01-01 01:00:00","action":"","terms":[],"taxonomy":"","browser_timezone_offset":0},"_links":{"self":[{"href":"https:\/\/semmelweis.hu\/tdk\/wp-json\/wp\/v2\/pages\/10623","targetHints":{"allow":["GET"]}}],"collection":[{"href":"https:\/\/semmelweis.hu\/tdk\/wp-json\/wp\/v2\/pages"}],"about":[{"href":"https:\/\/semmelweis.hu\/tdk\/wp-json\/wp\/v2\/types\/page"}],"author":[{"embeddable":true,"href":"https:\/\/semmelweis.hu\/tdk\/wp-json\/wp\/v2\/users\/102365"}],"replies":[{"embeddable":true,"href":"https:\/\/semmelweis.hu\/tdk\/wp-json\/wp\/v2\/comments?post=10623"}],"version-history":[{"count":6,"href":"https:\/\/semmelweis.hu\/tdk\/wp-json\/wp\/v2\/pages\/10623\/revisions"}],"predecessor-version":[{"id":10725,"href":"https:\/\/semmelweis.hu\/tdk\/wp-json\/wp\/v2\/pages\/10623\/revisions\/10725"}],"up":[{"embeddable":true,"href":"https:\/\/semmelweis.hu\/tdk\/wp-json\/wp\/v2\/pages\/4144"}],"wp:attachment":[{"href":"https:\/\/semmelweis.hu\/tdk\/wp-json\/wp\/v2\/media?parent=10623"}],"wp:term":[{"taxonomy":"category","embeddable":true,"href":"https:\/\/semmelweis.hu\/tdk\/wp-json\/wp\/v2\/categories?post=10623"},{"taxonomy":"post_tag","embeddable":true,"href":"https:\/\/semmelweis.hu\/tdk\/wp-json\/wp\/v2\/tags?post=10623"}],"curies":[{"name":"wp","href":"https:\/\/api.w.org\/{rel}","templated":true}]}}