{"id":10615,"date":"2024-06-14T13:39:31","date_gmt":"2024-06-14T11:39:31","guid":{"rendered":"https:\/\/semmelweis.hu\/tdk\/?page_id=10615"},"modified":"2024-07-03T09:44:38","modified_gmt":"2024-07-03T07:44:38","slug":"marosvasarhelyi-tdk-konferencia-mtdk","status":"publish","type":"page","link":"https:\/\/semmelweis.hu\/tdk\/tudomanyos-diakkori-konferenciak\/marosvasarhelyi-tdk-konferencia-mtdk\/","title":{"rendered":"Marosv\u00e1s\u00e1rhelyi TDK Konferencia (MTDK)"},"content":{"rendered":"<div class=\"keretes w-100\" style=\"float: left !important; border-left: 6px solid #4D9DE0 !important; border-right: 1px solid lightgray !important; border-top: 1px solid lightgray !important; background-color: #ffff !important; border-bottom: 1px solid lightgray;\">\n<p><a href=\"https:\/\/tdk.mmdsz.ro\/#\/szabalyzat\" target=\"_blank\" rel=\"noopener\"><img loading=\"lazy\" decoding=\"async\" class=\"alignright wp-image-10616\" src=\"https:\/\/semmelweis.hu\/tdk\/files\/2024\/06\/mtdk-logo-bb72c0e7-400x400.jpg\" alt=\"\" width=\"227\" height=\"227\" srcset=\"https:\/\/semmelweis.hu\/tdk\/files\/2024\/06\/mtdk-logo-bb72c0e7-400x400.jpg 400w, https:\/\/semmelweis.hu\/tdk\/files\/2024\/06\/mtdk-logo-bb72c0e7-1024x1024.jpg 1024w, https:\/\/semmelweis.hu\/tdk\/files\/2024\/06\/mtdk-logo-bb72c0e7-150x150.jpg 150w, https:\/\/semmelweis.hu\/tdk\/files\/2024\/06\/mtdk-logo-bb72c0e7-768x768.jpg 768w, https:\/\/semmelweis.hu\/tdk\/files\/2024\/06\/mtdk-logo-bb72c0e7-1536x1536.jpg 1536w, https:\/\/semmelweis.hu\/tdk\/files\/2024\/06\/mtdk-logo-bb72c0e7-753x753.jpg 753w, https:\/\/semmelweis.hu\/tdk\/files\/2024\/06\/mtdk-logo-bb72c0e7.jpg 1920w\" sizes=\"auto, (max-width: 227px) 100vw, 227px\" \/><\/a>Az \u00e9vente megrendezett <strong>Marosv\u00e1s\u00e1rhelyi Tudom\u00e1nyos Di\u00e1kk\u00f6ri Konferencia <\/strong>(<a href=\"https:\/\/tdk.mmdsz.ro\/#\/szabalyzat\" target=\"_blank\" rel=\"noopener\">MTDK<\/a>) k\u00f6zel 30 \u00e9ves m\u00faltra tekint vissza. A rendezv\u00e9ny lehet\u0151s\u00e9get ny\u00fajt arra, hogy a hallgat\u00f3k Erd\u00e9lyben magyarul mutass\u00e1k be az eg\u00e9szs\u00e9gtudom\u00e1nyi t\u00e9mak\u00f6rben meg\u00edrt p\u00e1lyamunk\u00e1jukat. A konferencia c\u00e9lja a szakdolgozatok megfelel\u0151 sz\u00ednvonal\u00fa elk\u00e9sz\u00edt\u00e9s\u00e9nek \u00e9s megv\u00e9d\u00e9s\u00e9nek el\u0151seg\u00edt\u00e9se, illetve a magyar tudom\u00e1nyos szaknyelv fejleszt\u00e9se. Szervez\u0151je a <a href=\"https:\/\/mmdsz.ro\/\" target=\"_blank\" rel=\"noopener\">Marosv\u00e1s\u00e1rhelyi Magyar Di\u00e1ksz\u00f6vets\u00e9g<\/a> \u00e9s a Marosv\u00e1s\u00e1rhelyi George Emil Palade Orvosi, Gy\u00f3gyszer\u00e9szeti, Tudom\u00e1ny \u00e9s Technol\u00f3giai Egyetem.<\/p>\n<\/div>\n<p style=\"text-align: center;\"><a class=\"btn btn-secondary\" href=\"https:\/\/tdk.mmdsz.ro\/\" target=\"_blank\" rel=\"noopener\">Az aktu\u00e1lis marosv\u00e1s\u00e1rhelyi TDK-konferencia felh\u00edv\u00e1sa\u00a0<\/a><\/p>\n    \r\n    <div id=\"import-title\">\r\n      \r\n      <div class=\"section-row row my-2 pr-0 ml-0 mb-3\">\r\n        <div class=\"col-12 col-md-auto section-title\">\r\n          <h2 style=\"margin-top: 0;\">Kapcsol\u00f3d\u00f3 h\u00edrek<\/h2>\r\n        <\/div>\r\n        <div class=\"col section-divider px-0 mx-2 event-mobil-hidden d-none d-md-block\"><\/div>\r\n        <div class=\"col col-md-auto section-link text-uppercase px-0 event-mobil-hidden d-none d-md-block mr-5\">\r\n                      <h5 class=\"m-0\" style=\"width: fit-content;\"><a href=\"https:\/\/semmelweis.hu\/tdk\/tag\/marosvasarhely\/\" target=\"_self\">\u00d6sszes cikk<\/a><\/h5>\r\n                  <\/div>\r\n      <\/div>\r\n        \r\n    <\/div>\r\n\r\n\r\n    <div class=\"import-posts row ml-0 mr-0\">\r\n      \r\n\r\n      \r\n\r\n        <article class=\"list-format post-8854 post type-post status-publish format-standard hentry category-hirek-hu tag-konferenciak tag-marosvasarhely\">\r\n          <div class=\"row mb-2 mx-0 p-2 mr-2 mr-lg-0\" style=\"border: 1px solid #DFE3E6;\">\r\n            \r\n            <div class=\"col px-normal px-lg-0\">\r\n              <div class=\"row w-100 mx-0\">\r\n                                <div class=\"entry-summary col-12  px-0\">\r\n                  <div class=\"col-12 mb-2 px-0\">\r\n                    <h3 class=\"entry-title mb-1\"><a target=\"_self\" href=\"https:\/\/semmelweis.hu\/tdk\/2023\/02\/09\/marosvasarhelyi-tdk-konferencia-2023-majus-10-13\/\">Felh\u00edv\u00e1s: Marosv\u00e1s\u00e1rhelyi TDK Konferencia 2023. m\u00e1jus 10-13.<\/a><\/h3>\r\n                    <h6 class=\"entry-meta text-uppercase\">\r\n                      <time class=\"mr-3\" datetime=\"2023-02-09T07:58:28+00:00\">2023. febru\u00e1r 9.  cs\u00fct\u00f6rt\u00f6k 08:58<\/time>\r\n                    <\/h6>\r\n                  <\/div>\r\n                  <p>TDK. \u00c9rtelmet ad! A Marosv\u00e1s\u00e1rhelyi Magyar Di\u00e1ksz\u00f6vets\u00e9g felh\u00edvja minden kutat\u00e1s ir\u00e1nt \u00e9rdekl\u0151d\u0151, magyar anyanyelv\u0171 hallgat\u00f3 figyelm\u00e9t a 30. alkalommal megrendezend\u0151 Tudom\u00e1nyos Di\u00e1kk\u00f6ri Konferenci\u00e1ra, amelynek id\u0151pontja 2023. m\u00e1jus 10-13. A rendezv\u00e9nyre v\u00e1rjuk minden olyan orvos-, fogorvos- \u00e9s gy\u00f3gyszer\u00e9sztanhallgat\u00f3, illetve m\u00e1s eg\u00e9szs\u00e9g\u00fcgyi szak\u00e1gakon, vagy olyan szakon tanul\u00f3 egyetemista jelentkez\u00e9s\u00e9t, akinek a kutat\u00e1si t\u00e9m\u00e1ja beleillik b\u00e1rmelyik t\u00e9mak\u00f6rbe, \u00e9s &hellip;<\/p>\n                <\/div>\r\n              <\/div>\r\n            <\/div>\r\n          <\/div>\r\n        <\/article>\r\n        <hr \/>\r\n      \r\n\r\n        <article class=\"list-format post-8023 post type-post status-publish format-standard hentry category-palyazatok tag-marosvasarhely\">\r\n          <div class=\"row mb-2 mx-0 p-2 mr-2 mr-lg-0\" style=\"border: 1px solid #DFE3E6;\">\r\n            \r\n            <div class=\"col px-normal px-lg-0\">\r\n              <div class=\"row w-100 mx-0\">\r\n                                <div class=\"entry-summary col-12  px-0\">\r\n                  <div class=\"col-12 mb-2 px-0\">\r\n                    <h3 class=\"entry-title mb-1\"><a target=\"_self\" href=\"https:\/\/semmelweis.hu\/tdk\/palyazatok\/marosvasarhelyi-tdk-konferencia-2022\/\">Marosv\u00e1s\u00e1rhelyi TDK Konferencia 2022. p\u00e1ly\u00e1zati felh\u00edv\u00e1s<\/a><\/h3>\r\n                    <h6 class=\"entry-meta text-uppercase\">\r\n                      <time class=\"mr-3\" datetime=\"2022-03-02T08:52:18+00:00\">2022. m\u00e1rcius 2.  szerda 09:52<\/time>\r\n                    <\/h6>\r\n                  <\/div>\r\n                                  <\/div>\r\n              <\/div>\r\n            <\/div>\r\n          <\/div>\r\n        <\/article>\r\n        <hr \/>\r\n      \r\n\r\n        <article class=\"list-format post-6751 post type-post status-publish format-standard hentry category-hirek-hu tag-marosvasarhely\">\r\n          <div class=\"row mb-2 mx-0 p-2 mr-2 mr-lg-0\" style=\"border: 1px solid #DFE3E6;\">\r\n            \r\n            <div class=\"col px-normal px-lg-0\">\r\n              <div class=\"row w-100 mx-0\">\r\n                                <div class=\"entry-summary col-12  px-0\">\r\n                  <div class=\"col-12 mb-2 px-0\">\r\n                    <h3 class=\"entry-title mb-1\"><a target=\"_self\" href=\"https:\/\/semmelweis.hu\/tdk\/2021\/03\/05\/marosvasarhelyi-tdk-konferencia-2021\/\">Felh\u00edv\u00e1s: Marosv\u00e1s\u00e1rhelyi TDK Konferencia 2021.<\/a><\/h3>\r\n                    <h6 class=\"entry-meta text-uppercase\">\r\n                      <time class=\"mr-3\" datetime=\"2021-03-05T05:02:28+00:00\">2021. m\u00e1rcius 5.  p\u00e9ntek 06:02<\/time>\r\n                    <\/h6>\r\n                  <\/div>\r\n                  <p>Kedves Hallgat\u00f3k! \u00a0 A 28. TDK id\u0151pontja \u00e1prilis 21-24. A rendezv\u00e9nyre hibrid szervez\u00e9sben ker\u00fcl sor: a bemutat\u00f3 di\u00e1koknak lehet\u0151s\u00e9g\u00fck van \u00e9l\u0151ben, a rendezv\u00e9ny helysz\u00edn\u00e9n bemutatni a dolgozatukat, a megh\u00edvott el\u0151ad\u00f3k pedig online tartj\u00e1k majd meg az el\u0151ad\u00e1sukat.\u00a0 \u00a0 A magyarorsz\u00e1gi di\u00e1kok sz\u00e1m\u00e1ra fenntartjuk a lehet\u0151s\u00e9get, hogy \u00e9l\u0151ben mutassanak be, viszont amennyiben szeretn\u00e9k, az online fel\u00fcletet &hellip;<\/p>\n                <\/div>\r\n              <\/div>\r\n            <\/div>\r\n          <\/div>\r\n        <\/article>\r\n        <hr \/>\r\n      \r\n\r\n        <article class=\"list-format post-5433 post type-post status-publish format-standard has-post-thumbnail hentry category-hirek-hu tag-marosvasarhely\">\r\n          <div class=\"row mb-2 mx-0 p-2 mr-2 mr-lg-0\" style=\"border: 1px solid #DFE3E6;\">\r\n            \r\n            <div class=\"col px-normal px-lg-0\">\r\n              <div class=\"row w-100 mx-0\">\r\n                                <div class=\"entry-summary col-12  px-0\">\r\n                  <div class=\"col-12 mb-2 px-0\">\r\n                    <h3 class=\"entry-title mb-1\"><a target=\"_self\" href=\"https:\/\/semmelweis.hu\/tdk\/2020\/01\/13\/marosvasarhely-konferencia-2020-04-01-04\/\">Felh\u00edv\u00e1s: Marosv\u00e1s\u00e1rhely Konferencia 2020. 04. 01-04.<\/a><\/h3>\r\n                    <h6 class=\"entry-meta text-uppercase\">\r\n                      <time class=\"mr-3\" datetime=\"2020-01-13T08:21:55+00:00\">2020. janu\u00e1r 13.  h\u00e9tf\u0151 09:21<\/time>\r\n                    <\/h6>\r\n                  <\/div>\r\n                  <p>Kedves Hallgat\u00f3! A Tudom\u00e1nyos Di\u00e1kk\u00f6ri Tan\u00e1cs p\u00e1ly\u00e1zatot hirdet az id\u00e9n 27. alkalommal\u00a0Marosv\u00e1s\u00e1rhelyen\u00a0megrendezett\u00a0Tudom\u00e1nyos Di\u00e1kk\u00f6ri Konferenci\u00e1n\u00a0el\u0151ad\u00f3, Semmelweis Egyetemen hallgat\u00f3 di\u00e1kok sz\u00e1m\u00e1ra, sz\u00e1ll\u00e1suk \u00e9s regisztr\u00e1ci\u00f3s d\u00edjuk t\u00e1mogat\u00e1s\u00e1ra. Az el\u0151ad\u00f3knak, k\u00eds\u00e9r\u0151knek, \u00e9rdekl\u0151d\u0151knek buszos utaz\u00e1st, a konferencia ideje alatt programokat, t\u00far\u00e1kat szervez\u00fcnk Erd\u00e9ly csod\u00e1latos t\u00e1jaira. A konferencia id\u0151pontja:\u00a02020. \u00e1prilis 1-4.\u00a0(oda\u00fat: \u00e1prilis 1., vissza\u00fat: \u00e1prilis 5.) Konferencia adatok: A konferencia honlapja:\u00a0 <a href=\"https:\/\/tdk.mmdsz.ro\/\" target=\"_blank\" rel=\"noopener noreferrer\">https:\/\/tdk.mmdsz.ro<\/a> &hellip;<\/p>\n                <\/div>\r\n              <\/div>\r\n            <\/div>\r\n          <\/div>\r\n        <\/article>\r\n        <hr \/>\r\n      \r\n\r\n        <article class=\"list-format post-10712 post type-post status-publish format-standard hentry category-hirek-hu tag-konferenciak tag-marosvasarhely\">\r\n          <div class=\"row mb-2 mx-0 p-2 mr-2 mr-lg-0\" style=\"border: 1px solid #DFE3E6;\">\r\n            \r\n            <div class=\"col px-normal px-lg-0\">\r\n              <div class=\"row w-100 mx-0\">\r\n                                <div class=\"entry-summary col-12  px-0\">\r\n                  <div class=\"col-12 mb-2 px-0\">\r\n                    <h3 class=\"entry-title mb-1\"><a target=\"_self\" href=\"https:\/\/semmelweis.hu\/tdk\/2019\/04\/24\/15-szekcioban-nyertek-dijat-az-egyetem-hallgatoi-a-2019-es-marosvasarhelyi-tdk-konferencian\/\">15 szekci\u00f3ban nyertek d\u00edjat az egyetem hallgat\u00f3i a 2019-es marosv\u00e1s\u00e1rhelyi TDK konferenci\u00e1n<\/a><\/h3>\r\n                    <h6 class=\"entry-meta text-uppercase\">\r\n                      <time class=\"mr-3\" datetime=\"2019-04-24T08:06:19+00:00\">2019. \u00e1prilis 24.  szerda 10:06<\/time>\r\n                    <\/h6>\r\n                  <\/div>\r\n                                  <\/div>\r\n              <\/div>\r\n            <\/div>\r\n          <\/div>\r\n        <\/article>\r\n        <hr \/>\r\n      \r\n\r\n        <article class=\"list-format post-10714 post type-post status-publish format-standard hentry category-hirek-hu tag-konferenciak tag-marosvasarhely\">\r\n          <div class=\"row mb-2 mx-0 p-2 mr-2 mr-lg-0\" style=\"border: 1px solid #DFE3E6;\">\r\n            \r\n            <div class=\"col px-normal px-lg-0\">\r\n              <div class=\"row w-100 mx-0\">\r\n                                <div class=\"entry-summary col-12  px-0\">\r\n                  <div class=\"col-12 mb-2 px-0\">\r\n                    <h3 class=\"entry-title mb-1\"><a target=\"_self\" href=\"https:\/\/semmelweis.hu\/tdk\/2018\/04\/11\/17-szekcioban-nyertek-dijat-az-egyetem-hallgatoi-a-2018-as-marosvasarhelyi-tdk-konferencian\/\">17 szekci\u00f3ban nyertek d\u00edjat az egyetem hallgat\u00f3i a 2018-as marosv\u00e1s\u00e1rhelyi TDK konferenci\u00e1n<\/a><\/h3>\r\n                    <h6 class=\"entry-meta text-uppercase\">\r\n                      <time class=\"mr-3\" datetime=\"2018-04-11T07:06:56+00:00\">2018. \u00e1prilis 11.  szerda 09:06<\/time>\r\n                    <\/h6>\r\n                  <\/div>\r\n                                  <\/div>\r\n              <\/div>\r\n            <\/div>\r\n          <\/div>\r\n        <\/article>\r\n        <hr \/>\r\n      \r\n\r\n        <article class=\"list-format post-3152 post type-post status-publish format-standard hentry category-hirek-hu tag-marosvasarhely\">\r\n          <div class=\"row mb-2 mx-0 p-2 mr-2 mr-lg-0\" style=\"border: 1px solid #DFE3E6;\">\r\n            \r\n            <div class=\"col px-normal px-lg-0\">\r\n              <div class=\"row w-100 mx-0\">\r\n                                <div class=\"entry-summary col-12  px-0\">\r\n                  <div class=\"col-12 mb-2 px-0\">\r\n                    <h3 class=\"entry-title mb-1\"><a target=\"_self\" href=\"https:\/\/semmelweis.hu\/tdk\/2017\/04\/04\/nagyszeru-eredmenyek-a-marosvasarhelyi-tdk-konferencian\/\">Nagyszer\u0171 eredm\u00e9nyek a marosv\u00e1s\u00e1rhelyi TDK-konferenci\u00e1n<\/a><\/h3>\r\n                    <h6 class=\"entry-meta text-uppercase\">\r\n                      <time class=\"mr-3\" datetime=\"2017-04-04T14:32:21+00:00\">2017. \u00e1prilis 4.  kedd 16:32<\/time>\r\n                    <\/h6>\r\n                  <\/div>\r\n                  <p>Id\u00e9n 24. alkalommal rendezt\u00e9k meg a Marosv\u00e1s\u00e1rhelyi Orvosi \u00e9s Gy\u00f3gyszer\u00e9szeti Egyetem Tudom\u00e1nyos Di\u00e1kk\u00f6ri Konferenci\u00e1j\u00e1t, ahol a helyi di\u00e1kokon k\u00edv\u00fcl mind a n\u00e9gy magyarorsz\u00e1gi orvosi kar k\u00e9pviseltette mag\u00e1t. Az anyaorsz\u00e1gi hallgat\u00f3k minden szekci\u00f3ban egy k\u00fcl\u00f6nd\u00edj\u00e9rt versengtek, a kiosztott d\u00edjak t\u00f6bb mint fel\u00e9t a Semmelweis Egyetem el\u0151ad\u00f3i nyert\u00e9k meg. Gratul\u00e1lunk a TDT \u00e1ltal t\u00e1mogatott d\u00edjazottaknak: Cs\u0171ry Tam\u00e1s &hellip;<\/p>\n                <\/div>\r\n              <\/div>\r\n            <\/div>\r\n          <\/div>\r\n        <\/article>\r\n        <hr \/>\r\n      \r\n\r\n        <article class=\"list-format post-1429 post type-post status-publish format-standard hentry category-hirek-hu tag-marosvasarhely\">\r\n          <div class=\"row mb-2 mx-0 p-2 mr-2 mr-lg-0\" style=\"border: 1px solid #DFE3E6;\">\r\n            \r\n            <div class=\"col px-normal px-lg-0\">\r\n              <div class=\"row w-100 mx-0\">\r\n                                <div class=\"entry-summary col-12  px-0\">\r\n                  <div class=\"col-12 mb-2 px-0\">\r\n                    <h3 class=\"entry-title mb-1\"><a target=\"_self\" href=\"https:\/\/semmelweis.hu\/tdk\/2016\/05\/10\/jelentkezz-a-marosvasarhelyi-tdk-konferenciara\/\">Szervezett deleg\u00e1ci\u00f3 indult a 2016-os Marosv\u00e1s\u00e1rhelyi TDK Konferenci\u00e1ra<\/a><\/h3>\r\n                    <h6 class=\"entry-meta text-uppercase\">\r\n                      <time class=\"mr-3\" datetime=\"2016-05-09T22:00:00+00:00\">2016. m\u00e1jus 10.  kedd 00:00<\/time>\r\n                    <\/h6>\r\n                  <\/div>\r\n                  <p>A konferencia honlapja: <a href=\"http:\/\/tdk.mmdsz.ro\" target=\"_blank\" rel=\"noopener noreferrer\">http:\/\/tdk.mmdsz.ro <\/a> A konferencia id\u0151pontja: 2016. \u00e1prilis 6-9. Hallgat\u00f3ink kiutaz\u00e1s\u00e1t a Tudom\u00e1nyos Di\u00e1kk\u00f6ri Tan\u00e1cs t\u00e1mogatta. Dr. Csete D\u00e1niel besz\u00e1mol\u00f3ja: &#8222;Id\u00e9n \u00e1prilisban m\u00e1r 3. alkalommal vett r\u00e9szt a Semmelweis Egyetem TDT \u00e1ltal t\u00e1mogatott deleg\u00e1ci\u00f3ja a marosv\u00e1s\u00e1rhelyi Tudom\u00e1nyos Di\u00e1kk\u00f6ri Konferenci\u00e1n. A rendezv\u00e9nyt imm\u00e1r 23. alkalommal szervezte meg a Marosv\u00e1s\u00e1rhelyi Magyar Di\u00e1ksz\u00f6vets\u00e9g. Nagy volt a verseny a &hellip;<\/p>\n                <\/div>\r\n              <\/div>\r\n            <\/div>\r\n          <\/div>\r\n        <\/article>\r\n        <hr \/>\r\n      \r\n\r\n        <article class=\"list-format post-1461 post type-post status-publish format-standard hentry category-hirek-hu tag-konferenciak tag-marosvasarhely\">\r\n          <div class=\"row mb-2 mx-0 p-2 mr-2 mr-lg-0\" style=\"border: 1px solid #DFE3E6;\">\r\n            \r\n            <div class=\"col px-normal px-lg-0\">\r\n              <div class=\"row w-100 mx-0\">\r\n                                <div class=\"entry-summary col-12  px-0\">\r\n                  <div class=\"col-12 mb-2 px-0\">\r\n                    <h3 class=\"entry-title mb-1\"><a target=\"_self\" href=\"https:\/\/semmelweis.hu\/tdk\/2014\/07\/29\/marosvasarhelyi-tdk-konferencia-2014\/\">Besz\u00e1mol\u00f3 a 2014-es Marosv\u00e1s\u00e1rhelyi TDK konferenci\u00e1r\u00f3l<\/a><\/h3>\r\n                    <h6 class=\"entry-meta text-uppercase\">\r\n                      <time class=\"mr-3\" datetime=\"2014-07-28T22:00:00+00:00\">2014. j\u00falius 29.  kedd 00:00<\/time>\r\n                    <\/h6>\r\n                  <\/div>\r\n                  <p>A Marosv\u00e1s\u00e1rhelyi TDK konferencia 2014. m\u00e1rcius\u00e1ban ker\u00fclt megrendez\u00e9sre. Egyetem\u00fcnk sikeres r\u00e9szv\u00e9tel\u00e9r\u0151l Csete D\u00e1niel tud\u00f3s\u00edt: \u00dajabb sikerek a Marosv\u00e1s\u00e1rhelyi TDK konferenci\u00e1n! Id\u00e9n m\u00e1rciusban XXI. alkalommal rendezt\u00e9k meg a Marosv\u00e1s\u00e1rhelyi Orvosi \u00e9s Gy\u00f3gyszer\u00e9szeti Egyetem Tudom\u00e1nyos Di\u00e1kk\u00f6ri Konferenci\u00e1j\u00e1t. Az esem\u00e9nyen a helyi di\u00e1kokon k\u00edv\u00fcl mind a n\u00e9gy magyarorsz\u00e1gi orvosi egyetem hallgat\u00f3i r\u00e9szt vettek. A Semmelweis Egyetem Tudom\u00e1nyos Di\u00e1kk\u00f6ri &hellip;<\/p>\n                <\/div>\r\n              <\/div>\r\n            <\/div>\r\n          <\/div>\r\n        <\/article>\r\n        <hr \/>\r\n      \r\n\r\n        <article class=\"list-format post-10716 post type-post status-publish format-standard hentry category-hirek-hu tag-konferenciak tag-marosvasarhely\">\r\n          <div class=\"row mb-2 mx-0 p-2 mr-2 mr-lg-0\" style=\"border: 1px solid #DFE3E6;\">\r\n            \r\n            <div class=\"col px-normal px-lg-0\">\r\n              <div class=\"row w-100 mx-0\">\r\n                                <div class=\"entry-summary col-12  px-0\">\r\n                  <div class=\"col-12 mb-2 px-0\">\r\n                    <h3 class=\"entry-title mb-1\"><a target=\"_self\" href=\"https:\/\/semmelweis.hu\/tdk\/2012\/04\/11\/sikerek-a-2012-es-marosvasarhelyi-tdk-konferencian\/\">Sikerek a 2012-es marosv\u00e1s\u00e1rhelyi TDK konferenci\u00e1n<\/a><\/h3>\r\n                    <h6 class=\"entry-meta text-uppercase\">\r\n                      <time class=\"mr-3\" datetime=\"2012-04-11T07:08:15+00:00\">2012. \u00e1prilis 11.  szerda 09:08<\/time>\r\n                    <\/h6>\r\n                  <\/div>\r\n                                  <\/div>\r\n              <\/div>\r\n            <\/div>\r\n          <\/div>\r\n        <\/article>\r\n        <hr \/>\r\n                  <div class=\"section-row row w-100 mt-2 mb-2\">\r\n        <div class=\"col-7 section-divider px-0 mx-2 d-md-none\"><\/div>\r\n          <div class=\"col-4 d-block d-md-none text-uppercase px-0 section-link ml-2\">\r\n            <h5 class=\"m-0\" style=\"width: fit-content;\"><a href=\"https:\/\/semmelweis.hu\/tdk\/tag\/\/\" target=\"_self\"> \u00d6sszes cikk><\/a><\/h5>\r\n            \r\n        <\/div>\r\n      <\/div>\r\n\r\n    <\/div><!-- \/.import-posts -->\r\n\r\n\n","protected":false},"excerpt":{"rendered":"","protected":false},"author":102365,"featured_media":0,"parent":4144,"menu_order":3,"comment_status":"closed","ping_status":"closed","template":"template-fullwidth.php","meta":{"_acf_changed":false,"footnotes":""},"categories":[],"tags":[],"class_list":["post-10615","page","type-page","status-publish","hentry"],"acf":[],"publishpress_future_action":{"enabled":false,"date":"1970-01-01 01:00:00","action":"","terms":[],"taxonomy":"","browser_timezone_offset":0},"_links":{"self":[{"href":"https:\/\/semmelweis.hu\/tdk\/wp-json\/wp\/v2\/pages\/10615","targetHints":{"allow":["GET"]}}],"collection":[{"href":"https:\/\/semmelweis.hu\/tdk\/wp-json\/wp\/v2\/pages"}],"about":[{"href":"https:\/\/semmelweis.hu\/tdk\/wp-json\/wp\/v2\/types\/page"}],"author":[{"embeddable":true,"href":"https:\/\/semmelweis.hu\/tdk\/wp-json\/wp\/v2\/users\/102365"}],"replies":[{"embeddable":true,"href":"https:\/\/semmelweis.hu\/tdk\/wp-json\/wp\/v2\/comments?post=10615"}],"version-history":[{"count":9,"href":"https:\/\/semmelweis.hu\/tdk\/wp-json\/wp\/v2\/pages\/10615\/revisions"}],"predecessor-version":[{"id":10939,"href":"https:\/\/semmelweis.hu\/tdk\/wp-json\/wp\/v2\/pages\/10615\/revisions\/10939"}],"up":[{"embeddable":true,"href":"https:\/\/semmelweis.hu\/tdk\/wp-json\/wp\/v2\/pages\/4144"}],"wp:attachment":[{"href":"https:\/\/semmelweis.hu\/tdk\/wp-json\/wp\/v2\/media?parent=10615"}],"wp:term":[{"taxonomy":"category","embeddable":true,"href":"https:\/\/semmelweis.hu\/tdk\/wp-json\/wp\/v2\/categories?post=10615"},{"taxonomy":"post_tag","embeddable":true,"href":"https:\/\/semmelweis.hu\/tdk\/wp-json\/wp\/v2\/tags?post=10615"}],"curies":[{"name":"wp","href":"https:\/\/api.w.org\/{rel}","templated":true}]}}