{"id":1061,"date":"2016-07-29T00:00:00","date_gmt":"2016-07-28T22:00:00","guid":{"rendered":"http:\/\/semmelweis.hu\/tdk\/mestertanarok\/"},"modified":"2024-05-08T16:06:00","modified_gmt":"2024-05-08T14:06:00","slug":"mestertanarok","status":"publish","type":"page","link":"https:\/\/semmelweis.hu\/tdk\/mestertanarok\/","title":{"rendered":"Mestertan\u00e1rok"},"content":{"rendered":"<p>Az orsz\u00e1gos Tudom\u00e1nyos Di\u00e1kk\u00f6ri Tan\u00e1cs 1997-ben alap\u00edtotta a &#8222;Mestertan\u00e1r&#8221; kit\u00fcntet\u00e9st. Azok az oktat\u00f3k \u00e9s kutat\u00f3k kaphatj\u00e1k meg, akik kiemelked\u0151en eredm\u00e9nyes munk\u00e1t v\u00e9geztek a hallgat\u00f3k tudom\u00e1nyos tev\u00e9kenys\u00e9g\u00e9\u00e9rt. A kit\u00fcntet\u00e9st k\u00e9t\u00e9vente, \u00fcnnep\u00e9lyes keretek k\u00f6z\u00f6tt az OTDK-t k\u00f6vet\u0151en adj\u00e1k \u00e1t.<\/p>\n<table style=\"width: 469px;\" border=\"1\" cellspacing=\"0\" cellpadding=\"0\">\n<tbody>\n<tr>\n<td rowspan=\"2\">\n<p align=\"center\">2015<\/p>\n<p align=\"center\">\u00a0<\/p>\n<\/td>\n<td nowrap=\"nowrap\" width=\"192\">\n<p>Dr. M\u00f3csai Attila egyetemi docens<\/p>\n<\/td>\n<td nowrap=\"nowrap\" width=\"229\">\u00c9lettani Int\u00e9zet<\/td>\n<\/tr>\n<tr>\n<td nowrap=\"nowrap\" width=\"192\">\n<p>Prof. Dr. Sz\u00f6k\u0151 \u00c9va egyetemi tan\u00e1r<\/p>\n<\/td>\n<td nowrap=\"nowrap\" width=\"229\">Gy\u00f3gyszerhat\u00e1stani Int\u00e9zet<\/td>\n<\/tr>\n<tr>\n<td rowspan=\"2\">\n<p align=\"center\">2013<\/p>\n<p align=\"center\">\u00a0<\/p>\n<\/td>\n<td nowrap=\"nowrap\" width=\"192\">\n<p>Dr. Buz\u00e1s Edit Ir\u00e9n\u00a0egyetemi tan\u00e1r<\/p>\n<\/td>\n<td nowrap=\"nowrap\" width=\"229\">Genetikai- Sejt \u00e9s Immunbiol\u00f3giai Int\u00e9zet<\/td>\n<\/tr>\n<tr>\n<td nowrap=\"nowrap\" width=\"192\">\n<p>Dr. Sterbenz Tam\u00e1s\u00a0tszv. egyetemi docens<\/p>\n<\/td>\n<td nowrap=\"nowrap\" width=\"229\">\n<p>TF Sportmenedzsment \u00e9s Rekre\u00e1ci\u00f3 Tansz\u00e9k<\/p>\n<\/td>\n<\/tr>\n<tr>\n<td rowspan=\"4\">\n<p align=\"center\">2011<\/p>\n<\/td>\n<td nowrap=\"nowrap\" width=\"192\">\n<p>Prof. Dr. Nosz\u00e1l B\u00e9la<br \/>\nd\u00e9k\u00e1n, egyetemi tan\u00e1r<\/p>\n<\/td>\n<td nowrap=\"nowrap\" width=\"229\">\n<p>Gy\u00f3gyszer\u00e9szi K\u00e9miai Int\u00e9zet<\/p>\n<\/td>\n<\/tr>\n<tr>\n<td nowrap=\"nowrap\" width=\"192\">\n<p>Prof. Dr. Pavlik G\u00e1bor<br \/>\negyetemi tan\u00e1r<\/p>\n<\/td>\n<td nowrap=\"nowrap\" width=\"229\">\n<p>TF Eg\u00e9szs\u00e9gtudom\u00e1nyi \u00e9s Sportorvosi Tansz\u00e9k<\/p>\n<\/td>\n<\/tr>\n<tr>\n<td nowrap=\"nowrap\" width=\"192\">\n<p>Prof. Dr. Rad\u00e1k Zsolt<br \/>\nint\u00e9zetigazgat\u00f3 egyetemi tan\u00e1r<\/p>\n<\/td>\n<td nowrap=\"nowrap\" width=\"229\">\n<p>TF Sporttudom\u00e1nyi Kutat\u00f3int\u00e9zet<\/p>\n<\/td>\n<\/tr>\n<tr>\n<td nowrap=\"nowrap\" width=\"192\">\n<p>Prof. Dr. Varga G\u00e1bor<br \/>\ntszv. egyetemi tan\u00e1r<\/p>\n<\/td>\n<td nowrap=\"nowrap\" width=\"229\">\n<p>Or\u00e1lbiol\u00f3giai Tansz\u00e9k<\/p>\n<\/td>\n<\/tr>\n<tr>\n<td rowspan=\"3\">\n<p align=\"center\">2009<\/p>\n<\/td>\n<td nowrap=\"nowrap\" width=\"192\">\n<p>Dr. Csermely P\u00e9ter egyetemi tan\u00e1r<\/p>\n<\/td>\n<td nowrap=\"nowrap\" width=\"229\">\n<p>Orvosi Vegytani, Molekul\u00e1ris Biol\u00f3giai \u00e9s Patobiok\u00e9miai Int\u00e9zet<\/p>\n<\/td>\n<\/tr>\n<tr>\n<td nowrap=\"nowrap\" width=\"192\">\n<p>Dr. Hamar P\u00e1l<br \/>\ntszv. egyetemi docens<\/p>\n<\/td>\n<td nowrap=\"nowrap\" width=\"229\">\n<p>TF Torna, RG, T\u00e1nc \u00e9s Aerobik Tansz\u00e9k<\/p>\n<\/td>\n<\/tr>\n<tr>\n<td nowrap=\"nowrap\" width=\"192\">\n<p>Dr. Ol\u00e1h Imre professor emeritus<\/p>\n<\/td>\n<td nowrap=\"nowrap\" width=\"229\">\n<p>Hum\u00e1nmorfol\u00f3giai \u00e9s Fejl\u0151d\u00e9sbiol\u00f3giai Int\u00e9zet<\/p>\n<\/td>\n<\/tr>\n<tr>\n<td rowspan=\"2\" nowrap=\"nowrap\" width=\"49\">\n<p align=\"center\">2007<\/p>\n<\/td>\n<td nowrap=\"nowrap\" width=\"192\">\n<p>Dr. Kempler P\u00e9ter egyetemi tan\u00e1r<\/p>\n<\/td>\n<td nowrap=\"nowrap\" width=\"229\">\n<p>I. Belgy\u00f3gy\u00e1szati Klinika<\/p>\n<\/td>\n<\/tr>\n<tr>\n<td nowrap=\"nowrap\" width=\"192\">\n<p>Dr. Merkely B\u00e9la egyetemi tan\u00e1r<\/p>\n<\/td>\n<td nowrap=\"nowrap\" width=\"229\">\n<p>\u00c9r- \u00e9s Sz\u00edvseb\u00e9szeti Klinika<\/p>\n<\/td>\n<\/tr>\n<tr>\n<td rowspan=\"2\" nowrap=\"nowrap\" width=\"49\">\n<p align=\"center\">2005<\/p>\n<\/td>\n<td nowrap=\"nowrap\" width=\"192\">\n<p>Dr. Hunyady L\u00e1szl\u00f3 egyetemi tan\u00e1r<\/p>\n<\/td>\n<td nowrap=\"nowrap\" width=\"229\">\n<p>\u00c9lettani Int\u00e9zet<\/p>\n<\/td>\n<\/tr>\n<tr>\n<td nowrap=\"nowrap\" width=\"192\">\n<p>Dr. Sasv\u00e1ri M\u00e1ria egyetemi docens<\/p>\n<\/td>\n<td nowrap=\"nowrap\" width=\"229\">\n<p>Orvosi Vegytani, Molekul\u00e1ris Biol\u00f3giai \u00e9s Pathobiok\u00e9miai Int\u00e9zet<\/p>\n<\/td>\n<\/tr>\n<tr>\n<td nowrap=\"nowrap\" width=\"49\">\n<p align=\"center\">2003<\/p>\n<\/td>\n<td nowrap=\"nowrap\" width=\"192\">\n<p>Dr. Patonay Lajos klinikai orvos<\/p>\n<\/td>\n<td nowrap=\"nowrap\" width=\"229\">\n<p>Anat\u00f3miai, Sz\u00f6vet- \u00e9s Fejl\u0151d\u00e9stani Int\u00e9zet Alkalmazott \u00e9s Klinikai Anat\u00f3miai Labor<\/p>\n<\/td>\n<\/tr>\n<tr>\n<td rowspan=\"2\" nowrap=\"nowrap\" width=\"49\">\n<p align=\"center\">2001<\/p>\n<\/td>\n<td nowrap=\"nowrap\" width=\"192\">\n<p>Dr. Hably Csilla egyetemi adjunktus<\/p>\n<\/td>\n<td nowrap=\"nowrap\" width=\"229\">\n<p>\u00c9lettani Int\u00e9zet<\/p>\n<\/td>\n<\/tr>\n<tr>\n<td nowrap=\"nowrap\" width=\"192\">\n<p>Dr. Rigler Endre egyetemi tan\u00e1r<\/p>\n<\/td>\n<td nowrap=\"nowrap\" width=\"229\">\n<p>TF Sportj\u00e1t\u00e9k Tansz\u00e9k<\/p>\n<\/td>\n<\/tr>\n<tr>\n<td rowspan=\"2\" nowrap=\"nowrap\" width=\"49\">\n<p align=\"center\">1999<\/p>\n<\/td>\n<td nowrap=\"nowrap\" width=\"192\">\n<p>Dr. Mandl J\u00f3zsef egyetemi tan\u00e1r<\/p>\n<\/td>\n<td nowrap=\"nowrap\" width=\"229\">\n<p>Orvosi Vegytani, Molekul\u00e1ris Biol\u00f3giai \u00e9s Pathobiok\u00e9miai Int\u00e9zet<\/p>\n<\/td>\n<\/tr>\n<tr>\n<td nowrap=\"nowrap\" width=\"192\">\n<p>Dr. S\u00e1ndor P\u00e9ter egyetemi tan\u00e1r<\/p>\n<\/td>\n<td nowrap=\"nowrap\" width=\"229\">\n<p>Klinikai K\u00eds\u00e9rleti Kutat\u00f3 \u00e9s II. \u00c9lettani Int\u00e9zet<\/p>\n<\/td>\n<\/tr>\n<\/tbody>\n<\/table>\n","protected":false},"excerpt":{"rendered":"<p>Az orsz\u00e1gos Tudom\u00e1nyos Di\u00e1kk\u00f6ri Tan\u00e1cs 1997-ben alap\u00edtotta a &#8222;Mestertan\u00e1r&#8221; kit\u00fcntet\u00e9st. Azok az oktat\u00f3k \u00e9s kutat\u00f3k kaphatj\u00e1k meg, akik kiemelked\u0151en eredm\u00e9nyes munk\u00e1t v\u00e9geztek a hallgat\u00f3k tudom\u00e1nyos tev\u00e9kenys\u00e9g\u00e9\u00e9rt. A kit\u00fcntet\u00e9st k\u00e9t\u00e9vente, \u00fcnnep\u00e9lyes keretek k\u00f6z\u00f6tt az OTDK-t k\u00f6vet\u0151en adj\u00e1k \u00e1t. 2015 \u00a0 Dr. M\u00f3csai Attila egyetemi docens \u00c9lettani Int\u00e9zet Prof. Dr. Sz\u00f6k\u0151 \u00c9va egyetemi tan\u00e1r Gy\u00f3gyszerhat\u00e1stani Int\u00e9zet 2013 &hellip;<\/p>\n","protected":false},"author":158,"featured_media":0,"parent":0,"menu_order":6,"comment_status":"closed","ping_status":"closed","template":"","meta":{"_acf_changed":false,"footnotes":""},"categories":[],"tags":[],"class_list":["post-1061","page","type-page","status-publish","hentry"],"acf":[],"publishpress_future_action":{"enabled":false,"date":"1970-01-01 01:00:00","action":"","terms":[],"taxonomy":"","browser_timezone_offset":0},"_links":{"self":[{"href":"https:\/\/semmelweis.hu\/tdk\/wp-json\/wp\/v2\/pages\/1061","targetHints":{"allow":["GET"]}}],"collection":[{"href":"https:\/\/semmelweis.hu\/tdk\/wp-json\/wp\/v2\/pages"}],"about":[{"href":"https:\/\/semmelweis.hu\/tdk\/wp-json\/wp\/v2\/types\/page"}],"author":[{"embeddable":true,"href":"https:\/\/semmelweis.hu\/tdk\/wp-json\/wp\/v2\/users\/158"}],"replies":[{"embeddable":true,"href":"https:\/\/semmelweis.hu\/tdk\/wp-json\/wp\/v2\/comments?post=1061"}],"version-history":[{"count":2,"href":"https:\/\/semmelweis.hu\/tdk\/wp-json\/wp\/v2\/pages\/1061\/revisions"}],"predecessor-version":[{"id":10175,"href":"https:\/\/semmelweis.hu\/tdk\/wp-json\/wp\/v2\/pages\/1061\/revisions\/10175"}],"wp:attachment":[{"href":"https:\/\/semmelweis.hu\/tdk\/wp-json\/wp\/v2\/media?parent=1061"}],"wp:term":[{"taxonomy":"category","embeddable":true,"href":"https:\/\/semmelweis.hu\/tdk\/wp-json\/wp\/v2\/categories?post=1061"},{"taxonomy":"post_tag","embeddable":true,"href":"https:\/\/semmelweis.hu\/tdk\/wp-json\/wp\/v2\/tags?post=1061"}],"curies":[{"name":"wp","href":"https:\/\/api.w.org\/{rel}","templated":true}]}}