{"id":1058,"date":"2016-07-29T00:00:00","date_gmt":"2016-07-28T22:00:00","guid":{"rendered":"http:\/\/semmelweis.hu\/tdk\/mellkassebeszeti-klinika-151007154755\/"},"modified":"2024-05-08T14:53:54","modified_gmt":"2024-05-08T12:53:54","slug":"mellkassebeszeti-klinika-151007154755","status":"publish","type":"page","link":"https:\/\/semmelweis.hu\/tdk\/tdk-temak-es-temavezetok\/aok\/mellkassebeszeti-klinika-151007154755\/","title":{"rendered":"Mellkasseb\u00e9szeti Klinika"},"content":{"rendered":"<h2 style=\"text-align: left\">A Mellkasseb\u00e9szeti Klinika TDK munkac\u00edmei \u00e9s t\u00e9mavezet\u0151i<\/h2>\n<table style=\"border-collapse: collapse;width: 100.457%;height: 1907px\">\n<tbody>\n<tr>\n<td style=\"width: 50%\"><strong>TDK t\u00e9ma<\/strong><\/td>\n<td style=\"width: 50%\"><strong>T\u00e9mavezet\u0151<\/strong><\/td>\n<\/tr>\n<tr style=\"height: 150.0pt\">\n<td class=\"xl63\" style=\"height: 150pt;width: 50%\" width=\"64\" height=\"200\">A kissejtes t\u00fcd\u0151r\u00e1k (SCLC) heterogenit\u00e1s\u00e1nak vizsg\u00e1lata<\/td>\n<td class=\"xl63\" style=\"width: 50%\" width=\"64\">Prof. Dr. R\u00e9nyi-V\u00e1mos Ferenc, Dr. D\u00f6me Bal\u00e1zs, Dr. Megyesfalvi Zsolt<\/td>\n<\/tr>\n<tr style=\"height: 150.0pt\">\n<td class=\"xl63\" style=\"height: 150pt;width: 50%\" width=\"64\" height=\"200\">A t\u00fcd\u0151r\u00e1kok predikt\u00edv \u00e9s prognosztikai markerei\u00a0<\/td>\n<td class=\"xl63\" style=\"width: 50%\" width=\"64\">Prof. Dr. R\u00e9nyi-V\u00e1mos Ferenc, Dr. D\u00f6me Bal\u00e1zs, Dr. Megyesfalvi Zsolt<\/td>\n<\/tr>\n<tr style=\"height: 180.0pt\">\n<td class=\"xl63\" style=\"height: 180pt;width: 50%\" width=\"64\" height=\"240\">A nyitott \u00e9s a minim\u00e1lisan invaz\u00edv t\u00fcd\u0151rezekci\u00f3s m\u0171t\u00e9tek jellemz\u0151i \u00e9s rizik\u00f3t\u00e9nyez\u0151i\u00a0<\/td>\n<td class=\"xl63\" style=\"width: 50%\" width=\"64\">Prof. Dr. R\u00e9nyi-V\u00e1mos Ferenc, Dr. Radeczky P\u00e9ter<\/td>\n<\/tr>\n<tr style=\"height: 135.0pt\">\n<td class=\"xl63\" style=\"height: 135pt;width: 50%\" width=\"64\" height=\"180\">A thymom\u00e1k predikt\u00edv \u00e9s prognosztikai markerei\u00a0<\/td>\n<td class=\"xl63\" style=\"width: 50%\" width=\"64\">Dr. Ghimessy \u00c1ron Krist\u00f3f, Dr. Megyesfalvi Zsolt<\/td>\n<\/tr>\n<tr style=\"height: 90.0pt\">\n<td class=\"xl63\" style=\"height: 90pt;width: 50%\" width=\"64\" height=\"120\">VV \u00e9s VA ECMO alkalmaz\u00e1sa t\u00fcd\u0151m\u0171t\u00e9tekn\u00e9l\u00a0<\/td>\n<td class=\"xl63\" style=\"width: 50%\" width=\"64\">Dr. Madurka Ildik\u00f3\u00a0<\/td>\n<\/tr>\n<tr style=\"height: 135.0pt\">\n<td class=\"xl63\" style=\"height: 135pt;width: 50%\" width=\"64\" height=\"180\">Videothoracoscopia hat\u00e1sa \/el\u0151nyei a posztoperat\u00edv szakra\u00a0<\/td>\n<td class=\"xl63\" style=\"width: 50%\" width=\"64\">Dr. Madurka Ildik\u00f3\u00a0<\/td>\n<\/tr>\n<tr style=\"height: 210.0pt\">\n<td class=\"xl63\" style=\"height: 210pt;width: 50%\" width=\"64\" height=\"280\">A k\u00fcl\u00f6nb\u00f6z\u0151 l\u00e9legeztet\u00e9si m\u00f3dok szerepe \u00e9s jelent\u0151s\u00e9ge a perioperat\u00edv ell\u00e1t\u00e1sban\u00a0<\/td>\n<td class=\"xl63\" style=\"width: 50%\" width=\"64\">Dr. Madurka Ildik\u00f3<\/td>\n<\/tr>\n<tr style=\"height: 375.0pt\">\n<td class=\"xl63\" style=\"height: 375pt;width: 50%\" width=\"64\" height=\"500\">Mesters\u00e9ges intelligencia alap\u00fa, 3D szegment\u00e1l\u00e1s a t\u00fcd\u0151r\u00e1k szem\u00e9lyre szabott kezel\u00e9s\u00e9ben (Artificial intelligence-based 3D segmentation in personalized treatment of lung cancer)<\/td>\n<td class=\"xl63\" style=\"width: 50%\" width=\"64\">Dr. Barab\u00e1s J. Imre (V\u00e1rosmajori Klinika), Dr. Ghimessy \u00c1ron<\/td>\n<\/tr>\n<\/tbody>\n<\/table>\n","protected":false},"excerpt":{"rendered":"<p>A Mellkasseb\u00e9szeti Klinika TDK munkac\u00edmei \u00e9s t\u00e9mavezet\u0151i TDK t\u00e9ma T\u00e9mavezet\u0151 A kissejtes t\u00fcd\u0151r\u00e1k (SCLC) heterogenit\u00e1s\u00e1nak vizsg\u00e1lata Prof. Dr. R\u00e9nyi-V\u00e1mos Ferenc, Dr. D\u00f6me Bal\u00e1zs, Dr. Megyesfalvi Zsolt A t\u00fcd\u0151r\u00e1kok predikt\u00edv \u00e9s prognosztikai markerei\u00a0 Prof. Dr. R\u00e9nyi-V\u00e1mos Ferenc, Dr. D\u00f6me Bal\u00e1zs, Dr. Megyesfalvi Zsolt A nyitott \u00e9s a minim\u00e1lisan invaz\u00edv t\u00fcd\u0151rezekci\u00f3s m\u0171t\u00e9tek jellemz\u0151i \u00e9s rizik\u00f3t\u00e9nyez\u0151i\u00a0 Prof. Dr. &hellip;<\/p>\n","protected":false},"author":158,"featured_media":0,"parent":10054,"menu_order":0,"comment_status":"closed","ping_status":"closed","template":"","meta":{"_acf_changed":false,"footnotes":""},"categories":[],"tags":[],"class_list":["post-1058","page","type-page","status-publish","hentry"],"acf":[],"publishpress_future_action":{"enabled":false,"date":"1970-01-01 01:00:00","action":"","terms":[],"taxonomy":"","browser_timezone_offset":0},"_links":{"self":[{"href":"https:\/\/semmelweis.hu\/tdk\/wp-json\/wp\/v2\/pages\/1058","targetHints":{"allow":["GET"]}}],"collection":[{"href":"https:\/\/semmelweis.hu\/tdk\/wp-json\/wp\/v2\/pages"}],"about":[{"href":"https:\/\/semmelweis.hu\/tdk\/wp-json\/wp\/v2\/types\/page"}],"author":[{"embeddable":true,"href":"https:\/\/semmelweis.hu\/tdk\/wp-json\/wp\/v2\/users\/158"}],"replies":[{"embeddable":true,"href":"https:\/\/semmelweis.hu\/tdk\/wp-json\/wp\/v2\/comments?post=1058"}],"version-history":[{"count":6,"href":"https:\/\/semmelweis.hu\/tdk\/wp-json\/wp\/v2\/pages\/1058\/revisions"}],"predecessor-version":[{"id":10099,"href":"https:\/\/semmelweis.hu\/tdk\/wp-json\/wp\/v2\/pages\/1058\/revisions\/10099"}],"up":[{"embeddable":true,"href":"https:\/\/semmelweis.hu\/tdk\/wp-json\/wp\/v2\/pages\/10054"}],"wp:attachment":[{"href":"https:\/\/semmelweis.hu\/tdk\/wp-json\/wp\/v2\/media?parent=1058"}],"wp:term":[{"taxonomy":"category","embeddable":true,"href":"https:\/\/semmelweis.hu\/tdk\/wp-json\/wp\/v2\/categories?post=1058"},{"taxonomy":"post_tag","embeddable":true,"href":"https:\/\/semmelweis.hu\/tdk\/wp-json\/wp\/v2\/tags?post=1058"}],"curies":[{"name":"wp","href":"https:\/\/api.w.org\/{rel}","templated":true}]}}