{"id":10558,"date":"2024-06-13T09:15:02","date_gmt":"2024-06-13T07:15:02","guid":{"rendered":"https:\/\/semmelweis.hu\/tdk\/?page_id=10558"},"modified":"2025-07-18T13:00:22","modified_gmt":"2025-07-18T11:00:22","slug":"peto-andras-kar-rektori-palyazat","status":"publish","type":"page","link":"https:\/\/semmelweis.hu\/tdk\/rektori-palyazat\/rektori-palyazat-meghirdetett-temak\/peto-andras-kar-rektori-palyazat\/","title":{"rendered":"Pet\u0151 Andr\u00e1s Kar &#8211; Rektori p\u00e1ly\u00e1zat"},"content":{"rendered":"<h3>Rektori p\u00e1ly\u00e1zat Pet\u0151 Andr\u00e1s Kar 2025\/2026<\/h3>\n<table style=\"border-collapse: collapse;width: 100%\">\n<tbody>\n<tr>\n<td style=\"width: 45.9636%\" width=\"365\"><strong>TDK-t\u00e9ma c\u00edme<\/strong><\/td>\n<td style=\"width: 31.2%\" width=\"248\"><strong>T\u00e9mavezet\u0151 neve (fokozattal)<\/strong><\/td>\n<td style=\"width: 22.7636%\" width=\"181\"><strong>Meghirdet\u0151 int\u00e9zet<\/strong><\/td>\n<\/tr>\n<tr>\n<td style=\"width: 45.9636%\" width=\"365\">Anyanyelvi intervenci\u00f3kutat\u00e1sok tipikus \u00e9s atipikus fejl\u0151d\u00e9smenet\u0171 gyermekek k\u00f6r\u00e9ben, kev\u00e9s elemsz\u00e1m\u00fa egy\u00e9nf\u00f3kusz\u00fa kutat\u00e1si design alapj\u00e1n\u00a0<\/td>\n<td style=\"width: 31.2%\" width=\"248\">Dr. Pint\u00e9r Henriett f\u0151iskolai docens<\/td>\n<td style=\"width: 22.7636%\" width=\"181\">SE PAK Hum\u00e1ntudom\u00e1nyi Int\u00e9zet<\/td>\n<\/tr>\n<tr>\n<td style=\"width: 45.9636%\" width=\"365\">Curriculumfejleszt\u00e9si \/ k\u00e9pz\u00e9sfejleszt\u00e9si vizsg\u00e1latok, tapasztalatok es lehet\u0151s\u00e9gek<\/td>\n<td style=\"width: 31.2%\" width=\"248\">Dr. T\u00fari Ibolya f\u0151iskolai docens<\/td>\n<td style=\"width: 22.7636%\" width=\"181\">SE PAK Kondukt\u00edv Pedag\u00f3giai Int\u00e9zet<\/td>\n<\/tr>\n<\/tbody>\n<\/table>\n","protected":false},"excerpt":{"rendered":"<p>Rektori p\u00e1ly\u00e1zat Pet\u0151 Andr\u00e1s Kar 2025\/2026<\/p>\n<p>TDK-t\u00e9ma c\u00edme<br \/>\nT\u00e9mavezet\u0151 neve (fokozattal)<br \/>\nMeghirdet\u0151 int\u00e9zet<\/p>\n<p>Anyanyelvi intervenci\u00f3kutat\u00e1sok tipikus \u00e9s atipikus fejl\u0151d\u00e9smenet\u0171 gyermekek k\u00f6r\u00e9ben, kev\u00e9s elemsz\u00e1m\u00fa egy\u00e9nf\u00f3kusz\u00fa kutat\u00e1si design alapj\u00e1n\u00a0<br \/>\nDr. Pint\u00e9r Henriett f\u0151iskolai docens<br \/>\nSE PAK Hum\u00e1ntudom\u00e1nyi Int\u00e9zet<\/p>\n<p>Curriculumfejleszt\u00e9si \/ k\u00e9pz\u00e9sfejleszt\u00e9si vizsg\u00e1latok, tapasztalatok es lehet\u0151s\u00e9gek<br \/>\nDr. T\u00fari Ibolya f\u0151iskolai docens<br \/>\nSE PAK Kondukt\u00edv Pedag\u00f3giai Int\u00e9zet<\/p>\n","protected":false},"author":102365,"featured_media":0,"parent":9092,"menu_order":0,"comment_status":"closed","ping_status":"closed","template":"","meta":{"_acf_changed":false,"footnotes":""},"categories":[],"tags":[109],"class_list":["post-10558","page","type-page","status-publish","hentry","tag-pak-rektori-palyazat"],"acf":[],"publishpress_future_action":{"enabled":false,"date":"1970-01-01 01:00:00","action":"","terms":[],"taxonomy":"","browser_timezone_offset":0},"_links":{"self":[{"href":"https:\/\/semmelweis.hu\/tdk\/wp-json\/wp\/v2\/pages\/10558","targetHints":{"allow":["GET"]}}],"collection":[{"href":"https:\/\/semmelweis.hu\/tdk\/wp-json\/wp\/v2\/pages"}],"about":[{"href":"https:\/\/semmelweis.hu\/tdk\/wp-json\/wp\/v2\/types\/page"}],"author":[{"embeddable":true,"href":"https:\/\/semmelweis.hu\/tdk\/wp-json\/wp\/v2\/users\/102365"}],"replies":[{"embeddable":true,"href":"https:\/\/semmelweis.hu\/tdk\/wp-json\/wp\/v2\/comments?post=10558"}],"version-history":[{"count":2,"href":"https:\/\/semmelweis.hu\/tdk\/wp-json\/wp\/v2\/pages\/10558\/revisions"}],"predecessor-version":[{"id":11532,"href":"https:\/\/semmelweis.hu\/tdk\/wp-json\/wp\/v2\/pages\/10558\/revisions\/11532"}],"up":[{"embeddable":true,"href":"https:\/\/semmelweis.hu\/tdk\/wp-json\/wp\/v2\/pages\/9092"}],"wp:attachment":[{"href":"https:\/\/semmelweis.hu\/tdk\/wp-json\/wp\/v2\/media?parent=10558"}],"wp:term":[{"taxonomy":"category","embeddable":true,"href":"https:\/\/semmelweis.hu\/tdk\/wp-json\/wp\/v2\/categories?post=10558"},{"taxonomy":"post_tag","embeddable":true,"href":"https:\/\/semmelweis.hu\/tdk\/wp-json\/wp\/v2\/tags?post=10558"}],"curies":[{"name":"wp","href":"https:\/\/api.w.org\/{rel}","templated":true}]}}