{"id":10525,"date":"2024-06-06T10:28:49","date_gmt":"2024-06-06T08:28:49","guid":{"rendered":"https:\/\/semmelweis.hu\/tdk\/?page_id=10525"},"modified":"2025-07-11T12:00:25","modified_gmt":"2025-07-11T10:00:25","slug":"orszagos-onkologiai-intezet-rektori-palyazat","status":"publish","type":"page","link":"https:\/\/semmelweis.hu\/tdk\/rektori-palyazat\/rektori-palyazat-meghirdetett-temak\/orszagos-onkologiai-intezet-rektori-palyazat\/","title":{"rendered":"Orsz\u00e1gos Onkol\u00f3giai Int\u00e9zet &#8211; Rektori p\u00e1ly\u00e1zat"},"content":{"rendered":"<h4>2025\/2026-os tan\u00e9v<\/h4>\n<table style=\"border-collapse: collapse;width: 100%\">\n<tbody>\n<tr>\n<td style=\"width: 49.9636%\"><strong>Rektori p\u00e1lyamunka c\u00edme<\/strong><\/td>\n<td style=\"width: 49.9636%\"><strong>T\u00e9mavezet\u0151(k)<\/strong><\/td>\n<\/tr>\n<tr>\n<td style=\"width: 49.9636%\">K\u00f6penysejtes lymphoma els\u0151vonalbeli kezel\u00e9s\u00e9t befoly\u00e1sol\u00f3 prognosztikus \u00e9s predikt\u00edv faktorok vizsg\u00e1lata<\/td>\n<td style=\"width: 49.9636%\">Dr. Rottek J\u00e1nos klinikai hematol\u00f3gus, belgy\u00f3gy\u00e1sz<\/td>\n<\/tr>\n<tr>\n<td style=\"width: 49.9636%\">Fenntart\u00f3 kezel\u00e9si lehet\u0151s\u00e9gek primer k\u00f6zponti idegrendszeri lymphom\u00e1ban<\/td>\n<td style=\"width: 49.9636%\">Dr. Kir\u00e1ly P\u00e9ter Attila PhD; Dr. De\u00e1k Margit Be\u00e1ta<\/td>\n<\/tr>\n<tr>\n<td style=\"width: 49.9636%\">Korszer\u0171 ter\u00e1pi\u00e1s lehet\u0151s\u00e9gek az izominvaz\u00edv h\u00f3lyagr\u00e1k eset\u00e9n\u00a0<\/td>\n<td style=\"width: 49.9636%\">Dr. Be\u00f6the Tam\u00e1s Zsolt PhD; \u00a0Dr. Jorgo Kliton PhD<\/td>\n<\/tr>\n<tr>\n<td style=\"width: 49.9636%\" width=\"267\">CKD\/4 inhibitorok hat\u00e9konys\u00e1g\u00e1nak vizsg\u00e1lata metasztikus eml\u0151r\u00e1kban real world adatok alapj\u00e1n<\/td>\n<td style=\"width: 49.9636%\" width=\"125\">Dr. Pint\u00e9r Tam\u00e1s<\/td>\n<\/tr>\n<\/tbody>\n<\/table>\n","protected":false},"excerpt":{"rendered":"<p>2025\/2026-os tan\u00e9v Rektori p\u00e1lyamunka c\u00edme T\u00e9mavezet\u0151(k) K\u00f6penysejtes lymphoma els\u0151vonalbeli kezel\u00e9s\u00e9t befoly\u00e1sol\u00f3 prognosztikus \u00e9s predikt\u00edv faktorok vizsg\u00e1lata Dr. Rottek J\u00e1nos klinikai hematol\u00f3gus, belgy\u00f3gy\u00e1sz Fenntart\u00f3 kezel\u00e9si lehet\u0151s\u00e9gek primer k\u00f6zponti idegrendszeri lymphom\u00e1ban Dr. Kir\u00e1ly P\u00e9ter Attila PhD; Dr. De\u00e1k Margit Be\u00e1ta Korszer\u0171 ter\u00e1pi\u00e1s lehet\u0151s\u00e9gek az izominvaz\u00edv h\u00f3lyagr\u00e1k eset\u00e9n\u00a0 Dr. Be\u00f6the Tam\u00e1s Zsolt PhD; \u00a0Dr. Jorgo Kliton PhD CKD\/4 &hellip;<\/p>\n","protected":false},"author":102365,"featured_media":0,"parent":9092,"menu_order":0,"comment_status":"closed","ping_status":"closed","template":"","meta":{"_acf_changed":false,"footnotes":""},"categories":[],"tags":[105],"class_list":["post-10525","page","type-page","status-publish","hentry","tag-kulsos-intezetek"],"acf":[],"publishpress_future_action":{"enabled":false,"date":"1970-01-01 01:00:00","action":"","terms":[],"taxonomy":"","browser_timezone_offset":0},"_links":{"self":[{"href":"https:\/\/semmelweis.hu\/tdk\/wp-json\/wp\/v2\/pages\/10525","targetHints":{"allow":["GET"]}}],"collection":[{"href":"https:\/\/semmelweis.hu\/tdk\/wp-json\/wp\/v2\/pages"}],"about":[{"href":"https:\/\/semmelweis.hu\/tdk\/wp-json\/wp\/v2\/types\/page"}],"author":[{"embeddable":true,"href":"https:\/\/semmelweis.hu\/tdk\/wp-json\/wp\/v2\/users\/102365"}],"replies":[{"embeddable":true,"href":"https:\/\/semmelweis.hu\/tdk\/wp-json\/wp\/v2\/comments?post=10525"}],"version-history":[{"count":6,"href":"https:\/\/semmelweis.hu\/tdk\/wp-json\/wp\/v2\/pages\/10525\/revisions"}],"predecessor-version":[{"id":11469,"href":"https:\/\/semmelweis.hu\/tdk\/wp-json\/wp\/v2\/pages\/10525\/revisions\/11469"}],"up":[{"embeddable":true,"href":"https:\/\/semmelweis.hu\/tdk\/wp-json\/wp\/v2\/pages\/9092"}],"wp:attachment":[{"href":"https:\/\/semmelweis.hu\/tdk\/wp-json\/wp\/v2\/media?parent=10525"}],"wp:term":[{"taxonomy":"category","embeddable":true,"href":"https:\/\/semmelweis.hu\/tdk\/wp-json\/wp\/v2\/categories?post=10525"},{"taxonomy":"post_tag","embeddable":true,"href":"https:\/\/semmelweis.hu\/tdk\/wp-json\/wp\/v2\/tags?post=10525"}],"curies":[{"name":"wp","href":"https:\/\/api.w.org\/{rel}","templated":true}]}}