{"id":10506,"date":"2024-06-05T09:50:01","date_gmt":"2024-06-05T07:50:01","guid":{"rendered":"https:\/\/semmelweis.hu\/tdk\/?page_id=10506"},"modified":"2025-07-16T12:10:33","modified_gmt":"2025-07-16T10:10:33","slug":"neurologiai-klinika-rektori-palyazat","status":"publish","type":"page","link":"https:\/\/semmelweis.hu\/tdk\/rektori-palyazat\/rektori-palyazat-meghirdetett-temak\/neurologiai-klinika-rektori-palyazat\/","title":{"rendered":"Neurol\u00f3giai Klinika &#8211; Rektori p\u00e1ly\u00e1zat"},"content":{"rendered":"<h4><span style=\"font-size: 18pt\"><strong>2025\/2026. tan\u00e9vben Rektori P\u00e1lyamunk\u00e1k Neurol\u00f3gi\u00e1b\u00f3l<\/strong><\/span><\/h4>\n<ol>\n<li>Post-stroke depresszi\u00f3<\/li>\n<\/ol>\n<p>\u00a0\u00a0\u00a0\u00a0\u00a0\u00a0\u00a0\u00a0\u00a0\u00a0\u00a0 T\u00e9mavezet\u0151:\u00a0\u00a0\u00a0 Dr. Bereczki D\u00e1niel, egyetemi tan\u00e1r (PhD, DSc)<\/p>\n<ol start=\"2\">\n<li>A tremor patomechanizmusa<\/li>\n<\/ol>\n<p>\u00a0\u00a0\u00a0\u00a0\u00a0\u00a0\u00a0\u00a0\u00a0\u00a0\u00a0 T\u00e9mavezet\u0151:\u00a0\u00a0\u00a0 Dr. Kamondi Anita, egyetemi tan\u00e1r (PhD, DSc)<\/p>\n<ol start=\"3\">\n<li>Neurodegenerat\u00edv betegs\u00e9gek \u00e9s a tremor kapcsolata<\/li>\n<\/ol>\n<p>\u00a0\u00a0\u00a0\u00a0\u00a0\u00a0\u00a0\u00a0\u00a0\u00a0\u00a0 T\u00e9mavezet\u0151:\u00a0\u00a0\u00a0 Dr. Kamondi Anita, egyetemi tan\u00e1r (PhD, DSc)<\/p>\n<ol start=\"4\">\n<li>Motoros \u00e9s nem motoros fluktu\u00e1ci\u00f3k kialakul\u00e1sa \u00e9s kezel\u00e9se Parkinson-k\u00f3rban.<\/li>\n<\/ol>\n<p>\u00a0\u00a0\u00a0\u00a0\u00a0\u00a0\u00a0\u00a0\u00a0\u00a0\u00a0 T\u00e9mavezet\u0151:\u00a0\u00a0\u00a0 Dr. Tak\u00e1ts Annam\u00e1ra, klinikai f\u0151orvos<\/p>\n<ol start=\"5\">\n<li>A Parkinson k\u00f3r korszer\u0171 szeml\u00e9lete<\/li>\n<\/ol>\n<p>\u00a0\u00a0\u00a0\u00a0\u00a0\u00a0\u00a0\u00a0\u00a0\u00a0\u00a0 T\u00e9mavezet\u0151:\u00a0\u00a0\u00a0 Dr. Tak\u00e1ts Annam\u00e1ria, klinikai f\u0151orvos<\/p>\n<ol start=\"6\">\n<li>Vascularis dementi\u00e1k a klinika beteganyag\u00e1ban<\/li>\n<\/ol>\n<p>\u00a0\u00a0\u00a0\u00a0\u00a0\u00a0\u00a0\u00a0\u00a0\u00a0\u00a0 T\u00e9mavezet\u0151:\u00a0\u00a0\u00a0 Dr. Szombathelyi \u00c9va, egyetemi adjunktus<\/p>\n<ol start=\"7\">\n<li>Demenci\u00e1k differenci\u00e1ldiagn\u00f3zisa<\/li>\n<\/ol>\n<p>\u00a0\u00a0\u00a0\u00a0\u00a0\u00a0\u00a0\u00a0\u00a0\u00a0\u00a0 T\u00e9mavezet\u0151:\u00a0\u00a0\u00a0 Dr. Szombathelyi \u00c9va, egyetemi adjunktus<\/p>\n<ol start=\"8\">\n<li>Vascularis rizik\u00f3faktorok el\u0151fordul\u00e1sa fiatal \u00e9letkor\u00fa cerebrovascularis betegekben<\/li>\n<\/ol>\n<p>\u00a0\u00a0\u00a0\u00a0\u00a0\u00a0\u00a0\u00a0\u00a0\u00a0\u00a0 T\u00e9mavezet\u0151:\u00a0\u00a0\u00a0 Dr. Vastagh Ildik\u00f3, egyetemi adjunktus (PhD)<\/p>\n<p>\u00a0\u00a0\u00a0\u00a0\u00a0\u00a0\u00a0\u00a0\u00a0\u00a0\u00a0\u00a0\u00a0\u00a0\u00a0\u00a0\u00a0\u00a0\u00a0\u00a0\u00a0\u00a0\u00a0\u00a0\u00a0\u00a0\u00a0\u00a0\u00a0\u00a0\u00a0\u00a0\u00a0\u00a0\u00a0 Bajcsy K\u00f3rh\u00e1z, Neurol\u00f3giai Oszt\u00e1ly<\/p>\n<ol start=\"9\">\n<li>Neurosonol\u00f3giai m\u00f3dszerek a cerebrovascularis betegek kivizsg\u00e1l\u00e1s\u00e1ban<\/li>\n<\/ol>\n<p>\u00a0\u00a0\u00a0\u00a0\u00a0\u00a0\u00a0\u00a0\u00a0\u00a0\u00a0 T\u00e9mavezet\u0151:\u00a0\u00a0\u00a0 Dr. Vastagh Ildik\u00f3, egyetemi adjunktus(PhD)<\/p>\n<p>\u00a0\u00a0\u00a0\u00a0\u00a0\u00a0\u00a0\u00a0\u00a0\u00a0\u00a0\u00a0\u00a0\u00a0\u00a0\u00a0\u00a0\u00a0\u00a0\u00a0\u00a0\u00a0\u00a0\u00a0\u00a0\u00a0\u00a0\u00a0\u00a0\u00a0\u00a0\u00a0\u00a0\u00a0\u00a0 Bajcsy K\u00f3rh\u00e1z, Neurol\u00f3giai Oszt\u00e1ly<\/p>\n<ol start=\"10\">\n<li>Az Alzheimer k\u00f3r neuropathol\u00f3gi\u00e1ja<\/li>\n<\/ol>\n<p>\u00a0\u00a0\u00a0\u00a0\u00a0\u00a0\u00a0\u00a0\u00a0\u00a0\u00a0 T\u00e9mavezet\u0151:\u00a0\u00a0\u00a0 Dr. Kov\u00e1cs Tibor, egyetemi docens (PhD, Med.habil)<\/p>\n<ol start=\"11\">\n<li>Kognit\u00edv zavarokat okoz\u00f3 strat\u00e9giai infarctusok<\/li>\n<\/ol>\n<p>\u00a0\u00a0\u00a0\u00a0\u00a0\u00a0\u00a0\u00a0\u00a0\u00a0\u00a0 T\u00e9mavezet\u0151:\u00a0\u00a0\u00a0 Dr. Kov\u00e1cs Tibor, egyetemi docens (PhD, Med.habil)\u00a0\u00a0\u00a0\u00a0\u00a0\u00a0\u00a0\u00a0\u00a0\u00a0\u00a0<\/p>\n<ol start=\"12\">\n<li>Parkinson syndrom\u00e1k neuropathol\u00f3gi\u00e1ja<\/li>\n<\/ol>\n<p>\u00a0\u00a0\u00a0\u00a0\u00a0\u00a0\u00a0\u00a0\u00a0\u00a0\u00a0 T\u00e9mavezet\u0151:\u00a0\u00a0\u00a0 Dr. Kov\u00e1cs Tibor, egyetemi docens (PhD, Med.habil)<\/p>\n<ol start=\"13\">\n<li>Az Alzheimer-k\u00f3r diagnosztik\u00e1ja, therapi\u00e1ja<\/li>\n<\/ol>\n<p>\u00a0\u00a0\u00a0\u00a0\u00a0\u00a0\u00a0\u00a0\u00a0\u00a0\u00a0 T\u00e9mavezet\u0151:\u00a0\u00a0\u00a0 Dr. Kov\u00e1cs Tibor, egyetemi docens (PhD, Med.habil)<\/p>\n<ol start=\"14\">\n<li>Agyi kering\u00e9szavarokhoz csatlakoz\u00f3 kognit\u00edv zavarok<\/li>\n<\/ol>\n<p>\u00a0\u00a0\u00a0\u00a0\u00a0\u00a0\u00a0\u00a0\u00a0\u00a0\u00a0 T\u00e9mavezet\u0151: dr. Kov\u00e1cs Tibor egyetmi docens (PhD, med. habil)\u00a0\u00a0\u00a0<\/p>\n<ol start=\"15\">\n<li>Az agyi kering\u00e9s fiziol\u00f3gi\u00e1s aktiv\u00e1l\u00e1sa<\/li>\n<\/ol>\n<p>\u00a0\u00a0\u00a0\u00a0\u00a0\u00a0\u00a0\u00a0\u00a0\u00a0\u00a0 T\u00e9mavezet\u0151:\u00a0\u00a0\u00a0 Dr. Debreczeni R\u00f3bert, egyetemi adjunktus (PhD)<\/p>\n<ol start=\"16\">\n<li>Agyi kering\u00e9szavarok vizsg\u00e1lata Doppler m\u00f3dszerrel<\/li>\n<\/ol>\n<p>\u00a0\u00a0\u00a0\u00a0\u00a0\u00a0\u00a0\u00a0\u00a0\u00a0\u00a0 T\u00e9mavezet\u0151:\u00a0\u00a0\u00a0 Dr. Debreczeni R\u00f3bert, egyetemi adjunktus \u00a0(PhD)<\/p>\n<ol start=\"17\">\n<li>A Willis-k\u00f6ri anastomosisok jelent\u0151s\u00e9g\u00e9nek vizsg\u00e1lata szignifik\u00e1ns carotis stenosisban szenved\u0151 betegekben<\/li>\n<\/ol>\n<p>\u00a0\u00a0\u00a0\u00a0\u00a0\u00a0\u00a0\u00a0\u00a0\u00a0\u00a0\u00a0\u00a0\u00a0\u00a0\u00a0\u00a0\u00a0\u00a0\u00a0\u00a0\u00a0\u00a0 T\u00e9mavezet\u0151: Dr. Debreczeni R\u00f3bert, egyetemi adjuktus<\/p>\n<p>\u00a0\u00a0\u00a0\u00a0\u00a0\u00a0\u00a0\u00a0\u00a0\u00a0\u00a0\u00a0\u00a0\u00a0\u00a0\u00a0\u00a0\u00a0\u00a0\u00a0\u00a0\u00a0\u00a0\u00a0\u00a0\u00a0\u00a0\u00a0\u00a0\u00a0\u00a0\u00a0\u00a0\u00a0\u00a0 \u00a0\u00a0\u00a0\u00a0\u00a0\u00a0\u00a0\u00a0 Dr. Magyar-Stang Rita klinika szakorvos<\/p>\n<p>\u00a0\u00a0\u00a0\u00a0\u00a0\u00a0\u00a0\u00a0\u00a0\u00a0\u00a0\u00a0\u00a0\u00a0\u00a0\u00a0\u00a0\u00a0\u00a0\u00a0\u00a0\u00a0\u00a0\u00a0\u00a0\u00a0\u00a0\u00a0\u00a0\u00a0\u00a0\u00a0\u00a0\u00a0\u00a0 \u00a0\u00a0\u00a0\u00a0\u00a0\u00a0\u00a0\u00a0 SE Neurol\u00f3giai Klinika<\/p>\n<ol start=\"18\">\n<li>Az agyi anaszt\u00f3m\u00f3zis rendszerek funkcion\u00e1lis vizsg\u00e1lata Doppler m\u00f3dszerrel<\/li>\n<\/ol>\n<p>\u00a0\u00a0\u00a0\u00a0\u00a0\u00a0\u00a0\u00a0\u00a0\u00a0\u00a0\u00a0\u00a0\u00a0\u00a0\u00a0\u00a0\u00a0\u00a0\u00a0\u00a0\u00a0\u00a0 T\u00e9mavezet\u0151: Dr. Debreczeni R\u00f3bert egyetemi adjunktus<\/p>\n<p>\u00a0\u00a0\u00a0\u00a0\u00a0\u00a0\u00a0\u00a0\u00a0\u00a0\u00a0\u00a0\u00a0\u00a0\u00a0\u00a0\u00a0\u00a0\u00a0\u00a0\u00a0\u00a0\u00a0 SE Neurol\u00f3giai Klinika<\/p>\n<ol start=\"19\">\n<li>Hydrocephalusok elk\u00fcl\u00f6n\u00edt\u0151 diagn\u00f3zisa<\/li>\n<\/ol>\n<p>\u00a0\u00a0\u00a0\u00a0\u00a0\u00a0\u00a0\u00a0\u00a0\u00a0\u00a0 T\u00e9mavezet\u0151:\u00a0\u00a0\u00a0 Dr. Ilniczky S\u00e1ndor, egyetemi tan\u00e1rseg\u00e9d<\/p>\n<ol start=\"20\">\n<li>Agyi v\u00e9n\u00e1s kering\u00e9szavarok<\/li>\n<\/ol>\n<p>\u00a0\u00a0\u00a0\u00a0\u00a0\u00a0\u00a0\u00a0\u00a0\u00a0\u00a0 T\u00e9mavezet\u0151:\u00a0\u00a0\u00a0 Dr. Ilniczky S\u00e1ndor, egyetemi tan\u00e1rseg\u00e9d<\/p>\n<ol start=\"21\">\n<li>A nyitott foramen ovale szerepe az obstrukt\u00edv alv\u00e1si apnoe szindr\u00f3ma magas cerebrovaszkul\u00e1ris rizik\u00f3j\u00e1ban.<\/li>\n<\/ol>\n<p>\u00a0\u00a0\u00a0\u00a0\u00a0\u00a0\u00a0\u00a0\u00a0\u00a0\u00a0 T\u00e9mavezet\u0151: dr. B\u00f6jti P\u00e9ter P\u00e1l, szakorvos<\/p>\n<ol start=\"22\">\n<li>Az intrav\u00e9n\u00e1s trombol\u00edzis biztoss\u00e1goss\u00e1ga \u00e9s klinikai kimenetele akut ischaemi\u00e1s stroke-ot ut\u00e1nz\u00f3 \u00e1llapotokban.<\/li>\n<\/ol>\n<p>\u00a0\u00a0\u00a0\u00a0\u00a0\u00a0\u00a0 T\u00e9mavezet\u0151: dr. B\u00f6jti P\u00e9ter P\u00e1l, szakorvos<\/p>\n<ol start=\"23\">\n<li>\u00d6n\u00e1ll\u00f3 fejf\u00e1j\u00e1s k\u00f3rk\u00e9pek: klinikum, kezel\u00e9s (a t\u00e9m\u00e1n bel\u00fcl b\u00e1rmely \u00f6n\u00e1ll\u00f3 fejf\u00e1j\u00e1sforma feldolgozhat\u00f3).<\/li>\n<\/ol>\n<p>\u00a0\u00a0\u00a0\u00a0\u00a0\u00a0\u00a0\u00a0\u00a0\u00a0\u00a0 T\u00e9mavezet\u0151:\u00a0\u00a0\u00a0 Dr. Bozsik Gy\u00f6rgy, klinikai f\u0151orvos\u00a0 \u00a0 \u00a0 \u00a0 \u00a0 \u00a0 \u00a0 \u00a0 \u00a0 \u00a0 \u00a0 \u00a0 \u00a0 \u00a0 \u00a0 \u00a0 \u00a0<\/p>\n<ol start=\"24\">\n<li>M\u00e9ly agyi stimul\u00e1ci\u00f3 mozg\u00e1szavarokban<\/li>\n<\/ol>\n<p>\u00a0\u00a0\u00a0\u00a0\u00a0\u00a0\u00a0\u00a0\u00a0\u00a0\u00a0 T\u00e9mavezet\u0151:\u00a0\u00a0\u00a0 Dr. Tam\u00e1s Gertr\u00fad egyetemi adjunktus<\/p>\n<p>\u00a0 \u00a0\u00a0\u00a0\u00a0\u00a0\u00a0\u00a0\u00a0\u00a0\u00a0\u00a0\u00a0\u00a0\u00a0\u00a0\u00a0\u00a0\u00a0\u00a0\u00a0\u00a0\u00a0\u00a0\u00a0\u00a0\u00a0\u00a0\u00a0\u00a0\u00a0\u00a0\u00a0\u00a0 Dr. Er\u0151ss Lor\u00e1nd PhD.,<\/p>\n<p>\u00a0 \u00a0 \u00a0 \u00a0 \u00a0 \u00a0 \u00a0 \u00a0 \u00a0 \u00a0 \u00a0 \u00a0 SE Idegseb\u00e9szeti \u00e9s Neurointervenci\u00f3s Klinika<\/p>\n<ol start=\"25\">\n<li>Multimod\u00e1lis k\u00e9palkot\u00e1s akut ischemi\u00e1s stroke-ban<\/li>\n<\/ol>\n<p>\u00a0\u00a0\u00a0\u00a0\u00a0\u00a0\u00a0\u00a0\u00a0\u00a0\u00a0\u00a0\u00a0\u00a0\u00a0\u00a0\u00a0\u00a0\u00a0\u00a0\u00a0\u00a0\u00a0 T\u00e9mavezet\u0151: Dr. Gunda Bence, egyetemi adjunktus (PhD)<\/p>\n<p>\u00a0\u00a0\u00a0\u00a0\u00a0\u00a0\u00a0\u00a0\u00a0\u00a0\u00a0\u00a0\u00a0\u00a0\u00a0\u00a0\u00a0\u00a0\u00a0\u00a0\u00a0\u00a0\u00a0 SE Neurol\u00f3giai Klinika<\/p>\n<ol start=\"26\">\n<li>Akut ischemi\u00e1s stroke rekanaliz\u00e1ci\u00f3s kezel\u00e9se<\/li>\n<\/ol>\n<p>\u00a0\u00a0\u00a0\u00a0\u00a0\u00a0\u00a0\u00a0\u00a0\u00a0\u00a0 T\u00e9mavezet\u0151: Dr. Gunda Bence, egyetemi adjunktus (PhD)<\/p>\n<p>\u00a0\u00a0\u00a0\u00a0\u00a0\u00a0\u00a0\u00a0\u00a0\u00a0\u00a0\u00a0\u00a0\u00a0\u00a0\u00a0\u00a0\u00a0\u00a0\u00a0\u00a0\u00a0\u00a0 SE Neurol\u00f3giai Klinika<\/p>\n<ol start=\"27\">\n<li>Stroke \u00e9s stroke-ot ut\u00e1nz\u00f3 \u00e1llapotok differenci\u00e1l diagn\u00f3zisa \u00e9s kezel\u00e9se<\/li>\n<\/ol>\n<p>\u00a0\u00a0\u00a0\u00a0\u00a0\u00a0\u00a0\u00a0\u00a0\u00a0\u00a0 T\u00e9mavezet\u0151: Dr. Gunda Bence, egyetemi adjunktus (PhD)<\/p>\n<p>\u00a0\u00a0\u00a0\u00a0\u00a0\u00a0\u00a0\u00a0\u00a0\u00a0\u00a0\u00a0\u00a0\u00a0\u00a0\u00a0\u00a0\u00a0\u00a0\u00a0\u00a0\u00a0\u00a0 SE Neurol\u00f3giai Klinika<\/p>\n<ol start=\"28\">\n<li>Fiatalkori stroke<\/li>\n<\/ol>\n<p>\u00a0\u00a0\u00a0\u00a0\u00a0\u00a0\u00a0\u00a0\u00a0\u00a0\u00a0\u00a0\u00a0\u00a0\u00a0\u00a0\u00a0\u00a0\u00a0\u00a0\u00a0\u00a0\u00a0 T\u00e9mavezet\u0151: Dr. Gunda Bence, egyetemi adjunktus (PhD)<\/p>\n<p>\u00a0\u00a0\u00a0\u00a0\u00a0\u00a0\u00a0\u00a0\u00a0\u00a0\u00a0\u00a0\u00a0\u00a0\u00a0\u00a0\u00a0\u00a0\u00a0\u00a0\u00a0\u00a0\u00a0 SE Neurol\u00f3giai Klinika<\/p>\n<ol start=\"29\">\n<li>Ritka stroke szindr\u00f3m\u00e1k<\/li>\n<\/ol>\n<p>\u00a0\u00a0\u00a0\u00a0\u00a0\u00a0\u00a0\u00a0\u00a0\u00a0\u00a0\u00a0\u00a0\u00a0\u00a0\u00a0\u00a0\u00a0\u00a0\u00a0\u00a0\u00a0\u00a0 T\u00e9mavezet\u0151: Dr. Gunda Bence, egyetemi adjunktus (PhD)<\/p>\n<p>\u00a0\u00a0\u00a0\u00a0\u00a0\u00a0\u00a0\u00a0\u00a0\u00a0\u00a0\u00a0\u00a0\u00a0\u00a0\u00a0\u00a0\u00a0\u00a0\u00a0\u00a0\u00a0\u00a0 SE Neurol\u00f3giai Klinika<\/p>\n<ol start=\"30\">\n<li>Finom motoros funkci\u00f3k vizsg\u00e1lata neurokognit\u00edv betegs\u00e9gekben<\/li>\n<\/ol>\n<p>\u00a0\u00a0\u00a0\u00a0\u00a0\u00a0\u00a0\u00a0\u00a0\u00a0\u00a0\u00a0\u00a0\u00a0\u00a0\u00a0\u00a0\u00a0\u00a0\u00a0\u00a0\u00a0\u00a0 T\u00e9mavezet\u0151: Dr. Horv\u00e1th Andr\u00e1s Attila, PhD.<\/p>\n<p>\u00a0\u00a0\u00a0\u00a0\u00a0\u00a0\u00a0\u00a0\u00a0\u00a0\u00a0\u00a0\u00a0\u00a0\u00a0\u00a0\u00a0\u00a0\u00a0\u00a0\u00a0\u00a0\u00a0 Ny\u00edr\u0151 Gyula Orsz\u00e1gos Pszichi\u00e1triai \u00e9s Addiktol\u00f3giai Int\u00e9zet<strong>\u00a0<\/strong><\/p>\n","protected":false},"excerpt":{"rendered":"<p>2025\/2026. tan\u00e9vben Rektori P\u00e1lyamunk\u00e1k Neurol\u00f3gi\u00e1b\u00f3l Post-stroke depresszi\u00f3 \u00a0\u00a0\u00a0\u00a0\u00a0\u00a0\u00a0\u00a0\u00a0\u00a0\u00a0 T\u00e9mavezet\u0151:\u00a0\u00a0\u00a0 Dr. Bereczki D\u00e1niel, egyetemi tan\u00e1r (PhD, DSc) A tremor patomechanizmusa \u00a0\u00a0\u00a0\u00a0\u00a0\u00a0\u00a0\u00a0\u00a0\u00a0\u00a0 T\u00e9mavezet\u0151:\u00a0\u00a0\u00a0 Dr. Kamondi Anita, egyetemi tan\u00e1r (PhD, DSc) Neurodegenerat\u00edv betegs\u00e9gek \u00e9s a tremor kapcsolata \u00a0\u00a0\u00a0\u00a0\u00a0\u00a0\u00a0\u00a0\u00a0\u00a0\u00a0 T\u00e9mavezet\u0151:\u00a0\u00a0\u00a0 Dr. Kamondi Anita, egyetemi tan\u00e1r (PhD, DSc) Motoros \u00e9s nem motoros fluktu\u00e1ci\u00f3k kialakul\u00e1sa \u00e9s kezel\u00e9se Parkinson-k\u00f3rban. \u00a0\u00a0\u00a0\u00a0\u00a0\u00a0\u00a0\u00a0\u00a0\u00a0\u00a0 T\u00e9mavezet\u0151:\u00a0\u00a0\u00a0 Dr. &hellip;<\/p>\n","protected":false},"author":102365,"featured_media":0,"parent":9092,"menu_order":0,"comment_status":"closed","ping_status":"closed","template":"","meta":{"_acf_changed":false,"footnotes":""},"categories":[],"tags":[99],"class_list":["post-10506","page","type-page","status-publish","hentry","tag-aok-rektori-palyazat"],"acf":[],"publishpress_future_action":{"enabled":false,"date":"1970-01-01 01:00:00","action":"","terms":[],"taxonomy":"","browser_timezone_offset":0},"_links":{"self":[{"href":"https:\/\/semmelweis.hu\/tdk\/wp-json\/wp\/v2\/pages\/10506","targetHints":{"allow":["GET"]}}],"collection":[{"href":"https:\/\/semmelweis.hu\/tdk\/wp-json\/wp\/v2\/pages"}],"about":[{"href":"https:\/\/semmelweis.hu\/tdk\/wp-json\/wp\/v2\/types\/page"}],"author":[{"embeddable":true,"href":"https:\/\/semmelweis.hu\/tdk\/wp-json\/wp\/v2\/users\/102365"}],"replies":[{"embeddable":true,"href":"https:\/\/semmelweis.hu\/tdk\/wp-json\/wp\/v2\/comments?post=10506"}],"version-history":[{"count":5,"href":"https:\/\/semmelweis.hu\/tdk\/wp-json\/wp\/v2\/pages\/10506\/revisions"}],"predecessor-version":[{"id":11517,"href":"https:\/\/semmelweis.hu\/tdk\/wp-json\/wp\/v2\/pages\/10506\/revisions\/11517"}],"up":[{"embeddable":true,"href":"https:\/\/semmelweis.hu\/tdk\/wp-json\/wp\/v2\/pages\/9092"}],"wp:attachment":[{"href":"https:\/\/semmelweis.hu\/tdk\/wp-json\/wp\/v2\/media?parent=10506"}],"wp:term":[{"taxonomy":"category","embeddable":true,"href":"https:\/\/semmelweis.hu\/tdk\/wp-json\/wp\/v2\/categories?post=10506"},{"taxonomy":"post_tag","embeddable":true,"href":"https:\/\/semmelweis.hu\/tdk\/wp-json\/wp\/v2\/tags?post=10506"}],"curies":[{"name":"wp","href":"https:\/\/api.w.org\/{rel}","templated":true}]}}