{"id":10492,"date":"2024-06-03T08:53:16","date_gmt":"2024-06-03T06:53:16","guid":{"rendered":"https:\/\/semmelweis.hu\/tdk\/?page_id=10492"},"modified":"2025-08-15T13:01:14","modified_gmt":"2025-08-15T11:01:14","slug":"intenziv-terapias-klinika-rektori-palyazat","status":"publish","type":"page","link":"https:\/\/semmelweis.hu\/tdk\/rektori-palyazat\/rektori-palyazat-meghirdetett-temak\/intenziv-terapias-klinika-rektori-palyazat\/","title":{"rendered":"Intenz\u00edv Ter\u00e1pi\u00e1s Klinika &#8211; Rektori p\u00e1ly\u00e1zat"},"content":{"rendered":"<p><strong>Rektori P\u00e1ly\u00e1zat Intenz\u00edv Ter\u00e1pi\u00e1s Klinika 2025\/2026 tan\u00e9v<\/strong><\/p>\n<table style=\"border-collapse: collapse;width: 100%;height: 2331px\">\n<tbody>\n<tr style=\"height: 33px\">\n<td style=\"width: 50%;height: 33px\"><strong>Rektori p\u00e1ly\u00e1zat c\u00edme<\/strong><\/td>\n<td style=\"width: 50%;height: 33px\"><strong>T\u00e9mavezet\u0151<\/strong><\/td>\n<\/tr>\n<tr style=\"height: 63px\">\n<td style=\"width: 50%;height: 63px\" width=\"429\">A &#8222;kr\u00f3nikus kritikus \u00e1llapot&#8221; jellemz\u0151i, rizik\u00f3faktorai \u00e9s kimenetelre gyakorolt hat\u00e1sai \/ The characteristics, risk factors and outcome of chronic critical illnes<\/td>\n<td style=\"width: 50%;height: 63px\" width=\"275\">Dr. Holndonner-Kirst Enik\u0151<\/td>\n<\/tr>\n<tr style=\"height: 63px\">\n<td style=\"width: 50%;height: 63px\" width=\"429\">A &#8222;kr\u00f3nikus kritikus \u00e1llapot\u00fa&#8221; betegek endokrin v\u00e1ltoz\u00e1sai \/ Endocrin changes in chronic critical illnes<\/td>\n<td style=\"width: 50%;height: 63px\" width=\"275\">Dr. Holndonner-Kirst Enik\u0151, Dr. K\u00f3ph\u00e1zi Luca<\/td>\n<\/tr>\n<tr style=\"height: 33px\">\n<td style=\"width: 50%;height: 33px\" width=\"429\">A hum\u00e1n mikrobi\u00f3ta szerepe kritikus \u00e1llapot\u00fa betegekben<\/td>\n<td style=\"width: 50%;height: 33px\" width=\"275\">Dr. Mad\u00e1ch Krisztina<\/td>\n<\/tr>\n<tr style=\"height: 63px\">\n<td style=\"width: 50%;height: 63px\" width=\"429\">A kr\u00f3nikus kritikus \u00e1llapotb\u00f3l felgy\u00f3gyult betegek hossz\u00fat\u00e1v\u00fa ut\u00e1nk\u00f6vet\u00e9se \/ Follow-up of patients after recovery of chronic critical illness<\/td>\n<td style=\"width: 50%;height: 63px\" width=\"275\">Dr. Holndonner-Kirst Enik\u0151<\/td>\n<\/tr>\n<tr style=\"height: 63px\">\n<td style=\"width: 50%;height: 63px\" width=\"429\">A Legionella pneumophila okozta pneumonia gyakoris\u00e1ga, diagnosztikai neh\u00e9zs\u00e9gei \u00e9s kimenetele az intenz\u00edv oszt\u00e1lyon<\/td>\n<td style=\"width: 50%;height: 63px\" width=\"275\">Dr. K\u00e1llai Andr\u00e1s<\/td>\n<\/tr>\n<tr style=\"height: 33px\">\n<td style=\"width: 50%;height: 33px\" width=\"429\">Autoimmun betegs\u00e9gek\u00a0 a sz\u00edvtranszplant\u00e1ci\u00f3 kimenetel\u00e9re<\/td>\n<td style=\"width: 50%;height: 33px\" width=\"275\">Prof. Dr. Sz\u00e9kely Andrea<\/td>\n<\/tr>\n<tr style=\"height: 33px\">\n<td style=\"width: 50%;height: 33px\" width=\"429\">Az agyhal\u00e1l \u00e9s a donorgondoz\u00e1s hat\u00e1sa a szerv\u00e1t\u00fcltet\u00e9sre<\/td>\n<td style=\"width: 50%;height: 33px\" width=\"275\">Dr. Smudla Anik\u00f3<\/td>\n<\/tr>\n<tr style=\"height: 63px\">\n<td style=\"width: 50%;height: 63px\" width=\"429\">Az alapszint\u0171 \u00fajra\u00e9leszt\u00e9s oktat\u00e1s hat\u00e9konys\u00e1g\u00e1nak fokoz\u00e1sa laikusok k\u00f6r\u00e9ben \/ Basic life support education among lay people<\/td>\n<td style=\"width: 50%;height: 63px\" width=\"275\">Dr. Kov\u00e1cs Enik\u0151<\/td>\n<\/tr>\n<tr style=\"height: 33px\">\n<td style=\"width: 50%;height: 33px\" width=\"429\">Az oszcill\u00e1ci\u00f3s mechanika vizsg\u00e1lata a l\u00e9gz\u00e9si cikluson bel\u00fcl<\/td>\n<td style=\"width: 50%;height: 33px\" width=\"275\">Dr. Hantos Zolt\u00e1n<\/td>\n<\/tr>\n<tr style=\"height: 33px\">\n<td style=\"width: 50%;height: 33px\" width=\"429\">Az otthonl\u00e9legeztet\u00e9si program hat\u00e1sa az \u00e9letmin\u00f5s\u00e9gre\u00a0<\/td>\n<td style=\"width: 50%;height: 33px\" width=\"275\">Dr. Lorx Andr\u00e1s<\/td>\n<\/tr>\n<tr style=\"height: 33px\">\n<td style=\"width: 50%;height: 33px\" width=\"429\">Dejod\u00e1zok \u00e9s pajzsmirigy hormonok\u00a0 szerepe a sz\u00edvtranszplant\u00e1ci\u00f3 kimenetel\u00e9ben<\/td>\n<td style=\"width: 50%;height: 33px\" width=\"275\">Prof. Dr. Sz\u00e9kely Andrea<\/td>\n<\/tr>\n<tr style=\"height: 63px\">\n<td style=\"width: 50%;height: 63px\" width=\"429\">Eg\u00e9szs\u00e9g\u00fcgyi min\u0151s\u00e9gbiztos\u00edt\u00e1s \u00e9s betegbiztons\u00e1g \/ Patient Safety and Quality of Health Care<\/td>\n<td style=\"width: 50%;height: 63px\" width=\"275\">Dr. \u00c9l\u0151 G\u00e1bor<\/td>\n<\/tr>\n<tr style=\"height: 33px\">\n<td style=\"width: 50%;height: 33px\" width=\"429\">Elektrokonvulz\u00edv ter\u00e1pia alkalmaz\u00e1sa az Intenz\u00edv oszt\u00e1lyon<\/td>\n<td style=\"width: 50%;height: 33px\" width=\"275\">Dr. K\u00e1llai Andr\u00e1s<\/td>\n<\/tr>\n<tr style=\"height: 63px\">\n<td style=\"width: 50%;height: 63px\" width=\"429\">\u00c9letv\u00e9gi d\u00f6nt\u00e9sek az intenz\u00edv ter\u00e1pi\u00e1ban, DNAR, az \u00fajra\u00e9leszt\u00e9s etikai \u00e9s jogi vontkoz\u00e1sai \/ End of Life decision in ICU, DNAR<\/td>\n<td style=\"width: 50%;height: 63px\">Dr. \u00c9l\u0151 G\u00e1bor<\/td>\n<\/tr>\n<tr style=\"height: 93px\">\n<td style=\"width: 50%;height: 93px\" width=\"429\">Elh\u00faz\u00f3d\u00f3 intenz\u00edv oszt\u00e1lyos kezel\u00e9s k\u00f6vetkezm\u00e9nyeinek vizsg\u00e1lata a sz\u00edv \u00e9s \u00e9rseb\u00e9szeti betegpopul\u00e1ci\u00f3ban \/ Evaluation of the consequences of prolonged intensive therapy in the cardiovascular surgical population<\/td>\n<td style=\"width: 50%;height: 93px\" width=\"275\">Dr. Tur\u00f3czi Zsolt<\/td>\n<\/tr>\n<tr style=\"height: 33px\">\n<td style=\"width: 50%;height: 33px\" width=\"429\">Endokrin m\u0171k\u00f6d\u00e9s a perioperativ id\u0151szakban<\/td>\n<td style=\"width: 50%;height: 33px\" width=\"275\">Prof. Dr. Sz\u00e9kely Andrea<\/td>\n<\/tr>\n<tr style=\"height: 33px\">\n<td style=\"width: 50%;height: 33px\" width=\"429\">Endokrin m\u0171k\u00f6d\u00e9s a poszttranszplant\u00e1ci\u00f3s id\u0151szakban<\/td>\n<td style=\"width: 50%;height: 33px\" width=\"275\">Prof. Dr. Sz\u00e9kely Andrea<\/td>\n<\/tr>\n<tr style=\"height: 33px\">\n<td style=\"width: 50%;height: 33px\" width=\"429\">Frailty a sz\u00edv \u00e9s \u00e9rm\u0171t\u00e9tek kimenetel\u00e9ben<\/td>\n<td style=\"width: 50%;height: 33px\" width=\"275\">Prof. Dr. Sz\u00e9kely Andrea<\/td>\n<\/tr>\n<tr style=\"height: 33px\">\n<td style=\"width: 50%;height: 33px\" width=\"429\">Frailty \u00e9s transzplant\u00e1ci\u00f3<\/td>\n<td style=\"width: 50%;height: 33px\" width=\"275\">Prof. Dr. Sz\u00e9kely Andrea<\/td>\n<\/tr>\n<tr style=\"height: 33px\">\n<td style=\"width: 50%;height: 33px\" width=\"429\">Gyermekaneszt\u00e9zia &#8211; multimod\u00e1lis monitoroz\u00e1s<\/td>\n<td style=\"width: 50%;height: 33px\" width=\"275\">Dr. Hauser Bal\u00e1zs<\/td>\n<\/tr>\n<tr style=\"height: 33px\">\n<td style=\"width: 50%;height: 33px\" width=\"429\">Gyermekaneszt\u00e9zia &#8211; region\u00e1lis aneszt\u00e9zia<\/td>\n<td style=\"width: 50%;height: 33px\" width=\"275\">Dr. Hauser Bal\u00e1zs<\/td>\n<\/tr>\n<tr style=\"height: 33px\">\n<td style=\"width: 50%;height: 33px\" width=\"429\">Immunologiai elt\u00e9r\u00e9sek a donorban \u00e9s recipiensben \u00e9s a transzplant\u00e1ci\u00f3 kimenetel<\/td>\n<td style=\"width: 50%;height: 33px\" width=\"275\">Prof. Dr. Sz\u00e9kely Andrea<\/td>\n<\/tr>\n<tr style=\"height: 33px\">\n<td style=\"width: 50%;height: 33px\" width=\"429\">Intenz\u00edv ter\u00e1pi\u00e1ban r\u00e9szes\u00fclt betegek ut\u00e1nk\u00f6vet\u00e9se \/ Post intensive care follow up<\/td>\n<td style=\"width: 50%;height: 33px\" width=\"275\">Dr. Mad\u00e1ch Krisztina<\/td>\n<\/tr>\n<tr style=\"height: 33px\">\n<td style=\"width: 50%;height: 33px\" width=\"429\">Kritikus \u00e1llapot\u00fa betegek hemostasisa<\/td>\n<td style=\"width: 50%;height: 33px\" width=\"275\">Dr. Smudla Anik\u00f3<\/td>\n<\/tr>\n<tr style=\"height: 63px\">\n<td style=\"width: 50%;height: 63px\" width=\"429\">Kritikus \u00e1llapot\u00fa malignus hematol\u00f3giai betegek intenz\u00edv oszt\u00e1lyos kezel\u00e9se \u00e9s t\u00fal\u00e9l\u00e9se<\/td>\n<td style=\"width: 50%;height: 63px\" width=\"275\">Dr. Smudla Anik\u00f3<\/td>\n<\/tr>\n<tr style=\"height: 33px\">\n<td style=\"width: 50%;height: 33px\" width=\"429\">Kr\u00f3nikus l\u00e9gz\u00e9si el\u00e9gtelens\u00e9g intenz\u00edves vonatkoz\u00e1sai<\/td>\n<td style=\"width: 50%;height: 33px\" width=\"275\">Dr. Valk\u00f3 Luca<\/td>\n<\/tr>\n<tr style=\"height: 63px\">\n<td style=\"width: 50%;height: 63px\" width=\"429\">L\u00e9legeztet\u00e9s hat\u00e9konys\u00e1g\u00e1nak jav\u00edt\u00e1sa \/ Improving the efficiency of mechanical ventilation<\/td>\n<td style=\"width: 50%;height: 63px\" width=\"275\">Dr. Lorx Andr\u00e1s<\/td>\n<\/tr>\n<tr style=\"height: 33px\">\n<td style=\"width: 50%;height: 33px\" width=\"429\">M\u00e1jv\u00e9na \u00e1raml\u00e1s profil vizsg\u00e1lata<\/td>\n<td style=\"width: 50%;height: 33px\" width=\"275\">Prof. Dr. Sz\u00e9kely Andrea<\/td>\n<\/tr>\n<tr style=\"height: 63px\">\n<td style=\"width: 50%;height: 63px\" width=\"429\">Mechanikus kering\u00e9st\u00e1mogat\u00e1s okozta sz\u00f6v\u0151dm\u00e9nyek cs\u00f6kkent\u00e9si lehet\u0151s\u00e9gei \/ Mitigation of complication caused by mechanical circulatory support<\/td>\n<td style=\"width: 50%;height: 63px\" width=\"275\">Dr. Tur\u00f3czi Zsolt<\/td>\n<\/tr>\n<tr style=\"height: 33px\">\n<td style=\"width: 50%;height: 33px\" width=\"429\">Nem-technikai k\u00e9szs\u00e9gek oktat\u00e1sa \/ Teaching non-technical skills<\/td>\n<td style=\"width: 50%;height: 33px\" width=\"275\">Dr. Kov\u00e1cs Enik\u0151<\/td>\n<\/tr>\n<tr style=\"height: 33px\">\n<td style=\"width: 50%;height: 33px\" width=\"429\">Noninvaz\u00edv l\u00e9legeztet\u00e9s kritikus \u00e1llapot\u00fa betegekn\u00e9l<\/td>\n<td style=\"width: 50%;height: 33px\" width=\"275\">Dr. Valk\u00f3 Luca<\/td>\n<\/tr>\n<tr style=\"height: 33px\">\n<td style=\"width: 50%;height: 33px\" width=\"429\">Oxidat\u00edv stressz kritikus \u00e1llapot\u00fa betegekben<\/td>\n<td style=\"width: 50%;height: 33px\" width=\"275\">Dr. Mad\u00e1ch Krisztina<\/td>\n<\/tr>\n<tr style=\"height: 33px\">\n<td style=\"width: 50%;height: 33px\" width=\"429\">Perioperat\u00edv f\u00e1jdalomcsillap\u00edt\u00e1s<\/td>\n<td style=\"width: 50%;height: 33px\" width=\"275\">Prof. Dr. Zima Endre, Dr. Brenner D\u00e1vid<\/td>\n<\/tr>\n<tr style=\"height: 63px\">\n<td style=\"width: 50%;height: 63px\" width=\"429\">Perkut\u00e1n tracheoszt\u00f3mia az intenz\u00edv ter\u00e1pi\u00e1ban \/ Percutaneous traceostomy in Intensive Care<\/td>\n<td style=\"width: 50%;height: 63px\" width=\"275\">Dr. \u00c9l\u0151 G\u00e1bor<\/td>\n<\/tr>\n<tr style=\"height: 33px\">\n<td style=\"width: 50%;height: 33px\" width=\"429\">Poszt-reszuszcit\u00e1ci\u00f3s ell\u00e1t\u00e1s \/ Post-resuscitation therapy<\/td>\n<td style=\"width: 50%;height: 33px\" width=\"275\">Dr. Kov\u00e1cs Enik\u0151<\/td>\n<\/tr>\n<tr style=\"height: 33px\">\n<td style=\"width: 50%;height: 33px\" width=\"429\">Tart\u00f3s l\u00e9legeztet\u00e9s eg\u00e9szs\u00e9g\u00fcgyi vonatkoz\u00e1sai<\/td>\n<td style=\"width: 50%;height: 33px\" width=\"275\">Dr. Valk\u00f3 Luca<\/td>\n<\/tr>\n<tr>\n<td style=\"width: 50%\" width=\"429\">\u00daj m\u00f3dszer az antibiotikum-rezisztencia vizsg\u00e1lat\u00e1ra\u00a0<\/td>\n<td style=\"width: 50%\" width=\"275\">Dr. K\u00e1llai Andr\u00e1s<\/td>\n<\/tr>\n<tr>\n<td style=\"width: 50%\" width=\"429\">\u00daj protokoll t\u00fcd\u0151emb\u00f3lia biztons\u00e1gos ell\u00e1t\u00e1s\u00e1ra intenz\u00edv oszt\u00e1lyon \/ New protocol for the treatment of pulmonary embolism at ICU<\/td>\n<td style=\"width: 50%\" width=\"275\">Dr. K\u00e1llai Andr\u00e1s<\/td>\n<\/tr>\n<\/tbody>\n<\/table>\n","protected":false},"excerpt":{"rendered":"<p>Rektori P\u00e1ly\u00e1zat Intenz\u00edv Ter\u00e1pi\u00e1s Klinika 2025\/2026 tan\u00e9v Rektori p\u00e1ly\u00e1zat c\u00edme T\u00e9mavezet\u0151 A &#8222;kr\u00f3nikus kritikus \u00e1llapot&#8221; jellemz\u0151i, rizik\u00f3faktorai \u00e9s kimenetelre gyakorolt hat\u00e1sai \/ The characteristics, risk factors and outcome of chronic critical illnes Dr. Holndonner-Kirst Enik\u0151 A &#8222;kr\u00f3nikus kritikus \u00e1llapot\u00fa&#8221; betegek endokrin v\u00e1ltoz\u00e1sai \/ Endocrin changes in chronic critical illnes Dr. Holndonner-Kirst Enik\u0151, Dr. K\u00f3ph\u00e1zi Luca &hellip;<\/p>\n","protected":false},"author":102365,"featured_media":0,"parent":9092,"menu_order":0,"comment_status":"closed","ping_status":"closed","template":"","meta":{"_acf_changed":false,"footnotes":""},"categories":[],"tags":[99],"class_list":["post-10492","page","type-page","status-publish","hentry","tag-aok-rektori-palyazat"],"acf":[],"publishpress_future_action":{"enabled":false,"date":"1970-01-01 01:00:00","action":"","terms":[],"taxonomy":"","browser_timezone_offset":0},"_links":{"self":[{"href":"https:\/\/semmelweis.hu\/tdk\/wp-json\/wp\/v2\/pages\/10492","targetHints":{"allow":["GET"]}}],"collection":[{"href":"https:\/\/semmelweis.hu\/tdk\/wp-json\/wp\/v2\/pages"}],"about":[{"href":"https:\/\/semmelweis.hu\/tdk\/wp-json\/wp\/v2\/types\/page"}],"author":[{"embeddable":true,"href":"https:\/\/semmelweis.hu\/tdk\/wp-json\/wp\/v2\/users\/102365"}],"replies":[{"embeddable":true,"href":"https:\/\/semmelweis.hu\/tdk\/wp-json\/wp\/v2\/comments?post=10492"}],"version-history":[{"count":7,"href":"https:\/\/semmelweis.hu\/tdk\/wp-json\/wp\/v2\/pages\/10492\/revisions"}],"predecessor-version":[{"id":11584,"href":"https:\/\/semmelweis.hu\/tdk\/wp-json\/wp\/v2\/pages\/10492\/revisions\/11584"}],"up":[{"embeddable":true,"href":"https:\/\/semmelweis.hu\/tdk\/wp-json\/wp\/v2\/pages\/9092"}],"wp:attachment":[{"href":"https:\/\/semmelweis.hu\/tdk\/wp-json\/wp\/v2\/media?parent=10492"}],"wp:term":[{"taxonomy":"category","embeddable":true,"href":"https:\/\/semmelweis.hu\/tdk\/wp-json\/wp\/v2\/categories?post=10492"},{"taxonomy":"post_tag","embeddable":true,"href":"https:\/\/semmelweis.hu\/tdk\/wp-json\/wp\/v2\/tags?post=10492"}],"curies":[{"name":"wp","href":"https:\/\/api.w.org\/{rel}","templated":true}]}}