{"id":10490,"date":"2024-06-03T08:46:53","date_gmt":"2024-06-03T06:46:53","guid":{"rendered":"https:\/\/semmelweis.hu\/tdk\/?page_id=10490"},"modified":"2025-07-16T11:22:05","modified_gmt":"2025-07-16T09:22:05","slug":"gottsegen-gyorgy-orszagos-kardiovaszkularis-intezet-rektori-palyazat","status":"publish","type":"page","link":"https:\/\/semmelweis.hu\/tdk\/rektori-palyazat\/rektori-palyazat-meghirdetett-temak\/gottsegen-gyorgy-orszagos-kardiovaszkularis-intezet-rektori-palyazat\/","title":{"rendered":"Gottsegen Gy\u00f6rgy Orsz\u00e1gos Kardiovaszkul\u00e1ris Int\u00e9zet &#8211; Rektori p\u00e1ly\u00e1zat"},"content":{"rendered":"<p><strong>2025\/2026-os tan\u00e9v<\/strong><\/p>\n<table style=\"border-collapse: collapse;width: 100%\">\n<tbody>\n<tr>\n<td style=\"width: 50%\"><strong>Rektori p\u00e1lyamunka c\u00edme<\/strong><\/td>\n<td style=\"width: 50%\"><strong>T\u00e9mavezet\u0151 neve (fokozattal)<\/strong><\/td>\n<\/tr>\n<tr>\n<td style=\"width: 50%\">Pitvarfibrill\u00e1ci\u00f3 seb\u00e9szi kezel\u00e9s\u00e9nek hossz\u00fat\u00e1v\u00fa eredm\u00e9nyei<\/td>\n<td style=\"width: 50%\">Dr. Matlakovics Bal\u00e1zs, PhD hallgat\u00f3<\/td>\n<\/tr>\n<\/tbody>\n<\/table>\n","protected":false},"excerpt":{"rendered":"<p>2025\/2026-os tan\u00e9v<\/p>\n<p>Rektori p\u00e1lyamunka c\u00edme<br \/>\nT\u00e9mavezet\u0151 neve (fokozattal)<\/p>\n<p>Pitvarfibrill\u00e1ci\u00f3 seb\u00e9szi kezel\u00e9s\u00e9nek hossz\u00fat\u00e1v\u00fa eredm\u00e9nyei<br \/>\nDr. Matlakovics Bal\u00e1zs, PhD hallgat\u00f3<\/p>\n","protected":false},"author":102365,"featured_media":0,"parent":9092,"menu_order":0,"comment_status":"closed","ping_status":"closed","template":"","meta":{"_acf_changed":false,"footnotes":""},"categories":[],"tags":[105],"class_list":["post-10490","page","type-page","status-publish","hentry","tag-kulsos-intezetek"],"acf":[],"publishpress_future_action":{"enabled":false,"date":"1970-01-01 01:00:00","action":"","terms":[],"taxonomy":"","browser_timezone_offset":0},"_links":{"self":[{"href":"https:\/\/semmelweis.hu\/tdk\/wp-json\/wp\/v2\/pages\/10490","targetHints":{"allow":["GET"]}}],"collection":[{"href":"https:\/\/semmelweis.hu\/tdk\/wp-json\/wp\/v2\/pages"}],"about":[{"href":"https:\/\/semmelweis.hu\/tdk\/wp-json\/wp\/v2\/types\/page"}],"author":[{"embeddable":true,"href":"https:\/\/semmelweis.hu\/tdk\/wp-json\/wp\/v2\/users\/102365"}],"replies":[{"embeddable":true,"href":"https:\/\/semmelweis.hu\/tdk\/wp-json\/wp\/v2\/comments?post=10490"}],"version-history":[{"count":2,"href":"https:\/\/semmelweis.hu\/tdk\/wp-json\/wp\/v2\/pages\/10490\/revisions"}],"predecessor-version":[{"id":11494,"href":"https:\/\/semmelweis.hu\/tdk\/wp-json\/wp\/v2\/pages\/10490\/revisions\/11494"}],"up":[{"embeddable":true,"href":"https:\/\/semmelweis.hu\/tdk\/wp-json\/wp\/v2\/pages\/9092"}],"wp:attachment":[{"href":"https:\/\/semmelweis.hu\/tdk\/wp-json\/wp\/v2\/media?parent=10490"}],"wp:term":[{"taxonomy":"category","embeddable":true,"href":"https:\/\/semmelweis.hu\/tdk\/wp-json\/wp\/v2\/categories?post=10490"},{"taxonomy":"post_tag","embeddable":true,"href":"https:\/\/semmelweis.hu\/tdk\/wp-json\/wp\/v2\/tags?post=10490"}],"curies":[{"name":"wp","href":"https:\/\/api.w.org\/{rel}","templated":true}]}}