{"id":10476,"date":"2024-05-31T13:21:49","date_gmt":"2024-05-31T11:21:49","guid":{"rendered":"https:\/\/semmelweis.hu\/tdk\/?page_id=10476"},"modified":"2025-07-16T12:32:10","modified_gmt":"2025-07-16T10:32:10","slug":"orszagos-koranyi-pulmonologiai-intezet-rektori-palyazat","status":"publish","type":"page","link":"https:\/\/semmelweis.hu\/tdk\/rektori-palyazat\/rektori-palyazat-meghirdetett-temak\/orszagos-koranyi-pulmonologiai-intezet-rektori-palyazat\/","title":{"rendered":"Orsz\u00e1gos Kor\u00e1nyi Pulmonol\u00f3giai Int\u00e9zet &#8211; Rektori p\u00e1ly\u00e1zat"},"content":{"rendered":"<p><strong>Rektori p\u00e1lyamunka Orsz\u00e1gos Kor\u00e1nyi Pulmonol\u00f3giai Int\u00e9zet 2025\/2026-os tan\u00e9v<\/strong><\/p>\n<p>Az Orsz\u00e1gos Kor\u00e1nyi Pulmonol\u00f3giai Int\u00e9zet rektori p\u00e1lyamunk\u00e1i az \u00c1OK Transzl\u00e1ci\u00f3s Medicina Int\u00e9zettel egy\u00fcttm\u0171k\u00f6d\u00e9sben ker\u00fclnek meghirdet\u00e9sre.<\/p>\n<table width=\"967\">\n<tbody>\n<tr>\n<td width=\"542\"><strong>Rektori p\u00e1lyamunka c\u00edme<\/strong><\/td>\n<td width=\"425\"><strong>T\u00e9mavezet\u0151 neve (fokozattal)<\/strong><\/td>\n<\/tr>\n<tr>\n<td>\u00a0A l\u00e9g\u00fati gyullad\u00e1s \u00e9s az oxidat\u00edv stressz monitoroz\u00e1sa COPD-ben<\/td>\n<td>Dr. Antus Bal\u00e1zs (PhD, DSc)<\/td>\n<\/tr>\n<tr>\n<td>COPD fenot\u00edpusok elemz\u00e9se klinikai biomarkerek seg\u00edts\u00e9g\u00e9vel<\/td>\n<td>Dr. Antus Bal\u00e1zs (PhD, DSc)<\/td>\n<\/tr>\n<tr>\n<td>COVID ellenes immunv\u00e1lasz \u00f6sszehasonl\u00edt\u00e1sa v\u00edrusfert\u0151z\u00e9s \u00e9s vakcin\u00e1ci\u00f3 ut\u00e1n<\/td>\n<td>Dr. Barta Imre (PhD)<\/td>\n<\/tr>\n<tr>\n<td>Multimorbidit\u00e1s s\u00falyos asztm\u00e1ban<\/td>\n<td>Dr. Csoma Zsuzsanna (PhD)<\/td>\n<\/tr>\n<tr>\n<td>Biol\u00f3giai kezel\u00e9sekre adott v\u00e1lasz, asztma remisszi\u00f3.<\/td>\n<td>Dr. Csoma Zsuzsanna (PhD)<\/td>\n<\/tr>\n<tr>\n<td>A kissejtes t\u00fcd\u0151r\u00e1k heterogenit\u00e1s\u00e1nak vizsg\u00e1lata\u00a0<\/td>\n<td>Dr. D\u00f6me Bal\u00e1zs (PhD, DSc), Dr. Megyesfalvi Zsolt (PhD)<\/td>\n<\/tr>\n<tr>\n<td>A t\u00fcd\u0151r\u00e1kok predikt\u00edv \u00e9s prognosztikai markerei<\/td>\n<td>Dr. D\u00f6me Bal\u00e1zs (PhD, DSc), Dr. Megyesfalvi Zsolt (PhD)<\/td>\n<\/tr>\n<tr>\n<td>Immunfenot\u00edpusok vizsg\u00e1lata mellkasi daganatokban<\/td>\n<td>Dr. D\u00f6me Bal\u00e1zs (PhD, DSc), Dr. Megyesfalvi Zsolt (PhD)<\/td>\n<\/tr>\n<tr>\n<td>Malignus pleur\u00e1lis mezoteli\u00f3ma proteomikai felt\u00e9rk\u00e9pez\u00e9se\u00a0<\/td>\n<td>Dr. D\u00f6me Bal\u00e1zs (PhD, DSc), Dr. Megyesfalvi Zsolt (PhD)<\/td>\n<\/tr>\n<tr>\n<td>A nyitott \u00e9s a minim\u00e1lisan invaz\u00edv t\u00fcd\u0151rezekci\u00f3s m\u0171t\u00e9tek jellemz\u0151i \u00e9s rizik\u00f3t\u00e9nyez\u0151i\u00a0\u00a0<\/td>\n<td>Dr. D\u00f6me Bal\u00e1zs (PhD, DSc), Dr. Megyesfalvi Zsolt (PhD)<\/td>\n<\/tr>\n<tr>\n<td>A thymom\u00e1k predikt\u00edv \u00e9s prognosztikai markerei\u00a0<\/td>\n<td>Dr. D\u00f6me Bal\u00e1zs (PhD, DSc), Dr. Megyesfalvi Zsolt (PhD)<\/td>\n<\/tr>\n<tr>\n<td>VV \u00e9s VA ECMO alkalmaz\u00e1sa t\u00fcd\u0151m\u0171t\u00e9tekn\u00e9l\u00a0<\/td>\n<td>Dr. D\u00f6me Bal\u00e1zs (PhD, DSc), Dr. Megyesfalvi Zsolt (PhD)<\/td>\n<\/tr>\n<tr>\n<td>Videothoracoscopia hat\u00e1sa \/el\u0151nyei a posztoperat\u00edv szakra\u00a0<\/td>\n<td>Dr. D\u00f6me Bal\u00e1zs (PhD, DSc), Dr. Megyesfalvi Zsolt (PhD)<\/td>\n<\/tr>\n<tr>\n<td>A k\u00fcl\u00f6nb\u00f6z\u0151 l\u00e9legeztet\u00e9si m\u00f3dok szerepe \u00e9s jelent\u0151s\u00e9ge a perioperat\u00edv ell\u00e1t\u00e1sban<\/td>\n<td>Dr. D\u00f6me Bal\u00e1zs (PhD, DSc), Dr. Megyesfalvi Zsolt (PhD)<\/td>\n<\/tr>\n<tr>\n<td>Prognosztikai faktorok azonos\u00edt\u00e1sa a ciszt\u00e1s fibr\u00f3zis term\u00e9szetes lefoly\u00e1s\u00e1ban<\/td>\n<td>Dr. Hal\u00e1sz Adrienn (PhD), Dr. \u00d6rl\u0151s Zolt\u00e1n<\/td>\n<\/tr>\n<tr>\n<td>Eozinofil sejtek mint a l\u00e9gz\u0151szervi betegs\u00e9gek biomarkerei<\/td>\n<td>Dr. Horv\u00e1th Ildik\u00f3 (PhD, DSc)<\/td>\n<\/tr>\n<tr>\n<td>Kil\u00e9gzett biomarkerek l\u00e9gz\u0151szervi k\u00f3rk\u00e9pekben<\/td>\n<td>Dr. Horv\u00e1th Ildik\u00f3 (PhD, DSc)<\/td>\n<\/tr>\n<tr>\n<td>Klotho mint biomarker l\u00e9gz\u0151szervi megbeteged\u00e9sekben<\/td>\n<td>Dr. Horv\u00e1th Ildik\u00f3 (PhD, DSc)<\/td>\n<\/tr>\n<tr>\n<td>Komplement faktorok szerepe l\u00e9g\u00fati betegs\u00e9gekben<\/td>\n<td>Dr. Horv\u00e1th Ildik\u00f3 (PhD, DSc)<\/td>\n<\/tr>\n<tr>\n<td>Nehezen el\u00e9rhet\u0151 emberek bevon\u00e1sa t\u00fcd\u0151r\u00e1ksz\u0171r\u00e9sbe<\/td>\n<td>Dr. Horv\u00e1th Ildik\u00f3 (PhD, DSc)<\/td>\n<\/tr>\n<tr>\n<td>L\u00e9gz\u0151szervi infekci\u00f3k<\/td>\n<td>Dr. Horv\u00e1th Ildik\u00f3 (PhD, DSc)<\/td>\n<\/tr>\n<tr>\n<td>Radiol\u00f3giai m\u00f3dszerek a t\u00fcd\u0151betegs\u00e9gek diagnosztik\u00e1j\u00e1ban<\/td>\n<td>Dr. Kerpel-Fronius Anna (PhD)<\/td>\n<\/tr>\n<tr>\n<td>A perif\u00e9ri\u00e1s art\u00e9ri\u00e1s pulzushull\u00e1m v\u00e1ltoz\u00e1sai l\u00e9gz\u0151szervrendszeri betegs\u00e9gekben<\/td>\n<td>Dr. Mikl\u00f3s Zsuzsanna (PhD)<\/td>\n<\/tr>\n<tr>\n<td>Az obesitas szerep\u00e9nek vizsg\u00e1lata obstrukt\u00edv alv\u00e1si apno\u00e9ban szenved\u0151 betegekn\u00e9l<\/td>\n<td>Dr. Simon Beatrix (PhD)<\/td>\n<\/tr>\n<tr>\n<td>Alfa 1 antitripszin hi\u00e1nyos betegek sz\u0171r\u00e9se Magyarorsz\u00e1gon<\/td>\n<td>Dr. S\u00f3t\u00e9r Szabolcs (PhD), Dr. Temesi Gabriella (orvosigazgat\u00f3)<\/td>\n<\/tr>\n<tr>\n<td>L\u00e9gz\u0151izomtr\u00e9ning\u00a0 jelent\u0151s\u00e9ge COPD-ben<\/td>\n<td>Dr. Szilasi M\u00e1ria (PhD, DSc)<\/td>\n<\/tr>\n<tr>\n<td>V\u00e1lad\u00e9kmobiliz\u00e1ci\u00f3 COPD-ben<\/td>\n<td>Dr. Szilasi M\u00e1ria (PhD, DSc)<\/td>\n<\/tr>\n<tr>\n<td>Obstrukt\u00edv alv\u00e1si apnoe gyakoris\u00e1ga feln\u0151tt ciszt\u00e1s fibr\u00f3zisos betegek k\u00f6z\u00f6tt<\/td>\n<td>Dr. Vizi \u00c9va (PhD)<\/td>\n<\/tr>\n<\/tbody>\n<\/table>\n<p>&nbsp;<\/p>\n","protected":false},"excerpt":{"rendered":"<p>Rektori p\u00e1lyamunka Orsz\u00e1gos Kor\u00e1nyi Pulmonol\u00f3giai Int\u00e9zet 2025\/2026-os tan\u00e9v Az Orsz\u00e1gos Kor\u00e1nyi Pulmonol\u00f3giai Int\u00e9zet rektori p\u00e1lyamunk\u00e1i az \u00c1OK Transzl\u00e1ci\u00f3s Medicina Int\u00e9zettel egy\u00fcttm\u0171k\u00f6d\u00e9sben ker\u00fclnek meghirdet\u00e9sre. Rektori p\u00e1lyamunka c\u00edme T\u00e9mavezet\u0151 neve (fokozattal) \u00a0A l\u00e9g\u00fati gyullad\u00e1s \u00e9s az oxidat\u00edv stressz monitoroz\u00e1sa COPD-ben Dr. Antus Bal\u00e1zs (PhD, DSc) COPD fenot\u00edpusok elemz\u00e9se klinikai biomarkerek seg\u00edts\u00e9g\u00e9vel Dr. Antus Bal\u00e1zs (PhD, DSc) COVID &hellip;<\/p>\n","protected":false},"author":102365,"featured_media":0,"parent":9092,"menu_order":0,"comment_status":"closed","ping_status":"closed","template":"","meta":{"_acf_changed":false,"footnotes":""},"categories":[],"tags":[105],"class_list":["post-10476","page","type-page","status-publish","hentry","tag-kulsos-intezetek"],"acf":[],"publishpress_future_action":{"enabled":false,"date":"1970-01-01 01:00:00","action":"","terms":[],"taxonomy":"","browser_timezone_offset":0},"_links":{"self":[{"href":"https:\/\/semmelweis.hu\/tdk\/wp-json\/wp\/v2\/pages\/10476","targetHints":{"allow":["GET"]}}],"collection":[{"href":"https:\/\/semmelweis.hu\/tdk\/wp-json\/wp\/v2\/pages"}],"about":[{"href":"https:\/\/semmelweis.hu\/tdk\/wp-json\/wp\/v2\/types\/page"}],"author":[{"embeddable":true,"href":"https:\/\/semmelweis.hu\/tdk\/wp-json\/wp\/v2\/users\/102365"}],"replies":[{"embeddable":true,"href":"https:\/\/semmelweis.hu\/tdk\/wp-json\/wp\/v2\/comments?post=10476"}],"version-history":[{"count":3,"href":"https:\/\/semmelweis.hu\/tdk\/wp-json\/wp\/v2\/pages\/10476\/revisions"}],"predecessor-version":[{"id":11522,"href":"https:\/\/semmelweis.hu\/tdk\/wp-json\/wp\/v2\/pages\/10476\/revisions\/11522"}],"up":[{"embeddable":true,"href":"https:\/\/semmelweis.hu\/tdk\/wp-json\/wp\/v2\/pages\/9092"}],"wp:attachment":[{"href":"https:\/\/semmelweis.hu\/tdk\/wp-json\/wp\/v2\/media?parent=10476"}],"wp:term":[{"taxonomy":"category","embeddable":true,"href":"https:\/\/semmelweis.hu\/tdk\/wp-json\/wp\/v2\/categories?post=10476"},{"taxonomy":"post_tag","embeddable":true,"href":"https:\/\/semmelweis.hu\/tdk\/wp-json\/wp\/v2\/tags?post=10476"}],"curies":[{"name":"wp","href":"https:\/\/api.w.org\/{rel}","templated":true}]}}