{"id":10470,"date":"2024-05-31T10:11:45","date_gmt":"2024-05-31T08:11:45","guid":{"rendered":"https:\/\/semmelweis.hu\/tdk\/?page_id=10470"},"modified":"2025-07-28T09:38:45","modified_gmt":"2025-07-28T07:38:45","slug":"oralbiologiai-tanszek-rektori-palyazat","status":"publish","type":"page","link":"https:\/\/semmelweis.hu\/tdk\/rektori-palyazat\/rektori-palyazat-meghirdetett-temak\/oralbiologiai-tanszek-rektori-palyazat\/","title":{"rendered":"Or\u00e1lbiol\u00f3giai Tansz\u00e9k &#8211; Rektori p\u00e1ly\u00e1zat"},"content":{"rendered":"<h3>2025\/2026-os tan\u00e9v<\/h3>\n<table style=\"border-collapse: collapse;width: 100%\">\n<tbody>\n<tr>\n<td style=\"width: 49.9636%\"><strong>Rektori p\u00e1lyamunka c\u00edme<\/strong><\/td>\n<td style=\"width: 49.9636%\"><strong>T\u00e9mavezet\u0151<\/strong><\/td>\n<\/tr>\n<tr>\n<td style=\"width: 49.9636%\">A ny\u00e1l mint diagnosztikus folyad\u00e9k a kolorekt\u00e1lis carcinoma detekt\u00e1l\u00e1s\u00e1ban<\/td>\n<td style=\"width: 49.9636%\">Dr. Zsembery \u00c1kos Ph.D. egyetemi docens \u00e9s Dr. Beck Anita Ph.D. egyetemi adjunktus<\/td>\n<\/tr>\n<\/tbody>\n<\/table>\n<p>&nbsp;<\/p>\n<p>&nbsp;<\/p>\n","protected":false},"excerpt":{"rendered":"<p>2025\/2026-os tan\u00e9v<\/p>\n<p>Rektori p\u00e1lyamunka c\u00edme<br \/>\nT\u00e9mavezet\u0151<\/p>\n<p>A ny\u00e1l mint diagnosztikus folyad\u00e9k a kolorekt\u00e1lis carcinoma detekt\u00e1l\u00e1s\u00e1ban<br \/>\nDr. Zsembery \u00c1kos Ph.D. egyetemi docens \u00e9s Dr. Beck Anita Ph.D. egyetemi adjunktus<\/p>\n<p>&nbsp;<br \/>\n&nbsp;<\/p>\n","protected":false},"author":102365,"featured_media":0,"parent":9092,"menu_order":0,"comment_status":"closed","ping_status":"closed","template":"","meta":{"_acf_changed":false,"footnotes":""},"categories":[],"tags":[97],"class_list":["post-10470","page","type-page","status-publish","hentry","tag-fok-rektori-palyazat"],"acf":[],"publishpress_future_action":{"enabled":false,"date":"1970-01-01 01:00:00","action":"","terms":[],"taxonomy":"","browser_timezone_offset":0},"_links":{"self":[{"href":"https:\/\/semmelweis.hu\/tdk\/wp-json\/wp\/v2\/pages\/10470","targetHints":{"allow":["GET"]}}],"collection":[{"href":"https:\/\/semmelweis.hu\/tdk\/wp-json\/wp\/v2\/pages"}],"about":[{"href":"https:\/\/semmelweis.hu\/tdk\/wp-json\/wp\/v2\/types\/page"}],"author":[{"embeddable":true,"href":"https:\/\/semmelweis.hu\/tdk\/wp-json\/wp\/v2\/users\/102365"}],"replies":[{"embeddable":true,"href":"https:\/\/semmelweis.hu\/tdk\/wp-json\/wp\/v2\/comments?post=10470"}],"version-history":[{"count":9,"href":"https:\/\/semmelweis.hu\/tdk\/wp-json\/wp\/v2\/pages\/10470\/revisions"}],"predecessor-version":[{"id":11556,"href":"https:\/\/semmelweis.hu\/tdk\/wp-json\/wp\/v2\/pages\/10470\/revisions\/11556"}],"up":[{"embeddable":true,"href":"https:\/\/semmelweis.hu\/tdk\/wp-json\/wp\/v2\/pages\/9092"}],"wp:attachment":[{"href":"https:\/\/semmelweis.hu\/tdk\/wp-json\/wp\/v2\/media?parent=10470"}],"wp:term":[{"taxonomy":"category","embeddable":true,"href":"https:\/\/semmelweis.hu\/tdk\/wp-json\/wp\/v2\/categories?post=10470"},{"taxonomy":"post_tag","embeddable":true,"href":"https:\/\/semmelweis.hu\/tdk\/wp-json\/wp\/v2\/tags?post=10470"}],"curies":[{"name":"wp","href":"https:\/\/api.w.org\/{rel}","templated":true}]}}