{"id":10298,"date":"2024-05-28T10:47:58","date_gmt":"2024-05-28T08:47:58","guid":{"rendered":"https:\/\/semmelweis.hu\/tdk\/?page_id=10298"},"modified":"2025-09-03T13:00:03","modified_gmt":"2025-09-03T11:00:03","slug":"rektori-palyamunka-molekularis-biologiai-tanszek","status":"publish","type":"page","link":"https:\/\/semmelweis.hu\/tdk\/rektori-palyazat\/rektori-palyazat-meghirdetett-temak\/rektori-palyamunka-molekularis-biologiai-tanszek\/","title":{"rendered":"Molekul\u00e1ris Biol\u00f3giai Tansz\u00e9k &#8211; Rektori p\u00e1ly\u00e1zat"},"content":{"rendered":"<h4><strong>2025\/2026 Tan\u00e9v<\/strong><\/h4>\n<ul>\n<li>Treg\/TH17 egyens\u00faly kialakul\u00e1s\u00e1sban szerepet j\u00e1tsz\u00f3 genetikai polimorfizmusok funkcion\u00e1lis vizsg\u00e1lata<br \/>\n<strong>T\u00e9mavezet\u0151:<\/strong> Dr. B\u00e1nlaki Zs\u00f3fia egyetemi adjunktus<\/li>\n<li>Stressz-induk\u00e1lt tanult szervezeti v\u00e9delmi v\u00e1laszok vizsg\u00e1lata C. elegans-ban<br \/>\n<strong>T\u00e9mavezet\u0151: <\/strong>Dr. S\u0151ti Csaba egyetemi docens, Dr. Hajd\u00fa G\u00e1bor egyetemi adjunktus<\/li>\n<li>Stress-induced learned systemic defense responses in C. elegans<br \/>\n<strong>T\u00e9mavezet\u0151: <\/strong>Dr. S\u0151ti Csaba egyetemi docens, Dr. Hajd\u00fa G\u00e1bor egyetemi adjunktus<\/li>\n<li>A Hsp90 chaperon organizmus-szint\u0171 vizsg\u00e1lata<br \/>\n<strong>T\u00e9mavezet\u0151:\u00a0<\/strong>Dr. S\u0151ti Csaba egyetemi docens, Dr. Somogyv\u00e1ri Mil\u00e1n egyetemi adjunktus<\/li>\n<li>Organismal functions of the Hsp90 molecular chaperone<br \/>\n<strong>T\u00e9mavezet\u0151:\u00a0<\/strong>Dr. S\u0151ti Csaba egyetemi docens, Dr. Somogyv\u00e1ri Mil\u00e1n egyetemi adjunktus<\/li>\n<li>A HSF1 h\u0151sokk transzkripci\u00f3s faktor biol\u00f3giai szerepe<br \/>\n<strong>T\u00e9mavezet\u0151:\u00a0<\/strong>Dr. Somogyv\u00e1ri Mil\u00e1n egyetemi adjunktus<\/li>\n<li>Biological roles of the HSF1 heat shock transcription factor<br \/>\n<strong>T\u00e9mavezet\u0151: <\/strong>Dr. Somogyv\u00e1ri Mil\u00e1n egyetemi adjunktus<\/li>\n<li>\u00c9lettartam-szab\u00e1lyoz\u00f3 transzkripci\u00f3s faktorok rendszerszint\u0171 vizsg\u00e1lata C. elegans-ban<br \/>\n<strong>T\u00e9mavezet\u0151:\u00a0<\/strong>Dr. Somogyv\u00e1ri Mil\u00e1n egyetemi adjunktus<\/li>\n<li>System-level analysis of lifespan-regulating transcription factors in C. elegans<br \/>\n<strong>T\u00e9mavezet\u0151: <\/strong>Dr. Somogyv\u00e1ri Mil\u00e1n egyetemi adjunktus<\/li>\n<li>Gazda-patog\u00e9n interakci\u00f3k vizsg\u00e1lata C. elegans modellen<br \/>\n<strong>T\u00e9mavezet\u0151: <\/strong>Dr. Hajd\u00fa G\u00e1bor egyetemi adjunktus<\/li>\n<li>Host-pathogen interactions in C. elegans model (G\u00e1bor Hajd\u00fa)<br \/>\n<strong>T\u00e9mavezet\u0151:\u00a0<\/strong>Dr. Hajd\u00fa G\u00e1bor egyetemi adjunktus<\/li>\n<li>Autof\u00e1gia szerep\u00e9nek vizsg\u00e1lata gyullad\u00e1sos b\u00e9lbetegs\u00e9gben<br \/>\n<strong>T\u00e9mavezet\u0151: <\/strong>Dr. M\u00e9sz\u00e1ros-Kapuy Orsolya egyetemi docens<\/li>\n<li>A preeclampsia molekul\u00e1ris \u00e9s k\u00f6rnyezeti okai<br \/>\n<strong>T\u00e9mavezet\u0151:\u00a0<\/strong>Dr. Kukor Zolt\u00e1n egyetemi docens<\/li>\n<li>A pancreatitis biok\u00e9miai okainak vizsg\u00e1lata<br \/>\n<strong>T\u00e9mavezet\u0151: <\/strong>Dr. Kukor Zolt\u00e1n egyetemi docens<\/li>\n<\/ul>\n","protected":false},"excerpt":{"rendered":"<p>2025\/2026 Tan\u00e9v Treg\/TH17 egyens\u00faly kialakul\u00e1s\u00e1sban szerepet j\u00e1tsz\u00f3 genetikai polimorfizmusok funkcion\u00e1lis vizsg\u00e1lata T\u00e9mavezet\u0151: Dr. B\u00e1nlaki Zs\u00f3fia egyetemi adjunktus Stressz-induk\u00e1lt tanult szervezeti v\u00e9delmi v\u00e1laszok vizsg\u00e1lata C. elegans-ban T\u00e9mavezet\u0151: Dr. S\u0151ti Csaba egyetemi docens, Dr. Hajd\u00fa G\u00e1bor egyetemi adjunktus Stress-induced learned systemic defense responses in C. elegans T\u00e9mavezet\u0151: Dr. S\u0151ti Csaba egyetemi docens, Dr. Hajd\u00fa G\u00e1bor egyetemi adjunktus &hellip;<\/p>\n","protected":false},"author":101883,"featured_media":0,"parent":9092,"menu_order":0,"comment_status":"closed","ping_status":"closed","template":"","meta":{"_acf_changed":false,"footnotes":""},"categories":[],"tags":[99],"class_list":["post-10298","page","type-page","status-publish","hentry","tag-aok-rektori-palyazat"],"acf":[],"publishpress_future_action":{"enabled":false,"date":"1970-01-01 01:00:00","action":"","terms":[],"taxonomy":"","browser_timezone_offset":0},"_links":{"self":[{"href":"https:\/\/semmelweis.hu\/tdk\/wp-json\/wp\/v2\/pages\/10298","targetHints":{"allow":["GET"]}}],"collection":[{"href":"https:\/\/semmelweis.hu\/tdk\/wp-json\/wp\/v2\/pages"}],"about":[{"href":"https:\/\/semmelweis.hu\/tdk\/wp-json\/wp\/v2\/types\/page"}],"author":[{"embeddable":true,"href":"https:\/\/semmelweis.hu\/tdk\/wp-json\/wp\/v2\/users\/101883"}],"replies":[{"embeddable":true,"href":"https:\/\/semmelweis.hu\/tdk\/wp-json\/wp\/v2\/comments?post=10298"}],"version-history":[{"count":9,"href":"https:\/\/semmelweis.hu\/tdk\/wp-json\/wp\/v2\/pages\/10298\/revisions"}],"predecessor-version":[{"id":11647,"href":"https:\/\/semmelweis.hu\/tdk\/wp-json\/wp\/v2\/pages\/10298\/revisions\/11647"}],"up":[{"embeddable":true,"href":"https:\/\/semmelweis.hu\/tdk\/wp-json\/wp\/v2\/pages\/9092"}],"wp:attachment":[{"href":"https:\/\/semmelweis.hu\/tdk\/wp-json\/wp\/v2\/media?parent=10298"}],"wp:term":[{"taxonomy":"category","embeddable":true,"href":"https:\/\/semmelweis.hu\/tdk\/wp-json\/wp\/v2\/categories?post=10298"},{"taxonomy":"post_tag","embeddable":true,"href":"https:\/\/semmelweis.hu\/tdk\/wp-json\/wp\/v2\/tags?post=10298"}],"curies":[{"name":"wp","href":"https:\/\/api.w.org\/{rel}","templated":true}]}}