{"id":10255,"date":"2024-05-17T11:45:50","date_gmt":"2024-05-17T09:45:50","guid":{"rendered":"https:\/\/semmelweis.hu\/tdk\/?page_id=10255"},"modified":"2025-07-16T12:04:30","modified_gmt":"2025-07-16T10:04:30","slug":"rektori-palyamunka-infektologiai-tanszeki-csoport","status":"publish","type":"page","link":"https:\/\/semmelweis.hu\/tdk\/rektori-palyazat\/rektori-palyazat-meghirdetett-temak\/rektori-palyamunka-infektologiai-tanszeki-csoport\/","title":{"rendered":"Infektol\u00f3giai Tansz\u00e9ki Csoport &#8211; Rektori P\u00e1ly\u00e1zat"},"content":{"rendered":"<p>Rektori P\u00e1lyamunka Infektol\u00f3giai Tansz\u00e9ki Csoport 2025\/2026 Tan\u00e9v<\/p>\n<ul style=\"list-style-type: square\">\n<li>\n<p>\u00daj utak a kritikus \u00e1llapot\u00fa \u00e9s immunkompromitt\u00e1lt feln\u0151ttek s\u00falyos fert\u0151z\u00e9seinek ell\u00e1t\u00e1s\u00e1ban<br \/>\n<span style=\"font-size: 1rem\">Dr. Szab\u00f3 B\u00e1lint Gergely, PhD<\/span><\/p>\n<\/li>\n<li>\n<p>Az enter\u00e1lis mikrobiom \u00e9s transzplant\u00e1ci\u00f3j\u00e1nak lehet\u0151s\u00e9ge feln\u0151ttkori malignus hematol\u00f3giai betegs\u00e9gekben.<br \/>\n<span style=\"font-size: 1rem\">Dr. Szab\u00f3 B\u00e1lint Gergely, PhD<\/span><\/p>\n<\/li>\n<\/ul>\n","protected":false},"excerpt":{"rendered":"<p>Rektori P\u00e1lyamunka Infektol\u00f3giai Tansz\u00e9ki Csoport 2025\/2026 Tan\u00e9v<\/p>\n<p>\u00daj utak a kritikus \u00e1llapot\u00fa \u00e9s immunkompromitt\u00e1lt feln\u0151ttek s\u00falyos fert\u0151z\u00e9seinek ell\u00e1t\u00e1s\u00e1ban<br \/>\nDr. Szab\u00f3 B\u00e1lint Gergely, PhD<\/p>\n<p>Az enter\u00e1lis mikrobiom \u00e9s transzplant\u00e1ci\u00f3j\u00e1nak lehet\u0151s\u00e9ge feln\u0151ttkori malignus hematol\u00f3giai betegs\u00e9gekben.<br \/>\nDr. Szab\u00f3 B\u00e1lint Gergely, PhD<\/p>\n","protected":false},"author":101883,"featured_media":0,"parent":9092,"menu_order":0,"comment_status":"closed","ping_status":"closed","template":"","meta":{"_acf_changed":false,"footnotes":""},"categories":[],"tags":[99],"class_list":["post-10255","page","type-page","status-publish","hentry","tag-aok-rektori-palyazat"],"acf":[],"publishpress_future_action":{"enabled":false,"date":"1970-01-01 01:00:00","action":"","terms":[],"taxonomy":"","browser_timezone_offset":0},"_links":{"self":[{"href":"https:\/\/semmelweis.hu\/tdk\/wp-json\/wp\/v2\/pages\/10255","targetHints":{"allow":["GET"]}}],"collection":[{"href":"https:\/\/semmelweis.hu\/tdk\/wp-json\/wp\/v2\/pages"}],"about":[{"href":"https:\/\/semmelweis.hu\/tdk\/wp-json\/wp\/v2\/types\/page"}],"author":[{"embeddable":true,"href":"https:\/\/semmelweis.hu\/tdk\/wp-json\/wp\/v2\/users\/101883"}],"replies":[{"embeddable":true,"href":"https:\/\/semmelweis.hu\/tdk\/wp-json\/wp\/v2\/comments?post=10255"}],"version-history":[{"count":5,"href":"https:\/\/semmelweis.hu\/tdk\/wp-json\/wp\/v2\/pages\/10255\/revisions"}],"predecessor-version":[{"id":11513,"href":"https:\/\/semmelweis.hu\/tdk\/wp-json\/wp\/v2\/pages\/10255\/revisions\/11513"}],"up":[{"embeddable":true,"href":"https:\/\/semmelweis.hu\/tdk\/wp-json\/wp\/v2\/pages\/9092"}],"wp:attachment":[{"href":"https:\/\/semmelweis.hu\/tdk\/wp-json\/wp\/v2\/media?parent=10255"}],"wp:term":[{"taxonomy":"category","embeddable":true,"href":"https:\/\/semmelweis.hu\/tdk\/wp-json\/wp\/v2\/categories?post=10255"},{"taxonomy":"post_tag","embeddable":true,"href":"https:\/\/semmelweis.hu\/tdk\/wp-json\/wp\/v2\/tags?post=10255"}],"curies":[{"name":"wp","href":"https:\/\/api.w.org\/{rel}","templated":true}]}}