{"id":10063,"date":"2024-05-08T13:02:35","date_gmt":"2024-05-08T11:02:35","guid":{"rendered":"https:\/\/semmelweis.hu\/tdk\/?page_id=10063"},"modified":"2024-10-10T13:49:06","modified_gmt":"2024-10-10T11:49:06","slug":"kulso-intezetek","status":"publish","type":"page","link":"https:\/\/semmelweis.hu\/tdk\/tdk-temak-es-temavezetok\/kulso-intezetek\/","title":{"rendered":"K\u00fcls\u0151 int\u00e9zetek"},"content":{"rendered":"<div class=\"keretes w-100\">\n<p>K\u00fcls\u0151 int\u00e9zm\u00e9nyben dolgoz\u00f3 di\u00e1kk\u00f6r\u00f6s jelentkez\u00e9si sz\u00e1nd\u00e9k\u00e1t be kell jelenteni a hallgat\u00f3nak a TDT-n\u00e9l a\u00a0<a href=\"https:\/\/semmelweis.hu\/tdk\/a-tudomanyos-diakkorrol\/nyomtatvanyok\/\"><strong>befogad\u00e1si k\u00e9relem <\/strong><\/a>csatol\u00e1s\u00e1val. Emellett a kari Tan\u00e9vnapt\u00e1rban meghat\u00e1rozott id\u0151pontig (ez \u00e1ltal\u00e1ban a f\u00e9l\u00e9v megkezd\u00e9se el\u0151tt kb. 3-4 h\u00e9ttel van) <strong><a href=\"https:\/\/semmelweis.hu\/tdk\/a-tudomanyos-diakkorrol\/nyomtatvanyok\/\">k\u00e9rv\u00e9nyt<\/a>\u00a0<\/strong>kell beny\u00fajtania a kar D\u00e9k\u00e1ni Hivatal Tanulm\u00e1nyi Oszt\u00e1ly\u00e1n kereszt\u00fcl a Kredit\u00e1tviteli Bizotts\u00e1gnak c\u00edmezve a t\u00e1rgy befogad\u00e1s\u00e1t illet\u0151en.<\/p>\n<\/div>\n<h3>K\u00fcls\u0151 int\u00e9zetek kutat\u00e1si t\u00e9m\u00e1i<\/h3>\n<ul>\n<li style=\"list-style-type: none\">\n<ul>\n<li><a href=\"https:\/\/semmelweis.hu\/tdk\/tdk-temak-es-temavezetok\/gottsegen-gyorgy-orszagos-kardiologiai-intezet\/\">Gottsegen Gy\u00f6rgy Orsz\u00e1gos Kardiovaszkul\u00e1ris Int\u00e9zet<\/a><\/li>\n<li><a href=\"https:\/\/semmelweis.hu\/tdk\/tdk-temak-es-temavezetok\/magyar-honvedseg-egeszsegugyi-kozpont\/\">Magyar Honv\u00e9ds\u00e9g Eg\u00e9szs\u00e9g\u00fcgyi K\u00f6zpont<\/a><\/li>\n<li><a href=\"https:\/\/semmelweis.hu\/tdk\/files\/2020\/01\/TDK-munka-lehet%C5%91s%C3%A9g-OOI-2020.pdf\">Orsz\u00e1gos Onkol\u00f3giai Int\u00e9zet<\/a><\/li>\n<li><a href=\"https:\/\/semmelweis.hu\/tdk\/tdk-temak-es-temavezetok\/mta-koki\/\">K\u00eds\u00e9rleti Orvostudom\u00e1nyi Kutat\u00f3int\u00e9zet<\/a><\/li>\n<li><a href=\"https:\/\/semmelweis.hu\/tdk\/tdk-temak-es-temavezetok\/tovabbi-kulso-intezetek-kutatasi-temai\/\">Tov\u00e1bbi k\u00fcls\u0151 int\u00e9zetek kutat\u00e1si t\u00e9m\u00e1i<\/a><\/li>\n<li><a href=\"https:\/\/semmelweis.hu\/tdk\/tdk-temak-es-temavezetok\/bajcsy-zsilinszky-korhaz-sebeszeti-osztaly\/\">Bajcsy-Zsilinszky K\u00f3rh\u00e1z, Seb\u00e9szeti Oszt\u00e1ly<\/a><\/li>\n<li><a href=\"https:\/\/semmelweis.hu\/tdk\/tdk-temak-es-temavezetok\/szent-laszlo-korhaz-infektologiai-tanszeki-csoport-dpc-ohii\/\">Infektol\u00f3giai Tansz\u00e9ki Csoport \u2013 DPC-OHII Szent L\u00e1szl\u00f3 K\u00f3rh\u00e1z<\/a><\/li>\n<li><a href=\"https:\/\/semmelweis.hu\/tdk\/tdk-temak-es-temavezetok\/orszagos-koranyi-pulmonologiai-intezet-tdk-temak\/\">Orsz\u00e1gos Kor\u00e1nyi Pulmonol\u00f3giai Int\u00e9zet<\/a><\/li>\n<li><a href=\"https:\/\/semmelweis.hu\/tdk\/tdk-temak-es-temavezetok\/szent-imre-egyetemi-oktatokorhaz-nefrologia-geriatria-profil\/\">Szent Imre Egyetemi Oktat\u00f3k\u00f3rh\u00e1z Nefrol\u00f3gia\/Geri\u00e1tria Profil<\/a><\/li>\n<li><a href=\"https:\/\/semmelweis.hu\/tdk\/reformatus-pulmonologiai-centrum-tdk-temai\/\">Reform\u00e1tus Pulmonol\u00f3giai Centrum<\/a><\/li>\n<\/ul>\n<\/li>\n<\/ul>\n<p>&nbsp;<\/p>\n","protected":false},"excerpt":{"rendered":"<p>K\u00fcls\u0151 int\u00e9zm\u00e9nyben dolgoz\u00f3 di\u00e1kk\u00f6r\u00f6s jelentkez\u00e9si sz\u00e1nd\u00e9k\u00e1t be kell jelenteni a hallgat\u00f3nak a TDT-n\u00e9l a\u00a0 <a href=\"https:\/\/semmelweis.hu\/tdk\/a-tudomanyos-diakkorrol\/nyomtatvanyok\/\">befogad\u00e1si k\u00e9relem <\/a> csatol\u00e1s\u00e1val. Emellett a kari Tan\u00e9vnapt\u00e1rban meghat\u00e1rozott id\u0151pontig (ez \u00e1ltal\u00e1ban a f\u00e9l\u00e9v megkezd\u00e9se el\u0151tt kb. 3-4 h\u00e9ttel van) <a href=\"https:\/\/semmelweis.hu\/tdk\/a-tudomanyos-diakkorrol\/nyomtatvanyok\/\">k\u00e9rv\u00e9nyt<\/a> \u00a0kell beny\u00fajtania a kar D\u00e9k\u00e1ni Hivatal Tanulm\u00e1nyi Oszt\u00e1ly\u00e1n kereszt\u00fcl a Kredit\u00e1tviteli Bizotts\u00e1gnak c\u00edmezve a t\u00e1rgy befogad\u00e1s\u00e1t illet\u0151en. K\u00fcls\u0151 int\u00e9zetek kutat\u00e1si t\u00e9m\u00e1i <a href=\"https:\/\/semmelweis.hu\/tdk\/tdk-temak-es-temavezetok\/gottsegen-gyorgy-orszagos-kardiologiai-intezet\/\">Gottsegen Gy\u00f6rgy Orsz\u00e1gos Kardiovaszkul\u00e1ris Int\u00e9zet<\/a> <a href=\"https:\/\/semmelweis.hu\/tdk\/tdk-temak-es-temavezetok\/magyar-honvedseg-egeszsegugyi-kozpont\/\">Magyar Honv\u00e9ds\u00e9g Eg\u00e9szs\u00e9g\u00fcgyi K\u00f6zpont<\/a> <a href=\"https:\/\/semmelweis.hu\/tdk\/files\/2020\/01\/TDK-munka-lehet%C5%91s%C3%A9g-OOI-2020.pdf\">Orsz\u00e1gos Onkol\u00f3giai Int\u00e9zet<\/a> <a href=\"https:\/\/semmelweis.hu\/tdk\/tdk-temak-es-temavezetok\/mta-koki\/\">K\u00eds\u00e9rleti Orvostudom\u00e1nyi Kutat\u00f3int\u00e9zet<\/a> <a href=\"https:\/\/semmelweis.hu\/tdk\/tdk-temak-es-temavezetok\/tovabbi-kulso-intezetek-kutatasi-temai\/\">Tov\u00e1bbi k\u00fcls\u0151 int\u00e9zetek kutat\u00e1si t\u00e9m\u00e1i<\/a> <a href=\"https:\/\/semmelweis.hu\/tdk\/tdk-temak-es-temavezetok\/bajcsy-zsilinszky-korhaz-sebeszeti-osztaly\/\">Bajcsy-Zsilinszky K\u00f3rh\u00e1z, Seb\u00e9szeti Oszt\u00e1ly<\/a> <a href=\"https:\/\/semmelweis.hu\/tdk\/tdk-temak-es-temavezetok\/szent-laszlo-korhaz-infektologiai-tanszeki-csoport-dpc-ohii\/\">Infektol\u00f3giai Tansz\u00e9ki Csoport \u2013 DPC-OHII Szent L\u00e1szl\u00f3 K\u00f3rh\u00e1z<\/a> <a href=\"https:\/\/semmelweis.hu\/tdk\/tdk-temak-es-temavezetok\/orszagos-koranyi-pulmonologiai-intezet-tdk-temak\/\">Orsz\u00e1gos Kor\u00e1nyi Pulmonol\u00f3giai Int\u00e9zet<\/a> <a href=\"https:\/\/semmelweis.hu\/tdk\/tdk-temak-es-temavezetok\/szent-imre-egyetemi-oktatokorhaz-nefrologia-geriatria-profil\/\">Szent Imre Egyetemi Oktat\u00f3k\u00f3rh\u00e1z Nefrol\u00f3gia\/Geri\u00e1tria Profil<\/a> <a href=\"https:\/\/semmelweis.hu\/tdk\/reformatus-pulmonologiai-centrum-tdk-temai\/\">Reform\u00e1tus Pulmonol\u00f3giai Centrum<\/a> &hellip;<\/p>\n","protected":false},"author":12,"featured_media":0,"parent":4257,"menu_order":5,"comment_status":"closed","ping_status":"closed","template":"","meta":{"_acf_changed":false,"footnotes":""},"categories":[],"tags":[],"class_list":["post-10063","page","type-page","status-publish","hentry"],"acf":[],"publishpress_future_action":{"enabled":false,"date":"1970-01-01 01:00:00","action":"","terms":[],"taxonomy":"","browser_timezone_offset":0},"_links":{"self":[{"href":"https:\/\/semmelweis.hu\/tdk\/wp-json\/wp\/v2\/pages\/10063","targetHints":{"allow":["GET"]}}],"collection":[{"href":"https:\/\/semmelweis.hu\/tdk\/wp-json\/wp\/v2\/pages"}],"about":[{"href":"https:\/\/semmelweis.hu\/tdk\/wp-json\/wp\/v2\/types\/page"}],"author":[{"embeddable":true,"href":"https:\/\/semmelweis.hu\/tdk\/wp-json\/wp\/v2\/users\/12"}],"replies":[{"embeddable":true,"href":"https:\/\/semmelweis.hu\/tdk\/wp-json\/wp\/v2\/comments?post=10063"}],"version-history":[{"count":10,"href":"https:\/\/semmelweis.hu\/tdk\/wp-json\/wp\/v2\/pages\/10063\/revisions"}],"predecessor-version":[{"id":11279,"href":"https:\/\/semmelweis.hu\/tdk\/wp-json\/wp\/v2\/pages\/10063\/revisions\/11279"}],"up":[{"embeddable":true,"href":"https:\/\/semmelweis.hu\/tdk\/wp-json\/wp\/v2\/pages\/4257"}],"wp:attachment":[{"href":"https:\/\/semmelweis.hu\/tdk\/wp-json\/wp\/v2\/media?parent=10063"}],"wp:term":[{"taxonomy":"category","embeddable":true,"href":"https:\/\/semmelweis.hu\/tdk\/wp-json\/wp\/v2\/categories?post=10063"},{"taxonomy":"post_tag","embeddable":true,"href":"https:\/\/semmelweis.hu\/tdk\/wp-json\/wp\/v2\/tags?post=10063"}],"curies":[{"name":"wp","href":"https:\/\/api.w.org\/{rel}","templated":true}]}}